{"id":896,"date":"2022-03-24T08:00:18","date_gmt":"2022-03-24T08:00:18","guid":{"rendered":"https:\/\/kantorjanosi.reformatus.hu\/iskola\/?page_id=896"},"modified":"2022-03-24T08:02:48","modified_gmt":"2022-03-24T08:02:48","slug":"1848-49-evi-forradalom-es-szabadsagharc-emleknapja","status":"publish","type":"page","link":"https:\/\/kantorjanosi.reformatus.hu\/iskola\/1848-49-evi-forradalom-es-szabadsagharc-emleknapja\/","title":{"rendered":"1848\/49. \u00e9vi Forradalom \u00e9s Szabads\u00e1gharc Eml\u00e9knapja"},"content":{"rendered":"\n<p class=\"has-text-align-center\">Id\u00e9n rendhagy\u00f3 m\u00f3don eml\u00e9kezt\u00fcnk meg 1848\/49-es szabads\u00e1gharc h\u0151seir\u0151l!<\/p>\n\n\n\n<figure class=\"wp-block-gallery columns-3 is-cropped wp-block-gallery-1 is-layout-flex wp-block-gallery-is-layout-flex\"><ul class=\"blocks-gallery-grid\"><li class=\"blocks-gallery-item\"><figure><a href=\"https:\/\/kantorjanosi.reformatus.hu\/iskola\/wp-content\/uploads\/sites\/2\/2022\/03\/received_332788832163676.jpeg\" data-lbwps-width=\"1440\" data-lbwps-height=\"664\" data-lbwps-srcsmall=\"https:\/\/kantorjanosi.reformatus.hu\/iskola\/wp-content\/uploads\/sites\/2\/2022\/03\/received_332788832163676-300x138.jpeg\"><img loading=\"lazy\" decoding=\"async\" width=\"1024\" height=\"472\" src=\"https:\/\/kantorjanosi.reformatus.hu\/iskola\/wp-content\/uploads\/sites\/2\/2022\/03\/received_332788832163676-1024x472.jpeg\" alt=\"\" data-id=\"898\" data-full-url=\"https:\/\/kantorjanosi.reformatus.hu\/iskola\/wp-content\/uploads\/sites\/2\/2022\/03\/received_332788832163676.jpeg\" data-link=\"https:\/\/kantorjanosi.reformatus.hu\/iskola\/?attachment_id=898\" class=\"wp-image-898\" srcset=\"https:\/\/kantorjanosi.reformatus.hu\/iskola\/wp-content\/uploads\/sites\/2\/2022\/03\/received_332788832163676-1024x472.jpeg 1024w, https:\/\/kantorjanosi.reformatus.hu\/iskola\/wp-content\/uploads\/sites\/2\/2022\/03\/received_332788832163676-300x138.jpeg 300w, https:\/\/kantorjanosi.reformatus.hu\/iskola\/wp-content\/uploads\/sites\/2\/2022\/03\/received_332788832163676-768x354.jpeg 768w, https:\/\/kantorjanosi.reformatus.hu\/iskola\/wp-content\/uploads\/sites\/2\/2022\/03\/received_332788832163676.jpeg 1440w\" sizes=\"(max-width: 1024px) 100vw, 1024px\" \/><\/a><\/figure><\/li><li class=\"blocks-gallery-item\"><figure><a href=\"https:\/\/kantorjanosi.reformatus.hu\/iskola\/wp-content\/uploads\/sites\/2\/2022\/03\/received_373575451302292.jpeg\" data-lbwps-width=\"656\" data-lbwps-height=\"1440\" data-lbwps-srcsmall=\"https:\/\/kantorjanosi.reformatus.hu\/iskola\/wp-content\/uploads\/sites\/2\/2022\/03\/received_373575451302292-137x300.jpeg\"><img loading=\"lazy\" decoding=\"async\" width=\"466\" height=\"1024\" src=\"https:\/\/kantorjanosi.reformatus.hu\/iskola\/wp-content\/uploads\/sites\/2\/2022\/03\/received_373575451302292-466x1024.jpeg\" alt=\"\" data-id=\"899\" data-full-url=\"https:\/\/kantorjanosi.reformatus.hu\/iskola\/wp-content\/uploads\/sites\/2\/2022\/03\/received_373575451302292.jpeg\" data-link=\"https:\/\/kantorjanosi.reformatus.hu\/iskola\/?attachment_id=899\" class=\"wp-image-899\" srcset=\"https:\/\/kantorjanosi.reformatus.hu\/iskola\/wp-content\/uploads\/sites\/2\/2022\/03\/received_373575451302292-466x1024.jpeg 466w, https:\/\/kantorjanosi.reformatus.hu\/iskola\/wp-content\/uploads\/sites\/2\/2022\/03\/received_373575451302292-137x300.jpeg 137w, https:\/\/kantorjanosi.reformatus.hu\/iskola\/wp-content\/uploads\/sites\/2\/2022\/03\/received_373575451302292.jpeg 656w\" sizes=\"(max-width: 466px) 100vw, 466px\" \/><\/a><\/figure><\/li><li class=\"blocks-gallery-item\"><figure><a href=\"https:\/\/kantorjanosi.reformatus.hu\/iskola\/wp-content\/uploads\/sites\/2\/2022\/03\/received_1010379779855120.jpeg\" data-lbwps-width=\"656\" data-lbwps-height=\"1440\" data-lbwps-srcsmall=\"https:\/\/kantorjanosi.reformatus.hu\/iskola\/wp-content\/uploads\/sites\/2\/2022\/03\/received_1010379779855120-137x300.jpeg\"><img loading=\"lazy\" decoding=\"async\" width=\"466\" height=\"1024\" src=\"https:\/\/kantorjanosi.reformatus.hu\/iskola\/wp-content\/uploads\/sites\/2\/2022\/03\/received_1010379779855120-466x1024.jpeg\" alt=\"\" data-id=\"900\" data-full-url=\"https:\/\/kantorjanosi.reformatus.hu\/iskola\/wp-content\/uploads\/sites\/2\/2022\/03\/received_1010379779855120.jpeg\" data-link=\"https:\/\/kantorjanosi.reformatus.hu\/iskola\/?attachment_id=900\" class=\"wp-image-900\" srcset=\"https:\/\/kantorjanosi.reformatus.hu\/iskola\/wp-content\/uploads\/sites\/2\/2022\/03\/received_1010379779855120-466x1024.jpeg 466w, https:\/\/kantorjanosi.reformatus.hu\/iskola\/wp-content\/uploads\/sites\/2\/2022\/03\/received_1010379779855120-137x300.jpeg 137w, https:\/\/kantorjanosi.reformatus.hu\/iskola\/wp-content\/uploads\/sites\/2\/2022\/03\/received_1010379779855120.jpeg 656w\" sizes=\"(max-width: 466px) 100vw, 466px\" \/><\/a><\/figure><\/li><\/ul><\/figure>\n","protected":false},"excerpt":{"rendered":"<p>Id\u00e9n rendhagy\u00f3 m\u00f3don eml\u00e9kezt\u00fcnk meg 1848\/49-es szabads\u00e1gharc h\u0151seir\u0151l!<\/p>\n","protected":false},"author":4,"featured_media":0,"parent":0,"menu_order":0,"comment_status":"closed","ping_status":"closed","template":"","meta":{"footnotes":""},"_links":{"self":[{"href":"https:\/\/kantorjanosi.reformatus.hu\/iskola\/wp-json\/wp\/v2\/pages\/896"}],"collection":[{"href":"https:\/\/kantorjanosi.reformatus.hu\/iskola\/wp-json\/wp\/v2\/pages"}],"about":[{"href":"https:\/\/kantorjanosi.reformatus.hu\/iskola\/wp-json\/wp\/v2\/types\/page"}],"author":[{"embeddable":true,"href":"https:\/\/kantorjanosi.reformatus.hu\/iskola\/wp-json\/wp\/v2\/users\/4"}],"replies":[{"embeddable":true,"href":"https:\/\/kantorjanosi.reformatus.hu\/iskola\/wp-json\/wp\/v2\/comments?post=896"}],"version-history":[{"count":4,"href":"https:\/\/kantorjanosi.reformatus.hu\/iskola\/wp-json\/wp\/v2\/pages\/896\/revisions"}],"predecessor-version":[{"id":903,"href":"https:\/\/kantorjanosi.reformatus.hu\/iskola\/wp-json\/wp\/v2\/pages\/896\/revisions\/903"}],"wp:attachment":[{"href":"https:\/\/kantorjanosi.reformatus.hu\/iskola\/wp-json\/wp\/v2\/media?parent=896"}],"curies":[{"name":"wp","href":"https:\/\/api.w.org\/{rel}","templated":true}]}}