{"id":894,"date":"2022-03-24T08:12:01","date_gmt":"2022-03-24T08:12:01","guid":{"rendered":"https:\/\/kantorjanosi.reformatus.hu\/iskola\/?page_id=894"},"modified":"2022-03-24T08:13:39","modified_gmt":"2022-03-24T08:13:39","slug":"2022-03-22-a-viz-vilagnapja","status":"publish","type":"page","link":"https:\/\/kantorjanosi.reformatus.hu\/iskola\/2022-03-22-a-viz-vilagnapja\/","title":{"rendered":"2022.03.22 A v\u00edz vil\u00e1gnapja"},"content":{"rendered":"\n<p class=\"has-text-align-center\">,,V\u00edz!<br>Se \u00edzed nincs, se zamatod, nem lehet<br>meghat\u00e1rozni t\u00e9ged, meg\u00edzlelnek, an\u00e9lk\u00fcl,<br>hogy megismern\u00e9nek. Nem sz\u00fcks\u00e9ges vagy<br>az \u00e9letben: maga az \u00e9let vagy.&#8221;<br>(Saint-Exup\u00e9ry)<\/p>\n\n\n\n<figure class=\"wp-block-gallery columns-3 is-cropped wp-block-gallery-1 is-layout-flex wp-block-gallery-is-layout-flex\"><ul class=\"blocks-gallery-grid\"><li class=\"blocks-gallery-item\"><figure><img loading=\"lazy\" decoding=\"async\" width=\"1024\" height=\"683\" src=\"https:\/\/kantorjanosi.reformatus.hu\/iskola\/wp-content\/uploads\/sites\/2\/2022\/03\/DSC_0313-1024x683.jpg\" alt=\"\" data-id=\"907\" data-link=\"https:\/\/kantorjanosi.reformatus.hu\/iskola\/?attachment_id=907\" class=\"wp-image-907\" srcset=\"https:\/\/kantorjanosi.reformatus.hu\/iskola\/wp-content\/uploads\/sites\/2\/2022\/03\/DSC_0313-1024x683.jpg 1024w, https:\/\/kantorjanosi.reformatus.hu\/iskola\/wp-content\/uploads\/sites\/2\/2022\/03\/DSC_0313-300x200.jpg 300w, https:\/\/kantorjanosi.reformatus.hu\/iskola\/wp-content\/uploads\/sites\/2\/2022\/03\/DSC_0313-768x512.jpg 768w, https:\/\/kantorjanosi.reformatus.hu\/iskola\/wp-content\/uploads\/sites\/2\/2022\/03\/DSC_0313-1536x1024.jpg 1536w, https:\/\/kantorjanosi.reformatus.hu\/iskola\/wp-content\/uploads\/sites\/2\/2022\/03\/DSC_0313-2048x1366.jpg 2048w\" sizes=\"(max-width: 1024px) 100vw, 1024px\" \/><\/figure><\/li><li class=\"blocks-gallery-item\"><figure><img loading=\"lazy\" decoding=\"async\" width=\"471\" height=\"1024\" src=\"https:\/\/kantorjanosi.reformatus.hu\/iskola\/wp-content\/uploads\/sites\/2\/2022\/03\/received_513895876937205-471x1024.jpeg\" alt=\"\" data-id=\"905\" data-link=\"https:\/\/kantorjanosi.reformatus.hu\/iskola\/?attachment_id=905\" class=\"wp-image-905\" srcset=\"https:\/\/kantorjanosi.reformatus.hu\/iskola\/wp-content\/uploads\/sites\/2\/2022\/03\/received_513895876937205-471x1024.jpeg 471w, https:\/\/kantorjanosi.reformatus.hu\/iskola\/wp-content\/uploads\/sites\/2\/2022\/03\/received_513895876937205-138x300.jpeg 138w, https:\/\/kantorjanosi.reformatus.hu\/iskola\/wp-content\/uploads\/sites\/2\/2022\/03\/received_513895876937205-768x1668.jpeg 768w, https:\/\/kantorjanosi.reformatus.hu\/iskola\/wp-content\/uploads\/sites\/2\/2022\/03\/received_513895876937205-707x1536.jpeg 707w, https:\/\/kantorjanosi.reformatus.hu\/iskola\/wp-content\/uploads\/sites\/2\/2022\/03\/received_513895876937205.jpeg 928w\" sizes=\"(max-width: 471px) 100vw, 471px\" \/><\/figure><\/li><li class=\"blocks-gallery-item\"><figure><img loading=\"lazy\" decoding=\"async\" width=\"472\" height=\"1024\" src=\"https:\/\/kantorjanosi.reformatus.hu\/iskola\/wp-content\/uploads\/sites\/2\/2022\/03\/received_3190255707920801-472x1024.jpeg\" alt=\"\" data-id=\"909\" data-link=\"https:\/\/kantorjanosi.reformatus.hu\/iskola\/?attachment_id=909\" class=\"wp-image-909\" srcset=\"https:\/\/kantorjanosi.reformatus.hu\/iskola\/wp-content\/uploads\/sites\/2\/2022\/03\/received_3190255707920801-472x1024.jpeg 472w, https:\/\/kantorjanosi.reformatus.hu\/iskola\/wp-content\/uploads\/sites\/2\/2022\/03\/received_3190255707920801-138x300.jpeg 138w, https:\/\/kantorjanosi.reformatus.hu\/iskola\/wp-content\/uploads\/sites\/2\/2022\/03\/received_3190255707920801.jpeg 624w\" sizes=\"(max-width: 472px) 100vw, 472px\" \/><\/figure><\/li><li class=\"blocks-gallery-item\"><figure><img loading=\"lazy\" decoding=\"async\" width=\"768\" height=\"1024\" src=\"https:\/\/kantorjanosi.reformatus.hu\/iskola\/wp-content\/uploads\/sites\/2\/2022\/03\/IMG_20220322_110909-768x1024.jpg\" alt=\"\" data-id=\"910\" data-link=\"https:\/\/kantorjanosi.reformatus.hu\/iskola\/?attachment_id=910\" class=\"wp-image-910\" srcset=\"https:\/\/kantorjanosi.reformatus.hu\/iskola\/wp-content\/uploads\/sites\/2\/2022\/03\/IMG_20220322_110909-768x1024.jpg 768w, https:\/\/kantorjanosi.reformatus.hu\/iskola\/wp-content\/uploads\/sites\/2\/2022\/03\/IMG_20220322_110909-225x300.jpg 225w, https:\/\/kantorjanosi.reformatus.hu\/iskola\/wp-content\/uploads\/sites\/2\/2022\/03\/IMG_20220322_110909-1152x1536.jpg 1152w, https:\/\/kantorjanosi.reformatus.hu\/iskola\/wp-content\/uploads\/sites\/2\/2022\/03\/IMG_20220322_110909-1536x2048.jpg 1536w, https:\/\/kantorjanosi.reformatus.hu\/iskola\/wp-content\/uploads\/sites\/2\/2022\/03\/IMG_20220322_110909-scaled.jpg 1920w\" sizes=\"(max-width: 768px) 100vw, 768px\" \/><\/figure><\/li><li class=\"blocks-gallery-item\"><figure><img loading=\"lazy\" decoding=\"async\" width=\"1024\" height=\"768\" src=\"https:\/\/kantorjanosi.reformatus.hu\/iskola\/wp-content\/uploads\/sites\/2\/2022\/03\/IMG_20220322_111130-1024x768.jpg\" alt=\"\" data-id=\"911\" data-link=\"https:\/\/kantorjanosi.reformatus.hu\/iskola\/?attachment_id=911\" class=\"wp-image-911\" srcset=\"https:\/\/kantorjanosi.reformatus.hu\/iskola\/wp-content\/uploads\/sites\/2\/2022\/03\/IMG_20220322_111130-1024x768.jpg 1024w, https:\/\/kantorjanosi.reformatus.hu\/iskola\/wp-content\/uploads\/sites\/2\/2022\/03\/IMG_20220322_111130-300x225.jpg 300w, https:\/\/kantorjanosi.reformatus.hu\/iskola\/wp-content\/uploads\/sites\/2\/2022\/03\/IMG_20220322_111130-768x576.jpg 768w, https:\/\/kantorjanosi.reformatus.hu\/iskola\/wp-content\/uploads\/sites\/2\/2022\/03\/IMG_20220322_111130-1536x1152.jpg 1536w, https:\/\/kantorjanosi.reformatus.hu\/iskola\/wp-content\/uploads\/sites\/2\/2022\/03\/IMG_20220322_111130-2048x1536.jpg 2048w\" sizes=\"(max-width: 1024px) 100vw, 1024px\" \/><\/figure><\/li><li class=\"blocks-gallery-item\"><figure><img loading=\"lazy\" decoding=\"async\" width=\"768\" height=\"1024\" src=\"https:\/\/kantorjanosi.reformatus.hu\/iskola\/wp-content\/uploads\/sites\/2\/2022\/03\/IMG_20220322_111157-768x1024.jpg\" alt=\"\" data-id=\"912\" data-link=\"https:\/\/kantorjanosi.reformatus.hu\/iskola\/?attachment_id=912\" class=\"wp-image-912\" srcset=\"https:\/\/kantorjanosi.reformatus.hu\/iskola\/wp-content\/uploads\/sites\/2\/2022\/03\/IMG_20220322_111157-768x1024.jpg 768w, https:\/\/kantorjanosi.reformatus.hu\/iskola\/wp-content\/uploads\/sites\/2\/2022\/03\/IMG_20220322_111157-225x300.jpg 225w, https:\/\/kantorjanosi.reformatus.hu\/iskola\/wp-content\/uploads\/sites\/2\/2022\/03\/IMG_20220322_111157-1152x1536.jpg 1152w, https:\/\/kantorjanosi.reformatus.hu\/iskola\/wp-content\/uploads\/sites\/2\/2022\/03\/IMG_20220322_111157-1536x2048.jpg 1536w, https:\/\/kantorjanosi.reformatus.hu\/iskola\/wp-content\/uploads\/sites\/2\/2022\/03\/IMG_20220322_111157-scaled.jpg 1920w\" sizes=\"(max-width: 768px) 100vw, 768px\" \/><\/figure><\/li><li class=\"blocks-gallery-item\"><figure><img loading=\"lazy\" decoding=\"async\" width=\"768\" height=\"1024\" src=\"https:\/\/kantorjanosi.reformatus.hu\/iskola\/wp-content\/uploads\/sites\/2\/2022\/03\/IMG_20220322_111205-768x1024.jpg\" alt=\"\" data-id=\"913\" data-link=\"https:\/\/kantorjanosi.reformatus.hu\/iskola\/?attachment_id=913\" class=\"wp-image-913\" srcset=\"https:\/\/kantorjanosi.reformatus.hu\/iskola\/wp-content\/uploads\/sites\/2\/2022\/03\/IMG_20220322_111205-768x1024.jpg 768w, https:\/\/kantorjanosi.reformatus.hu\/iskola\/wp-content\/uploads\/sites\/2\/2022\/03\/IMG_20220322_111205-225x300.jpg 225w, https:\/\/kantorjanosi.reformatus.hu\/iskola\/wp-content\/uploads\/sites\/2\/2022\/03\/IMG_20220322_111205-1152x1536.jpg 1152w, https:\/\/kantorjanosi.reformatus.hu\/iskola\/wp-content\/uploads\/sites\/2\/2022\/03\/IMG_20220322_111205-1536x2048.jpg 1536w, https:\/\/kantorjanosi.reformatus.hu\/iskola\/wp-content\/uploads\/sites\/2\/2022\/03\/IMG_20220322_111205-scaled.jpg 1920w\" sizes=\"(max-width: 768px) 100vw, 768px\" \/><\/figure><\/li><li class=\"blocks-gallery-item\"><figure><img loading=\"lazy\" decoding=\"async\" width=\"768\" height=\"1024\" src=\"https:\/\/kantorjanosi.reformatus.hu\/iskola\/wp-content\/uploads\/sites\/2\/2022\/03\/IMG_20220322_111306-768x1024.jpg\" alt=\"\" data-id=\"914\" data-link=\"https:\/\/kantorjanosi.reformatus.hu\/iskola\/?attachment_id=914\" class=\"wp-image-914\" srcset=\"https:\/\/kantorjanosi.reformatus.hu\/iskola\/wp-content\/uploads\/sites\/2\/2022\/03\/IMG_20220322_111306-768x1024.jpg 768w, https:\/\/kantorjanosi.reformatus.hu\/iskola\/wp-content\/uploads\/sites\/2\/2022\/03\/IMG_20220322_111306-225x300.jpg 225w, https:\/\/kantorjanosi.reformatus.hu\/iskola\/wp-content\/uploads\/sites\/2\/2022\/03\/IMG_20220322_111306-1152x1536.jpg 1152w, https:\/\/kantorjanosi.reformatus.hu\/iskola\/wp-content\/uploads\/sites\/2\/2022\/03\/IMG_20220322_111306-1536x2048.jpg 1536w, https:\/\/kantorjanosi.reformatus.hu\/iskola\/wp-content\/uploads\/sites\/2\/2022\/03\/IMG_20220322_111306-scaled.jpg 1920w\" sizes=\"(max-width: 768px) 100vw, 768px\" \/><\/figure><\/li><li class=\"blocks-gallery-item\"><figure><img loading=\"lazy\" decoding=\"async\" width=\"1024\" height=\"768\" src=\"https:\/\/kantorjanosi.reformatus.hu\/iskola\/wp-content\/uploads\/sites\/2\/2022\/03\/IMG_20220322_112344-1024x768.jpg\" alt=\"\" data-id=\"916\" data-full-url=\"https:\/\/kantorjanosi.reformatus.hu\/iskola\/wp-content\/uploads\/sites\/2\/2022\/03\/IMG_20220322_112344-scaled.jpg\" data-link=\"https:\/\/kantorjanosi.reformatus.hu\/iskola\/2022-03-22-a-viz-vilagnapja\/img_20220322_112344\/\" class=\"wp-image-916\" srcset=\"https:\/\/kantorjanosi.reformatus.hu\/iskola\/wp-content\/uploads\/sites\/2\/2022\/03\/IMG_20220322_112344-1024x768.jpg 1024w, https:\/\/kantorjanosi.reformatus.hu\/iskola\/wp-content\/uploads\/sites\/2\/2022\/03\/IMG_20220322_112344-300x225.jpg 300w, https:\/\/kantorjanosi.reformatus.hu\/iskola\/wp-content\/uploads\/sites\/2\/2022\/03\/IMG_20220322_112344-768x576.jpg 768w, https:\/\/kantorjanosi.reformatus.hu\/iskola\/wp-content\/uploads\/sites\/2\/2022\/03\/IMG_20220322_112344-1536x1152.jpg 1536w, https:\/\/kantorjanosi.reformatus.hu\/iskola\/wp-content\/uploads\/sites\/2\/2022\/03\/IMG_20220322_112344-2048x1536.jpg 2048w\" sizes=\"(max-width: 1024px) 100vw, 1024px\" \/><\/figure><\/li><li class=\"blocks-gallery-item\"><figure><img loading=\"lazy\" decoding=\"async\" width=\"768\" height=\"1024\" src=\"https:\/\/kantorjanosi.reformatus.hu\/iskola\/wp-content\/uploads\/sites\/2\/2022\/03\/IMG_20220322_112844-768x1024.jpg\" alt=\"\" data-id=\"917\" data-full-url=\"https:\/\/kantorjanosi.reformatus.hu\/iskola\/wp-content\/uploads\/sites\/2\/2022\/03\/IMG_20220322_112844-scaled.jpg\" data-link=\"https:\/\/kantorjanosi.reformatus.hu\/iskola\/2022-03-22-a-viz-vilagnapja\/img_20220322_112844\/\" class=\"wp-image-917\" srcset=\"https:\/\/kantorjanosi.reformatus.hu\/iskola\/wp-content\/uploads\/sites\/2\/2022\/03\/IMG_20220322_112844-768x1024.jpg 768w, https:\/\/kantorjanosi.reformatus.hu\/iskola\/wp-content\/uploads\/sites\/2\/2022\/03\/IMG_20220322_112844-225x300.jpg 225w, https:\/\/kantorjanosi.reformatus.hu\/iskola\/wp-content\/uploads\/sites\/2\/2022\/03\/IMG_20220322_112844-1152x1536.jpg 1152w, https:\/\/kantorjanosi.reformatus.hu\/iskola\/wp-content\/uploads\/sites\/2\/2022\/03\/IMG_20220322_112844-1536x2048.jpg 1536w, https:\/\/kantorjanosi.reformatus.hu\/iskola\/wp-content\/uploads\/sites\/2\/2022\/03\/IMG_20220322_112844-scaled.jpg 1920w\" sizes=\"(max-width: 768px) 100vw, 768px\" \/><\/figure><\/li><li class=\"blocks-gallery-item\"><figure><img loading=\"lazy\" decoding=\"async\" width=\"1024\" height=\"768\" src=\"https:\/\/kantorjanosi.reformatus.hu\/iskola\/wp-content\/uploads\/sites\/2\/2022\/03\/IMG_20220322_113025-1024x768.jpg\" alt=\"\" data-id=\"918\" data-full-url=\"https:\/\/kantorjanosi.reformatus.hu\/iskola\/wp-content\/uploads\/sites\/2\/2022\/03\/IMG_20220322_113025-scaled.jpg\" data-link=\"https:\/\/kantorjanosi.reformatus.hu\/iskola\/2022-03-22-a-viz-vilagnapja\/img_20220322_113025\/\" class=\"wp-image-918\" srcset=\"https:\/\/kantorjanosi.reformatus.hu\/iskola\/wp-content\/uploads\/sites\/2\/2022\/03\/IMG_20220322_113025-1024x768.jpg 1024w, https:\/\/kantorjanosi.reformatus.hu\/iskola\/wp-content\/uploads\/sites\/2\/2022\/03\/IMG_20220322_113025-300x225.jpg 300w, https:\/\/kantorjanosi.reformatus.hu\/iskola\/wp-content\/uploads\/sites\/2\/2022\/03\/IMG_20220322_113025-768x576.jpg 768w, https:\/\/kantorjanosi.reformatus.hu\/iskola\/wp-content\/uploads\/sites\/2\/2022\/03\/IMG_20220322_113025-1536x1152.jpg 1536w, https:\/\/kantorjanosi.reformatus.hu\/iskola\/wp-content\/uploads\/sites\/2\/2022\/03\/IMG_20220322_113025-2048x1536.jpg 2048w\" sizes=\"(max-width: 1024px) 100vw, 1024px\" \/><\/figure><\/li><li class=\"blocks-gallery-item\"><figure><img loading=\"lazy\" decoding=\"async\" width=\"1024\" height=\"768\" src=\"https:\/\/kantorjanosi.reformatus.hu\/iskola\/wp-content\/uploads\/sites\/2\/2022\/03\/IMG_20220322_113702-1024x768.jpg\" alt=\"\" data-id=\"920\" data-full-url=\"https:\/\/kantorjanosi.reformatus.hu\/iskola\/wp-content\/uploads\/sites\/2\/2022\/03\/IMG_20220322_113702-scaled.jpg\" data-link=\"https:\/\/kantorjanosi.reformatus.hu\/iskola\/2022-03-22-a-viz-vilagnapja\/img_20220322_113702\/\" class=\"wp-image-920\" srcset=\"https:\/\/kantorjanosi.reformatus.hu\/iskola\/wp-content\/uploads\/sites\/2\/2022\/03\/IMG_20220322_113702-1024x768.jpg 1024w, https:\/\/kantorjanosi.reformatus.hu\/iskola\/wp-content\/uploads\/sites\/2\/2022\/03\/IMG_20220322_113702-300x225.jpg 300w, https:\/\/kantorjanosi.reformatus.hu\/iskola\/wp-content\/uploads\/sites\/2\/2022\/03\/IMG_20220322_113702-768x576.jpg 768w, https:\/\/kantorjanosi.reformatus.hu\/iskola\/wp-content\/uploads\/sites\/2\/2022\/03\/IMG_20220322_113702-1536x1152.jpg 1536w, https:\/\/kantorjanosi.reformatus.hu\/iskola\/wp-content\/uploads\/sites\/2\/2022\/03\/IMG_20220322_113702-2048x1536.jpg 2048w\" sizes=\"(max-width: 1024px) 100vw, 1024px\" \/><\/figure><\/li><\/ul><\/figure>\n","protected":false},"excerpt":{"rendered":"<p>,,V\u00edz!Se \u00edzed nincs, se zamatod, nem lehetmeghat\u00e1rozni t\u00e9ged, meg\u00edzlelnek, an\u00e9lk\u00fcl,hogy megismern\u00e9nek. Nem sz\u00fcks\u00e9ges vagyaz \u00e9letben: maga az \u00e9let vagy.&#8221;(Saint-Exup\u00e9ry)<\/p>\n","protected":false},"author":4,"featured_media":0,"parent":0,"menu_order":0,"comment_status":"closed","ping_status":"closed","template":"","meta":{"footnotes":""},"_links":{"self":[{"href":"https:\/\/kantorjanosi.reformatus.hu\/iskola\/wp-json\/wp\/v2\/pages\/894"}],"collection":[{"href":"https:\/\/kantorjanosi.reformatus.hu\/iskola\/wp-json\/wp\/v2\/pages"}],"about":[{"href":"https:\/\/kantorjanosi.reformatus.hu\/iskola\/wp-json\/wp\/v2\/types\/page"}],"author":[{"embeddable":true,"href":"https:\/\/kantorjanosi.reformatus.hu\/iskola\/wp-json\/wp\/v2\/users\/4"}],"replies":[{"embeddable":true,"href":"https:\/\/kantorjanosi.reformatus.hu\/iskola\/wp-json\/wp\/v2\/comments?post=894"}],"version-history":[{"count":3,"href":"https:\/\/kantorjanosi.reformatus.hu\/iskola\/wp-json\/wp\/v2\/pages\/894\/revisions"}],"predecessor-version":[{"id":921,"href":"https:\/\/kantorjanosi.reformatus.hu\/iskola\/wp-json\/wp\/v2\/pages\/894\/revisions\/921"}],"wp:attachment":[{"href":"https:\/\/kantorjanosi.reformatus.hu\/iskola\/wp-json\/wp\/v2\/media?parent=894"}],"curies":[{"name":"wp","href":"https:\/\/api.w.org\/{rel}","templated":true}]}}