{"id":760,"date":"2021-10-03T17:19:34","date_gmt":"2021-10-03T17:19:34","guid":{"rendered":"https:\/\/kantorjanosi.reformatus.hu\/iskola\/?page_id=760"},"modified":"2021-10-03T17:22:44","modified_gmt":"2021-10-03T17:22:44","slug":"idosek-koszontese","status":"publish","type":"page","link":"https:\/\/kantorjanosi.reformatus.hu\/iskola\/idosek-koszontese\/","title":{"rendered":"Id\u0151sek k\u00f6sz\u00f6nt\u00e9se"},"content":{"rendered":"\n<p>2021. okt\u00f3ber 03-\u00e1n, Id\u0151sek napja alkalm\u00e1b\u00f3l, a reform\u00e1tus templomban k\u00f6sz\u00f6nt\u00f6tt\u00e9k az id\u0151seket iskol\u00e1nk di\u00e1kjai. A sz\u00ednvonalas m\u0171sort a 4. oszt\u00e1lyos tanul\u00f3k adt\u00e1k, akiket Bacsk\u00f3 Csab\u00e1n\u00e9 oszt\u00e1lyf\u0151n\u00f6k k\u00e9sz\u00edtett fel. <br>A templomajt\u00f3ban a di\u00e1kok az iskola tanul\u00f3i \u00e1ltal k\u00e9sz\u00edtett aj\u00e1nd\u00e9kokkal kedveskedtek a jelenl\u00e9v\u0151 id\u0151seknek. <\/p>\n\n\n\n<figure class=\"wp-block-gallery columns-3 is-cropped wp-block-gallery-1 is-layout-flex wp-block-gallery-is-layout-flex\"><ul class=\"blocks-gallery-grid\"><li class=\"blocks-gallery-item\"><figure><a href=\"https:\/\/kantorjanosi.reformatus.hu\/iskola\/wp-content\/uploads\/sites\/2\/2021\/10\/DSC_0165.jpg\" data-lbwps-width=\"1024\" data-lbwps-height=\"683\" data-lbwps-srcsmall=\"https:\/\/kantorjanosi.reformatus.hu\/iskola\/wp-content\/uploads\/sites\/2\/2021\/10\/DSC_0165-300x200.jpg\"><img loading=\"lazy\" decoding=\"async\" width=\"1024\" height=\"683\" src=\"https:\/\/kantorjanosi.reformatus.hu\/iskola\/wp-content\/uploads\/sites\/2\/2021\/10\/DSC_0165.jpg\" alt=\"\" data-id=\"761\" data-full-url=\"https:\/\/kantorjanosi.reformatus.hu\/iskola\/wp-content\/uploads\/sites\/2\/2021\/10\/DSC_0165.jpg\" data-link=\"https:\/\/kantorjanosi.reformatus.hu\/iskola\/?attachment_id=761\" class=\"wp-image-761\" srcset=\"https:\/\/kantorjanosi.reformatus.hu\/iskola\/wp-content\/uploads\/sites\/2\/2021\/10\/DSC_0165.jpg 1024w, https:\/\/kantorjanosi.reformatus.hu\/iskola\/wp-content\/uploads\/sites\/2\/2021\/10\/DSC_0165-300x200.jpg 300w, https:\/\/kantorjanosi.reformatus.hu\/iskola\/wp-content\/uploads\/sites\/2\/2021\/10\/DSC_0165-768x512.jpg 768w\" sizes=\"(max-width: 1024px) 100vw, 1024px\" \/><\/a><\/figure><\/li><li class=\"blocks-gallery-item\"><figure><a href=\"https:\/\/kantorjanosi.reformatus.hu\/iskola\/wp-content\/uploads\/sites\/2\/2021\/10\/DSC_0171.jpg\" data-lbwps-width=\"1024\" data-lbwps-height=\"683\" data-lbwps-srcsmall=\"https:\/\/kantorjanosi.reformatus.hu\/iskola\/wp-content\/uploads\/sites\/2\/2021\/10\/DSC_0171-300x200.jpg\"><img loading=\"lazy\" decoding=\"async\" width=\"1024\" height=\"683\" src=\"https:\/\/kantorjanosi.reformatus.hu\/iskola\/wp-content\/uploads\/sites\/2\/2021\/10\/DSC_0171.jpg\" alt=\"\" data-id=\"762\" data-full-url=\"https:\/\/kantorjanosi.reformatus.hu\/iskola\/wp-content\/uploads\/sites\/2\/2021\/10\/DSC_0171.jpg\" data-link=\"https:\/\/kantorjanosi.reformatus.hu\/iskola\/?attachment_id=762\" class=\"wp-image-762\" srcset=\"https:\/\/kantorjanosi.reformatus.hu\/iskola\/wp-content\/uploads\/sites\/2\/2021\/10\/DSC_0171.jpg 1024w, https:\/\/kantorjanosi.reformatus.hu\/iskola\/wp-content\/uploads\/sites\/2\/2021\/10\/DSC_0171-300x200.jpg 300w, https:\/\/kantorjanosi.reformatus.hu\/iskola\/wp-content\/uploads\/sites\/2\/2021\/10\/DSC_0171-768x512.jpg 768w\" sizes=\"(max-width: 1024px) 100vw, 1024px\" \/><\/a><\/figure><\/li><li class=\"blocks-gallery-item\"><figure><a href=\"https:\/\/kantorjanosi.reformatus.hu\/iskola\/wp-content\/uploads\/sites\/2\/2021\/10\/DSC_0173.jpg\" data-lbwps-width=\"1024\" data-lbwps-height=\"683\" data-lbwps-srcsmall=\"https:\/\/kantorjanosi.reformatus.hu\/iskola\/wp-content\/uploads\/sites\/2\/2021\/10\/DSC_0173-300x200.jpg\"><img loading=\"lazy\" decoding=\"async\" width=\"1024\" height=\"683\" src=\"https:\/\/kantorjanosi.reformatus.hu\/iskola\/wp-content\/uploads\/sites\/2\/2021\/10\/DSC_0173.jpg\" alt=\"\" data-id=\"763\" data-full-url=\"https:\/\/kantorjanosi.reformatus.hu\/iskola\/wp-content\/uploads\/sites\/2\/2021\/10\/DSC_0173.jpg\" data-link=\"https:\/\/kantorjanosi.reformatus.hu\/iskola\/?attachment_id=763\" class=\"wp-image-763\" srcset=\"https:\/\/kantorjanosi.reformatus.hu\/iskola\/wp-content\/uploads\/sites\/2\/2021\/10\/DSC_0173.jpg 1024w, https:\/\/kantorjanosi.reformatus.hu\/iskola\/wp-content\/uploads\/sites\/2\/2021\/10\/DSC_0173-300x200.jpg 300w, https:\/\/kantorjanosi.reformatus.hu\/iskola\/wp-content\/uploads\/sites\/2\/2021\/10\/DSC_0173-768x512.jpg 768w\" sizes=\"(max-width: 1024px) 100vw, 1024px\" \/><\/a><\/figure><\/li><li class=\"blocks-gallery-item\"><figure><a href=\"https:\/\/kantorjanosi.reformatus.hu\/iskola\/wp-content\/uploads\/sites\/2\/2021\/10\/DSC_0174.jpg\" data-lbwps-width=\"1024\" data-lbwps-height=\"683\" data-lbwps-srcsmall=\"https:\/\/kantorjanosi.reformatus.hu\/iskola\/wp-content\/uploads\/sites\/2\/2021\/10\/DSC_0174-300x200.jpg\"><img loading=\"lazy\" decoding=\"async\" width=\"1024\" height=\"683\" src=\"https:\/\/kantorjanosi.reformatus.hu\/iskola\/wp-content\/uploads\/sites\/2\/2021\/10\/DSC_0174.jpg\" alt=\"\" data-id=\"764\" data-full-url=\"https:\/\/kantorjanosi.reformatus.hu\/iskola\/wp-content\/uploads\/sites\/2\/2021\/10\/DSC_0174.jpg\" data-link=\"https:\/\/kantorjanosi.reformatus.hu\/iskola\/?attachment_id=764\" class=\"wp-image-764\" srcset=\"https:\/\/kantorjanosi.reformatus.hu\/iskola\/wp-content\/uploads\/sites\/2\/2021\/10\/DSC_0174.jpg 1024w, https:\/\/kantorjanosi.reformatus.hu\/iskola\/wp-content\/uploads\/sites\/2\/2021\/10\/DSC_0174-300x200.jpg 300w, https:\/\/kantorjanosi.reformatus.hu\/iskola\/wp-content\/uploads\/sites\/2\/2021\/10\/DSC_0174-768x512.jpg 768w\" sizes=\"(max-width: 1024px) 100vw, 1024px\" \/><\/a><\/figure><\/li><li class=\"blocks-gallery-item\"><figure><a href=\"https:\/\/kantorjanosi.reformatus.hu\/iskola\/wp-content\/uploads\/sites\/2\/2021\/10\/DSC_0175.jpg\" data-lbwps-width=\"1024\" data-lbwps-height=\"683\" data-lbwps-srcsmall=\"https:\/\/kantorjanosi.reformatus.hu\/iskola\/wp-content\/uploads\/sites\/2\/2021\/10\/DSC_0175-300x200.jpg\"><img loading=\"lazy\" decoding=\"async\" width=\"1024\" height=\"683\" src=\"https:\/\/kantorjanosi.reformatus.hu\/iskola\/wp-content\/uploads\/sites\/2\/2021\/10\/DSC_0175.jpg\" alt=\"\" data-id=\"765\" data-full-url=\"https:\/\/kantorjanosi.reformatus.hu\/iskola\/wp-content\/uploads\/sites\/2\/2021\/10\/DSC_0175.jpg\" data-link=\"https:\/\/kantorjanosi.reformatus.hu\/iskola\/?attachment_id=765\" class=\"wp-image-765\" srcset=\"https:\/\/kantorjanosi.reformatus.hu\/iskola\/wp-content\/uploads\/sites\/2\/2021\/10\/DSC_0175.jpg 1024w, https:\/\/kantorjanosi.reformatus.hu\/iskola\/wp-content\/uploads\/sites\/2\/2021\/10\/DSC_0175-300x200.jpg 300w, https:\/\/kantorjanosi.reformatus.hu\/iskola\/wp-content\/uploads\/sites\/2\/2021\/10\/DSC_0175-768x512.jpg 768w\" sizes=\"(max-width: 1024px) 100vw, 1024px\" \/><\/a><\/figure><\/li><li class=\"blocks-gallery-item\"><figure><a href=\"https:\/\/kantorjanosi.reformatus.hu\/iskola\/wp-content\/uploads\/sites\/2\/2021\/10\/DSC_0176.jpg\" data-lbwps-width=\"1024\" data-lbwps-height=\"683\" data-lbwps-srcsmall=\"https:\/\/kantorjanosi.reformatus.hu\/iskola\/wp-content\/uploads\/sites\/2\/2021\/10\/DSC_0176-300x200.jpg\"><img loading=\"lazy\" decoding=\"async\" width=\"1024\" height=\"683\" src=\"https:\/\/kantorjanosi.reformatus.hu\/iskola\/wp-content\/uploads\/sites\/2\/2021\/10\/DSC_0176.jpg\" alt=\"\" data-id=\"766\" data-full-url=\"https:\/\/kantorjanosi.reformatus.hu\/iskola\/wp-content\/uploads\/sites\/2\/2021\/10\/DSC_0176.jpg\" data-link=\"https:\/\/kantorjanosi.reformatus.hu\/iskola\/?attachment_id=766\" class=\"wp-image-766\" srcset=\"https:\/\/kantorjanosi.reformatus.hu\/iskola\/wp-content\/uploads\/sites\/2\/2021\/10\/DSC_0176.jpg 1024w, https:\/\/kantorjanosi.reformatus.hu\/iskola\/wp-content\/uploads\/sites\/2\/2021\/10\/DSC_0176-300x200.jpg 300w, https:\/\/kantorjanosi.reformatus.hu\/iskola\/wp-content\/uploads\/sites\/2\/2021\/10\/DSC_0176-768x512.jpg 768w\" sizes=\"(max-width: 1024px) 100vw, 1024px\" \/><\/a><\/figure><\/li><li class=\"blocks-gallery-item\"><figure><a href=\"https:\/\/kantorjanosi.reformatus.hu\/iskola\/wp-content\/uploads\/sites\/2\/2021\/10\/DSC_0177.jpg\" data-lbwps-width=\"1024\" data-lbwps-height=\"683\" data-lbwps-srcsmall=\"https:\/\/kantorjanosi.reformatus.hu\/iskola\/wp-content\/uploads\/sites\/2\/2021\/10\/DSC_0177-300x200.jpg\"><img loading=\"lazy\" decoding=\"async\" width=\"1024\" height=\"683\" src=\"https:\/\/kantorjanosi.reformatus.hu\/iskola\/wp-content\/uploads\/sites\/2\/2021\/10\/DSC_0177.jpg\" alt=\"\" data-id=\"767\" data-full-url=\"https:\/\/kantorjanosi.reformatus.hu\/iskola\/wp-content\/uploads\/sites\/2\/2021\/10\/DSC_0177.jpg\" data-link=\"https:\/\/kantorjanosi.reformatus.hu\/iskola\/?attachment_id=767\" class=\"wp-image-767\" srcset=\"https:\/\/kantorjanosi.reformatus.hu\/iskola\/wp-content\/uploads\/sites\/2\/2021\/10\/DSC_0177.jpg 1024w, https:\/\/kantorjanosi.reformatus.hu\/iskola\/wp-content\/uploads\/sites\/2\/2021\/10\/DSC_0177-300x200.jpg 300w, https:\/\/kantorjanosi.reformatus.hu\/iskola\/wp-content\/uploads\/sites\/2\/2021\/10\/DSC_0177-768x512.jpg 768w\" sizes=\"(max-width: 1024px) 100vw, 1024px\" \/><\/a><\/figure><\/li><li class=\"blocks-gallery-item\"><figure><a href=\"https:\/\/kantorjanosi.reformatus.hu\/iskola\/wp-content\/uploads\/sites\/2\/2021\/10\/DSC_0179.jpg\" data-lbwps-width=\"1024\" data-lbwps-height=\"683\" data-lbwps-srcsmall=\"https:\/\/kantorjanosi.reformatus.hu\/iskola\/wp-content\/uploads\/sites\/2\/2021\/10\/DSC_0179-300x200.jpg\"><img loading=\"lazy\" decoding=\"async\" width=\"1024\" height=\"683\" src=\"https:\/\/kantorjanosi.reformatus.hu\/iskola\/wp-content\/uploads\/sites\/2\/2021\/10\/DSC_0179.jpg\" alt=\"\" data-id=\"768\" data-full-url=\"https:\/\/kantorjanosi.reformatus.hu\/iskola\/wp-content\/uploads\/sites\/2\/2021\/10\/DSC_0179.jpg\" data-link=\"https:\/\/kantorjanosi.reformatus.hu\/iskola\/?attachment_id=768\" class=\"wp-image-768\" srcset=\"https:\/\/kantorjanosi.reformatus.hu\/iskola\/wp-content\/uploads\/sites\/2\/2021\/10\/DSC_0179.jpg 1024w, https:\/\/kantorjanosi.reformatus.hu\/iskola\/wp-content\/uploads\/sites\/2\/2021\/10\/DSC_0179-300x200.jpg 300w, https:\/\/kantorjanosi.reformatus.hu\/iskola\/wp-content\/uploads\/sites\/2\/2021\/10\/DSC_0179-768x512.jpg 768w\" sizes=\"(max-width: 1024px) 100vw, 1024px\" \/><\/a><\/figure><\/li><li class=\"blocks-gallery-item\"><figure><a href=\"https:\/\/kantorjanosi.reformatus.hu\/iskola\/wp-content\/uploads\/sites\/2\/2021\/10\/DSC_0180.jpg\" data-lbwps-width=\"572\" data-lbwps-height=\"544\" data-lbwps-srcsmall=\"https:\/\/kantorjanosi.reformatus.hu\/iskola\/wp-content\/uploads\/sites\/2\/2021\/10\/DSC_0180-300x285.jpg\"><img loading=\"lazy\" decoding=\"async\" width=\"572\" height=\"544\" src=\"https:\/\/kantorjanosi.reformatus.hu\/iskola\/wp-content\/uploads\/sites\/2\/2021\/10\/DSC_0180.jpg\" alt=\"\" data-id=\"769\" data-full-url=\"https:\/\/kantorjanosi.reformatus.hu\/iskola\/wp-content\/uploads\/sites\/2\/2021\/10\/DSC_0180.jpg\" data-link=\"https:\/\/kantorjanosi.reformatus.hu\/iskola\/?attachment_id=769\" class=\"wp-image-769\" srcset=\"https:\/\/kantorjanosi.reformatus.hu\/iskola\/wp-content\/uploads\/sites\/2\/2021\/10\/DSC_0180.jpg 572w, https:\/\/kantorjanosi.reformatus.hu\/iskola\/wp-content\/uploads\/sites\/2\/2021\/10\/DSC_0180-300x285.jpg 300w\" sizes=\"(max-width: 572px) 100vw, 572px\" \/><\/a><\/figure><\/li><li class=\"blocks-gallery-item\"><figure><a href=\"https:\/\/kantorjanosi.reformatus.hu\/iskola\/wp-content\/uploads\/sites\/2\/2021\/10\/DSC_0182.jpg\" data-lbwps-width=\"1024\" data-lbwps-height=\"683\" data-lbwps-srcsmall=\"https:\/\/kantorjanosi.reformatus.hu\/iskola\/wp-content\/uploads\/sites\/2\/2021\/10\/DSC_0182-300x200.jpg\"><img loading=\"lazy\" decoding=\"async\" width=\"1024\" height=\"683\" src=\"https:\/\/kantorjanosi.reformatus.hu\/iskola\/wp-content\/uploads\/sites\/2\/2021\/10\/DSC_0182.jpg\" alt=\"\" data-id=\"770\" data-full-url=\"https:\/\/kantorjanosi.reformatus.hu\/iskola\/wp-content\/uploads\/sites\/2\/2021\/10\/DSC_0182.jpg\" data-link=\"https:\/\/kantorjanosi.reformatus.hu\/iskola\/?attachment_id=770\" class=\"wp-image-770\" srcset=\"https:\/\/kantorjanosi.reformatus.hu\/iskola\/wp-content\/uploads\/sites\/2\/2021\/10\/DSC_0182.jpg 1024w, https:\/\/kantorjanosi.reformatus.hu\/iskola\/wp-content\/uploads\/sites\/2\/2021\/10\/DSC_0182-300x200.jpg 300w, https:\/\/kantorjanosi.reformatus.hu\/iskola\/wp-content\/uploads\/sites\/2\/2021\/10\/DSC_0182-768x512.jpg 768w\" sizes=\"(max-width: 1024px) 100vw, 1024px\" \/><\/a><\/figure><\/li><li class=\"blocks-gallery-item\"><figure><a href=\"https:\/\/kantorjanosi.reformatus.hu\/iskola\/wp-content\/uploads\/sites\/2\/2021\/10\/DSC_0184.jpg\" data-lbwps-width=\"1024\" data-lbwps-height=\"683\" data-lbwps-srcsmall=\"https:\/\/kantorjanosi.reformatus.hu\/iskola\/wp-content\/uploads\/sites\/2\/2021\/10\/DSC_0184-300x200.jpg\"><img loading=\"lazy\" decoding=\"async\" width=\"1024\" height=\"683\" src=\"https:\/\/kantorjanosi.reformatus.hu\/iskola\/wp-content\/uploads\/sites\/2\/2021\/10\/DSC_0184.jpg\" alt=\"\" data-id=\"771\" data-full-url=\"https:\/\/kantorjanosi.reformatus.hu\/iskola\/wp-content\/uploads\/sites\/2\/2021\/10\/DSC_0184.jpg\" data-link=\"https:\/\/kantorjanosi.reformatus.hu\/iskola\/?attachment_id=771\" class=\"wp-image-771\" srcset=\"https:\/\/kantorjanosi.reformatus.hu\/iskola\/wp-content\/uploads\/sites\/2\/2021\/10\/DSC_0184.jpg 1024w, https:\/\/kantorjanosi.reformatus.hu\/iskola\/wp-content\/uploads\/sites\/2\/2021\/10\/DSC_0184-300x200.jpg 300w, https:\/\/kantorjanosi.reformatus.hu\/iskola\/wp-content\/uploads\/sites\/2\/2021\/10\/DSC_0184-768x512.jpg 768w\" sizes=\"(max-width: 1024px) 100vw, 1024px\" \/><\/a><\/figure><\/li><\/ul><\/figure>\n","protected":false},"excerpt":{"rendered":"<p>2021. okt\u00f3ber 03-\u00e1n, Id\u0151sek napja alkalm\u00e1b\u00f3l, a reform\u00e1tus templomban k\u00f6sz\u00f6nt\u00f6tt\u00e9k az id\u0151seket iskol\u00e1nk di\u00e1kjai. A sz\u00ednvonalas m\u0171sort a 4. oszt\u00e1lyos tanul\u00f3k adt\u00e1k, akiket Bacsk\u00f3 Csab\u00e1n\u00e9 oszt\u00e1lyf\u0151n\u00f6k k\u00e9sz\u00edtett fel. A templomajt\u00f3ban a di\u00e1kok az iskola tanul\u00f3i \u00e1ltal k\u00e9sz\u00edtett aj\u00e1nd\u00e9kokkal kedveskedtek a [&hellip;]<\/p>\n","protected":false},"author":1,"featured_media":0,"parent":0,"menu_order":0,"comment_status":"closed","ping_status":"closed","template":"","meta":{"footnotes":""},"_links":{"self":[{"href":"https:\/\/kantorjanosi.reformatus.hu\/iskola\/wp-json\/wp\/v2\/pages\/760"}],"collection":[{"href":"https:\/\/kantorjanosi.reformatus.hu\/iskola\/wp-json\/wp\/v2\/pages"}],"about":[{"href":"https:\/\/kantorjanosi.reformatus.hu\/iskola\/wp-json\/wp\/v2\/types\/page"}],"author":[{"embeddable":true,"href":"https:\/\/kantorjanosi.reformatus.hu\/iskola\/wp-json\/wp\/v2\/users\/1"}],"replies":[{"embeddable":true,"href":"https:\/\/kantorjanosi.reformatus.hu\/iskola\/wp-json\/wp\/v2\/comments?post=760"}],"version-history":[{"count":3,"href":"https:\/\/kantorjanosi.reformatus.hu\/iskola\/wp-json\/wp\/v2\/pages\/760\/revisions"}],"predecessor-version":[{"id":775,"href":"https:\/\/kantorjanosi.reformatus.hu\/iskola\/wp-json\/wp\/v2\/pages\/760\/revisions\/775"}],"wp:attachment":[{"href":"https:\/\/kantorjanosi.reformatus.hu\/iskola\/wp-json\/wp\/v2\/media?parent=760"}],"curies":[{"name":"wp","href":"https:\/\/api.w.org\/{rel}","templated":true}]}}