{"id":73,"date":"2019-12-02T20:51:56","date_gmt":"2019-12-02T20:51:56","guid":{"rendered":"https:\/\/kantorjanosi.reformatus.hu\/iskola\/?page_id=73"},"modified":"2019-12-02T20:51:56","modified_gmt":"2019-12-02T20:51:56","slug":"2019-11-09","status":"publish","type":"page","link":"https:\/\/kantorjanosi.reformatus.hu\/iskola\/2019-11-09\/","title":{"rendered":"2019.11.09."},"content":{"rendered":"\n<p>Id\u00e9n 2019. november 09-\u00e9n szervezte meg a szok\u00e1sos J\u00f3t\u00e9konys\u00e1gi b\u00e1lj\u00e1t az iskola. Szeretettel \u00e9s tisztelettel k\u00f6sz\u00f6nj\u00fck t\u00e1mogat\u00f3ink \u00f6nzetlen seg\u00edts\u00e9g\u00e9t. H\u00e1l\u00e1sak vagyunk kiv\u00e1l\u00f3 zen\u00e9sz\u00fcnknek, a fell\u00e9p\u0151knek, vend\u00e9geinknek, hogy jelenl\u00e9t\u00fckkel emelt\u00e9k est\u00fcnk sz\u00ednvonal\u00e1t!\u00a0&#8222;\u00c9let\u00fckre Isten gazdag \u00e1ld\u00e1s\u00e1t k\u00e9rj\u00fck!&#8221; <\/p>\n","protected":false},"excerpt":{"rendered":"<p>Id\u00e9n 2019. november 09-\u00e9n szervezte meg a szok\u00e1sos J\u00f3t\u00e9konys\u00e1gi b\u00e1lj\u00e1t az iskola. Szeretettel \u00e9s tisztelettel k\u00f6sz\u00f6nj\u00fck t\u00e1mogat\u00f3ink \u00f6nzetlen seg\u00edts\u00e9g\u00e9t. H\u00e1l\u00e1sak vagyunk kiv\u00e1l\u00f3 zen\u00e9sz\u00fcnknek, a fell\u00e9p\u0151knek, vend\u00e9geinknek, hogy jelenl\u00e9t\u00fckkel emelt\u00e9k est\u00fcnk sz\u00ednvonal\u00e1t!\u00a0&#8222;\u00c9let\u00fckre Isten gazdag \u00e1ld\u00e1s\u00e1t k\u00e9rj\u00fck!&#8221;<\/p>\n","protected":false},"author":1,"featured_media":0,"parent":0,"menu_order":0,"comment_status":"closed","ping_status":"closed","template":"","meta":{"footnotes":""},"_links":{"self":[{"href":"https:\/\/kantorjanosi.reformatus.hu\/iskola\/wp-json\/wp\/v2\/pages\/73"}],"collection":[{"href":"https:\/\/kantorjanosi.reformatus.hu\/iskola\/wp-json\/wp\/v2\/pages"}],"about":[{"href":"https:\/\/kantorjanosi.reformatus.hu\/iskola\/wp-json\/wp\/v2\/types\/page"}],"author":[{"embeddable":true,"href":"https:\/\/kantorjanosi.reformatus.hu\/iskola\/wp-json\/wp\/v2\/users\/1"}],"replies":[{"embeddable":true,"href":"https:\/\/kantorjanosi.reformatus.hu\/iskola\/wp-json\/wp\/v2\/comments?post=73"}],"version-history":[{"count":1,"href":"https:\/\/kantorjanosi.reformatus.hu\/iskola\/wp-json\/wp\/v2\/pages\/73\/revisions"}],"predecessor-version":[{"id":74,"href":"https:\/\/kantorjanosi.reformatus.hu\/iskola\/wp-json\/wp\/v2\/pages\/73\/revisions\/74"}],"wp:attachment":[{"href":"https:\/\/kantorjanosi.reformatus.hu\/iskola\/wp-json\/wp\/v2\/media?parent=73"}],"curies":[{"name":"wp","href":"https:\/\/api.w.org\/{rel}","templated":true}]}}