{"id":69,"date":"2019-12-02T20:50:22","date_gmt":"2019-12-02T20:50:22","guid":{"rendered":"https:\/\/kantorjanosi.reformatus.hu\/iskola\/?page_id=69"},"modified":"2019-12-02T20:50:51","modified_gmt":"2019-12-02T20:50:51","slug":"2019-2","status":"publish","type":"page","link":"https:\/\/kantorjanosi.reformatus.hu\/iskola\/2019-2\/","title":{"rendered":"2019."},"content":{"rendered":"\n<p>Az iskola tavalyi projektje volt az &#8222;Olvas\u00e1s \u00c9jszak\u00e1ja&#8221;, melynek pozit\u00edv visszhangja arra sarkalta az iskolavezet\u00e9st \u00e9s a pedag\u00f3gusokat, hogy ennek mint\u00e1j\u00e1ra id\u00e9n a N\u00e9pmes\u00e9k \u00c9jszak\u00e1j\u00e1t szervezz\u00e9k meg. <br>Erre 2019. okt\u00f3ber 24-\u00e9n ker\u00fclt sor. <\/p>\n\n\n\n<figure class=\"wp-block-image size-large\"><img loading=\"lazy\" decoding=\"async\" width=\"1024\" height=\"683\" src=\"https:\/\/kantorjanosi.reformatus.hu\/iskola\/wp-content\/uploads\/sites\/2\/2019\/12\/70003477_1443639742468140_2990734802224676864_o-1024x683.jpg\" alt=\"\" class=\"wp-image-70\" srcset=\"https:\/\/kantorjanosi.reformatus.hu\/iskola\/wp-content\/uploads\/sites\/2\/2019\/12\/70003477_1443639742468140_2990734802224676864_o-1024x683.jpg 1024w, https:\/\/kantorjanosi.reformatus.hu\/iskola\/wp-content\/uploads\/sites\/2\/2019\/12\/70003477_1443639742468140_2990734802224676864_o-300x200.jpg 300w, https:\/\/kantorjanosi.reformatus.hu\/iskola\/wp-content\/uploads\/sites\/2\/2019\/12\/70003477_1443639742468140_2990734802224676864_o-768x512.jpg 768w, https:\/\/kantorjanosi.reformatus.hu\/iskola\/wp-content\/uploads\/sites\/2\/2019\/12\/70003477_1443639742468140_2990734802224676864_o-1536x1024.jpg 1536w, https:\/\/kantorjanosi.reformatus.hu\/iskola\/wp-content\/uploads\/sites\/2\/2019\/12\/70003477_1443639742468140_2990734802224676864_o.jpg 1728w\" sizes=\"(max-width: 1024px) 100vw, 1024px\" \/><\/figure>\n","protected":false},"excerpt":{"rendered":"<p>Az iskola tavalyi projektje volt az &#8222;Olvas\u00e1s \u00c9jszak\u00e1ja&#8221;, melynek pozit\u00edv visszhangja arra sarkalta az iskolavezet\u00e9st \u00e9s a pedag\u00f3gusokat, hogy ennek mint\u00e1j\u00e1ra id\u00e9n a N\u00e9pmes\u00e9k \u00c9jszak\u00e1j\u00e1t szervezz\u00e9k meg. Erre 2019. okt\u00f3ber 24-\u00e9n ker\u00fclt sor.<\/p>\n","protected":false},"author":1,"featured_media":0,"parent":0,"menu_order":0,"comment_status":"closed","ping_status":"closed","template":"","meta":{"footnotes":""},"_links":{"self":[{"href":"https:\/\/kantorjanosi.reformatus.hu\/iskola\/wp-json\/wp\/v2\/pages\/69"}],"collection":[{"href":"https:\/\/kantorjanosi.reformatus.hu\/iskola\/wp-json\/wp\/v2\/pages"}],"about":[{"href":"https:\/\/kantorjanosi.reformatus.hu\/iskola\/wp-json\/wp\/v2\/types\/page"}],"author":[{"embeddable":true,"href":"https:\/\/kantorjanosi.reformatus.hu\/iskola\/wp-json\/wp\/v2\/users\/1"}],"replies":[{"embeddable":true,"href":"https:\/\/kantorjanosi.reformatus.hu\/iskola\/wp-json\/wp\/v2\/comments?post=69"}],"version-history":[{"count":2,"href":"https:\/\/kantorjanosi.reformatus.hu\/iskola\/wp-json\/wp\/v2\/pages\/69\/revisions"}],"predecessor-version":[{"id":72,"href":"https:\/\/kantorjanosi.reformatus.hu\/iskola\/wp-json\/wp\/v2\/pages\/69\/revisions\/72"}],"wp:attachment":[{"href":"https:\/\/kantorjanosi.reformatus.hu\/iskola\/wp-json\/wp\/v2\/media?parent=69"}],"curies":[{"name":"wp","href":"https:\/\/api.w.org\/{rel}","templated":true}]}}