{"id":65,"date":"2019-12-02T20:46:13","date_gmt":"2019-12-02T20:46:13","guid":{"rendered":"https:\/\/kantorjanosi.reformatus.hu\/iskola\/?page_id=65"},"modified":"2019-12-02T20:46:13","modified_gmt":"2019-12-02T20:46:13","slug":"fogadalomtetel-2019","status":"publish","type":"page","link":"https:\/\/kantorjanosi.reformatus.hu\/iskola\/fogadalomtetel-2019\/","title":{"rendered":"Fogadalomt\u00e9tel 2019."},"content":{"rendered":"\n<p>Iskol\u00e1nk els\u0151 hagyom\u00e1nyai k\u00f6z\u00f6tt szerepel, hogy az \u00faj dolgoz\u00f3k \u00e9s tanul\u00f3k az Isten, az iskola \u00e9s a gy\u00fclekezet k\u00f6z\u00f6ss\u00e9ge el\u0151tt fogadalmat tesznek, hogy a K\u00e1ntorj\u00e1nosi Reform\u00e1tus \u00c1ltal\u00e1nos Iskola h\u0171 tanul\u00f3i, vagy dolgoz\u00f3i lesznek. <\/p>\n\n\n\n<p>Id\u00e9n a fogadalomt\u00e9tel napja az okt\u00f3ber 23-i megeml\u00e9kez napj\u00e1ra ker\u00fclt. <br>A nyolcadik oszt\u00e1ly sz\u00ednvonalas m\u0171sora nyitotta a rendezv\u00e9nyt, melyet egy \u00e1h\u00edtat k\u00f6vetett. <br>Csonka J\u00f3zsef seg\u00e9dlelk\u00e9sz hirdette Isten Ig\u00e9j\u00e9t az \u00c9zsai\u00e1s 42,5-8 alapj\u00e1n.<\/p>\n\n\n\n<p>Az \u00e1h\u00edtatot folytat\u00e1sa volt a fogadalomt\u00e9tel, melyet a vezet\u0151k kezdtek, majd a pedag\u00f3gusok, dolgoz\u00f3k \u00e9s v\u00e9g\u00fcl a di\u00e1kok z\u00e1rt\u00e1k. Nt. Sink\u00f3-P\u00e1ricsi Babett lelk\u00e9szn\u0151 vette ki a fogadalmat az eg\u00e9sz iskol\u00e1t\u00f3l, hiszen az els\u0151 ilyen alkalom volt az idei. <\/p>\n\n\n\n<p>A z\u00e1r\u00f3 \u00e1ld\u00e1st Ivancs\u00f3 S\u00e1ndor g\u00f6r\u00f6g katolikus esperes, iskol\u00e1nk egyik hitoktat\u00f3ja, illetve Nt. Sink\u00f3-P\u00e1ricsi Babett adta. <\/p>\n\n\n\n<p>Az \u00faj dolgoz\u00f3k a Fenntart\u00f3t\u00f3l egy Bibli\u00e1t kaptak aj\u00e1nd\u00e9kba, hogy Isten Ig\u00e9je vezet\u00e9s\u00e9nek ne legyenek fizikai g\u00e1tjai. <\/p>\n\n\n\n<p>Az \u00fcnneps\u00e9g k\u00f6z\u00f6s koszor\u00faz\u00e1ssal folytat\u00f3dott. A lelk\u00e9szek \u00e9s Dr. P\u00e9ter Zolt\u00e1n polg\u00e1rmester vezet\u00e9s\u00e9vel az \u00fcnnepl\u0151 k\u00f6z\u00f6ss\u00e9g \u00e1tvonult a helyi eml\u00e9km\u0171h\u00f6z, ahol az eml\u00e9kez\u00e9s koszor\u00fait elhelyezte. <\/p>\n\n\n\n<figure class=\"wp-block-image size-large\"><img loading=\"lazy\" decoding=\"async\" width=\"1024\" height=\"683\" src=\"https:\/\/kantorjanosi.reformatus.hu\/iskola\/wp-content\/uploads\/sites\/2\/2019\/12\/75233630_1432144230284358_5510419186519638016_o-1024x683.jpg\" alt=\"\" class=\"wp-image-66\" srcset=\"https:\/\/kantorjanosi.reformatus.hu\/iskola\/wp-content\/uploads\/sites\/2\/2019\/12\/75233630_1432144230284358_5510419186519638016_o-1024x683.jpg 1024w, https:\/\/kantorjanosi.reformatus.hu\/iskola\/wp-content\/uploads\/sites\/2\/2019\/12\/75233630_1432144230284358_5510419186519638016_o-300x200.jpg 300w, https:\/\/kantorjanosi.reformatus.hu\/iskola\/wp-content\/uploads\/sites\/2\/2019\/12\/75233630_1432144230284358_5510419186519638016_o-768x512.jpg 768w, https:\/\/kantorjanosi.reformatus.hu\/iskola\/wp-content\/uploads\/sites\/2\/2019\/12\/75233630_1432144230284358_5510419186519638016_o-1536x1024.jpg 1536w, https:\/\/kantorjanosi.reformatus.hu\/iskola\/wp-content\/uploads\/sites\/2\/2019\/12\/75233630_1432144230284358_5510419186519638016_o.jpg 1728w\" sizes=\"(max-width: 1024px) 100vw, 1024px\" \/><\/figure>\n","protected":false},"excerpt":{"rendered":"<p>Iskol\u00e1nk els\u0151 hagyom\u00e1nyai k\u00f6z\u00f6tt szerepel, hogy az \u00faj dolgoz\u00f3k \u00e9s tanul\u00f3k az Isten, az iskola \u00e9s a gy\u00fclekezet k\u00f6z\u00f6ss\u00e9ge el\u0151tt fogadalmat tesznek, hogy a K\u00e1ntorj\u00e1nosi Reform\u00e1tus \u00c1ltal\u00e1nos Iskola h\u0171 tanul\u00f3i, vagy dolgoz\u00f3i lesznek. Id\u00e9n a fogadalomt\u00e9tel napja az okt\u00f3ber 23-i [&hellip;]<\/p>\n","protected":false},"author":1,"featured_media":0,"parent":0,"menu_order":0,"comment_status":"closed","ping_status":"closed","template":"","meta":{"footnotes":""},"_links":{"self":[{"href":"https:\/\/kantorjanosi.reformatus.hu\/iskola\/wp-json\/wp\/v2\/pages\/65"}],"collection":[{"href":"https:\/\/kantorjanosi.reformatus.hu\/iskola\/wp-json\/wp\/v2\/pages"}],"about":[{"href":"https:\/\/kantorjanosi.reformatus.hu\/iskola\/wp-json\/wp\/v2\/types\/page"}],"author":[{"embeddable":true,"href":"https:\/\/kantorjanosi.reformatus.hu\/iskola\/wp-json\/wp\/v2\/users\/1"}],"replies":[{"embeddable":true,"href":"https:\/\/kantorjanosi.reformatus.hu\/iskola\/wp-json\/wp\/v2\/comments?post=65"}],"version-history":[{"count":1,"href":"https:\/\/kantorjanosi.reformatus.hu\/iskola\/wp-json\/wp\/v2\/pages\/65\/revisions"}],"predecessor-version":[{"id":67,"href":"https:\/\/kantorjanosi.reformatus.hu\/iskola\/wp-json\/wp\/v2\/pages\/65\/revisions\/67"}],"wp:attachment":[{"href":"https:\/\/kantorjanosi.reformatus.hu\/iskola\/wp-json\/wp\/v2\/media?parent=65"}],"curies":[{"name":"wp","href":"https:\/\/api.w.org\/{rel}","templated":true}]}}