{"id":51,"date":"2019-12-02T20:19:14","date_gmt":"2019-12-02T20:19:14","guid":{"rendered":"https:\/\/kantorjanosi.reformatus.hu\/iskola\/?page_id=51"},"modified":"2024-05-27T09:32:00","modified_gmt":"2024-05-27T09:32:00","slug":"kapcsolat","status":"publish","type":"page","link":"https:\/\/kantorjanosi.reformatus.hu\/iskola\/kapcsolat\/","title":{"rendered":"Kapcsolat"},"content":{"rendered":"\n<p>K\u00e1s\u00e1n\u00e9 Urb\u00e1n Andrea f\u0151int\u00e9zm\u00e9ny vezet\u0151<br>Fogad\u00f3\u00f3ra: H\u00e9tf\u0151 8:00-8:45<br><br>K\u00e1ntorj\u00e1nosi Reform\u00e1tus \u00c1ltal\u00e1nos Iskola<br>4335 K\u00e1ntorj\u00e1nosi<br>Kossuth Lajos utca 6.<br><\/p>\n\n\n\n<p>Telefon: <br>(44) 550 \u2013 004<br>(44) 550 \u2013 005<\/p>\n\n\n\n<p>E-mail1: kantorjanosi.iskola@gmail.com <br>E-mail2: kantorjanosi.refi@reformatus.hu <\/p>\n","protected":false},"excerpt":{"rendered":"<p>K\u00e1s\u00e1n\u00e9 Urb\u00e1n Andrea f\u0151int\u00e9zm\u00e9ny vezet\u0151Fogad\u00f3\u00f3ra: H\u00e9tf\u0151 8:00-8:45 K\u00e1ntorj\u00e1nosi Reform\u00e1tus \u00c1ltal\u00e1nos Iskola4335 K\u00e1ntorj\u00e1nosiKossuth Lajos utca 6. Telefon: (44) 550 \u2013 004(44) 550 \u2013 005 E-mail1: kantorjanosi.iskola@gmail.com E-mail2: kantorjanosi.refi@reformatus.hu<\/p>\n","protected":false},"author":1,"featured_media":0,"parent":0,"menu_order":0,"comment_status":"closed","ping_status":"closed","template":"","meta":{"footnotes":""},"_links":{"self":[{"href":"https:\/\/kantorjanosi.reformatus.hu\/iskola\/wp-json\/wp\/v2\/pages\/51"}],"collection":[{"href":"https:\/\/kantorjanosi.reformatus.hu\/iskola\/wp-json\/wp\/v2\/pages"}],"about":[{"href":"https:\/\/kantorjanosi.reformatus.hu\/iskola\/wp-json\/wp\/v2\/types\/page"}],"author":[{"embeddable":true,"href":"https:\/\/kantorjanosi.reformatus.hu\/iskola\/wp-json\/wp\/v2\/users\/1"}],"replies":[{"embeddable":true,"href":"https:\/\/kantorjanosi.reformatus.hu\/iskola\/wp-json\/wp\/v2\/comments?post=51"}],"version-history":[{"count":5,"href":"https:\/\/kantorjanosi.reformatus.hu\/iskola\/wp-json\/wp\/v2\/pages\/51\/revisions"}],"predecessor-version":[{"id":1245,"href":"https:\/\/kantorjanosi.reformatus.hu\/iskola\/wp-json\/wp\/v2\/pages\/51\/revisions\/1245"}],"wp:attachment":[{"href":"https:\/\/kantorjanosi.reformatus.hu\/iskola\/wp-json\/wp\/v2\/media?parent=51"}],"curies":[{"name":"wp","href":"https:\/\/api.w.org\/{rel}","templated":true}]}}