{"id":45,"date":"2019-12-02T20:08:13","date_gmt":"2019-12-02T20:08:13","guid":{"rendered":"https:\/\/kantorjanosi.reformatus.hu\/iskola\/?page_id=45"},"modified":"2025-02-26T09:32:26","modified_gmt":"2025-02-26T09:32:26","slug":"pedagogusok-es-munkatarsak","status":"publish","type":"page","link":"https:\/\/kantorjanosi.reformatus.hu\/iskola\/pedagogusok-es-munkatarsak\/","title":{"rendered":"Pedag\u00f3gusok \u00e9s munkat\u00e1rsak"},"content":{"rendered":"\n<h2 class=\"wp-block-heading\">Fenntart\u00f3<\/h2>\n\n\n\n<figure class=\"wp-block-image size-large\"><img loading=\"lazy\" decoding=\"async\" width=\"1024\" height=\"748\" src=\"https:\/\/kantorjanosi.reformatus.hu\/iskola\/wp-content\/uploads\/sites\/2\/2019\/12\/Vezet\u0151k-1024x748.jpg\" alt=\"\" class=\"wp-image-46\" srcset=\"https:\/\/kantorjanosi.reformatus.hu\/iskola\/wp-content\/uploads\/sites\/2\/2019\/12\/Vezet\u0151k-1024x748.jpg 1024w, https:\/\/kantorjanosi.reformatus.hu\/iskola\/wp-content\/uploads\/sites\/2\/2019\/12\/Vezet\u0151k-300x219.jpg 300w, https:\/\/kantorjanosi.reformatus.hu\/iskola\/wp-content\/uploads\/sites\/2\/2019\/12\/Vezet\u0151k-768x561.jpg 768w, https:\/\/kantorjanosi.reformatus.hu\/iskola\/wp-content\/uploads\/sites\/2\/2019\/12\/Vezet\u0151k-1536x1123.jpg 1536w, https:\/\/kantorjanosi.reformatus.hu\/iskola\/wp-content\/uploads\/sites\/2\/2019\/12\/Vezet\u0151k-2048x1497.jpg 2048w\" sizes=\"(max-width: 1024px) 100vw, 1024px\" \/><\/figure>\n\n\n\n<h2 class=\"wp-block-heading\">Iskolavezet\u00e9s<\/h2>\n\n\n\n<figure class=\"wp-block-image size-large is-resized\"><img loading=\"lazy\" decoding=\"async\" width=\"1024\" height=\"650\" src=\"https:\/\/kantorjanosi.reformatus.hu\/iskola\/wp-content\/uploads\/sites\/2\/2021\/09\/DSC_0343-masolata-3-1024x650.jpg\" alt=\"\" class=\"wp-image-702\" srcset=\"https:\/\/kantorjanosi.reformatus.hu\/iskola\/wp-content\/uploads\/sites\/2\/2021\/09\/DSC_0343-masolata-3-1024x650.jpg 1024w, https:\/\/kantorjanosi.reformatus.hu\/iskola\/wp-content\/uploads\/sites\/2\/2021\/09\/DSC_0343-masolata-3-300x190.jpg 300w, https:\/\/kantorjanosi.reformatus.hu\/iskola\/wp-content\/uploads\/sites\/2\/2021\/09\/DSC_0343-masolata-3-768x487.jpg 768w, https:\/\/kantorjanosi.reformatus.hu\/iskola\/wp-content\/uploads\/sites\/2\/2021\/09\/DSC_0343-masolata-3.jpg 1128w\" sizes=\"(max-width: 1024px) 100vw, 1024px\" \/><figcaption class=\"wp-element-caption\">                 <\/figcaption><\/figure>\n\n\n\n<p class=\"has-text-align-center\" style=\"font-size:28px\"><strong>K\u00e1s\u00e1n\u00e9 Urb\u00e1n Andrea<\/strong><em> f\u0151int\u00e9zm\u00e9nyvezet\u0151 <\/em><br> <strong>Batizin\u00e9 Kujbus Anita<\/strong><em> f\u0151int\u00e9zm\u00e9nyvezet\u0151-helyettes<\/em><\/p>\n\n\n\n<p><\/p>\n\n\n\n<p class=\"has-large-font-size\">Pedag\u00f3gusok \u00e9s munkat\u00e1rsak<\/p>\n\n\n\n<figure class=\"wp-block-image size-large is-resized\"><img loading=\"lazy\" decoding=\"async\" width=\"1024\" height=\"769\" src=\"https:\/\/kantorjanosi.reformatus.hu\/iskola\/wp-content\/uploads\/sites\/2\/2025\/02\/weboldal-csoportkep-1024x769.jpg\" alt=\"\" class=\"wp-image-1362\" style=\"width:841px;height:561px\" srcset=\"https:\/\/kantorjanosi.reformatus.hu\/iskola\/wp-content\/uploads\/sites\/2\/2025\/02\/weboldal-csoportkep-1024x769.jpg 1024w, https:\/\/kantorjanosi.reformatus.hu\/iskola\/wp-content\/uploads\/sites\/2\/2025\/02\/weboldal-csoportkep-300x225.jpg 300w, https:\/\/kantorjanosi.reformatus.hu\/iskola\/wp-content\/uploads\/sites\/2\/2025\/02\/weboldal-csoportkep-768x577.jpg 768w, https:\/\/kantorjanosi.reformatus.hu\/iskola\/wp-content\/uploads\/sites\/2\/2025\/02\/weboldal-csoportkep-1536x1153.jpg 1536w, https:\/\/kantorjanosi.reformatus.hu\/iskola\/wp-content\/uploads\/sites\/2\/2025\/02\/weboldal-csoportkep-2048x1538.jpg 2048w\" sizes=\"(max-width: 1024px) 100vw, 1024px\" \/><\/figure>\n\n\n\n<p>Alexa Nagy Beatrix <em>tan\u00edt\u00f3<\/em><br>Bacsk\u00f3 Csab\u00e1n\u00e9 <em>tan\u00edt\u00f3, tan\u00e1r<\/em><br>Batizin\u00e9 Kujbus Anita f\u0151<em>int\u00e9zm\u00e9nyvezet\u0151-helyettes, tan\u00e1r<\/em><br>Csizmadi\u00e1n\u00e9 Szab\u00f3 Ildik\u00f3 <em>tan\u00edt\u00f3<\/em><br>Csonka J\u00f3zsef <em>seg\u00e9dlelk\u00e9sz, tan\u00edt\u00f3<\/em><br>G\u00e1l Tiborn\u00e9 <em>NOKS<\/em><br>Imre Bianka tan\u00edt\u00f3<br>K\u00e1s\u00e1n\u00e9 Urb\u00e1n Andrea f\u0151<em>int\u00e9zm\u00e9nyvezet\u0151, tan\u00edt\u00f3<\/em><br>Katona Zolt\u00e1n P\u00e1l <em>rendszergazda<\/em> <br>Kosztikn\u00e9 Ily\u00e9s Hajnalka <em>tan\u00e1r<\/em><br>K\u00f6ves Eszter hitoktat\u00f3<br>K\u0151rizsn\u00e9 Zajti Judit tan\u00edt\u00f3<br>Orosz Zsolt <em>tan\u00e1r<\/em><br>Orosz Ren\u00e1ta <em>NOKS<\/em><br>P\u00e1l Anett <em>tan\u00edt\u00f3<\/em><br>P\u00f3csi Anita <em>tan\u00e1r<\/em><br>P\u00f3tin\u00e9 Elek Val\u00e9ria <em>gazdas\u00e1gi vezet\u0151<\/em><br>T\u00f3th Andr\u00e1s <em>tan\u00e1r<\/em><br>T\u00f3th Zsuzsa tan\u00e1r<br>Sink\u00f3-P\u00e1ricsi Babett <em>fenntart\u00f3 lelk\u00e9sz<\/em><br>Sz\u00e1szin\u00e9 Magyar Julianna <em>tan\u00edt\u00f3<\/em><br>Sz\u0171csn\u00e9 Kerezsi N\u00f3ra <em>NOKS<\/em><br>V\u00e1nczku Attila <em>tan\u00e1r<\/em><\/p>\n\n\n\n<h2 class=\"wp-block-heading\">Technikai szem\u00e9lyzet<\/h2>\n\n\n\n<p>P\u00f3ti Csaba <em>karbantart\u00f3<\/em><br>Dud\u00e1s Ferenc karbantart\u00f3<br><br>Csonka J\u00f3zsefn\u00e9 <em>takar\u00edt\u00f3<\/em><br>Dud\u00e1s Ferencn\u00e9 <em>takar\u00edt\u00f3<\/em><br>Hakucs\u00e1k Erika <em>takar\u00edt\u00f3<\/em><br>Simon Ferencn\u00e9 <em>takar\u00edt\u00f3<\/em><\/p>\n","protected":false},"excerpt":{"rendered":"<p>Fenntart\u00f3 Iskolavezet\u00e9s K\u00e1s\u00e1n\u00e9 Urb\u00e1n Andrea f\u0151int\u00e9zm\u00e9nyvezet\u0151 Batizin\u00e9 Kujbus Anita f\u0151int\u00e9zm\u00e9nyvezet\u0151-helyettes Pedag\u00f3gusok \u00e9s munkat\u00e1rsak Alexa Nagy Beatrix tan\u00edt\u00f3Bacsk\u00f3 Csab\u00e1n\u00e9 tan\u00edt\u00f3, tan\u00e1rBatizin\u00e9 Kujbus Anita f\u0151int\u00e9zm\u00e9nyvezet\u0151-helyettes, tan\u00e1rCsizmadi\u00e1n\u00e9 Szab\u00f3 Ildik\u00f3 tan\u00edt\u00f3Csonka J\u00f3zsef seg\u00e9dlelk\u00e9sz, tan\u00edt\u00f3G\u00e1l Tiborn\u00e9 NOKSImre Bianka tan\u00edt\u00f3K\u00e1s\u00e1n\u00e9 Urb\u00e1n Andrea f\u0151int\u00e9zm\u00e9nyvezet\u0151, tan\u00edt\u00f3Katona Zolt\u00e1n P\u00e1l [&hellip;]<\/p>\n","protected":false},"author":1,"featured_media":0,"parent":0,"menu_order":0,"comment_status":"closed","ping_status":"closed","template":"","meta":{"footnotes":""},"_links":{"self":[{"href":"https:\/\/kantorjanosi.reformatus.hu\/iskola\/wp-json\/wp\/v2\/pages\/45"}],"collection":[{"href":"https:\/\/kantorjanosi.reformatus.hu\/iskola\/wp-json\/wp\/v2\/pages"}],"about":[{"href":"https:\/\/kantorjanosi.reformatus.hu\/iskola\/wp-json\/wp\/v2\/types\/page"}],"author":[{"embeddable":true,"href":"https:\/\/kantorjanosi.reformatus.hu\/iskola\/wp-json\/wp\/v2\/users\/1"}],"replies":[{"embeddable":true,"href":"https:\/\/kantorjanosi.reformatus.hu\/iskola\/wp-json\/wp\/v2\/comments?post=45"}],"version-history":[{"count":28,"href":"https:\/\/kantorjanosi.reformatus.hu\/iskola\/wp-json\/wp\/v2\/pages\/45\/revisions"}],"predecessor-version":[{"id":1363,"href":"https:\/\/kantorjanosi.reformatus.hu\/iskola\/wp-json\/wp\/v2\/pages\/45\/revisions\/1363"}],"wp:attachment":[{"href":"https:\/\/kantorjanosi.reformatus.hu\/iskola\/wp-json\/wp\/v2\/media?parent=45"}],"curies":[{"name":"wp","href":"https:\/\/api.w.org\/{rel}","templated":true}]}}