{"id":432,"date":"2021-01-08T00:52:31","date_gmt":"2021-01-08T00:52:31","guid":{"rendered":"https:\/\/kantorjanosi.reformatus.hu\/iskola\/?page_id=432"},"modified":"2021-01-08T00:52:31","modified_gmt":"2021-01-08T00:52:31","slug":"reformacio-vetelkedo","status":"publish","type":"page","link":"https:\/\/kantorjanosi.reformatus.hu\/iskola\/reformacio-vetelkedo\/","title":{"rendered":"Reform\u00e1ci\u00f3 vet\u00e9lked\u0151"},"content":{"rendered":"\n<p style=\"font-size:15px\" class=\"has-text-align-center\">    Id\u00e9n els\u0151 alkalommal ker\u00fclt megrendez\u00e9sre a K\u00e1ntorj\u00e1nosi Reform\u00e1tus \u00c1ltal\u00e1nos Iskola reform\u00e1ci\u00f3hoz kapcsol\u00f3d\u00f3 vet\u00e9lked\u0151je. Csapatokban lehetett jelentkezni a versenyre, melyre v\u00e9g\u00fcl minden oszt\u00e1lyb\u00f3l 1-1 deleg\u00e1lt csapat \u00e9rkezett.\u00a0A vet\u00e9lked\u0151 nem a megszokott form\u00e1ban zajlott. A Kahoot! nev\u0171 oktat\u00e1si program seg\u00edts\u00e9g\u00e9vel kellett a k\u00fcl\u00f6nb\u00f6z\u0151 k\u00e9rd\u00e9sekre helyes v\u00e1laszt adniuk a csapatoknak, a csapatn\u00e1l l\u00e9v\u0151 okos eszk\u00f6z\u00f6k seg\u00edts\u00e9g\u00e9vel.\u00a0Az \u00fajdons\u00e1g ir\u00e1nti \u00e9rdekl\u0151d\u0151 tekintetek hamar felszabadultak \u00e9s otthonosan \u00e9rezt\u00e9k magukat az informatika vil\u00e1g\u00e1ban. A j\u00f3kedv \u00e9s versenyszellem mell\u00e9 tud\u00e1s is t\u00e1rsult, mely megel\u00e9ged\u00e9s\u00e9re szolg\u00e1lt a fenntart\u00f3 lelkip\u00e1sztoroknak is.\u00a0Isten \u00e1ldja meg a versenyz\u0151ket \u00e9s a nyertes 8. oszt\u00e1lyos csapatot.\u00a0<\/p>\n\n\n\n<figure class=\"wp-block-gallery columns-5 is-cropped wp-block-gallery-1 is-layout-flex wp-block-gallery-is-layout-flex\"><ul class=\"blocks-gallery-grid\"><li class=\"blocks-gallery-item\"><figure><a href=\"https:\/\/kantorjanosi.reformatus.hu\/iskola\/wp-content\/uploads\/sites\/2\/2021\/01\/DSC_0324.jpg\" data-lbwps-width=\"1024\" data-lbwps-height=\"683\" data-lbwps-srcsmall=\"https:\/\/kantorjanosi.reformatus.hu\/iskola\/wp-content\/uploads\/sites\/2\/2021\/01\/DSC_0324-300x200.jpg\"><img loading=\"lazy\" decoding=\"async\" width=\"1024\" height=\"683\" src=\"https:\/\/kantorjanosi.reformatus.hu\/iskola\/wp-content\/uploads\/sites\/2\/2021\/01\/DSC_0324.jpg\" alt=\"\" data-id=\"433\" data-full-url=\"https:\/\/kantorjanosi.reformatus.hu\/iskola\/wp-content\/uploads\/sites\/2\/2021\/01\/DSC_0324.jpg\" data-link=\"https:\/\/kantorjanosi.reformatus.hu\/iskola\/?attachment_id=433\" class=\"wp-image-433\" srcset=\"https:\/\/kantorjanosi.reformatus.hu\/iskola\/wp-content\/uploads\/sites\/2\/2021\/01\/DSC_0324.jpg 1024w, https:\/\/kantorjanosi.reformatus.hu\/iskola\/wp-content\/uploads\/sites\/2\/2021\/01\/DSC_0324-300x200.jpg 300w, https:\/\/kantorjanosi.reformatus.hu\/iskola\/wp-content\/uploads\/sites\/2\/2021\/01\/DSC_0324-768x512.jpg 768w\" sizes=\"(max-width: 1024px) 100vw, 1024px\" \/><\/a><\/figure><\/li><li class=\"blocks-gallery-item\"><figure><a href=\"https:\/\/kantorjanosi.reformatus.hu\/iskola\/wp-content\/uploads\/sites\/2\/2021\/01\/DSC_0325.jpg\" data-lbwps-width=\"1024\" data-lbwps-height=\"683\" data-lbwps-srcsmall=\"https:\/\/kantorjanosi.reformatus.hu\/iskola\/wp-content\/uploads\/sites\/2\/2021\/01\/DSC_0325-300x200.jpg\"><img loading=\"lazy\" decoding=\"async\" width=\"1024\" height=\"683\" src=\"https:\/\/kantorjanosi.reformatus.hu\/iskola\/wp-content\/uploads\/sites\/2\/2021\/01\/DSC_0325.jpg\" alt=\"\" data-id=\"434\" data-full-url=\"https:\/\/kantorjanosi.reformatus.hu\/iskola\/wp-content\/uploads\/sites\/2\/2021\/01\/DSC_0325.jpg\" data-link=\"https:\/\/kantorjanosi.reformatus.hu\/iskola\/?attachment_id=434\" class=\"wp-image-434\" srcset=\"https:\/\/kantorjanosi.reformatus.hu\/iskola\/wp-content\/uploads\/sites\/2\/2021\/01\/DSC_0325.jpg 1024w, https:\/\/kantorjanosi.reformatus.hu\/iskola\/wp-content\/uploads\/sites\/2\/2021\/01\/DSC_0325-300x200.jpg 300w, https:\/\/kantorjanosi.reformatus.hu\/iskola\/wp-content\/uploads\/sites\/2\/2021\/01\/DSC_0325-768x512.jpg 768w\" sizes=\"(max-width: 1024px) 100vw, 1024px\" \/><\/a><\/figure><\/li><li class=\"blocks-gallery-item\"><figure><a href=\"https:\/\/kantorjanosi.reformatus.hu\/iskola\/wp-content\/uploads\/sites\/2\/2021\/01\/DSC_0326.jpg\" data-lbwps-width=\"1024\" data-lbwps-height=\"683\" data-lbwps-srcsmall=\"https:\/\/kantorjanosi.reformatus.hu\/iskola\/wp-content\/uploads\/sites\/2\/2021\/01\/DSC_0326-300x200.jpg\"><img loading=\"lazy\" decoding=\"async\" width=\"1024\" height=\"683\" src=\"https:\/\/kantorjanosi.reformatus.hu\/iskola\/wp-content\/uploads\/sites\/2\/2021\/01\/DSC_0326.jpg\" alt=\"\" data-id=\"435\" data-full-url=\"https:\/\/kantorjanosi.reformatus.hu\/iskola\/wp-content\/uploads\/sites\/2\/2021\/01\/DSC_0326.jpg\" data-link=\"https:\/\/kantorjanosi.reformatus.hu\/iskola\/?attachment_id=435\" class=\"wp-image-435\" srcset=\"https:\/\/kantorjanosi.reformatus.hu\/iskola\/wp-content\/uploads\/sites\/2\/2021\/01\/DSC_0326.jpg 1024w, https:\/\/kantorjanosi.reformatus.hu\/iskola\/wp-content\/uploads\/sites\/2\/2021\/01\/DSC_0326-300x200.jpg 300w, https:\/\/kantorjanosi.reformatus.hu\/iskola\/wp-content\/uploads\/sites\/2\/2021\/01\/DSC_0326-768x512.jpg 768w\" sizes=\"(max-width: 1024px) 100vw, 1024px\" \/><\/a><\/figure><\/li><li class=\"blocks-gallery-item\"><figure><a href=\"https:\/\/kantorjanosi.reformatus.hu\/iskola\/wp-content\/uploads\/sites\/2\/2021\/01\/DSC_0327.jpg\" data-lbwps-width=\"1024\" data-lbwps-height=\"683\" data-lbwps-srcsmall=\"https:\/\/kantorjanosi.reformatus.hu\/iskola\/wp-content\/uploads\/sites\/2\/2021\/01\/DSC_0327-300x200.jpg\"><img loading=\"lazy\" decoding=\"async\" width=\"1024\" height=\"683\" src=\"https:\/\/kantorjanosi.reformatus.hu\/iskola\/wp-content\/uploads\/sites\/2\/2021\/01\/DSC_0327.jpg\" alt=\"\" data-id=\"436\" data-full-url=\"https:\/\/kantorjanosi.reformatus.hu\/iskola\/wp-content\/uploads\/sites\/2\/2021\/01\/DSC_0327.jpg\" data-link=\"https:\/\/kantorjanosi.reformatus.hu\/iskola\/?attachment_id=436\" class=\"wp-image-436\" srcset=\"https:\/\/kantorjanosi.reformatus.hu\/iskola\/wp-content\/uploads\/sites\/2\/2021\/01\/DSC_0327.jpg 1024w, https:\/\/kantorjanosi.reformatus.hu\/iskola\/wp-content\/uploads\/sites\/2\/2021\/01\/DSC_0327-300x200.jpg 300w, https:\/\/kantorjanosi.reformatus.hu\/iskola\/wp-content\/uploads\/sites\/2\/2021\/01\/DSC_0327-768x512.jpg 768w\" sizes=\"(max-width: 1024px) 100vw, 1024px\" \/><\/a><\/figure><\/li><li class=\"blocks-gallery-item\"><figure><a href=\"https:\/\/kantorjanosi.reformatus.hu\/iskola\/wp-content\/uploads\/sites\/2\/2021\/01\/DSC_0328.jpg\" data-lbwps-width=\"1024\" data-lbwps-height=\"683\" data-lbwps-srcsmall=\"https:\/\/kantorjanosi.reformatus.hu\/iskola\/wp-content\/uploads\/sites\/2\/2021\/01\/DSC_0328-300x200.jpg\"><img loading=\"lazy\" decoding=\"async\" width=\"1024\" height=\"683\" src=\"https:\/\/kantorjanosi.reformatus.hu\/iskola\/wp-content\/uploads\/sites\/2\/2021\/01\/DSC_0328.jpg\" alt=\"\" data-id=\"437\" data-full-url=\"https:\/\/kantorjanosi.reformatus.hu\/iskola\/wp-content\/uploads\/sites\/2\/2021\/01\/DSC_0328.jpg\" data-link=\"https:\/\/kantorjanosi.reformatus.hu\/iskola\/?attachment_id=437\" class=\"wp-image-437\" srcset=\"https:\/\/kantorjanosi.reformatus.hu\/iskola\/wp-content\/uploads\/sites\/2\/2021\/01\/DSC_0328.jpg 1024w, https:\/\/kantorjanosi.reformatus.hu\/iskola\/wp-content\/uploads\/sites\/2\/2021\/01\/DSC_0328-300x200.jpg 300w, https:\/\/kantorjanosi.reformatus.hu\/iskola\/wp-content\/uploads\/sites\/2\/2021\/01\/DSC_0328-768x512.jpg 768w\" sizes=\"(max-width: 1024px) 100vw, 1024px\" \/><\/a><\/figure><\/li><li class=\"blocks-gallery-item\"><figure><a href=\"https:\/\/kantorjanosi.reformatus.hu\/iskola\/wp-content\/uploads\/sites\/2\/2021\/01\/DSC_0334.jpg\" data-lbwps-width=\"1024\" data-lbwps-height=\"683\" data-lbwps-srcsmall=\"https:\/\/kantorjanosi.reformatus.hu\/iskola\/wp-content\/uploads\/sites\/2\/2021\/01\/DSC_0334-300x200.jpg\"><img loading=\"lazy\" decoding=\"async\" width=\"1024\" height=\"683\" src=\"https:\/\/kantorjanosi.reformatus.hu\/iskola\/wp-content\/uploads\/sites\/2\/2021\/01\/DSC_0334.jpg\" alt=\"\" data-id=\"438\" data-full-url=\"https:\/\/kantorjanosi.reformatus.hu\/iskola\/wp-content\/uploads\/sites\/2\/2021\/01\/DSC_0334.jpg\" data-link=\"https:\/\/kantorjanosi.reformatus.hu\/iskola\/?attachment_id=438\" class=\"wp-image-438\" srcset=\"https:\/\/kantorjanosi.reformatus.hu\/iskola\/wp-content\/uploads\/sites\/2\/2021\/01\/DSC_0334.jpg 1024w, https:\/\/kantorjanosi.reformatus.hu\/iskola\/wp-content\/uploads\/sites\/2\/2021\/01\/DSC_0334-300x200.jpg 300w, https:\/\/kantorjanosi.reformatus.hu\/iskola\/wp-content\/uploads\/sites\/2\/2021\/01\/DSC_0334-768x512.jpg 768w\" sizes=\"(max-width: 1024px) 100vw, 1024px\" \/><\/a><\/figure><\/li><\/ul><\/figure>\n","protected":false},"excerpt":{"rendered":"<p>Id\u00e9n els\u0151 alkalommal ker\u00fclt megrendez\u00e9sre a K\u00e1ntorj\u00e1nosi Reform\u00e1tus \u00c1ltal\u00e1nos Iskola reform\u00e1ci\u00f3hoz kapcsol\u00f3d\u00f3 vet\u00e9lked\u0151je. Csapatokban lehetett jelentkezni a versenyre, melyre v\u00e9g\u00fcl minden oszt\u00e1lyb\u00f3l 1-1 deleg\u00e1lt csapat \u00e9rkezett.\u00a0A vet\u00e9lked\u0151 nem a megszokott form\u00e1ban zajlott. A Kahoot! nev\u0171 oktat\u00e1si program seg\u00edts\u00e9g\u00e9vel kellett a [&hellip;]<\/p>\n","protected":false},"author":4,"featured_media":0,"parent":0,"menu_order":0,"comment_status":"closed","ping_status":"closed","template":"","meta":{"footnotes":""},"_links":{"self":[{"href":"https:\/\/kantorjanosi.reformatus.hu\/iskola\/wp-json\/wp\/v2\/pages\/432"}],"collection":[{"href":"https:\/\/kantorjanosi.reformatus.hu\/iskola\/wp-json\/wp\/v2\/pages"}],"about":[{"href":"https:\/\/kantorjanosi.reformatus.hu\/iskola\/wp-json\/wp\/v2\/types\/page"}],"author":[{"embeddable":true,"href":"https:\/\/kantorjanosi.reformatus.hu\/iskola\/wp-json\/wp\/v2\/users\/4"}],"replies":[{"embeddable":true,"href":"https:\/\/kantorjanosi.reformatus.hu\/iskola\/wp-json\/wp\/v2\/comments?post=432"}],"version-history":[{"count":1,"href":"https:\/\/kantorjanosi.reformatus.hu\/iskola\/wp-json\/wp\/v2\/pages\/432\/revisions"}],"predecessor-version":[{"id":439,"href":"https:\/\/kantorjanosi.reformatus.hu\/iskola\/wp-json\/wp\/v2\/pages\/432\/revisions\/439"}],"wp:attachment":[{"href":"https:\/\/kantorjanosi.reformatus.hu\/iskola\/wp-json\/wp\/v2\/media?parent=432"}],"curies":[{"name":"wp","href":"https:\/\/api.w.org\/{rel}","templated":true}]}}