{"id":417,"date":"2021-01-07T15:42:16","date_gmt":"2021-01-07T15:42:16","guid":{"rendered":"https:\/\/kantorjanosi.reformatus.hu\/iskola\/?page_id=417"},"modified":"2021-01-07T15:42:16","modified_gmt":"2021-01-07T15:42:16","slug":"panovapo-musor","status":"publish","type":"page","link":"https:\/\/kantorjanosi.reformatus.hu\/iskola\/panovapo-musor\/","title":{"rendered":"Panovap\u00f3 m\u0171sor"},"content":{"rendered":"\n<p style=\"font-size:14px\">   Az iskol\u00e1nkban lehet\u0151s\u00e9g ny\u00edlt egy kar\u00e1csonyi b\u00e1bel\u0151ad\u00e1s online form\u00e1ban val\u00f3 megtekint\u00e9s\u00e9re, melyet a Pal\u00e1nta Sorsford\u00edt\u00f3 Alap\u00edtv\u00e1ny Lev Tolsztolj: Panov ap\u00f3 c\u00edm\u0171 t\u00f6rt\u00e9net\u00e9t eleven\u00edtette fel. Ezt az el\u0151ad\u00e1st n\u00e9zhett\u00e9k meg az 1-5. \u00e9vfolyam di\u00e1kjai (2020. dec. 09). Ez\u00e1ltal m\u00e9g k\u00f6zelebb hoztuk az \u00fcnnep hangulat\u00e1t.<\/p>\n\n\n\n<figure class=\"wp-block-gallery columns-3 is-cropped wp-block-gallery-1 is-layout-flex wp-block-gallery-is-layout-flex\"><ul class=\"blocks-gallery-grid\"><li class=\"blocks-gallery-item\"><figure><a href=\"https:\/\/kantorjanosi.reformatus.hu\/iskola\/wp-content\/uploads\/sites\/2\/2021\/01\/DSC_0471.jpg\" data-lbwps-width=\"1024\" data-lbwps-height=\"683\" data-lbwps-srcsmall=\"https:\/\/kantorjanosi.reformatus.hu\/iskola\/wp-content\/uploads\/sites\/2\/2021\/01\/DSC_0471-300x200.jpg\"><img loading=\"lazy\" decoding=\"async\" width=\"1024\" height=\"683\" src=\"https:\/\/kantorjanosi.reformatus.hu\/iskola\/wp-content\/uploads\/sites\/2\/2021\/01\/DSC_0471.jpg\" alt=\"\" data-id=\"418\" data-full-url=\"https:\/\/kantorjanosi.reformatus.hu\/iskola\/wp-content\/uploads\/sites\/2\/2021\/01\/DSC_0471.jpg\" data-link=\"https:\/\/kantorjanosi.reformatus.hu\/iskola\/?attachment_id=418\" class=\"wp-image-418\" srcset=\"https:\/\/kantorjanosi.reformatus.hu\/iskola\/wp-content\/uploads\/sites\/2\/2021\/01\/DSC_0471.jpg 1024w, https:\/\/kantorjanosi.reformatus.hu\/iskola\/wp-content\/uploads\/sites\/2\/2021\/01\/DSC_0471-300x200.jpg 300w, https:\/\/kantorjanosi.reformatus.hu\/iskola\/wp-content\/uploads\/sites\/2\/2021\/01\/DSC_0471-768x512.jpg 768w\" sizes=\"(max-width: 1024px) 100vw, 1024px\" \/><\/a><\/figure><\/li><li class=\"blocks-gallery-item\"><figure><a href=\"https:\/\/kantorjanosi.reformatus.hu\/iskola\/wp-content\/uploads\/sites\/2\/2021\/01\/DSC_0472.jpg\" data-lbwps-width=\"1024\" data-lbwps-height=\"683\" data-lbwps-srcsmall=\"https:\/\/kantorjanosi.reformatus.hu\/iskola\/wp-content\/uploads\/sites\/2\/2021\/01\/DSC_0472-300x200.jpg\"><img loading=\"lazy\" decoding=\"async\" width=\"1024\" height=\"683\" src=\"https:\/\/kantorjanosi.reformatus.hu\/iskola\/wp-content\/uploads\/sites\/2\/2021\/01\/DSC_0472.jpg\" alt=\"\" data-id=\"419\" data-full-url=\"https:\/\/kantorjanosi.reformatus.hu\/iskola\/wp-content\/uploads\/sites\/2\/2021\/01\/DSC_0472.jpg\" data-link=\"https:\/\/kantorjanosi.reformatus.hu\/iskola\/?attachment_id=419\" class=\"wp-image-419\" srcset=\"https:\/\/kantorjanosi.reformatus.hu\/iskola\/wp-content\/uploads\/sites\/2\/2021\/01\/DSC_0472.jpg 1024w, https:\/\/kantorjanosi.reformatus.hu\/iskola\/wp-content\/uploads\/sites\/2\/2021\/01\/DSC_0472-300x200.jpg 300w, https:\/\/kantorjanosi.reformatus.hu\/iskola\/wp-content\/uploads\/sites\/2\/2021\/01\/DSC_0472-768x512.jpg 768w\" sizes=\"(max-width: 1024px) 100vw, 1024px\" \/><\/a><\/figure><\/li><li class=\"blocks-gallery-item\"><figure><a href=\"https:\/\/kantorjanosi.reformatus.hu\/iskola\/wp-content\/uploads\/sites\/2\/2021\/01\/DSC_0474.jpg\" data-lbwps-width=\"1024\" data-lbwps-height=\"683\" data-lbwps-srcsmall=\"https:\/\/kantorjanosi.reformatus.hu\/iskola\/wp-content\/uploads\/sites\/2\/2021\/01\/DSC_0474-300x200.jpg\"><img loading=\"lazy\" decoding=\"async\" width=\"1024\" height=\"683\" src=\"https:\/\/kantorjanosi.reformatus.hu\/iskola\/wp-content\/uploads\/sites\/2\/2021\/01\/DSC_0474.jpg\" alt=\"\" data-id=\"420\" data-full-url=\"https:\/\/kantorjanosi.reformatus.hu\/iskola\/wp-content\/uploads\/sites\/2\/2021\/01\/DSC_0474.jpg\" data-link=\"https:\/\/kantorjanosi.reformatus.hu\/iskola\/?attachment_id=420\" class=\"wp-image-420\" srcset=\"https:\/\/kantorjanosi.reformatus.hu\/iskola\/wp-content\/uploads\/sites\/2\/2021\/01\/DSC_0474.jpg 1024w, https:\/\/kantorjanosi.reformatus.hu\/iskola\/wp-content\/uploads\/sites\/2\/2021\/01\/DSC_0474-300x200.jpg 300w, https:\/\/kantorjanosi.reformatus.hu\/iskola\/wp-content\/uploads\/sites\/2\/2021\/01\/DSC_0474-768x512.jpg 768w\" sizes=\"(max-width: 1024px) 100vw, 1024px\" \/><\/a><\/figure><\/li><li class=\"blocks-gallery-item\"><figure><a href=\"https:\/\/kantorjanosi.reformatus.hu\/iskola\/wp-content\/uploads\/sites\/2\/2021\/01\/DSC_0475.jpg\" data-lbwps-width=\"1024\" data-lbwps-height=\"683\" data-lbwps-srcsmall=\"https:\/\/kantorjanosi.reformatus.hu\/iskola\/wp-content\/uploads\/sites\/2\/2021\/01\/DSC_0475-300x200.jpg\"><img loading=\"lazy\" decoding=\"async\" width=\"1024\" height=\"683\" src=\"https:\/\/kantorjanosi.reformatus.hu\/iskola\/wp-content\/uploads\/sites\/2\/2021\/01\/DSC_0475.jpg\" alt=\"\" data-id=\"421\" data-full-url=\"https:\/\/kantorjanosi.reformatus.hu\/iskola\/wp-content\/uploads\/sites\/2\/2021\/01\/DSC_0475.jpg\" data-link=\"https:\/\/kantorjanosi.reformatus.hu\/iskola\/?attachment_id=421\" class=\"wp-image-421\" srcset=\"https:\/\/kantorjanosi.reformatus.hu\/iskola\/wp-content\/uploads\/sites\/2\/2021\/01\/DSC_0475.jpg 1024w, https:\/\/kantorjanosi.reformatus.hu\/iskola\/wp-content\/uploads\/sites\/2\/2021\/01\/DSC_0475-300x200.jpg 300w, https:\/\/kantorjanosi.reformatus.hu\/iskola\/wp-content\/uploads\/sites\/2\/2021\/01\/DSC_0475-768x512.jpg 768w\" sizes=\"(max-width: 1024px) 100vw, 1024px\" \/><\/a><\/figure><\/li><li class=\"blocks-gallery-item\"><figure><a href=\"https:\/\/kantorjanosi.reformatus.hu\/iskola\/wp-content\/uploads\/sites\/2\/2021\/01\/DSC_0478.jpg\" data-lbwps-width=\"1024\" data-lbwps-height=\"683\" data-lbwps-srcsmall=\"https:\/\/kantorjanosi.reformatus.hu\/iskola\/wp-content\/uploads\/sites\/2\/2021\/01\/DSC_0478-300x200.jpg\"><img loading=\"lazy\" decoding=\"async\" width=\"1024\" height=\"683\" src=\"https:\/\/kantorjanosi.reformatus.hu\/iskola\/wp-content\/uploads\/sites\/2\/2021\/01\/DSC_0478.jpg\" alt=\"\" data-id=\"422\" data-full-url=\"https:\/\/kantorjanosi.reformatus.hu\/iskola\/wp-content\/uploads\/sites\/2\/2021\/01\/DSC_0478.jpg\" data-link=\"https:\/\/kantorjanosi.reformatus.hu\/iskola\/?attachment_id=422\" class=\"wp-image-422\" srcset=\"https:\/\/kantorjanosi.reformatus.hu\/iskola\/wp-content\/uploads\/sites\/2\/2021\/01\/DSC_0478.jpg 1024w, https:\/\/kantorjanosi.reformatus.hu\/iskola\/wp-content\/uploads\/sites\/2\/2021\/01\/DSC_0478-300x200.jpg 300w, https:\/\/kantorjanosi.reformatus.hu\/iskola\/wp-content\/uploads\/sites\/2\/2021\/01\/DSC_0478-768x512.jpg 768w\" sizes=\"(max-width: 1024px) 100vw, 1024px\" \/><\/a><\/figure><\/li><li class=\"blocks-gallery-item\"><figure><a href=\"https:\/\/kantorjanosi.reformatus.hu\/iskola\/wp-content\/uploads\/sites\/2\/2021\/01\/DSC_0479.jpg\" data-lbwps-width=\"1024\" data-lbwps-height=\"683\" data-lbwps-srcsmall=\"https:\/\/kantorjanosi.reformatus.hu\/iskola\/wp-content\/uploads\/sites\/2\/2021\/01\/DSC_0479-300x200.jpg\"><img loading=\"lazy\" decoding=\"async\" width=\"1024\" height=\"683\" src=\"https:\/\/kantorjanosi.reformatus.hu\/iskola\/wp-content\/uploads\/sites\/2\/2021\/01\/DSC_0479.jpg\" alt=\"\" data-id=\"423\" data-full-url=\"https:\/\/kantorjanosi.reformatus.hu\/iskola\/wp-content\/uploads\/sites\/2\/2021\/01\/DSC_0479.jpg\" data-link=\"https:\/\/kantorjanosi.reformatus.hu\/iskola\/?attachment_id=423\" class=\"wp-image-423\" srcset=\"https:\/\/kantorjanosi.reformatus.hu\/iskola\/wp-content\/uploads\/sites\/2\/2021\/01\/DSC_0479.jpg 1024w, https:\/\/kantorjanosi.reformatus.hu\/iskola\/wp-content\/uploads\/sites\/2\/2021\/01\/DSC_0479-300x200.jpg 300w, https:\/\/kantorjanosi.reformatus.hu\/iskola\/wp-content\/uploads\/sites\/2\/2021\/01\/DSC_0479-768x512.jpg 768w\" sizes=\"(max-width: 1024px) 100vw, 1024px\" \/><\/a><\/figure><\/li><li class=\"blocks-gallery-item\"><figure><a href=\"https:\/\/kantorjanosi.reformatus.hu\/iskola\/wp-content\/uploads\/sites\/2\/2021\/01\/DSC_0480.jpg\" data-lbwps-width=\"1024\" data-lbwps-height=\"683\" data-lbwps-srcsmall=\"https:\/\/kantorjanosi.reformatus.hu\/iskola\/wp-content\/uploads\/sites\/2\/2021\/01\/DSC_0480-300x200.jpg\"><img loading=\"lazy\" decoding=\"async\" width=\"1024\" height=\"683\" src=\"https:\/\/kantorjanosi.reformatus.hu\/iskola\/wp-content\/uploads\/sites\/2\/2021\/01\/DSC_0480.jpg\" alt=\"\" data-id=\"424\" data-full-url=\"https:\/\/kantorjanosi.reformatus.hu\/iskola\/wp-content\/uploads\/sites\/2\/2021\/01\/DSC_0480.jpg\" data-link=\"https:\/\/kantorjanosi.reformatus.hu\/iskola\/?attachment_id=424\" class=\"wp-image-424\" srcset=\"https:\/\/kantorjanosi.reformatus.hu\/iskola\/wp-content\/uploads\/sites\/2\/2021\/01\/DSC_0480.jpg 1024w, https:\/\/kantorjanosi.reformatus.hu\/iskola\/wp-content\/uploads\/sites\/2\/2021\/01\/DSC_0480-300x200.jpg 300w, https:\/\/kantorjanosi.reformatus.hu\/iskola\/wp-content\/uploads\/sites\/2\/2021\/01\/DSC_0480-768x512.jpg 768w\" sizes=\"(max-width: 1024px) 100vw, 1024px\" \/><\/a><\/figure><\/li><li class=\"blocks-gallery-item\"><figure><a href=\"https:\/\/kantorjanosi.reformatus.hu\/iskola\/wp-content\/uploads\/sites\/2\/2021\/01\/DSC_0482.jpg\" data-lbwps-width=\"1024\" data-lbwps-height=\"683\" data-lbwps-srcsmall=\"https:\/\/kantorjanosi.reformatus.hu\/iskola\/wp-content\/uploads\/sites\/2\/2021\/01\/DSC_0482-300x200.jpg\"><img loading=\"lazy\" decoding=\"async\" width=\"1024\" height=\"683\" src=\"https:\/\/kantorjanosi.reformatus.hu\/iskola\/wp-content\/uploads\/sites\/2\/2021\/01\/DSC_0482.jpg\" alt=\"\" data-id=\"425\" data-full-url=\"https:\/\/kantorjanosi.reformatus.hu\/iskola\/wp-content\/uploads\/sites\/2\/2021\/01\/DSC_0482.jpg\" data-link=\"https:\/\/kantorjanosi.reformatus.hu\/iskola\/?attachment_id=425\" class=\"wp-image-425\" srcset=\"https:\/\/kantorjanosi.reformatus.hu\/iskola\/wp-content\/uploads\/sites\/2\/2021\/01\/DSC_0482.jpg 1024w, https:\/\/kantorjanosi.reformatus.hu\/iskola\/wp-content\/uploads\/sites\/2\/2021\/01\/DSC_0482-300x200.jpg 300w, https:\/\/kantorjanosi.reformatus.hu\/iskola\/wp-content\/uploads\/sites\/2\/2021\/01\/DSC_0482-768x512.jpg 768w\" sizes=\"(max-width: 1024px) 100vw, 1024px\" \/><\/a><\/figure><\/li><li class=\"blocks-gallery-item\"><figure><a href=\"https:\/\/kantorjanosi.reformatus.hu\/iskola\/wp-content\/uploads\/sites\/2\/2021\/01\/DSC_0485.jpg\" data-lbwps-width=\"1024\" data-lbwps-height=\"683\" data-lbwps-srcsmall=\"https:\/\/kantorjanosi.reformatus.hu\/iskola\/wp-content\/uploads\/sites\/2\/2021\/01\/DSC_0485-300x200.jpg\"><img loading=\"lazy\" decoding=\"async\" width=\"1024\" height=\"683\" src=\"https:\/\/kantorjanosi.reformatus.hu\/iskola\/wp-content\/uploads\/sites\/2\/2021\/01\/DSC_0485.jpg\" alt=\"\" data-id=\"426\" data-full-url=\"https:\/\/kantorjanosi.reformatus.hu\/iskola\/wp-content\/uploads\/sites\/2\/2021\/01\/DSC_0485.jpg\" data-link=\"https:\/\/kantorjanosi.reformatus.hu\/iskola\/?attachment_id=426\" class=\"wp-image-426\" srcset=\"https:\/\/kantorjanosi.reformatus.hu\/iskola\/wp-content\/uploads\/sites\/2\/2021\/01\/DSC_0485.jpg 1024w, https:\/\/kantorjanosi.reformatus.hu\/iskola\/wp-content\/uploads\/sites\/2\/2021\/01\/DSC_0485-300x200.jpg 300w, https:\/\/kantorjanosi.reformatus.hu\/iskola\/wp-content\/uploads\/sites\/2\/2021\/01\/DSC_0485-768x512.jpg 768w\" sizes=\"(max-width: 1024px) 100vw, 1024px\" \/><\/a><\/figure><\/li><li class=\"blocks-gallery-item\"><figure><a href=\"https:\/\/kantorjanosi.reformatus.hu\/iskola\/wp-content\/uploads\/sites\/2\/2021\/01\/DSC_0491.jpg\" data-lbwps-width=\"1024\" data-lbwps-height=\"683\" data-lbwps-srcsmall=\"https:\/\/kantorjanosi.reformatus.hu\/iskola\/wp-content\/uploads\/sites\/2\/2021\/01\/DSC_0491-300x200.jpg\"><img loading=\"lazy\" decoding=\"async\" width=\"1024\" height=\"683\" src=\"https:\/\/kantorjanosi.reformatus.hu\/iskola\/wp-content\/uploads\/sites\/2\/2021\/01\/DSC_0491.jpg\" alt=\"\" data-id=\"427\" data-full-url=\"https:\/\/kantorjanosi.reformatus.hu\/iskola\/wp-content\/uploads\/sites\/2\/2021\/01\/DSC_0491.jpg\" data-link=\"https:\/\/kantorjanosi.reformatus.hu\/iskola\/?attachment_id=427\" class=\"wp-image-427\" srcset=\"https:\/\/kantorjanosi.reformatus.hu\/iskola\/wp-content\/uploads\/sites\/2\/2021\/01\/DSC_0491.jpg 1024w, https:\/\/kantorjanosi.reformatus.hu\/iskola\/wp-content\/uploads\/sites\/2\/2021\/01\/DSC_0491-300x200.jpg 300w, https:\/\/kantorjanosi.reformatus.hu\/iskola\/wp-content\/uploads\/sites\/2\/2021\/01\/DSC_0491-768x512.jpg 768w\" sizes=\"(max-width: 1024px) 100vw, 1024px\" \/><\/a><\/figure><\/li><\/ul><\/figure>\n","protected":false},"excerpt":{"rendered":"<p>Az iskol\u00e1nkban lehet\u0151s\u00e9g ny\u00edlt egy kar\u00e1csonyi b\u00e1bel\u0151ad\u00e1s online form\u00e1ban val\u00f3 megtekint\u00e9s\u00e9re, melyet a Pal\u00e1nta Sorsford\u00edt\u00f3 Alap\u00edtv\u00e1ny Lev Tolsztolj: Panov ap\u00f3 c\u00edm\u0171 t\u00f6rt\u00e9net\u00e9t eleven\u00edtette fel. Ezt az el\u0151ad\u00e1st n\u00e9zhett\u00e9k meg az 1-5. \u00e9vfolyam di\u00e1kjai (2020. dec. 09). Ez\u00e1ltal m\u00e9g k\u00f6zelebb hoztuk [&hellip;]<\/p>\n","protected":false},"author":4,"featured_media":0,"parent":0,"menu_order":0,"comment_status":"closed","ping_status":"closed","template":"","meta":{"footnotes":""},"_links":{"self":[{"href":"https:\/\/kantorjanosi.reformatus.hu\/iskola\/wp-json\/wp\/v2\/pages\/417"}],"collection":[{"href":"https:\/\/kantorjanosi.reformatus.hu\/iskola\/wp-json\/wp\/v2\/pages"}],"about":[{"href":"https:\/\/kantorjanosi.reformatus.hu\/iskola\/wp-json\/wp\/v2\/types\/page"}],"author":[{"embeddable":true,"href":"https:\/\/kantorjanosi.reformatus.hu\/iskola\/wp-json\/wp\/v2\/users\/4"}],"replies":[{"embeddable":true,"href":"https:\/\/kantorjanosi.reformatus.hu\/iskola\/wp-json\/wp\/v2\/comments?post=417"}],"version-history":[{"count":3,"href":"https:\/\/kantorjanosi.reformatus.hu\/iskola\/wp-json\/wp\/v2\/pages\/417\/revisions"}],"predecessor-version":[{"id":430,"href":"https:\/\/kantorjanosi.reformatus.hu\/iskola\/wp-json\/wp\/v2\/pages\/417\/revisions\/430"}],"wp:attachment":[{"href":"https:\/\/kantorjanosi.reformatus.hu\/iskola\/wp-json\/wp\/v2\/media?parent=417"}],"curies":[{"name":"wp","href":"https:\/\/api.w.org\/{rel}","templated":true}]}}