{"id":40,"date":"2019-12-02T19:28:10","date_gmt":"2019-12-02T19:28:10","guid":{"rendered":"https:\/\/kantorjanosi.reformatus.hu\/iskola\/?page_id=40"},"modified":"2019-12-02T19:28:10","modified_gmt":"2019-12-02T19:28:10","slug":"a-reformatus-iskola-egykori-tanitoinak-nevei","status":"publish","type":"page","link":"https:\/\/kantorjanosi.reformatus.hu\/iskola\/a-reformatus-iskola-egykori-tanitoinak-nevei\/","title":{"rendered":"A reform\u00e1tus iskola egykori tan\u00edt\u00f3inak nevei"},"content":{"rendered":"\n<p>1617: Kisv\u00e1rdai J\u00e1nos<br>1759\u20131771: Nagy G\u00e1bor<br>1771\u20131775: B\u00f6sz\u00f6rm\u00e9nyi Istv\u00e1n<br>1775: N\u00e1daskay Andr\u00e1s<br>V\u00e1radi S\u00e1muel<br>Jenei J\u00e1nos 1789<br>1790\u20131800: R\u00e1kosi J\u00f3zsef<br>1800\u20131803: V\u00e1radi Andr\u00e1s <br>1804\u20131813: Halka Istv\u00e1n<br>1814\u20131839: Sze\u0151cs J\u00f3zsef<br>1839\u20131850: Aranyos L\u00e1szl\u00f3<br>1850\u20131856: Havas Istv\u00e1n<br>1856\u20131859: Csuja Imre<br>1859\u20131862: Gavall\u00e9r K\u00e1roly<br>1862\u20131864: Heged\u0171s Mikl\u00f3s<br>1864\u20131870: Biliczky J\u00e1nos<br>1870\u20131872: Ajtay Lajos<br>1872\u20131875: B\u00e1tori S\u00e1ndor<br>1875\u20131876: Szecs\u0151di G\u00e1bor<br>1876\u20131885: Kocs\u00e1r Elek<br>1885\u20131903: Varga Istv\u00e1n<br>1904\u20131934: Keresztszeghyn\u00e9 Csath\u00f3 Eszter <br>1905: Sze\u0151ke J\u00f3zsef<br>K\u00e1ntor J\u00e1nos<br>Moh\u00e1csi G\u00e1bor<br>Cs\u00e1szi Mih\u00e1ly 1911 <br>1914\u20131923: Jeszenszky Gy\u00f6rgy<br>1923\u20131944: Horv\u00e1th S\u00e1ndor<br>Juh\u00e1sz B\u00e9la<br>T\u00f3th B\u00e9la (k\u00e1ntortan\u00edt\u00f3) 1935\u20131944<br>T\u00f3thn\u00e9 T\u00f3th Olga 1934\u20131944<br>Nagy Ferenc 1935\u20131944<br>Csizmadia Lenke 1941\u20131948<br>Szab\u00f3 Juli\u00e1nna (helyettes) 1941\u2013?<br>dr. Barab\u00e1s J\u00f3zsefn\u00e9 Csizmadia \u00c9va 1944\u20131948 \u2013<br><\/p>\n","protected":false},"excerpt":{"rendered":"<p>1617: Kisv\u00e1rdai J\u00e1nos1759\u20131771: Nagy G\u00e1bor1771\u20131775: B\u00f6sz\u00f6rm\u00e9nyi Istv\u00e1n1775: N\u00e1daskay Andr\u00e1sV\u00e1radi S\u00e1muelJenei J\u00e1nos 17891790\u20131800: R\u00e1kosi J\u00f3zsef1800\u20131803: V\u00e1radi Andr\u00e1s 1804\u20131813: Halka Istv\u00e1n1814\u20131839: Sze\u0151cs J\u00f3zsef1839\u20131850: Aranyos L\u00e1szl\u00f31850\u20131856: Havas Istv\u00e1n1856\u20131859: Csuja Imre1859\u20131862: Gavall\u00e9r K\u00e1roly1862\u20131864: Heged\u0171s Mikl\u00f3s1864\u20131870: Biliczky J\u00e1nos1870\u20131872: Ajtay Lajos1872\u20131875: B\u00e1tori S\u00e1ndor1875\u20131876: Szecs\u0151di G\u00e1bor1876\u20131885: Kocs\u00e1r [&hellip;]<\/p>\n","protected":false},"author":1,"featured_media":0,"parent":0,"menu_order":0,"comment_status":"closed","ping_status":"closed","template":"","meta":{"footnotes":""},"_links":{"self":[{"href":"https:\/\/kantorjanosi.reformatus.hu\/iskola\/wp-json\/wp\/v2\/pages\/40"}],"collection":[{"href":"https:\/\/kantorjanosi.reformatus.hu\/iskola\/wp-json\/wp\/v2\/pages"}],"about":[{"href":"https:\/\/kantorjanosi.reformatus.hu\/iskola\/wp-json\/wp\/v2\/types\/page"}],"author":[{"embeddable":true,"href":"https:\/\/kantorjanosi.reformatus.hu\/iskola\/wp-json\/wp\/v2\/users\/1"}],"replies":[{"embeddable":true,"href":"https:\/\/kantorjanosi.reformatus.hu\/iskola\/wp-json\/wp\/v2\/comments?post=40"}],"version-history":[{"count":1,"href":"https:\/\/kantorjanosi.reformatus.hu\/iskola\/wp-json\/wp\/v2\/pages\/40\/revisions"}],"predecessor-version":[{"id":41,"href":"https:\/\/kantorjanosi.reformatus.hu\/iskola\/wp-json\/wp\/v2\/pages\/40\/revisions\/41"}],"wp:attachment":[{"href":"https:\/\/kantorjanosi.reformatus.hu\/iskola\/wp-json\/wp\/v2\/media?parent=40"}],"curies":[{"name":"wp","href":"https:\/\/api.w.org\/{rel}","templated":true}]}}