{"id":38,"date":"2019-12-02T19:24:25","date_gmt":"2019-12-02T19:24:25","guid":{"rendered":"https:\/\/kantorjanosi.reformatus.hu\/iskola\/?page_id=38"},"modified":"2019-12-02T19:24:25","modified_gmt":"2019-12-02T19:24:25","slug":"kantorjanosi-reformatus-altalanos-iskola-tortenete","status":"publish","type":"page","link":"https:\/\/kantorjanosi.reformatus.hu\/iskola\/kantorjanosi-reformatus-altalanos-iskola-tortenete\/","title":{"rendered":"K\u00e1ntorj\u00e1nosi Reform\u00e1tus \u00c1ltal\u00e1nos Iskola t\u00f6rt\u00e9nete"},"content":{"rendered":"\n<p>A reform\u00e1ci\u00f3 egyik \u00faj\u00edt\u00e1sa az volt, hogy az oktat\u00e1st felhaszn\u00e1lta a\ntanainak terjeszt\u00e9s\u00e9hez. Ezzel az is j\u00e1rt, hogy ahol egy reform\u00e1tus gy\u00fclekezet\nalakult, ott p\u00e1r \u00e9ven bel\u00fcl az oktat\u00e1s is beindult. Az els\u0151 Rektorok, azaz\ntan\u00edt\u00f3k, vagy ahol itt nevezt\u00e9k Oskola Mesterek a teol\u00f3giai hallgat\u00f3k voltak.\n\u0150k voltak az expectansok, akik arra v\u00e1rtak, hogy k\u00e9t \u00e9vre kibocs\u00e1tassanak\ntan\u00edt\u00e1sra, majd pedig, ha alkalmasak voltak m\u00e1r a lelk\u00e9szi szolg\u00e1latra, akkor\nezt a szolg\u00e1latot folytatt\u00e1k, ha nem, akkor vissza\u00fcltek tanulni. A Rektors\u00e1gra\nbocs\u00e1tott di\u00e1kok egyik c\u00e9lja az is volt, hogy \u00f6sszegy\u0171jtsenek annyi vagyont,\nhogy peregrin\u00e1ci\u00f3t tehessen, azaz k\u00fclf\u00f6ldi egyetemeken tanuljon.<a href=\"#_ftn1\"><sup>[1]<\/sup><\/a>\n\u00cdgy mindig jutott tan\u00edt\u00f3 a kis falvakba is. <\/p>\n\n\n\n<p>A K\u00e1ntorj\u00e1nosi reform\u00e1tuss\u00e1g \u00e1ltal alap\u00edtott iskola alap\u00edt\u00e1s\u00e1nak \u00e9ve nem\nismert. Az els\u0151 ismert tan\u00edt\u00f3, <em>Oskola Rektor<\/em> Kisv\u00e1rdai J\u00e1nos volt\n1617-ben, \u00edgy a 2019-es \u00fajraalap\u00edt\u00e1sn\u00e1l ezt a d\u00e1tumot jel\u00f6lte meg a reform\u00e1tus\ngy\u00fclekezet az iskol\u00e1ja kezdet\u00e9nek. <\/p>\n\n\n\n<p>Az iskola m\u00e1r a korai id\u0151szak\u00e1ban is min\u0151s\u00e9gi oktat\u00e1st ny\u00fajtott, melyet\negy 1659-es egyh\u00e1zmegyei min\u0151s\u00e9gbiztos\u00edt\u00e1si v\u00e9gz\u00e9s biztos\u00edtott. Az egyh\u00e1zmegye\nbiztos\u00edt\u00e9kot k\u00e9rt arra a K\u00e1ntorj\u00e1nosi gy\u00fclekezett\u0151l, hogy iskol\u00e1j\u00e1ba nem fogad\n\u00fagynevezett \u201etariszny\u00e1s mestereket\u201d, \u201e<em>kik az szent Tudom\u00e1ny mellett az\nScholaj szenved\u00e9sti \u00edrt\u00f3zv\u00e1n, Istent\u00fcl az e Ny\u00e1ja leghel\u00e9s\u00e9re illend\u0151 \u00e9s\nel\u00e9gs\u00e9ghes Talentumot nem k\u00e9rv\u00e9n s v\u00e9v\u00e9n, nyomozz\u00e1k tulajdon csak az maghok\nhaszn\u00e1t;\u201d<a href=\"#_ftn2\"><strong>[2]<\/strong><\/a><\/em><\/p>\n\n\n\n<p>Az ellenreform\u00e1ci\u00f3 aktivit\u00e1sa ellen\u00e9re is megmaradt az iskola. A tan\u00edt\u00f3k\nfizet\u00e9se a lelk\u00e9sz fizet\u00e9s\u00e9nek a fele volt. M\u00e1ria Ter\u00e9zia uralkod\u00e1sa alatt\nvett\u00e9k sz\u00e1mba a tan\u00edt\u00f3k fizet\u00e9s\u00e9t 1775-ben. Ett\u0151l a d\u00e1tumt\u00f3l kezdve szinte\nfolyamatosan ismerj\u00fck a tan\u00edt\u00f3k neveit az \u00e1llamos\u00edt\u00e1sig. <\/p>\n\n\n\n<p>A K\u00e1ntorj\u00e1nosi Reform\u00e1tus \u00c1ltal\u00e1nos Iskola t\u00f6rt\u00e9net\u00e9b\u0151l kiemelked\u0151, hogy\na korabeli viszontags\u00e1gok k\u00f6z\u00f6tt is innovat\u00edv \u00e9s versenyk\u00e9pes maradt. 1801-ben\na tan\u00edt\u00e1s anyag\u00e1t k\u00e9pezte az egyh\u00e1zi alap\u00e9rt\u00e9kek k\u00f6z\u00fcl a ma is haszn\u00e1lt\nHeidelbergi K\u00e1t\u00e9, T\u00edzparancsolat, Apostoli Hitvall\u00e1s \u00e9s az egyh\u00e1zi \u00e9nek.\nTant\u00e1rgy specifikusan a nebul\u00f3k <em>Supervill\u00e9t<a href=\"#_ftn3\"><sup><strong><sup>[3]<\/sup><\/strong><\/sup><\/a>,\nH\u00fcbnert<a href=\"#_ftn4\"><sup><strong><sup>[4]<\/sup><\/strong><\/sup><\/a>,\nKis T\u00fckr\u00f6t<a href=\"#_ftn5\"><sup><strong><sup>[5]<\/sup><\/strong><\/sup><\/a>\nvagy Magyar \u00e9s Erd\u00e9ly orsz\u00e1gok Hist\u00f3ri\u00e1j\u00e1b\u00f3l <\/em>tanultak, ezenfel\u00fcl a\nszorz\u00f3t\u00e1bla elemi elsaj\u00e1t\u00edt\u00e1sa volt az egyik c\u00e9l. A felsorolt szerz\u0151k \u00e9s m\u0171vei\na kor legfrissebb \u00e9s legmodernebb anyagainak sz\u00e1m\u00edtottak. <\/p>\n\n\n\n<p>A XIX\u2013XX. sz\u00e1zadban az iskola lassan b\u0151v\u00fclt. Segesv\u00e1ry J\u00f3zsef\nk\u00e1ntorj\u00e1nosi lelk\u00e9sz, esperes felismerte, hogy a magas sz\u00fclet\u00e9si ar\u00e1ny\nk\u00f6vetkezm\u00e9nye az lesz, hogy az iskola nem lesz k\u00e9pes befogadni a tanul\u00f3sereget,\nez\u00e9rt a gy\u00fclekezet minden erej\u00e9t \u00e9s p\u00e9nz\u00e9t az iskola b\u0151v\u00edt\u00e9s\u00e9re ford\u00edtotta.\nT\u00f6bb \u00edzben, de 1942-re elk\u00e9sz\u00fcl az a h\u00e1rom \u00e9p\u00fclet, mely mag\u00e1ba foglalta az \u00f6t\ntantermet, \u00e9s a h\u00e1rom szolg\u00e1lati lak\u00e1st is. A taner\u0151 ekkor n\u00e9gy f\u0151t sz\u00e1ml\u00e1lt a\nhat elemi \u00e9s egy ism\u00e9tl\u0151 oszt\u00e1lyhoz. Sajnos mire a K\u00e1ntorj\u00e1nosi Reform\u00e1tus\n\u00c1ltal\u00e1nos Iskola el\u00e9rte azt, hogy a XX. sz\u00e1zad k\u00f6zep\u00e9nek min\u0151s\u00e9gi oktat\u00e1st\nbiztos\u00edt\u00f3 int\u00e9zm\u00e9nye legyen, addigra bek\u00f6vetkezett az \u00e1llamos\u00edt\u00e1s \u00e9s 1948.\nj\u00fanius 20-\u00e1n az egyh\u00e1zt\u00f3l elvett\u00e9k az \u00e9vsz\u00e1zados m\u00faltra visszatekint\u0151\niskol\u00e1j\u00e1t. <\/p>\n\n\n\n<p>Az \u00e1llami id\u0151szakban a n\u00f6vekv\u0151 ig\u00e9nyek kiel\u00e9g\u00edt\u00e9s\u00e9re 1963-ban meg\u00e9p\u00fclt a\nnegyedik k\u00e9t tantermes iskola\u00e9p\u00fclet \u00e9s szolg\u00e1lati lak\u00e1s. V\u00e1ltoz\u00e1st jelentett az\niskola \u00e9let\u00e9ben az 1976-ban elk\u00e9sz\u00fclt 6 tantermes iskola \u00e1tad\u00e1sa, hiszen \u00edgy\nmegoldhat\u00f3v\u00e1 v\u00e1lt a d\u00e9lel\u0151tti tan\u00edt\u00e1s minden tanul\u00f3csoport r\u00e9sz\u00e9re. A\nsportol\u00e1si lehet\u0151s\u00e9gek biztos\u00edt\u00e1sa \u00e9rdek\u00e9ben 1977-ben k\u00e9sz\u00fclt el az iskolai\nsporttelep, majd 1981-ben a tornaszoba. <\/p>\n\n\n\n<p>2003\/2004-es tan\u00e9vben, egy EU-s projektb\u0151l megval\u00f3sult az iskola\n\u00e9p\u00fcleteinek teljes fel\u00faj\u00edt\u00e1sa \u00e9s b\u0151v\u00edt\u00e9se. <\/p>\n\n\n\n<p>A K\u00e1ntorj\u00e1nosi Reform\u00e1tus Gy\u00fclekezet t\u00f6bbsz\u00f6r megpr\u00f3b\u00e1lta az iskol\u00e1j\u00e1nak\nvisszaszerz\u00e9s\u00e9t a XXI. sz\u00e1zadban. A konkr\u00e9t l\u00e9p\u00e9sek 2018-ban kezd\u0151dtek el \u00e9s\ncsak egy \u00e9vvel k\u00e9s\u0151bb 2019. augusztus 21-re \u00e9rkezett meg a joger\u0151s hat\u00e1rozat az\niskola m\u0171k\u00f6d\u00e9sbe v\u00e9tel\u00e9r\u0151l.<a href=\"#_ftn6\">[6]<\/a>\n\u00cdgy 2019. szeptember 2-t\u00f3l, h\u00e9tf\u0151t\u0151l, 71 \u00e9v sz\u00fcnet ut\u00e1n \u00fajra megnyitotta kapuit\na K\u00e1ntorj\u00e1nosi Reform\u00e1tus \u00c1ltal\u00e1nos Iskola. Istent\u0151l er\u0151t k\u00e9rve, az \u0150\nhatalm\u00e1ban b\u00edzva indulunk k\u00f6z\u00f6sen a nagy \u00fatra. <\/p>\n\n\n\n<p><em>\u201eEzt mondja az \u00dar: Majd ha eltelik a babiloni hetven esztend\u0151, akkor gondom lesz r\u00e1tok, \u00e9s val\u00f3ra v\u00e1ltom azt a j\u00f3t, amelyet meg\u00edg\u00e9rtem, \u00e9s visszahozlak benneteket erre a helyre. Mert csak \u00e9n tudom, mi a tervem veletek &#8211; \u00edgy sz\u00f3l az \u00dar -: j\u00f3l\u00e9tet \u00e9s nem roml\u00e1st tervezek, \u00e9s rem\u00e9nyteljes j\u00f6v\u0151 az, amelyet nektek sz\u00e1nok. Ha seg\u00edts\u00e9g\u00fcl h\u00edvtok, \u00e9s \u00e1llhatatosan im\u00e1dkoztok hozz\u00e1m, akkor meghallgatlak benneteket.\u201d <\/em>Jeremi\u00e1s 29,10\u201312<br><\/p>\n\n\n\n<p class=\"has-text-align-right\"><em>Csonka J\u00f3zsef<\/em><\/p>\n\n\n\n<hr class=\"wp-block-separator\"\/>\n\n\n\n<p><a href=\"#_ftnref1\">[1]<\/a>\nTtREL I.1.a2. 659; B\u00f6lcskei Guszt\u00e1v: A kezdetekt\u0151l a v\u00e1radi iskola\nbeolvad\u00e1s\u00e1ig, III. A koll\u00e9gium bels\u0151 szervezete, \u00f6nkorm\u00e1nyzata <em>in <\/em>Debreceni\nReform\u00e1tus Koll\u00e9gium t\u00f6rt\u00e9nete, 1988, 20\u201321.<\/p>\n\n\n\n<p><a href=\"#_ftnref2\">[2]<\/a> Egyh\u00e1zm.\nlev\u00e9lt\u00e1r. 1. k\u00f6t. 101. 1. Partialis synodus. Bog\u00e1t, 1659. juni 12.; G\u00f6r\u00f6mberi\nP\u00e9ter: A nagy-k\u00e1ll\u00f3i ev. ref. egyh\u00e1z t\u00f6rt\u00e9nete, 1882, 139\u2013140.<\/p>\n\n\n\n<p><a href=\"#_ftnref3\">[3]<\/a>\nDaniel de Superville: A kereszty\u00e9n vall\u00e1snak els\u0151 bet\u0171i, avagy a kereszty\u00e9n\nhitben foglaltatott igazs\u00e1goknak\u2026 r\u00f6vid le-rajzol\u00e1sa, Ford. Kom\u00e1romi S. P\u00e1l,\nKom\u00e1rom-Poson 1788, W\u00e9ber. <\/p>\n\n\n\n<p><a href=\"#_ftnref4\">[4]<\/a>\nJohann H\u00fcbner: N\u00e9met tan\u00e1r, \u00edr\u00f3, filoz\u00f3fus, aki protest\u00e1ns teol\u00f3gi\u00e1t tanult. \u0150\n\u00edrta meg a sz\u00e1z \u00e9s n\u00e9gy v\u00e1logatott bibliab\u00e9li hist\u00f3ri\u00e1k c\u00edm\u0171 m\u0171v\u00e9t, melyet\nhaz\u00e1nkban, \u00e9s K\u00e1ntorj\u00e1nosiban is haszn\u00e1ltak. A m\u0171 t\u00f6bb kiad\u00e1st \u00e9lt meg.<\/p>\n\n\n\n<p><a href=\"#_ftnref5\">[5]<\/a> Losontzi\nM\u00e1nyoki Istv\u00e1n: H\u00e1rmas Kis T\u00fck\u00f6r c\u00edm\u0171 k\u00f6nyv\u00e9re utal. <\/p>\n\n\n\n<p><a href=\"#_ftnref6\">[6]<\/a>\nEnged\u00e9ly sz\u00e1m: \u201eSZ-10\/102\/07658-16\/2019.\u201d<\/p>\n","protected":false},"excerpt":{"rendered":"<p>A reform\u00e1ci\u00f3 egyik \u00faj\u00edt\u00e1sa az volt, hogy az oktat\u00e1st felhaszn\u00e1lta a tanainak terjeszt\u00e9s\u00e9hez. Ezzel az is j\u00e1rt, hogy ahol egy reform\u00e1tus gy\u00fclekezet alakult, ott p\u00e1r \u00e9ven bel\u00fcl az oktat\u00e1s is beindult. Az els\u0151 Rektorok, azaz tan\u00edt\u00f3k, vagy ahol itt nevezt\u00e9k [&hellip;]<\/p>\n","protected":false},"author":1,"featured_media":0,"parent":0,"menu_order":0,"comment_status":"closed","ping_status":"closed","template":"","meta":{"footnotes":""},"_links":{"self":[{"href":"https:\/\/kantorjanosi.reformatus.hu\/iskola\/wp-json\/wp\/v2\/pages\/38"}],"collection":[{"href":"https:\/\/kantorjanosi.reformatus.hu\/iskola\/wp-json\/wp\/v2\/pages"}],"about":[{"href":"https:\/\/kantorjanosi.reformatus.hu\/iskola\/wp-json\/wp\/v2\/types\/page"}],"author":[{"embeddable":true,"href":"https:\/\/kantorjanosi.reformatus.hu\/iskola\/wp-json\/wp\/v2\/users\/1"}],"replies":[{"embeddable":true,"href":"https:\/\/kantorjanosi.reformatus.hu\/iskola\/wp-json\/wp\/v2\/comments?post=38"}],"version-history":[{"count":1,"href":"https:\/\/kantorjanosi.reformatus.hu\/iskola\/wp-json\/wp\/v2\/pages\/38\/revisions"}],"predecessor-version":[{"id":39,"href":"https:\/\/kantorjanosi.reformatus.hu\/iskola\/wp-json\/wp\/v2\/pages\/38\/revisions\/39"}],"wp:attachment":[{"href":"https:\/\/kantorjanosi.reformatus.hu\/iskola\/wp-json\/wp\/v2\/media?parent=38"}],"curies":[{"name":"wp","href":"https:\/\/api.w.org\/{rel}","templated":true}]}}