{"id":274,"date":"2020-05-18T21:27:25","date_gmt":"2020-05-18T21:27:25","guid":{"rendered":"https:\/\/kantorjanosi.reformatus.hu\/iskola\/?page_id=274"},"modified":"2020-05-18T21:27:25","modified_gmt":"2020-05-18T21:27:25","slug":"mandala-dalszinhaz-eloadasa","status":"publish","type":"page","link":"https:\/\/kantorjanosi.reformatus.hu\/iskola\/mandala-dalszinhaz-eloadasa\/","title":{"rendered":"Mandala Dalsz\u00ednh\u00e1z el\u0151ad\u00e1sa"},"content":{"rendered":"\n<figure class=\"wp-block-gallery columns-3 is-cropped wp-block-gallery-1 is-layout-flex wp-block-gallery-is-layout-flex\"><ul class=\"blocks-gallery-grid\"><li class=\"blocks-gallery-item\"><figure><a href=\"https:\/\/kantorjanosi.reformatus.hu\/iskola\/wp-content\/uploads\/sites\/2\/2020\/05\/86457076_1545604992271614_6547151397589090304_o.jpg\" data-lbwps-width=\"800\" data-lbwps-height=\"533\" data-lbwps-srcsmall=\"https:\/\/kantorjanosi.reformatus.hu\/iskola\/wp-content\/uploads\/sites\/2\/2020\/05\/86457076_1545604992271614_6547151397589090304_o-300x200.jpg\"><img loading=\"lazy\" decoding=\"async\" width=\"800\" height=\"533\" src=\"https:\/\/kantorjanosi.reformatus.hu\/iskola\/wp-content\/uploads\/sites\/2\/2020\/05\/86457076_1545604992271614_6547151397589090304_o.jpg\" alt=\"\" data-id=\"275\" data-full-url=\"https:\/\/kantorjanosi.reformatus.hu\/iskola\/wp-content\/uploads\/sites\/2\/2020\/05\/86457076_1545604992271614_6547151397589090304_o.jpg\" data-link=\"https:\/\/kantorjanosi.reformatus.hu\/iskola\/?attachment_id=275\" class=\"wp-image-275\" srcset=\"https:\/\/kantorjanosi.reformatus.hu\/iskola\/wp-content\/uploads\/sites\/2\/2020\/05\/86457076_1545604992271614_6547151397589090304_o.jpg 800w, https:\/\/kantorjanosi.reformatus.hu\/iskola\/wp-content\/uploads\/sites\/2\/2020\/05\/86457076_1545604992271614_6547151397589090304_o-300x200.jpg 300w, https:\/\/kantorjanosi.reformatus.hu\/iskola\/wp-content\/uploads\/sites\/2\/2020\/05\/86457076_1545604992271614_6547151397589090304_o-768x512.jpg 768w\" sizes=\"(max-width: 800px) 100vw, 800px\" \/><\/a><\/figure><\/li><li class=\"blocks-gallery-item\"><figure><a href=\"https:\/\/kantorjanosi.reformatus.hu\/iskola\/wp-content\/uploads\/sites\/2\/2020\/05\/86490165_1545604342271679_586738067876872192_o.jpg\" data-lbwps-width=\"800\" data-lbwps-height=\"533\" data-lbwps-srcsmall=\"https:\/\/kantorjanosi.reformatus.hu\/iskola\/wp-content\/uploads\/sites\/2\/2020\/05\/86490165_1545604342271679_586738067876872192_o-300x200.jpg\"><img loading=\"lazy\" decoding=\"async\" width=\"800\" height=\"533\" src=\"https:\/\/kantorjanosi.reformatus.hu\/iskola\/wp-content\/uploads\/sites\/2\/2020\/05\/86490165_1545604342271679_586738067876872192_o.jpg\" alt=\"\" data-id=\"276\" data-full-url=\"https:\/\/kantorjanosi.reformatus.hu\/iskola\/wp-content\/uploads\/sites\/2\/2020\/05\/86490165_1545604342271679_586738067876872192_o.jpg\" data-link=\"https:\/\/kantorjanosi.reformatus.hu\/iskola\/?attachment_id=276\" class=\"wp-image-276\" srcset=\"https:\/\/kantorjanosi.reformatus.hu\/iskola\/wp-content\/uploads\/sites\/2\/2020\/05\/86490165_1545604342271679_586738067876872192_o.jpg 800w, https:\/\/kantorjanosi.reformatus.hu\/iskola\/wp-content\/uploads\/sites\/2\/2020\/05\/86490165_1545604342271679_586738067876872192_o-300x200.jpg 300w, https:\/\/kantorjanosi.reformatus.hu\/iskola\/wp-content\/uploads\/sites\/2\/2020\/05\/86490165_1545604342271679_586738067876872192_o-768x512.jpg 768w\" sizes=\"(max-width: 800px) 100vw, 800px\" \/><\/a><\/figure><\/li><li class=\"blocks-gallery-item\"><figure><a href=\"https:\/\/kantorjanosi.reformatus.hu\/iskola\/wp-content\/uploads\/sites\/2\/2020\/05\/86732279_1545604608938319_3441564054563323904_o.jpg\" data-lbwps-width=\"800\" data-lbwps-height=\"533\" data-lbwps-srcsmall=\"https:\/\/kantorjanosi.reformatus.hu\/iskola\/wp-content\/uploads\/sites\/2\/2020\/05\/86732279_1545604608938319_3441564054563323904_o-300x200.jpg\"><img loading=\"lazy\" decoding=\"async\" width=\"800\" height=\"533\" src=\"https:\/\/kantorjanosi.reformatus.hu\/iskola\/wp-content\/uploads\/sites\/2\/2020\/05\/86732279_1545604608938319_3441564054563323904_o.jpg\" alt=\"\" data-id=\"277\" data-full-url=\"https:\/\/kantorjanosi.reformatus.hu\/iskola\/wp-content\/uploads\/sites\/2\/2020\/05\/86732279_1545604608938319_3441564054563323904_o.jpg\" data-link=\"https:\/\/kantorjanosi.reformatus.hu\/iskola\/?attachment_id=277\" class=\"wp-image-277\" srcset=\"https:\/\/kantorjanosi.reformatus.hu\/iskola\/wp-content\/uploads\/sites\/2\/2020\/05\/86732279_1545604608938319_3441564054563323904_o.jpg 800w, https:\/\/kantorjanosi.reformatus.hu\/iskola\/wp-content\/uploads\/sites\/2\/2020\/05\/86732279_1545604608938319_3441564054563323904_o-300x200.jpg 300w, https:\/\/kantorjanosi.reformatus.hu\/iskola\/wp-content\/uploads\/sites\/2\/2020\/05\/86732279_1545604608938319_3441564054563323904_o-768x512.jpg 768w\" sizes=\"(max-width: 800px) 100vw, 800px\" \/><\/a><\/figure><\/li><li class=\"blocks-gallery-item\"><figure><a href=\"https:\/\/kantorjanosi.reformatus.hu\/iskola\/wp-content\/uploads\/sites\/2\/2020\/05\/86776611_1545604845604962_5589074185331671040_o.jpg\" data-lbwps-width=\"800\" data-lbwps-height=\"533\" data-lbwps-srcsmall=\"https:\/\/kantorjanosi.reformatus.hu\/iskola\/wp-content\/uploads\/sites\/2\/2020\/05\/86776611_1545604845604962_5589074185331671040_o-300x200.jpg\"><img loading=\"lazy\" decoding=\"async\" width=\"800\" height=\"533\" src=\"https:\/\/kantorjanosi.reformatus.hu\/iskola\/wp-content\/uploads\/sites\/2\/2020\/05\/86776611_1545604845604962_5589074185331671040_o.jpg\" alt=\"\" data-id=\"278\" data-full-url=\"https:\/\/kantorjanosi.reformatus.hu\/iskola\/wp-content\/uploads\/sites\/2\/2020\/05\/86776611_1545604845604962_5589074185331671040_o.jpg\" data-link=\"https:\/\/kantorjanosi.reformatus.hu\/iskola\/?attachment_id=278\" class=\"wp-image-278\" srcset=\"https:\/\/kantorjanosi.reformatus.hu\/iskola\/wp-content\/uploads\/sites\/2\/2020\/05\/86776611_1545604845604962_5589074185331671040_o.jpg 800w, https:\/\/kantorjanosi.reformatus.hu\/iskola\/wp-content\/uploads\/sites\/2\/2020\/05\/86776611_1545604845604962_5589074185331671040_o-300x200.jpg 300w, https:\/\/kantorjanosi.reformatus.hu\/iskola\/wp-content\/uploads\/sites\/2\/2020\/05\/86776611_1545604845604962_5589074185331671040_o-768x512.jpg 768w\" sizes=\"(max-width: 800px) 100vw, 800px\" \/><\/a><\/figure><\/li><li class=\"blocks-gallery-item\"><figure><a href=\"https:\/\/kantorjanosi.reformatus.hu\/iskola\/wp-content\/uploads\/sites\/2\/2020\/05\/86853688_1545604418938338_7955085017732874240_o.jpg\" data-lbwps-width=\"800\" data-lbwps-height=\"533\" data-lbwps-srcsmall=\"https:\/\/kantorjanosi.reformatus.hu\/iskola\/wp-content\/uploads\/sites\/2\/2020\/05\/86853688_1545604418938338_7955085017732874240_o-300x200.jpg\"><img loading=\"lazy\" decoding=\"async\" width=\"800\" height=\"533\" src=\"https:\/\/kantorjanosi.reformatus.hu\/iskola\/wp-content\/uploads\/sites\/2\/2020\/05\/86853688_1545604418938338_7955085017732874240_o.jpg\" alt=\"\" data-id=\"279\" data-full-url=\"https:\/\/kantorjanosi.reformatus.hu\/iskola\/wp-content\/uploads\/sites\/2\/2020\/05\/86853688_1545604418938338_7955085017732874240_o.jpg\" data-link=\"https:\/\/kantorjanosi.reformatus.hu\/iskola\/?attachment_id=279\" class=\"wp-image-279\" srcset=\"https:\/\/kantorjanosi.reformatus.hu\/iskola\/wp-content\/uploads\/sites\/2\/2020\/05\/86853688_1545604418938338_7955085017732874240_o.jpg 800w, https:\/\/kantorjanosi.reformatus.hu\/iskola\/wp-content\/uploads\/sites\/2\/2020\/05\/86853688_1545604418938338_7955085017732874240_o-300x200.jpg 300w, https:\/\/kantorjanosi.reformatus.hu\/iskola\/wp-content\/uploads\/sites\/2\/2020\/05\/86853688_1545604418938338_7955085017732874240_o-768x512.jpg 768w\" sizes=\"(max-width: 800px) 100vw, 800px\" \/><\/a><\/figure><\/li><li class=\"blocks-gallery-item\"><figure><a href=\"https:\/\/kantorjanosi.reformatus.hu\/iskola\/wp-content\/uploads\/sites\/2\/2020\/05\/86870201_1545605258938254_7088464297910599680_o.jpg\" data-lbwps-width=\"800\" data-lbwps-height=\"533\" data-lbwps-srcsmall=\"https:\/\/kantorjanosi.reformatus.hu\/iskola\/wp-content\/uploads\/sites\/2\/2020\/05\/86870201_1545605258938254_7088464297910599680_o-300x200.jpg\"><img loading=\"lazy\" decoding=\"async\" width=\"800\" height=\"533\" src=\"https:\/\/kantorjanosi.reformatus.hu\/iskola\/wp-content\/uploads\/sites\/2\/2020\/05\/86870201_1545605258938254_7088464297910599680_o.jpg\" alt=\"\" data-id=\"280\" data-full-url=\"https:\/\/kantorjanosi.reformatus.hu\/iskola\/wp-content\/uploads\/sites\/2\/2020\/05\/86870201_1545605258938254_7088464297910599680_o.jpg\" data-link=\"https:\/\/kantorjanosi.reformatus.hu\/iskola\/?attachment_id=280\" class=\"wp-image-280\" srcset=\"https:\/\/kantorjanosi.reformatus.hu\/iskola\/wp-content\/uploads\/sites\/2\/2020\/05\/86870201_1545605258938254_7088464297910599680_o.jpg 800w, https:\/\/kantorjanosi.reformatus.hu\/iskola\/wp-content\/uploads\/sites\/2\/2020\/05\/86870201_1545605258938254_7088464297910599680_o-300x200.jpg 300w, https:\/\/kantorjanosi.reformatus.hu\/iskola\/wp-content\/uploads\/sites\/2\/2020\/05\/86870201_1545605258938254_7088464297910599680_o-768x512.jpg 768w\" sizes=\"(max-width: 800px) 100vw, 800px\" \/><\/a><\/figure><\/li><li class=\"blocks-gallery-item\"><figure><a href=\"https:\/\/kantorjanosi.reformatus.hu\/iskola\/wp-content\/uploads\/sites\/2\/2020\/05\/86969559_1545605145604932_3534632435339755520_o.jpg\" data-lbwps-width=\"800\" data-lbwps-height=\"533\" data-lbwps-srcsmall=\"https:\/\/kantorjanosi.reformatus.hu\/iskola\/wp-content\/uploads\/sites\/2\/2020\/05\/86969559_1545605145604932_3534632435339755520_o-300x200.jpg\"><img loading=\"lazy\" decoding=\"async\" width=\"800\" height=\"533\" src=\"https:\/\/kantorjanosi.reformatus.hu\/iskola\/wp-content\/uploads\/sites\/2\/2020\/05\/86969559_1545605145604932_3534632435339755520_o.jpg\" alt=\"\" data-id=\"281\" data-full-url=\"https:\/\/kantorjanosi.reformatus.hu\/iskola\/wp-content\/uploads\/sites\/2\/2020\/05\/86969559_1545605145604932_3534632435339755520_o.jpg\" data-link=\"https:\/\/kantorjanosi.reformatus.hu\/iskola\/?attachment_id=281\" class=\"wp-image-281\" srcset=\"https:\/\/kantorjanosi.reformatus.hu\/iskola\/wp-content\/uploads\/sites\/2\/2020\/05\/86969559_1545605145604932_3534632435339755520_o.jpg 800w, https:\/\/kantorjanosi.reformatus.hu\/iskola\/wp-content\/uploads\/sites\/2\/2020\/05\/86969559_1545605145604932_3534632435339755520_o-300x200.jpg 300w, https:\/\/kantorjanosi.reformatus.hu\/iskola\/wp-content\/uploads\/sites\/2\/2020\/05\/86969559_1545605145604932_3534632435339755520_o-768x512.jpg 768w\" sizes=\"(max-width: 800px) 100vw, 800px\" \/><\/a><\/figure><\/li><li class=\"blocks-gallery-item\"><figure><a href=\"https:\/\/kantorjanosi.reformatus.hu\/iskola\/wp-content\/uploads\/sites\/2\/2020\/05\/86970054_1545605388938241_144457883516403712_o.jpg\" data-lbwps-width=\"800\" data-lbwps-height=\"533\" data-lbwps-srcsmall=\"https:\/\/kantorjanosi.reformatus.hu\/iskola\/wp-content\/uploads\/sites\/2\/2020\/05\/86970054_1545605388938241_144457883516403712_o-300x200.jpg\"><img loading=\"lazy\" decoding=\"async\" width=\"800\" height=\"533\" src=\"https:\/\/kantorjanosi.reformatus.hu\/iskola\/wp-content\/uploads\/sites\/2\/2020\/05\/86970054_1545605388938241_144457883516403712_o.jpg\" alt=\"\" data-id=\"282\" data-full-url=\"https:\/\/kantorjanosi.reformatus.hu\/iskola\/wp-content\/uploads\/sites\/2\/2020\/05\/86970054_1545605388938241_144457883516403712_o.jpg\" data-link=\"https:\/\/kantorjanosi.reformatus.hu\/iskola\/?attachment_id=282\" class=\"wp-image-282\" srcset=\"https:\/\/kantorjanosi.reformatus.hu\/iskola\/wp-content\/uploads\/sites\/2\/2020\/05\/86970054_1545605388938241_144457883516403712_o.jpg 800w, https:\/\/kantorjanosi.reformatus.hu\/iskola\/wp-content\/uploads\/sites\/2\/2020\/05\/86970054_1545605388938241_144457883516403712_o-300x200.jpg 300w, https:\/\/kantorjanosi.reformatus.hu\/iskola\/wp-content\/uploads\/sites\/2\/2020\/05\/86970054_1545605388938241_144457883516403712_o-768x512.jpg 768w\" sizes=\"(max-width: 800px) 100vw, 800px\" \/><\/a><\/figure><\/li><li class=\"blocks-gallery-item\"><figure><a href=\"https:\/\/kantorjanosi.reformatus.hu\/iskola\/wp-content\/uploads\/sites\/2\/2020\/05\/87046265_1545605292271584_6293029916535422976_o.jpg\" data-lbwps-width=\"800\" data-lbwps-height=\"533\" data-lbwps-srcsmall=\"https:\/\/kantorjanosi.reformatus.hu\/iskola\/wp-content\/uploads\/sites\/2\/2020\/05\/87046265_1545605292271584_6293029916535422976_o-300x200.jpg\"><img loading=\"lazy\" decoding=\"async\" width=\"800\" height=\"533\" src=\"https:\/\/kantorjanosi.reformatus.hu\/iskola\/wp-content\/uploads\/sites\/2\/2020\/05\/87046265_1545605292271584_6293029916535422976_o.jpg\" alt=\"\" data-id=\"283\" data-full-url=\"https:\/\/kantorjanosi.reformatus.hu\/iskola\/wp-content\/uploads\/sites\/2\/2020\/05\/87046265_1545605292271584_6293029916535422976_o.jpg\" data-link=\"https:\/\/kantorjanosi.reformatus.hu\/iskola\/?attachment_id=283\" class=\"wp-image-283\" srcset=\"https:\/\/kantorjanosi.reformatus.hu\/iskola\/wp-content\/uploads\/sites\/2\/2020\/05\/87046265_1545605292271584_6293029916535422976_o.jpg 800w, https:\/\/kantorjanosi.reformatus.hu\/iskola\/wp-content\/uploads\/sites\/2\/2020\/05\/87046265_1545605292271584_6293029916535422976_o-300x200.jpg 300w, https:\/\/kantorjanosi.reformatus.hu\/iskola\/wp-content\/uploads\/sites\/2\/2020\/05\/87046265_1545605292271584_6293029916535422976_o-768x512.jpg 768w\" sizes=\"(max-width: 800px) 100vw, 800px\" \/><\/a><\/figure><\/li><\/ul><\/figure>\n","protected":false},"excerpt":{"rendered":"","protected":false},"author":1,"featured_media":0,"parent":0,"menu_order":0,"comment_status":"closed","ping_status":"closed","template":"","meta":{"footnotes":""},"_links":{"self":[{"href":"https:\/\/kantorjanosi.reformatus.hu\/iskola\/wp-json\/wp\/v2\/pages\/274"}],"collection":[{"href":"https:\/\/kantorjanosi.reformatus.hu\/iskola\/wp-json\/wp\/v2\/pages"}],"about":[{"href":"https:\/\/kantorjanosi.reformatus.hu\/iskola\/wp-json\/wp\/v2\/types\/page"}],"author":[{"embeddable":true,"href":"https:\/\/kantorjanosi.reformatus.hu\/iskola\/wp-json\/wp\/v2\/users\/1"}],"replies":[{"embeddable":true,"href":"https:\/\/kantorjanosi.reformatus.hu\/iskola\/wp-json\/wp\/v2\/comments?post=274"}],"version-history":[{"count":1,"href":"https:\/\/kantorjanosi.reformatus.hu\/iskola\/wp-json\/wp\/v2\/pages\/274\/revisions"}],"predecessor-version":[{"id":284,"href":"https:\/\/kantorjanosi.reformatus.hu\/iskola\/wp-json\/wp\/v2\/pages\/274\/revisions\/284"}],"wp:attachment":[{"href":"https:\/\/kantorjanosi.reformatus.hu\/iskola\/wp-json\/wp\/v2\/media?parent=274"}],"curies":[{"name":"wp","href":"https:\/\/api.w.org\/{rel}","templated":true}]}}