{"id":208,"date":"2020-05-18T20:45:42","date_gmt":"2020-05-18T20:45:42","guid":{"rendered":"https:\/\/kantorjanosi.reformatus.hu\/iskola\/?page_id=208"},"modified":"2020-05-18T20:45:42","modified_gmt":"2020-05-18T20:45:42","slug":"adventi-kezmuveskedes","status":"publish","type":"page","link":"https:\/\/kantorjanosi.reformatus.hu\/iskola\/adventi-kezmuveskedes\/","title":{"rendered":"Adventi k\u00e9zm\u0171vesked\u00e9s"},"content":{"rendered":"\n<figure class=\"wp-block-gallery columns-3 is-cropped wp-block-gallery-1 is-layout-flex wp-block-gallery-is-layout-flex\"><ul class=\"blocks-gallery-grid\"><li class=\"blocks-gallery-item\"><figure><a href=\"https:\/\/kantorjanosi.reformatus.hu\/iskola\/wp-content\/uploads\/sites\/2\/2020\/05\/IMG_20191127_144103.jpg\" data-lbwps-width=\"600\" data-lbwps-height=\"800\" data-lbwps-srcsmall=\"https:\/\/kantorjanosi.reformatus.hu\/iskola\/wp-content\/uploads\/sites\/2\/2020\/05\/IMG_20191127_144103-225x300.jpg\"><img loading=\"lazy\" decoding=\"async\" width=\"600\" height=\"800\" src=\"https:\/\/kantorjanosi.reformatus.hu\/iskola\/wp-content\/uploads\/sites\/2\/2020\/05\/IMG_20191127_144103.jpg\" alt=\"\" data-id=\"209\" data-full-url=\"https:\/\/kantorjanosi.reformatus.hu\/iskola\/wp-content\/uploads\/sites\/2\/2020\/05\/IMG_20191127_144103.jpg\" data-link=\"https:\/\/kantorjanosi.reformatus.hu\/iskola\/?attachment_id=209\" class=\"wp-image-209\" srcset=\"https:\/\/kantorjanosi.reformatus.hu\/iskola\/wp-content\/uploads\/sites\/2\/2020\/05\/IMG_20191127_144103.jpg 600w, https:\/\/kantorjanosi.reformatus.hu\/iskola\/wp-content\/uploads\/sites\/2\/2020\/05\/IMG_20191127_144103-225x300.jpg 225w\" sizes=\"(max-width: 600px) 100vw, 600px\" \/><\/a><\/figure><\/li><li class=\"blocks-gallery-item\"><figure><a href=\"https:\/\/kantorjanosi.reformatus.hu\/iskola\/wp-content\/uploads\/sites\/2\/2020\/05\/IMG_20191127_144129.jpg\" data-lbwps-width=\"600\" data-lbwps-height=\"800\" data-lbwps-srcsmall=\"https:\/\/kantorjanosi.reformatus.hu\/iskola\/wp-content\/uploads\/sites\/2\/2020\/05\/IMG_20191127_144129-225x300.jpg\"><img loading=\"lazy\" decoding=\"async\" width=\"600\" height=\"800\" src=\"https:\/\/kantorjanosi.reformatus.hu\/iskola\/wp-content\/uploads\/sites\/2\/2020\/05\/IMG_20191127_144129.jpg\" alt=\"\" data-id=\"210\" data-full-url=\"https:\/\/kantorjanosi.reformatus.hu\/iskola\/wp-content\/uploads\/sites\/2\/2020\/05\/IMG_20191127_144129.jpg\" data-link=\"https:\/\/kantorjanosi.reformatus.hu\/iskola\/?attachment_id=210\" class=\"wp-image-210\" srcset=\"https:\/\/kantorjanosi.reformatus.hu\/iskola\/wp-content\/uploads\/sites\/2\/2020\/05\/IMG_20191127_144129.jpg 600w, https:\/\/kantorjanosi.reformatus.hu\/iskola\/wp-content\/uploads\/sites\/2\/2020\/05\/IMG_20191127_144129-225x300.jpg 225w\" sizes=\"(max-width: 600px) 100vw, 600px\" \/><\/a><\/figure><\/li><li class=\"blocks-gallery-item\"><figure><a href=\"https:\/\/kantorjanosi.reformatus.hu\/iskola\/wp-content\/uploads\/sites\/2\/2020\/05\/IMG_20191127_144130.jpg\" data-lbwps-width=\"600\" data-lbwps-height=\"800\" data-lbwps-srcsmall=\"https:\/\/kantorjanosi.reformatus.hu\/iskola\/wp-content\/uploads\/sites\/2\/2020\/05\/IMG_20191127_144130-225x300.jpg\"><img loading=\"lazy\" decoding=\"async\" width=\"600\" height=\"800\" src=\"https:\/\/kantorjanosi.reformatus.hu\/iskola\/wp-content\/uploads\/sites\/2\/2020\/05\/IMG_20191127_144130.jpg\" alt=\"\" data-id=\"211\" data-full-url=\"https:\/\/kantorjanosi.reformatus.hu\/iskola\/wp-content\/uploads\/sites\/2\/2020\/05\/IMG_20191127_144130.jpg\" data-link=\"https:\/\/kantorjanosi.reformatus.hu\/iskola\/?attachment_id=211\" class=\"wp-image-211\" srcset=\"https:\/\/kantorjanosi.reformatus.hu\/iskola\/wp-content\/uploads\/sites\/2\/2020\/05\/IMG_20191127_144130.jpg 600w, https:\/\/kantorjanosi.reformatus.hu\/iskola\/wp-content\/uploads\/sites\/2\/2020\/05\/IMG_20191127_144130-225x300.jpg 225w\" sizes=\"(max-width: 600px) 100vw, 600px\" \/><\/a><\/figure><\/li><li class=\"blocks-gallery-item\"><figure><a href=\"https:\/\/kantorjanosi.reformatus.hu\/iskola\/wp-content\/uploads\/sites\/2\/2020\/05\/IMG_20191127_144143.jpg\" data-lbwps-width=\"600\" data-lbwps-height=\"800\" data-lbwps-srcsmall=\"https:\/\/kantorjanosi.reformatus.hu\/iskola\/wp-content\/uploads\/sites\/2\/2020\/05\/IMG_20191127_144143-225x300.jpg\"><img loading=\"lazy\" decoding=\"async\" width=\"600\" height=\"800\" src=\"https:\/\/kantorjanosi.reformatus.hu\/iskola\/wp-content\/uploads\/sites\/2\/2020\/05\/IMG_20191127_144143.jpg\" alt=\"\" data-id=\"212\" data-full-url=\"https:\/\/kantorjanosi.reformatus.hu\/iskola\/wp-content\/uploads\/sites\/2\/2020\/05\/IMG_20191127_144143.jpg\" data-link=\"https:\/\/kantorjanosi.reformatus.hu\/iskola\/?attachment_id=212\" class=\"wp-image-212\" srcset=\"https:\/\/kantorjanosi.reformatus.hu\/iskola\/wp-content\/uploads\/sites\/2\/2020\/05\/IMG_20191127_144143.jpg 600w, https:\/\/kantorjanosi.reformatus.hu\/iskola\/wp-content\/uploads\/sites\/2\/2020\/05\/IMG_20191127_144143-225x300.jpg 225w\" sizes=\"(max-width: 600px) 100vw, 600px\" \/><\/a><\/figure><\/li><li class=\"blocks-gallery-item\"><figure><a href=\"https:\/\/kantorjanosi.reformatus.hu\/iskola\/wp-content\/uploads\/sites\/2\/2020\/05\/IMG_20191127_144154.jpg\" data-lbwps-width=\"600\" data-lbwps-height=\"800\" data-lbwps-srcsmall=\"https:\/\/kantorjanosi.reformatus.hu\/iskola\/wp-content\/uploads\/sites\/2\/2020\/05\/IMG_20191127_144154-225x300.jpg\"><img loading=\"lazy\" decoding=\"async\" width=\"600\" height=\"800\" src=\"https:\/\/kantorjanosi.reformatus.hu\/iskola\/wp-content\/uploads\/sites\/2\/2020\/05\/IMG_20191127_144154.jpg\" alt=\"\" data-id=\"213\" data-full-url=\"https:\/\/kantorjanosi.reformatus.hu\/iskola\/wp-content\/uploads\/sites\/2\/2020\/05\/IMG_20191127_144154.jpg\" data-link=\"https:\/\/kantorjanosi.reformatus.hu\/iskola\/?attachment_id=213\" class=\"wp-image-213\" srcset=\"https:\/\/kantorjanosi.reformatus.hu\/iskola\/wp-content\/uploads\/sites\/2\/2020\/05\/IMG_20191127_144154.jpg 600w, https:\/\/kantorjanosi.reformatus.hu\/iskola\/wp-content\/uploads\/sites\/2\/2020\/05\/IMG_20191127_144154-225x300.jpg 225w\" sizes=\"(max-width: 600px) 100vw, 600px\" \/><\/a><\/figure><\/li><li class=\"blocks-gallery-item\"><figure><a href=\"https:\/\/kantorjanosi.reformatus.hu\/iskola\/wp-content\/uploads\/sites\/2\/2020\/05\/IMG_20191127_144403.jpg\" data-lbwps-width=\"600\" data-lbwps-height=\"800\" data-lbwps-srcsmall=\"https:\/\/kantorjanosi.reformatus.hu\/iskola\/wp-content\/uploads\/sites\/2\/2020\/05\/IMG_20191127_144403-225x300.jpg\"><img loading=\"lazy\" decoding=\"async\" width=\"600\" height=\"800\" src=\"https:\/\/kantorjanosi.reformatus.hu\/iskola\/wp-content\/uploads\/sites\/2\/2020\/05\/IMG_20191127_144403.jpg\" alt=\"\" data-id=\"214\" data-full-url=\"https:\/\/kantorjanosi.reformatus.hu\/iskola\/wp-content\/uploads\/sites\/2\/2020\/05\/IMG_20191127_144403.jpg\" data-link=\"https:\/\/kantorjanosi.reformatus.hu\/iskola\/?attachment_id=214\" class=\"wp-image-214\" srcset=\"https:\/\/kantorjanosi.reformatus.hu\/iskola\/wp-content\/uploads\/sites\/2\/2020\/05\/IMG_20191127_144403.jpg 600w, https:\/\/kantorjanosi.reformatus.hu\/iskola\/wp-content\/uploads\/sites\/2\/2020\/05\/IMG_20191127_144403-225x300.jpg 225w\" sizes=\"(max-width: 600px) 100vw, 600px\" \/><\/a><\/figure><\/li><li class=\"blocks-gallery-item\"><figure><a href=\"https:\/\/kantorjanosi.reformatus.hu\/iskola\/wp-content\/uploads\/sites\/2\/2020\/05\/IMG_20191127_144435-rotated.jpg\" data-lbwps-width=\"800\" data-lbwps-height=\"600\" data-lbwps-srcsmall=\"https:\/\/kantorjanosi.reformatus.hu\/iskola\/wp-content\/uploads\/sites\/2\/2020\/05\/IMG_20191127_144435-rotated.jpg\"><img loading=\"lazy\" decoding=\"async\" width=\"800\" height=\"600\" src=\"https:\/\/kantorjanosi.reformatus.hu\/iskola\/wp-content\/uploads\/sites\/2\/2020\/05\/IMG_20191127_144435-rotated.jpg\" alt=\"\" data-id=\"215\" data-full-url=\"https:\/\/kantorjanosi.reformatus.hu\/iskola\/wp-content\/uploads\/sites\/2\/2020\/05\/IMG_20191127_144435-rotated.jpg\" data-link=\"https:\/\/kantorjanosi.reformatus.hu\/iskola\/?attachment_id=215\" class=\"wp-image-215\" srcset=\"https:\/\/kantorjanosi.reformatus.hu\/iskola\/wp-content\/uploads\/sites\/2\/2020\/05\/IMG_20191127_144435-rotated.jpg 800w, https:\/\/kantorjanosi.reformatus.hu\/iskola\/wp-content\/uploads\/sites\/2\/2020\/05\/IMG_20191127_144435-300x225.jpg 300w, https:\/\/kantorjanosi.reformatus.hu\/iskola\/wp-content\/uploads\/sites\/2\/2020\/05\/IMG_20191127_144435-768x576.jpg 768w\" sizes=\"(max-width: 800px) 100vw, 800px\" \/><\/a><\/figure><\/li><li class=\"blocks-gallery-item\"><figure><a href=\"https:\/\/kantorjanosi.reformatus.hu\/iskola\/wp-content\/uploads\/sites\/2\/2020\/05\/IMG_20191127_144446.jpg\" data-lbwps-width=\"600\" data-lbwps-height=\"800\" data-lbwps-srcsmall=\"https:\/\/kantorjanosi.reformatus.hu\/iskola\/wp-content\/uploads\/sites\/2\/2020\/05\/IMG_20191127_144446-225x300.jpg\"><img loading=\"lazy\" decoding=\"async\" width=\"600\" height=\"800\" src=\"https:\/\/kantorjanosi.reformatus.hu\/iskola\/wp-content\/uploads\/sites\/2\/2020\/05\/IMG_20191127_144446.jpg\" alt=\"\" data-id=\"216\" data-full-url=\"https:\/\/kantorjanosi.reformatus.hu\/iskola\/wp-content\/uploads\/sites\/2\/2020\/05\/IMG_20191127_144446.jpg\" data-link=\"https:\/\/kantorjanosi.reformatus.hu\/iskola\/?attachment_id=216\" class=\"wp-image-216\" srcset=\"https:\/\/kantorjanosi.reformatus.hu\/iskola\/wp-content\/uploads\/sites\/2\/2020\/05\/IMG_20191127_144446.jpg 600w, https:\/\/kantorjanosi.reformatus.hu\/iskola\/wp-content\/uploads\/sites\/2\/2020\/05\/IMG_20191127_144446-225x300.jpg 225w\" sizes=\"(max-width: 600px) 100vw, 600px\" \/><\/a><\/figure><\/li><li class=\"blocks-gallery-item\"><figure><a href=\"https:\/\/kantorjanosi.reformatus.hu\/iskola\/wp-content\/uploads\/sites\/2\/2020\/05\/IMG_20191127_144451.jpg\" data-lbwps-width=\"600\" data-lbwps-height=\"800\" data-lbwps-srcsmall=\"https:\/\/kantorjanosi.reformatus.hu\/iskola\/wp-content\/uploads\/sites\/2\/2020\/05\/IMG_20191127_144451-225x300.jpg\"><img loading=\"lazy\" decoding=\"async\" width=\"600\" height=\"800\" src=\"https:\/\/kantorjanosi.reformatus.hu\/iskola\/wp-content\/uploads\/sites\/2\/2020\/05\/IMG_20191127_144451.jpg\" alt=\"\" data-id=\"217\" data-full-url=\"https:\/\/kantorjanosi.reformatus.hu\/iskola\/wp-content\/uploads\/sites\/2\/2020\/05\/IMG_20191127_144451.jpg\" data-link=\"https:\/\/kantorjanosi.reformatus.hu\/iskola\/?attachment_id=217\" class=\"wp-image-217\" srcset=\"https:\/\/kantorjanosi.reformatus.hu\/iskola\/wp-content\/uploads\/sites\/2\/2020\/05\/IMG_20191127_144451.jpg 600w, https:\/\/kantorjanosi.reformatus.hu\/iskola\/wp-content\/uploads\/sites\/2\/2020\/05\/IMG_20191127_144451-225x300.jpg 225w\" sizes=\"(max-width: 600px) 100vw, 600px\" \/><\/a><\/figure><\/li><li class=\"blocks-gallery-item\"><figure><a href=\"https:\/\/kantorjanosi.reformatus.hu\/iskola\/wp-content\/uploads\/sites\/2\/2020\/05\/IMG_20191127_144501.jpg\" data-lbwps-width=\"600\" data-lbwps-height=\"800\" data-lbwps-srcsmall=\"https:\/\/kantorjanosi.reformatus.hu\/iskola\/wp-content\/uploads\/sites\/2\/2020\/05\/IMG_20191127_144501-225x300.jpg\"><img loading=\"lazy\" decoding=\"async\" width=\"600\" height=\"800\" src=\"https:\/\/kantorjanosi.reformatus.hu\/iskola\/wp-content\/uploads\/sites\/2\/2020\/05\/IMG_20191127_144501.jpg\" alt=\"\" data-id=\"218\" data-full-url=\"https:\/\/kantorjanosi.reformatus.hu\/iskola\/wp-content\/uploads\/sites\/2\/2020\/05\/IMG_20191127_144501.jpg\" data-link=\"https:\/\/kantorjanosi.reformatus.hu\/iskola\/?attachment_id=218\" class=\"wp-image-218\" srcset=\"https:\/\/kantorjanosi.reformatus.hu\/iskola\/wp-content\/uploads\/sites\/2\/2020\/05\/IMG_20191127_144501.jpg 600w, https:\/\/kantorjanosi.reformatus.hu\/iskola\/wp-content\/uploads\/sites\/2\/2020\/05\/IMG_20191127_144501-225x300.jpg 225w\" sizes=\"(max-width: 600px) 100vw, 600px\" \/><\/a><\/figure><\/li><\/ul><\/figure>\n","protected":false},"excerpt":{"rendered":"","protected":false},"author":1,"featured_media":0,"parent":0,"menu_order":0,"comment_status":"closed","ping_status":"closed","template":"","meta":{"footnotes":""},"_links":{"self":[{"href":"https:\/\/kantorjanosi.reformatus.hu\/iskola\/wp-json\/wp\/v2\/pages\/208"}],"collection":[{"href":"https:\/\/kantorjanosi.reformatus.hu\/iskola\/wp-json\/wp\/v2\/pages"}],"about":[{"href":"https:\/\/kantorjanosi.reformatus.hu\/iskola\/wp-json\/wp\/v2\/types\/page"}],"author":[{"embeddable":true,"href":"https:\/\/kantorjanosi.reformatus.hu\/iskola\/wp-json\/wp\/v2\/users\/1"}],"replies":[{"embeddable":true,"href":"https:\/\/kantorjanosi.reformatus.hu\/iskola\/wp-json\/wp\/v2\/comments?post=208"}],"version-history":[{"count":1,"href":"https:\/\/kantorjanosi.reformatus.hu\/iskola\/wp-json\/wp\/v2\/pages\/208\/revisions"}],"predecessor-version":[{"id":219,"href":"https:\/\/kantorjanosi.reformatus.hu\/iskola\/wp-json\/wp\/v2\/pages\/208\/revisions\/219"}],"wp:attachment":[{"href":"https:\/\/kantorjanosi.reformatus.hu\/iskola\/wp-json\/wp\/v2\/media?parent=208"}],"curies":[{"name":"wp","href":"https:\/\/api.w.org\/{rel}","templated":true}]}}