{"id":1720,"date":"2025-05-13T07:22:47","date_gmt":"2025-05-13T07:22:47","guid":{"rendered":"https:\/\/kantorjanosi.reformatus.hu\/iskola\/?page_id=1720"},"modified":"2025-05-13T07:22:47","modified_gmt":"2025-05-13T07:22:47","slug":"2025-02-04-drogpreventacios-eloadas","status":"publish","type":"page","link":"https:\/\/kantorjanosi.reformatus.hu\/iskola\/2025-02-04-drogpreventacios-eloadas\/","title":{"rendered":"2025.02.04 Drogprevent\u00e1ci\u00f3s el\u0151ad\u00e1s"},"content":{"rendered":"\n<figure class=\"wp-block-gallery has-nested-images columns-default is-cropped wp-block-gallery-1 is-layout-flex wp-block-gallery-is-layout-flex\">\n<figure class=\"wp-block-image size-large\"><img loading=\"lazy\" decoding=\"async\" width=\"724\" height=\"1024\" data-id=\"1731\" src=\"https:\/\/kantorjanosi.reformatus.hu\/iskola\/wp-content\/uploads\/sites\/2\/2025\/05\/drog-kep2-724x1024.jpg\" alt=\"\" class=\"wp-image-1731\" srcset=\"https:\/\/kantorjanosi.reformatus.hu\/iskola\/wp-content\/uploads\/sites\/2\/2025\/05\/drog-kep2-724x1024.jpg 724w, https:\/\/kantorjanosi.reformatus.hu\/iskola\/wp-content\/uploads\/sites\/2\/2025\/05\/drog-kep2-212x300.jpg 212w, https:\/\/kantorjanosi.reformatus.hu\/iskola\/wp-content\/uploads\/sites\/2\/2025\/05\/drog-kep2-768x1086.jpg 768w, https:\/\/kantorjanosi.reformatus.hu\/iskola\/wp-content\/uploads\/sites\/2\/2025\/05\/drog-kep2-1086x1536.jpg 1086w, https:\/\/kantorjanosi.reformatus.hu\/iskola\/wp-content\/uploads\/sites\/2\/2025\/05\/drog-kep2-1448x2048.jpg 1448w, https:\/\/kantorjanosi.reformatus.hu\/iskola\/wp-content\/uploads\/sites\/2\/2025\/05\/drog-kep2-scaled.jpg 1810w\" sizes=\"(max-width: 724px) 100vw, 724px\" \/><figcaption class=\"wp-element-caption\">Konica Q76<\/figcaption><\/figure>\n\n\n\n<figure class=\"wp-block-image size-large\"><img loading=\"lazy\" decoding=\"async\" width=\"1024\" height=\"768\" data-id=\"1721\" src=\"https:\/\/kantorjanosi.reformatus.hu\/iskola\/wp-content\/uploads\/sites\/2\/2025\/05\/WhatsApp-Image-2025-02-05-at-08.45.26-1-1024x768.jpeg\" alt=\"\" class=\"wp-image-1721\" srcset=\"https:\/\/kantorjanosi.reformatus.hu\/iskola\/wp-content\/uploads\/sites\/2\/2025\/05\/WhatsApp-Image-2025-02-05-at-08.45.26-1-1024x768.jpeg 1024w, https:\/\/kantorjanosi.reformatus.hu\/iskola\/wp-content\/uploads\/sites\/2\/2025\/05\/WhatsApp-Image-2025-02-05-at-08.45.26-1-300x225.jpeg 300w, https:\/\/kantorjanosi.reformatus.hu\/iskola\/wp-content\/uploads\/sites\/2\/2025\/05\/WhatsApp-Image-2025-02-05-at-08.45.26-1-768x576.jpeg 768w, https:\/\/kantorjanosi.reformatus.hu\/iskola\/wp-content\/uploads\/sites\/2\/2025\/05\/WhatsApp-Image-2025-02-05-at-08.45.26-1-1536x1152.jpeg 1536w, https:\/\/kantorjanosi.reformatus.hu\/iskola\/wp-content\/uploads\/sites\/2\/2025\/05\/WhatsApp-Image-2025-02-05-at-08.45.26-1.jpeg 1600w\" sizes=\"(max-width: 1024px) 100vw, 1024px\" \/><\/figure>\n\n\n\n<figure class=\"wp-block-image size-large\"><img loading=\"lazy\" decoding=\"async\" width=\"1024\" height=\"768\" data-id=\"1723\" src=\"https:\/\/kantorjanosi.reformatus.hu\/iskola\/wp-content\/uploads\/sites\/2\/2025\/05\/WhatsApp-Image-2025-02-05-at-08.45.26-4-1024x768.jpeg\" alt=\"\" class=\"wp-image-1723\" srcset=\"https:\/\/kantorjanosi.reformatus.hu\/iskola\/wp-content\/uploads\/sites\/2\/2025\/05\/WhatsApp-Image-2025-02-05-at-08.45.26-4-1024x768.jpeg 1024w, https:\/\/kantorjanosi.reformatus.hu\/iskola\/wp-content\/uploads\/sites\/2\/2025\/05\/WhatsApp-Image-2025-02-05-at-08.45.26-4-300x225.jpeg 300w, https:\/\/kantorjanosi.reformatus.hu\/iskola\/wp-content\/uploads\/sites\/2\/2025\/05\/WhatsApp-Image-2025-02-05-at-08.45.26-4-768x576.jpeg 768w, https:\/\/kantorjanosi.reformatus.hu\/iskola\/wp-content\/uploads\/sites\/2\/2025\/05\/WhatsApp-Image-2025-02-05-at-08.45.26-4-1536x1152.jpeg 1536w, https:\/\/kantorjanosi.reformatus.hu\/iskola\/wp-content\/uploads\/sites\/2\/2025\/05\/WhatsApp-Image-2025-02-05-at-08.45.26-4.jpeg 1600w\" sizes=\"(max-width: 1024px) 100vw, 1024px\" \/><\/figure>\n\n\n\n<figure class=\"wp-block-image size-large\"><img loading=\"lazy\" decoding=\"async\" width=\"1024\" height=\"768\" data-id=\"1724\" src=\"https:\/\/kantorjanosi.reformatus.hu\/iskola\/wp-content\/uploads\/sites\/2\/2025\/05\/WhatsApp-Image-2025-02-05-at-08.45.26-5-1024x768.jpeg\" alt=\"\" class=\"wp-image-1724\" srcset=\"https:\/\/kantorjanosi.reformatus.hu\/iskola\/wp-content\/uploads\/sites\/2\/2025\/05\/WhatsApp-Image-2025-02-05-at-08.45.26-5-1024x768.jpeg 1024w, https:\/\/kantorjanosi.reformatus.hu\/iskola\/wp-content\/uploads\/sites\/2\/2025\/05\/WhatsApp-Image-2025-02-05-at-08.45.26-5-300x225.jpeg 300w, https:\/\/kantorjanosi.reformatus.hu\/iskola\/wp-content\/uploads\/sites\/2\/2025\/05\/WhatsApp-Image-2025-02-05-at-08.45.26-5-768x576.jpeg 768w, https:\/\/kantorjanosi.reformatus.hu\/iskola\/wp-content\/uploads\/sites\/2\/2025\/05\/WhatsApp-Image-2025-02-05-at-08.45.26-5-1536x1152.jpeg 1536w, https:\/\/kantorjanosi.reformatus.hu\/iskola\/wp-content\/uploads\/sites\/2\/2025\/05\/WhatsApp-Image-2025-02-05-at-08.45.26-5.jpeg 1600w\" sizes=\"(max-width: 1024px) 100vw, 1024px\" \/><\/figure>\n\n\n\n<figure class=\"wp-block-image size-large\"><img loading=\"lazy\" decoding=\"async\" width=\"1024\" height=\"768\" data-id=\"1722\" src=\"https:\/\/kantorjanosi.reformatus.hu\/iskola\/wp-content\/uploads\/sites\/2\/2025\/05\/WhatsApp-Image-2025-02-05-at-08.45.26-6-1024x768.jpeg\" alt=\"\" class=\"wp-image-1722\" srcset=\"https:\/\/kantorjanosi.reformatus.hu\/iskola\/wp-content\/uploads\/sites\/2\/2025\/05\/WhatsApp-Image-2025-02-05-at-08.45.26-6-1024x768.jpeg 1024w, https:\/\/kantorjanosi.reformatus.hu\/iskola\/wp-content\/uploads\/sites\/2\/2025\/05\/WhatsApp-Image-2025-02-05-at-08.45.26-6-300x225.jpeg 300w, https:\/\/kantorjanosi.reformatus.hu\/iskola\/wp-content\/uploads\/sites\/2\/2025\/05\/WhatsApp-Image-2025-02-05-at-08.45.26-6-768x576.jpeg 768w, https:\/\/kantorjanosi.reformatus.hu\/iskola\/wp-content\/uploads\/sites\/2\/2025\/05\/WhatsApp-Image-2025-02-05-at-08.45.26-6-1536x1152.jpeg 1536w, https:\/\/kantorjanosi.reformatus.hu\/iskola\/wp-content\/uploads\/sites\/2\/2025\/05\/WhatsApp-Image-2025-02-05-at-08.45.26-6.jpeg 1600w\" sizes=\"(max-width: 1024px) 100vw, 1024px\" \/><\/figure>\n\n\n\n<figure class=\"wp-block-image size-large\"><img loading=\"lazy\" decoding=\"async\" width=\"1024\" height=\"768\" data-id=\"1729\" src=\"https:\/\/kantorjanosi.reformatus.hu\/iskola\/wp-content\/uploads\/sites\/2\/2025\/05\/WhatsApp-Image-2025-02-05-at-08.45.26-9-1024x768.jpeg\" alt=\"\" class=\"wp-image-1729\" srcset=\"https:\/\/kantorjanosi.reformatus.hu\/iskola\/wp-content\/uploads\/sites\/2\/2025\/05\/WhatsApp-Image-2025-02-05-at-08.45.26-9-1024x768.jpeg 1024w, https:\/\/kantorjanosi.reformatus.hu\/iskola\/wp-content\/uploads\/sites\/2\/2025\/05\/WhatsApp-Image-2025-02-05-at-08.45.26-9-300x225.jpeg 300w, https:\/\/kantorjanosi.reformatus.hu\/iskola\/wp-content\/uploads\/sites\/2\/2025\/05\/WhatsApp-Image-2025-02-05-at-08.45.26-9-768x576.jpeg 768w, https:\/\/kantorjanosi.reformatus.hu\/iskola\/wp-content\/uploads\/sites\/2\/2025\/05\/WhatsApp-Image-2025-02-05-at-08.45.26-9-1536x1152.jpeg 1536w, https:\/\/kantorjanosi.reformatus.hu\/iskola\/wp-content\/uploads\/sites\/2\/2025\/05\/WhatsApp-Image-2025-02-05-at-08.45.26-9.jpeg 1600w\" sizes=\"(max-width: 1024px) 100vw, 1024px\" \/><\/figure>\n\n\n\n<figure class=\"wp-block-image size-large\"><img loading=\"lazy\" decoding=\"async\" width=\"1024\" height=\"768\" data-id=\"1730\" src=\"https:\/\/kantorjanosi.reformatus.hu\/iskola\/wp-content\/uploads\/sites\/2\/2025\/05\/WhatsApp-Image-2025-02-05-at-08.45.27-1-1024x768.jpeg\" alt=\"\" class=\"wp-image-1730\" srcset=\"https:\/\/kantorjanosi.reformatus.hu\/iskola\/wp-content\/uploads\/sites\/2\/2025\/05\/WhatsApp-Image-2025-02-05-at-08.45.27-1-1024x768.jpeg 1024w, https:\/\/kantorjanosi.reformatus.hu\/iskola\/wp-content\/uploads\/sites\/2\/2025\/05\/WhatsApp-Image-2025-02-05-at-08.45.27-1-300x225.jpeg 300w, https:\/\/kantorjanosi.reformatus.hu\/iskola\/wp-content\/uploads\/sites\/2\/2025\/05\/WhatsApp-Image-2025-02-05-at-08.45.27-1-768x576.jpeg 768w, https:\/\/kantorjanosi.reformatus.hu\/iskola\/wp-content\/uploads\/sites\/2\/2025\/05\/WhatsApp-Image-2025-02-05-at-08.45.27-1-1536x1152.jpeg 1536w, https:\/\/kantorjanosi.reformatus.hu\/iskola\/wp-content\/uploads\/sites\/2\/2025\/05\/WhatsApp-Image-2025-02-05-at-08.45.27-1.jpeg 1600w\" sizes=\"(max-width: 1024px) 100vw, 1024px\" \/><\/figure>\n\n\n\n<figure class=\"wp-block-image size-large\"><img loading=\"lazy\" decoding=\"async\" width=\"1024\" height=\"768\" data-id=\"1728\" src=\"https:\/\/kantorjanosi.reformatus.hu\/iskola\/wp-content\/uploads\/sites\/2\/2025\/05\/WhatsApp-Image-2025-02-05-at-08.45.27-2-1024x768.jpeg\" alt=\"\" class=\"wp-image-1728\" srcset=\"https:\/\/kantorjanosi.reformatus.hu\/iskola\/wp-content\/uploads\/sites\/2\/2025\/05\/WhatsApp-Image-2025-02-05-at-08.45.27-2-1024x768.jpeg 1024w, https:\/\/kantorjanosi.reformatus.hu\/iskola\/wp-content\/uploads\/sites\/2\/2025\/05\/WhatsApp-Image-2025-02-05-at-08.45.27-2-300x225.jpeg 300w, https:\/\/kantorjanosi.reformatus.hu\/iskola\/wp-content\/uploads\/sites\/2\/2025\/05\/WhatsApp-Image-2025-02-05-at-08.45.27-2-768x576.jpeg 768w, https:\/\/kantorjanosi.reformatus.hu\/iskola\/wp-content\/uploads\/sites\/2\/2025\/05\/WhatsApp-Image-2025-02-05-at-08.45.27-2-1536x1152.jpeg 1536w, https:\/\/kantorjanosi.reformatus.hu\/iskola\/wp-content\/uploads\/sites\/2\/2025\/05\/WhatsApp-Image-2025-02-05-at-08.45.27-2.jpeg 1600w\" sizes=\"(max-width: 1024px) 100vw, 1024px\" \/><\/figure>\n\n\n\n<figure class=\"wp-block-image size-large\"><img loading=\"lazy\" decoding=\"async\" width=\"1024\" height=\"578\" data-id=\"1725\" src=\"https:\/\/kantorjanosi.reformatus.hu\/iskola\/wp-content\/uploads\/sites\/2\/2025\/05\/WhatsApp-Image-2025-02-05-at-08.45.27-5-1024x578.jpeg\" alt=\"\" class=\"wp-image-1725\" srcset=\"https:\/\/kantorjanosi.reformatus.hu\/iskola\/wp-content\/uploads\/sites\/2\/2025\/05\/WhatsApp-Image-2025-02-05-at-08.45.27-5-1024x578.jpeg 1024w, https:\/\/kantorjanosi.reformatus.hu\/iskola\/wp-content\/uploads\/sites\/2\/2025\/05\/WhatsApp-Image-2025-02-05-at-08.45.27-5-300x169.jpeg 300w, https:\/\/kantorjanosi.reformatus.hu\/iskola\/wp-content\/uploads\/sites\/2\/2025\/05\/WhatsApp-Image-2025-02-05-at-08.45.27-5-768x433.jpeg 768w, https:\/\/kantorjanosi.reformatus.hu\/iskola\/wp-content\/uploads\/sites\/2\/2025\/05\/WhatsApp-Image-2025-02-05-at-08.45.27-5-1536x866.jpeg 1536w, https:\/\/kantorjanosi.reformatus.hu\/iskola\/wp-content\/uploads\/sites\/2\/2025\/05\/WhatsApp-Image-2025-02-05-at-08.45.27-5.jpeg 2048w\" sizes=\"(max-width: 1024px) 100vw, 1024px\" \/><\/figure>\n\n\n\n<figure class=\"wp-block-image size-large\"><img loading=\"lazy\" decoding=\"async\" width=\"1024\" height=\"578\" data-id=\"1726\" src=\"https:\/\/kantorjanosi.reformatus.hu\/iskola\/wp-content\/uploads\/sites\/2\/2025\/05\/WhatsApp-Image-2025-02-05-at-08.45.27-6-1024x578.jpeg\" alt=\"\" class=\"wp-image-1726\" srcset=\"https:\/\/kantorjanosi.reformatus.hu\/iskola\/wp-content\/uploads\/sites\/2\/2025\/05\/WhatsApp-Image-2025-02-05-at-08.45.27-6-1024x578.jpeg 1024w, https:\/\/kantorjanosi.reformatus.hu\/iskola\/wp-content\/uploads\/sites\/2\/2025\/05\/WhatsApp-Image-2025-02-05-at-08.45.27-6-300x169.jpeg 300w, https:\/\/kantorjanosi.reformatus.hu\/iskola\/wp-content\/uploads\/sites\/2\/2025\/05\/WhatsApp-Image-2025-02-05-at-08.45.27-6-768x433.jpeg 768w, https:\/\/kantorjanosi.reformatus.hu\/iskola\/wp-content\/uploads\/sites\/2\/2025\/05\/WhatsApp-Image-2025-02-05-at-08.45.27-6-1536x866.jpeg 1536w, https:\/\/kantorjanosi.reformatus.hu\/iskola\/wp-content\/uploads\/sites\/2\/2025\/05\/WhatsApp-Image-2025-02-05-at-08.45.27-6.jpeg 2048w\" sizes=\"(max-width: 1024px) 100vw, 1024px\" \/><\/figure>\n\n\n\n<figure class=\"wp-block-image size-large\"><img loading=\"lazy\" decoding=\"async\" width=\"1024\" height=\"768\" data-id=\"1727\" src=\"https:\/\/kantorjanosi.reformatus.hu\/iskola\/wp-content\/uploads\/sites\/2\/2025\/05\/WhatsApp-Image-2025-02-05-at-08.45.27-1024x768.jpeg\" alt=\"\" class=\"wp-image-1727\" srcset=\"https:\/\/kantorjanosi.reformatus.hu\/iskola\/wp-content\/uploads\/sites\/2\/2025\/05\/WhatsApp-Image-2025-02-05-at-08.45.27-1024x768.jpeg 1024w, https:\/\/kantorjanosi.reformatus.hu\/iskola\/wp-content\/uploads\/sites\/2\/2025\/05\/WhatsApp-Image-2025-02-05-at-08.45.27-300x225.jpeg 300w, https:\/\/kantorjanosi.reformatus.hu\/iskola\/wp-content\/uploads\/sites\/2\/2025\/05\/WhatsApp-Image-2025-02-05-at-08.45.27-768x576.jpeg 768w, https:\/\/kantorjanosi.reformatus.hu\/iskola\/wp-content\/uploads\/sites\/2\/2025\/05\/WhatsApp-Image-2025-02-05-at-08.45.27-1536x1152.jpeg 1536w, https:\/\/kantorjanosi.reformatus.hu\/iskola\/wp-content\/uploads\/sites\/2\/2025\/05\/WhatsApp-Image-2025-02-05-at-08.45.27.jpeg 1600w\" sizes=\"(max-width: 1024px) 100vw, 1024px\" \/><\/figure>\n<\/figure>\n","protected":false},"excerpt":{"rendered":"","protected":false},"author":4,"featured_media":0,"parent":0,"menu_order":0,"comment_status":"closed","ping_status":"closed","template":"","meta":{"footnotes":""},"_links":{"self":[{"href":"https:\/\/kantorjanosi.reformatus.hu\/iskola\/wp-json\/wp\/v2\/pages\/1720"}],"collection":[{"href":"https:\/\/kantorjanosi.reformatus.hu\/iskola\/wp-json\/wp\/v2\/pages"}],"about":[{"href":"https:\/\/kantorjanosi.reformatus.hu\/iskola\/wp-json\/wp\/v2\/types\/page"}],"author":[{"embeddable":true,"href":"https:\/\/kantorjanosi.reformatus.hu\/iskola\/wp-json\/wp\/v2\/users\/4"}],"replies":[{"embeddable":true,"href":"https:\/\/kantorjanosi.reformatus.hu\/iskola\/wp-json\/wp\/v2\/comments?post=1720"}],"version-history":[{"count":1,"href":"https:\/\/kantorjanosi.reformatus.hu\/iskola\/wp-json\/wp\/v2\/pages\/1720\/revisions"}],"predecessor-version":[{"id":1732,"href":"https:\/\/kantorjanosi.reformatus.hu\/iskola\/wp-json\/wp\/v2\/pages\/1720\/revisions\/1732"}],"wp:attachment":[{"href":"https:\/\/kantorjanosi.reformatus.hu\/iskola\/wp-json\/wp\/v2\/media?parent=1720"}],"curies":[{"name":"wp","href":"https:\/\/api.w.org\/{rel}","templated":true}]}}