{"id":162,"date":"2020-03-29T16:26:47","date_gmt":"2020-03-29T16:26:47","guid":{"rendered":"https:\/\/kantorjanosi.reformatus.hu\/iskola\/?page_id=162"},"modified":"2021-11-23T08:43:39","modified_gmt":"2021-11-23T08:43:39","slug":"tantermen-kivuli-digitalis-oktatas","status":"publish","type":"page","link":"https:\/\/kantorjanosi.reformatus.hu\/iskola\/tantermen-kivuli-digitalis-oktatas\/","title":{"rendered":"Tantermen k\u00edv\u00fcli digit\u00e1lis oktat\u00e1s"},"content":{"rendered":"\n<figure class=\"wp-block-image size-large is-resized\"><img loading=\"lazy\" decoding=\"async\" src=\"https:\/\/kantorjanosi.reformatus.hu\/iskola\/wp-content\/uploads\/sites\/2\/2021\/11\/Tajekoztatas-724x1024.jpg\" alt=\"\" class=\"wp-image-862\" width=\"841\" height=\"1189\" srcset=\"https:\/\/kantorjanosi.reformatus.hu\/iskola\/wp-content\/uploads\/sites\/2\/2021\/11\/Tajekoztatas-724x1024.jpg 724w, https:\/\/kantorjanosi.reformatus.hu\/iskola\/wp-content\/uploads\/sites\/2\/2021\/11\/Tajekoztatas-212x300.jpg 212w, https:\/\/kantorjanosi.reformatus.hu\/iskola\/wp-content\/uploads\/sites\/2\/2021\/11\/Tajekoztatas-768x1086.jpg 768w, https:\/\/kantorjanosi.reformatus.hu\/iskola\/wp-content\/uploads\/sites\/2\/2021\/11\/Tajekoztatas-1086x1536.jpg 1086w, https:\/\/kantorjanosi.reformatus.hu\/iskola\/wp-content\/uploads\/sites\/2\/2021\/11\/Tajekoztatas-1448x2048.jpg 1448w, https:\/\/kantorjanosi.reformatus.hu\/iskola\/wp-content\/uploads\/sites\/2\/2021\/11\/Tajekoztatas-scaled.jpg 1811w\" sizes=\"(max-width: 841px) 100vw, 841px\" \/><\/figure>\n\n\n\n<figure class=\"wp-block-image size-large is-resized is-style-default\"><img loading=\"lazy\" decoding=\"async\" src=\"https:\/\/kantorjanosi.reformatus.hu\/iskola\/wp-content\/uploads\/sites\/2\/2021\/10\/digitalis-munkarend-2-1-724x1024.png\" alt=\"\" class=\"wp-image-853\" width=\"839\" height=\"1187\" srcset=\"https:\/\/kantorjanosi.reformatus.hu\/iskola\/wp-content\/uploads\/sites\/2\/2021\/10\/digitalis-munkarend-2-1-724x1024.png 724w, https:\/\/kantorjanosi.reformatus.hu\/iskola\/wp-content\/uploads\/sites\/2\/2021\/10\/digitalis-munkarend-2-1-212x300.png 212w, https:\/\/kantorjanosi.reformatus.hu\/iskola\/wp-content\/uploads\/sites\/2\/2021\/10\/digitalis-munkarend-2-1-768x1086.png 768w, https:\/\/kantorjanosi.reformatus.hu\/iskola\/wp-content\/uploads\/sites\/2\/2021\/10\/digitalis-munkarend-2-1-1086x1536.png 1086w, https:\/\/kantorjanosi.reformatus.hu\/iskola\/wp-content\/uploads\/sites\/2\/2021\/10\/digitalis-munkarend-2-1-1448x2048.png 1448w\" sizes=\"(max-width: 839px) 100vw, 839px\" \/><\/figure>\n\n\n\n<figure class=\"wp-block-image size-large is-resized\"><img loading=\"lazy\" decoding=\"async\" src=\"https:\/\/kantorjanosi.reformatus.hu\/iskola\/wp-content\/uploads\/sites\/2\/2020\/03\/89552465_1568664529965660_1203440486195396608_n.jpg\" alt=\"\" class=\"wp-image-163\" width=\"657\" height=\"978\" srcset=\"https:\/\/kantorjanosi.reformatus.hu\/iskola\/wp-content\/uploads\/sites\/2\/2020\/03\/89552465_1568664529965660_1203440486195396608_n.jpg 472w, https:\/\/kantorjanosi.reformatus.hu\/iskola\/wp-content\/uploads\/sites\/2\/2020\/03\/89552465_1568664529965660_1203440486195396608_n-202x300.jpg 202w\" sizes=\"(max-width: 657px) 100vw, 657px\" \/><\/figure>\n","protected":false},"excerpt":{"rendered":"","protected":false},"author":1,"featured_media":0,"parent":0,"menu_order":0,"comment_status":"closed","ping_status":"closed","template":"","meta":{"footnotes":""},"_links":{"self":[{"href":"https:\/\/kantorjanosi.reformatus.hu\/iskola\/wp-json\/wp\/v2\/pages\/162"}],"collection":[{"href":"https:\/\/kantorjanosi.reformatus.hu\/iskola\/wp-json\/wp\/v2\/pages"}],"about":[{"href":"https:\/\/kantorjanosi.reformatus.hu\/iskola\/wp-json\/wp\/v2\/types\/page"}],"author":[{"embeddable":true,"href":"https:\/\/kantorjanosi.reformatus.hu\/iskola\/wp-json\/wp\/v2\/users\/1"}],"replies":[{"embeddable":true,"href":"https:\/\/kantorjanosi.reformatus.hu\/iskola\/wp-json\/wp\/v2\/comments?post=162"}],"version-history":[{"count":4,"href":"https:\/\/kantorjanosi.reformatus.hu\/iskola\/wp-json\/wp\/v2\/pages\/162\/revisions"}],"predecessor-version":[{"id":865,"href":"https:\/\/kantorjanosi.reformatus.hu\/iskola\/wp-json\/wp\/v2\/pages\/162\/revisions\/865"}],"wp:attachment":[{"href":"https:\/\/kantorjanosi.reformatus.hu\/iskola\/wp-json\/wp\/v2\/media?parent=162"}],"curies":[{"name":"wp","href":"https:\/\/api.w.org\/{rel}","templated":true}]}}