{"id":157,"date":"2020-03-29T16:19:09","date_gmt":"2020-03-29T16:19:09","guid":{"rendered":"https:\/\/kantorjanosi.reformatus.hu\/iskola\/?page_id=157"},"modified":"2025-03-04T07:07:59","modified_gmt":"2025-03-04T07:07:59","slug":"kozzeteteli-lista","status":"publish","type":"page","link":"https:\/\/kantorjanosi.reformatus.hu\/iskola\/kozzeteteli-lista\/","title":{"rendered":"Dokumentumok"},"content":{"rendered":"\n<p>&#8211; <a href=\"https:\/\/drive.google.com\/file\/d\/1TAjAW9lbfbga5_OIVpe9gtG3GruiJGw5\/view?usp=drive_link\">H\u00e1zirend okt\u00f3ber<\/a><\/p>\n\n\n\n<p>&#8211; <a href=\"https:\/\/drive.google.com\/file\/d\/1LWcK0mErDQhlLgFmUHV6uzl5t0zzB9AC\/view?usp=drive_link\">M\u0171k\u00f6d\u00e9si enged\u00e9ly 2023.09.01<\/a><\/p>\n\n\n\n<p>&#8211; <a href=\"https:\/\/drive.google.com\/file\/d\/1zDIxNJnHQYYJE3bKpZ6zZzV7FKPDzuGk\/view?usp=drive_link\">SzMSz 2024.09.01<\/a><\/p>\n\n\n\n<p>&#8211; <a href=\"https:\/\/drive.google.com\/file\/d\/1kgh1HUYwSygZYqsxFJkrVeXgHBfmaUir\/view?usp=drive_link\" data-type=\"link\" data-id=\"https:\/\/drive.google.com\/file\/d\/1kgh1HUYwSygZYqsxFJkrVeXgHBfmaUir\/view?usp=drive_link\">Munkaterv 2024 &#8211; 2025<\/a><\/p>\n\n\n\n<p>&#8211; <a href=\"https:\/\/drive.google.com\/file\/d\/1A18PSQFFqjAofwdXSI6RJLVor2RYGVvw\/view?usp=drive_link\">Alap\u00edt\u00f3 Okirat<\/a><\/p>\n\n\n\n<p>&#8211; <a href=\"https:\/\/drive.google.com\/file\/d\/1z_UxLeVDSp9epR6RjJIC68kV_5gWwdGS\/view?usp=drive_link\">Pedag\u00f3giai Program 2024.09.01<\/a><\/p>\n\n\n\n<p>&#8211; <a href=\"https:\/\/drive.google.com\/file\/d\/1JXHwuSF0txrgAI0IPirjfrGWncvaNjf2\/view?usp=share_link\">K\u00f6zz\u00e9t\u00e9teli lista<\/a><\/p>\n\n\n\n<p>&#8211; <a href=\"https:\/\/kantorjanosi.reformatus.hu\/iskola\/mintaiskola-program-megvalositasa\/\">Mintaiskola program megval\u00f3s\u00edt\u00e1sa<\/a><\/p>\n","protected":false},"excerpt":{"rendered":"<p>&#8211; H\u00e1zirend okt\u00f3ber &#8211; M\u0171k\u00f6d\u00e9si enged\u00e9ly 2023.09.01 &#8211; SzMSz 2024.09.01 &#8211; Munkaterv 2024 &#8211; 2025 &#8211; Alap\u00edt\u00f3 Okirat &#8211; Pedag\u00f3giai Program 2024.09.01 &#8211; K\u00f6zz\u00e9t\u00e9teli lista &#8211; Mintaiskola program megval\u00f3s\u00edt\u00e1sa<\/p>\n","protected":false},"author":1,"featured_media":0,"parent":0,"menu_order":0,"comment_status":"closed","ping_status":"closed","template":"","meta":{"footnotes":""},"_links":{"self":[{"href":"https:\/\/kantorjanosi.reformatus.hu\/iskola\/wp-json\/wp\/v2\/pages\/157"}],"collection":[{"href":"https:\/\/kantorjanosi.reformatus.hu\/iskola\/wp-json\/wp\/v2\/pages"}],"about":[{"href":"https:\/\/kantorjanosi.reformatus.hu\/iskola\/wp-json\/wp\/v2\/types\/page"}],"author":[{"embeddable":true,"href":"https:\/\/kantorjanosi.reformatus.hu\/iskola\/wp-json\/wp\/v2\/users\/1"}],"replies":[{"embeddable":true,"href":"https:\/\/kantorjanosi.reformatus.hu\/iskola\/wp-json\/wp\/v2\/comments?post=157"}],"version-history":[{"count":10,"href":"https:\/\/kantorjanosi.reformatus.hu\/iskola\/wp-json\/wp\/v2\/pages\/157\/revisions"}],"predecessor-version":[{"id":1365,"href":"https:\/\/kantorjanosi.reformatus.hu\/iskola\/wp-json\/wp\/v2\/pages\/157\/revisions\/1365"}],"wp:attachment":[{"href":"https:\/\/kantorjanosi.reformatus.hu\/iskola\/wp-json\/wp\/v2\/media?parent=157"}],"curies":[{"name":"wp","href":"https:\/\/api.w.org\/{rel}","templated":true}]}}