{"id":98,"date":"2019-11-25T22:31:36","date_gmt":"2019-11-25T22:31:36","guid":{"rendered":"https:\/\/kantorjanosi.reformatus.hu\/gyulekezet\/?page_id=98"},"modified":"2019-11-25T22:31:36","modified_gmt":"2019-11-25T22:31:36","slug":"gondnokok-algondnokok","status":"publish","type":"page","link":"https:\/\/kantorjanosi.reformatus.hu\/gyulekezet\/gondnokok-algondnokok\/","title":{"rendered":"Gondnokok, algondnokok"},"content":{"rendered":"\n<p><strong>F\u0151gondnokok, gondnokok:<\/strong><br><br>Hori J\u00e1nos 1770<br>Pankotay Andr\u00e1s 1771<br>Nagy Gy\u00f6rgy 1772<br>Geszti Gy\u00f6rgy 1773\u20131774<br>Barak Andr\u00e1s 1775\u20131777<br>Barta J\u00e1nos 1778<br>Ibr\u00e1nyi G\u00e1sp\u00e1r 1779<br>Ikl\u00f3dy L\u00e1szl\u00f3 1789-1790<br>Kosztol\u00e1nyi L\u00e1szl\u00f3 1791 <br>Budah\u00e1zi Mikl\u00f3s 1792<br>V\u00e1radi Ferenc 1793<br>Nagy Gy\u00f6rgy 1794\u20131795<br>G\u00e1l Mih\u00e1ly 1796\u20131808<br>Szucs\u00e1nyi S\u00e1muel 1813<br>Ibr\u00e1nyi Istv\u00e1n \u20131849<br><em>Erdei S\u00e1muel 1850\u20131853<\/em><br>Komor\u00f3czy P\u00e9ter 1853<br>Csuja Imre 1894\u20131889<br>Elek Imre 1898\u20131902<br>Ibr\u00e1nyi Istv\u00e1n 1902\u20131908<br>Ibr\u00e1nyi J\u00e1nos 1909\u20131921<br>Pankotay G\u00e1bor 1921-1931<br>id. P\u00e9ter J\u00e1nos 1933\u20131934<br>Dr. Nagy K\u00e1lm\u00e1n 1939\u20131949<br>P\u00e9ter Mikl\u00f3s 1940\u20131949<br>Juh\u00e1sz Gy\u00f6rgy 1950<br>Tarczali S\u00e1ndor 1950\u20131952<br>G\u00e1l Mikl\u00f3s 1952\u20131953<br>Kov\u00e1cs K\u00e1lm\u00e1n 1953\u20131955<br>Dobos K\u00e1roly 1955\u20131958<br>Balogh Zsigmond 1960<br>(Sz\u00e1szi) Balogh J\u00f3zsef 1980\u20131981<br>Mennyh\u00e1rt J\u00e1nos 1983<br>Asztalos Mikl\u00f3s <br>G\u00e1l Attila 2009<br>Elek Istv\u00e1nn\u00e9 2009\u2013<\/p>\n\n\n\n<p><strong>Algondnokok:<\/strong><\/p>\n\n\n\n<p>Ga\u00e1l Istv\u00e1n 1794<br><em>Erdei S\u00e1muel 1850\u20131853<\/em><br>Ibr\u00e1nyi Istv\u00e1n 1853<br>Ibr\u00e1nyi Istv\u00e1n 1898\u20131900<br>Szucs\u00e1nyi L\u00e1szl\u00f3 1902\u20131909<br>Moln\u00e1r K\u00e1roly 1909\u20131911<br>Pankotai G\u00e1bor 1920\u20131921<br>P\u00e9ter J\u00f3zsef 1921<br>Dobos J\u00f3zsef 1939\u20131942; 1948\u20131949<br>Tarczali S\u00e1ndor 1950<br>P\u00e9ter Istv\u00e1n kiseg\u00edt\u0151 gondnok 1950<br>N\u00e9meth Imre 1952<br>G\u00e1l Mikl\u00f3s 1953\u20131955 <br>Czine Zsigmond 1960 <\/p>\n","protected":false},"excerpt":{"rendered":"<p>F\u0151gondnokok, gondnokok: Hori J\u00e1nos 1770Pankotay Andr\u00e1s 1771Nagy Gy\u00f6rgy 1772Geszti Gy\u00f6rgy 1773\u20131774Barak Andr\u00e1s 1775\u20131777Barta J\u00e1nos 1778Ibr\u00e1nyi G\u00e1sp\u00e1r 1779Ikl\u00f3dy L\u00e1szl\u00f3 1789-1790Kosztol\u00e1nyi L\u00e1szl\u00f3 1791 Budah\u00e1zi Mikl\u00f3s 1792V\u00e1radi Ferenc 1793Nagy Gy\u00f6rgy 1794\u20131795G\u00e1l Mih\u00e1ly 1796\u20131808Szucs\u00e1nyi S\u00e1muel 1813Ibr\u00e1nyi Istv\u00e1n \u20131849Erdei S\u00e1muel 1850\u20131853Komor\u00f3czy P\u00e9ter 1853Csuja Imre 1894\u20131889Elek [&hellip;]<\/p>\n","protected":false},"author":1,"featured_media":0,"parent":0,"menu_order":0,"comment_status":"closed","ping_status":"closed","template":"","meta":{"footnotes":""},"_links":{"self":[{"href":"https:\/\/kantorjanosi.reformatus.hu\/gyulekezet\/wp-json\/wp\/v2\/pages\/98"}],"collection":[{"href":"https:\/\/kantorjanosi.reformatus.hu\/gyulekezet\/wp-json\/wp\/v2\/pages"}],"about":[{"href":"https:\/\/kantorjanosi.reformatus.hu\/gyulekezet\/wp-json\/wp\/v2\/types\/page"}],"author":[{"embeddable":true,"href":"https:\/\/kantorjanosi.reformatus.hu\/gyulekezet\/wp-json\/wp\/v2\/users\/1"}],"replies":[{"embeddable":true,"href":"https:\/\/kantorjanosi.reformatus.hu\/gyulekezet\/wp-json\/wp\/v2\/comments?post=98"}],"version-history":[{"count":1,"href":"https:\/\/kantorjanosi.reformatus.hu\/gyulekezet\/wp-json\/wp\/v2\/pages\/98\/revisions"}],"predecessor-version":[{"id":99,"href":"https:\/\/kantorjanosi.reformatus.hu\/gyulekezet\/wp-json\/wp\/v2\/pages\/98\/revisions\/99"}],"wp:attachment":[{"href":"https:\/\/kantorjanosi.reformatus.hu\/gyulekezet\/wp-json\/wp\/v2\/media?parent=98"}],"curies":[{"name":"wp","href":"https:\/\/api.w.org\/{rel}","templated":true}]}}