{"id":89,"date":"2019-11-25T22:21:20","date_gmt":"2019-11-25T22:21:20","guid":{"rendered":"https:\/\/kantorjanosi.reformatus.hu\/gyulekezet\/?page_id=89"},"modified":"2019-11-25T22:22:51","modified_gmt":"2019-11-25T22:22:51","slug":"lelkeszi-nevsor","status":"publish","type":"page","link":"https:\/\/kantorjanosi.reformatus.hu\/gyulekezet\/lelkeszi-nevsor\/","title":{"rendered":"Lelk\u00e9szi n\u00e9vsor"},"content":{"rendered":"\n<p>1. Istv\u00e1n 1577. nyar\u00e1ig.<\/p>\n\n\n\n<p>2. Pisk\u00f3ti P\u00e9ter 1616\u20131617.<\/p>\n\n\n\n<p>3. D\u00e1ny\u00e1di G\u00e1bor 1618.<\/p>\n\n\n\n<p>4. Pisk\u00f3ti P\u00e9ter 1619\u20131620.<\/p>\n\n\n\n<p>5. \u00d3v\u00e1ri P\u00e9ter 1621\u20131625.<\/p>\n\n\n\n<p>6. N\u00e1br\u00e1di Mih\u00e1ly 1626\u201326.<\/p>\n\n\n\n<p>7. \u00dajlaki B\u00e1lint 1646. k\u00f6r\u00fcl<\/p>\n\n\n\n<p>8. P\u00e1lfalvi Gy\u00f6rgy 1727\u20131730\n<\/p>\n\n\n\n<p>9 Derecskei Mih\u00e1ly 1730\u20131738<\/p>\n\n\n\n<p>10. Z\u00e1gonyi J\u00f3zsef 1738\u20131740<\/p>\n\n\n\n<p>11. Mocsi Mih\u00e1ly 1740\u20131742<\/p>\n\n\n\n<p>12. Kereszt\u00fari Luk\u00e1cs esperes 1743\u201345<\/p>\n\n\n\n<p>13. Huszti Istv\u00e1n 1746\u20131747<\/p>\n\n\n\n<p>14. \u00d3dor-Vasv\u00e1ry Istv\u00e1n 1747\u20131758<\/p>\n\n\n\n<p>15. Sz\u00e9kely Tasn\u00e1di Istv\u00e1n\nesperes 1758\u20131768<\/p>\n\n\n\n<p>16. Berhidai Keresztes\nMih\u00e1ly esperes 1769\u20131774. \u00e1prilis 04. <\/p>\n\n\n\n<p>17. Sikl\u00f3si Istv\u00e1n 1775\u20131778<\/p>\n\n\n\n<p>18. Berhidai Keresztes\nMih\u00e1ly esperes 1778\u20131786<\/p>\n\n\n\n<p>19. Szikszay J\u00f3zsef 1786<\/p>\n\n\n\n<p>20. Debreczeni Nagy Istv\u00e1n\n1787\u20131795. j\u00falius 28.<\/p>\n\n\n\n<p>21. Kar\u00e1csony G\u00e1bor 1796.\n\u00e1prilis 1.\u20131803. febru\u00e1r 13. <\/p>\n\n\n\n<p>22. Losonczi Kulifay Mikl\u00f3s\n1803. m\u00e1rcius 30.\u20131838. m\u00e1rcius 4.<\/p>\n\n\n\n<p>23. Segesv\u00e1ry Mih\u00e1ly esperes\n1838. \u00e1prilis 1.\u20131866. december 13.<\/p>\n\n\n\n<p>24. Segesv\u00e1ry J\u00f3zsef esperes\n1867. janu\u00e1r 1.\u20131912. febru\u00e1r 18.<\/p>\n\n\n\n<p>25. R\u00e1cz Istv\u00e1n helyettes\nlelk\u00e9sz 1912<\/p>\n\n\n\n<p>26. G\u00f6nczy J\u00f3zsef 1912.\nszeptember 2.\u20131950. \u00e1prilis 6.<\/p>\n\n\n\n<p>27. Jeney L\u00e1szl\u00f3 1950.\nnovember 1. \u20131959. december 31.<\/p>\n\n\n\n<p>28.\nBacskay L\u00e1szl\u00f3 1960. janu\u00e1r 1.\u20131996. augusztus 31.<\/p>\n\n\n\n<p>29.\nK\u00f3r\u00f3di K\u00e1roly helyettes lelk\u00e9sz 1996. szeptember 1.\u20131997.augusztus 31.<\/p>\n\n\n\n<p>30.\nMona J\u00f3zsef helyettes lelk\u00e9sz 1997.szeptember 1.\u20132008. augusztus 31.<\/p>\n\n\n\n<p>31.\nSink\u00f3-P\u00e1ricsi Babett helyettes lelk\u00e9sz 2008.szeptember 1. \u2013t\u0151l <br><\/p>\n","protected":false},"excerpt":{"rendered":"<p>1. Istv\u00e1n 1577. nyar\u00e1ig. 2. Pisk\u00f3ti P\u00e9ter 1616\u20131617. 3. D\u00e1ny\u00e1di G\u00e1bor 1618. 4. Pisk\u00f3ti P\u00e9ter 1619\u20131620. 5. \u00d3v\u00e1ri P\u00e9ter 1621\u20131625. 6. N\u00e1br\u00e1di Mih\u00e1ly 1626\u201326. 7. \u00dajlaki B\u00e1lint 1646. k\u00f6r\u00fcl 8. P\u00e1lfalvi Gy\u00f6rgy 1727\u20131730 9 Derecskei Mih\u00e1ly 1730\u20131738 10. Z\u00e1gonyi J\u00f3zsef [&hellip;]<\/p>\n","protected":false},"author":1,"featured_media":0,"parent":0,"menu_order":0,"comment_status":"closed","ping_status":"closed","template":"","meta":{"footnotes":""},"_links":{"self":[{"href":"https:\/\/kantorjanosi.reformatus.hu\/gyulekezet\/wp-json\/wp\/v2\/pages\/89"}],"collection":[{"href":"https:\/\/kantorjanosi.reformatus.hu\/gyulekezet\/wp-json\/wp\/v2\/pages"}],"about":[{"href":"https:\/\/kantorjanosi.reformatus.hu\/gyulekezet\/wp-json\/wp\/v2\/types\/page"}],"author":[{"embeddable":true,"href":"https:\/\/kantorjanosi.reformatus.hu\/gyulekezet\/wp-json\/wp\/v2\/users\/1"}],"replies":[{"embeddable":true,"href":"https:\/\/kantorjanosi.reformatus.hu\/gyulekezet\/wp-json\/wp\/v2\/comments?post=89"}],"version-history":[{"count":2,"href":"https:\/\/kantorjanosi.reformatus.hu\/gyulekezet\/wp-json\/wp\/v2\/pages\/89\/revisions"}],"predecessor-version":[{"id":92,"href":"https:\/\/kantorjanosi.reformatus.hu\/gyulekezet\/wp-json\/wp\/v2\/pages\/89\/revisions\/92"}],"wp:attachment":[{"href":"https:\/\/kantorjanosi.reformatus.hu\/gyulekezet\/wp-json\/wp\/v2\/media?parent=89"}],"curies":[{"name":"wp","href":"https:\/\/api.w.org\/{rel}","templated":true}]}}