{"id":858,"date":"2023-10-21T17:30:11","date_gmt":"2023-10-21T17:30:11","guid":{"rendered":"https:\/\/kantorjanosi.reformatus.hu\/gyulekezet\/?page_id=858"},"modified":"2025-06-30T12:13:53","modified_gmt":"2025-06-30T12:13:53","slug":"temetoi-szabalyzat","status":"publish","type":"page","link":"https:\/\/kantorjanosi.reformatus.hu\/gyulekezet\/temetoi-szabalyzat\/","title":{"rendered":"Temet\u0151i Szab\u00e1lyzat"},"content":{"rendered":"\n<figure class=\"wp-block-table aligncenter\"><table><tbody><tr><td class=\"has-text-align-center\" data-align=\"center\">A presbit\u00e9rium 12 igen, nem \u00e9s tart\u00f3zkod\u00e1s n\u00e9lk\u00fcl m\u00f3dos\u00edtja a 24\/2023-as sz\u00e1m\u00fa temet\u0151i rendeletet az al\u00e1bbi m\u00f3don: <br>\u00a0<br> <strong>Reform\u00e1tus Temet\u0151i Szab\u00e1lyzat<\/strong><br> <strong>&#8211; m\u00f3dos\u00edt\u00e1s &#8211;<\/strong> \u00a0 <br><br>I. FEJEZET <br><strong>\u00c1ltal\u00e1nos rendelkez\u00e9sek<\/strong> <strong>\u00a0<\/strong><br><br> <strong>1. A temet\u0151i rendelet hat\u00e1lya<\/strong><br><br>1.) A szab\u00e1lyzat hat\u00e1lya kiterjed a K\u00e1ntorj\u00e1nosi 0136\/2 hrsz-\u00fa, kivett temet\u0151k\u00e9nt bejegyzett temet\u0151i ingatlanon l\u00e9v\u0151 minden azonos\u00edthat\u00f3 \u00e1llapotban l\u00e9v\u0151 s\u00edrhelyre, \u00e9s az ott eltemetettek hozz\u00e1tartoz\u00f3ira; tov\u00e1bb\u00e1 minden temet\u0151t l\u00e1togat\u00f3, gondoz\u00f3, haszn\u00e1l\u00f3 emberre. <br>2.) A Reform\u00e1tus Temet\u0151 nem csak v\u00e9gs\u0151 nyughely, hanem egyben t\u00f6rt\u00e9nelmi eml\u00e9kkert is, ez\u00e9rt a presbit\u00e9rium s\u00edrhelymegv\u00e1lt\u00e1st nem \u00edr el\u0151 a kor\u00e1bban eltemetett s\u00edrhelyekre. <br><br>  <strong>2. \u00c9rtelemz\u0151 rendelkez\u00e9sek<\/strong> <br><br>3.) Jelen szab\u00e1lyrendeletben alkalmazott fogalmak: <br><em>s\u00edreml\u00e9k<\/em>: A temet\u00e9si helyen kialak\u00edtott s\u00edrhant, s\u00edrkeret \u00e9s s\u00edrjel egy\u00fcttese. <br><em>s\u00edrjel<\/em>: A temet\u00e9si helyen elhelyezett sz\u00f6veggel ell\u00e1tott jel, mely az oda eltemetettel kapcsolatos inform\u00e1ci\u00f3t k\u00f6z\u00f6l. <br><em>jeltelen<\/em> <em>s\u00edr:<\/em> Olyan s\u00edrok, s\u00edrhalmok, melyek nincsenek ell\u00e1tva s\u00edrjellel. <br><em>haszn\u00e1lati id\u0151:<\/em> Az az id\u0151szak, amely ideig a s\u00edrhelyet s\u00edrhelymegv\u00e1lt\u00e1si adom\u00e1nnyal megv\u00e1lt\u00f3 a s\u00edrhely felett rendelkezni, azt az el\u0151\u00edr\u00e1sok szerint haszn\u00e1lni jogosult. <br><em>s\u00edrnyit\u00e1s:<\/em> Egy \u00fcres (vagy annak v\u00e9lt) ter\u00fcleten egy \u00faj s\u00edrhely kialak\u00edt\u00e1sa. <br><em>r\u00e1temet\u00e9s<\/em>: Csak olyan s\u00edrban megengedett, ahol a kor\u00e1bban elhelyezett kopors\u00f3 felett a r\u00e1temet\u00e9ssel \u00e9rintett kopors\u00f3 m\u00e9g legal\u00e1bb 1,6 m m\u00e9lyen elhelyezhet\u0151. <br><em>exhum\u00e1l\u00e1s<\/em>: Temet\u00e9si hely ki\u00fcr\u00edt\u00e9se, amely \u00e1ltal\u00e1ban t\u00f6rt\u00e9nhet a maradv\u00e1nyok elsz\u00e1ll\u00edt\u00e1s\u00e1val \u00e9s \u00fajratemet\u00e9s\u00e9vel, vagy n\u00e9vvel ell\u00e1tottan csontt\u00e1rban t\u00f6rt\u00e9n\u0151 elhelyez\u00e9ssel. <br><em>megv\u00e1ltott s\u00edrhely<\/em>: Temetett, \u00e9s a porlad\u00e1si id\u0151 letelt\u00e9ig, vagy \u00fajrav\u00e1lt\u00e1s eset\u00e9ben az el\u0151\u00edrt id\u0151ig a s\u00edr f\u00f6l\u00f6tt rendelkezni jogosult szem\u00e9lyhez k\u00f6thet\u0151 temet\u00e9si hely. <br><em>temet\u00e9sbe nem volt z\u00f6ld fel\u00fcletek:<\/em> A temet\u0151kert azon r\u00e9szei, amelyekben temet\u00e9s nem folyik, de fenntart\u00f3i d\u00f6nt\u00e9s alapj\u00e1n, a vonatkoz\u00f3 el\u0151\u00edr\u00e1sok betart\u00e1sa mellett rajtuk s\u00edrparcella kialak\u00edthat\u00f3. <em>t\u00f6rt\u00e9nelmi eml\u00e9kkerti ter\u00fclet:<\/em> Mindannak a ter\u00fclet \u00f6sszefoglal\u00f3 neve, ahov\u00e1 2025. j\u00fanius\u00e1ig temetkez\u00e9sek t\u00f6rt\u00e9ntek. A t\u00f6rt\u00e9nelmi eml\u00e9kkerti ter\u00fclet k\u00fcl\u00f6n szab\u00e1lyoz\u00e1s al\u00e1 esik. \u00a0<br><br> II. FEJEZET <br><strong>A t\u00f6rt\u00e9nelmi eml\u00e9kkerti ter\u00fcletre vonatkoz\u00f3 szab\u00e1lyoz\u00e1sok<\/strong> \u00a0 <br><br>4.) A Reform\u00e1tus Temet\u0151 \u00fczemeltet\u00e9s\u00e9hez \u00e1llami forr\u00e1st az egyh\u00e1zk\u00f6zs\u00e9g nem kap, \u00e9s nem is jogosult r\u00e1.\u00a0 <br>5.) A Reform\u00e1tus Temet\u0151 \u00fath\u00e1l\u00f3zat\u00e1nak karbantart\u00e1s\u00e1hoz, a s\u00edrok megk\u00f6zel\u00edthet\u0151s\u00e9ge \u00e9rdek\u00e9ben a Presbit\u00e9rium 24\/2023. sz\u00e1m\u00fa hat\u00e1rozat\u00e1ban el\u0151ir\u00e1nyozza, hogy <strong>s\u00edrhelyenk\u00e9nt 2000 Ft\/\u00e9v temet\u0151-fenntart\u00e1si hozz\u00e1j\u00e1rul\u00e1st<\/strong> k\u00f6teles fizetni az adott s\u00edrhely legal\u00e1bb egy hozz\u00e1tartoz\u00f3ja. Az el\u0151ir\u00e1nyzott minim\u00e1lis \u00f6sszegt\u0151l magasabb \u00f6sszeg ir\u00e1ny\u00e1ba el lehet t\u00e9rni. <br>6.) A 5.) pont al\u00f3l kiv\u00e9telt k\u00e9peznek a Reform\u00e1tus Temet\u0151ben nyugv\u00f3 lelkip\u00e1sztorok, a telep\u00fcl\u00e9s m\u00faltj\u00e1nak egyh\u00e1zi \u00e9s vil\u00e1gi el\u0151j\u00e1r\u00f3s\u00e1gai (egyh\u00e1zi f\u0151gondnokok, f\u0151b\u00edr\u00f3k, polg\u00e1rmesterek, stb\u2026), illetve a m\u00faltban, az egyh\u00e1zk\u00f6zs\u00e9g \u00e1ltal fel\u00e1ll\u00edtott s\u00edreml\u00e9kek alatt nyugv\u00f3 szem\u00e9lyek s\u00edrhelyei \u00e9s az ott eltemetettek. <br>7.) A temet\u0151-fenntart\u00e1si hozz\u00e1j\u00e1rul\u00e1s megfizet\u00e9se \u00f6nk\u00e9ntes alap\u00fa. A d\u00edjrendez\u00e9s elmarad\u00e1sa eset\u00e9n az egyh\u00e1zk\u00f6zs\u00e9g nem \u00e9lhet jogig\u00e9nnyel. <br>8.) Az egyh\u00e1zk\u00f6zs\u00e9g fenntartja mag\u00e1nak azt a jogot, hogy a temet\u0151-fenntart\u00e1si d\u00edjat rendez\u0151 szem\u00e9lyekkel szemben, a temet\u0151gondoz\u00e1s sor\u00e1n, pozit\u00edv elb\u00edr\u00e1l\u00e1st alkalmazzon. <br>9.) A temet\u0151-fenntart\u00e1si hozz\u00e1j\u00e1rul\u00e1si d\u00edjb\u00f3l az egyh\u00e1zk\u00f6zs\u00e9g szem\u00e9lyeket, v\u00e1llalkoz\u00f3kat b\u00edz meg, hogy a karbantart\u00e1st elv\u00e9gezz\u00e9k. A karbantart\u00e1si munk\u00e1k ideje, gyakoris\u00e1ga, kiterjedts\u00e9ge a befizet\u00e9sekt\u0151l f\u00fcgg. A Presbit\u00e9rium kik\u00f6ti, hogy kev\u00e9s befizet\u00e9s eset\u00e9n, kevesebb munk\u00e1t v\u00e9geztet el! <br>10.) A temet\u0151-fenntart\u00e1si hozz\u00e1j\u00e1rul\u00e1s megfizet\u00e9s\u00e9nek m\u00f3djai: a.) <strong>k\u00e9szp\u00e9nzes<\/strong> befizet\u00e9sk\u00e9nt, \u00e1tv\u00e9teli elismerv\u00e9ny ellen\u00e9ben, az egyh\u00e1zk\u00f6zs\u00e9g p\u00e9nzt\u00e1r\u00e1ba.\u00a0\u00a0\u00a0\u00a0\u00a0\u00a0\u00a0 Befizet\u00e9si lehet\u0151s\u00e9g: a F\u0151gondnokn\u00e1l \u00e9s az egyh\u00e1zk\u00f6zs\u00e9gi P\u00e9nzt\u00e1rosn\u00e1l. b.) <strong>Utal\u00e1ssal <\/strong>a<strong> 10918001-00000021-80620018<\/strong> sz\u00e1m\u00fa UniCredit Bankn\u00e1l vezetett egyh\u00e1zk\u00f6zs\u00e9gi banksz\u00e1ml\u00e1ra. K\u00f6zlem\u00e9nybe k\u00e9rj\u00fck be\u00edrni a rendezni k\u00edv\u00e1nt s\u00edrhely, s\u00edrhelyek sorsz\u00e1m\u00e1t, amit az egyh\u00e1zk\u00f6zs\u00e9g kirendelt az adott s\u00edrhoz. Err\u0151l inform\u00e1ci\u00f3val a K\u00e1ntorj\u00e1nosi Reform\u00e1tus Egyh\u00e1zk\u00f6zs\u00e9g rendelkezik. <br><br> III. FEJEZET <br><strong>Temet\u00e9si helyek<\/strong> \u00a0 <br><br>11.) A reform\u00e1tus temet\u0151 ter\u00fclete parcell\u00e1kra van osztva. (l\u00e1sd az 1. sz\u00e1m\u00fa mell\u00e9kletben). <br>12.) A s\u00edrhelyek a t\u00f6rt\u00e9nelmi eml\u00e9kkerti ter\u00fcleten bel\u00fcl ker\u00fclnek kioszt\u00e1sra, azonban az \u00faj s\u00edrhelyekre m\u00e1r a III.\u2013IV. Fejezet rendeletei vonatkoznak.\u00a0 <br>13.) A temet\u0151ben az al\u00e1bbi t\u00edpus\u00fa s\u00edrhelyt\u00edpusok biztos\u00edthat\u00f3ak: egyes s\u00edrhelykettes s\u00edrhelyh\u00e1rmas s\u00edrhely <br>14.) A s\u00edrhelyek k\u00fclm\u00e9retei legfeljebb: egyes s\u00edrhely: 2,1 m\u00e9ter hossz\u00fa, 1 m\u00e9ter sz\u00e9les, 2 m\u00e9ter m\u00e9ly kettes s\u00edrhely: 2,1 m\u00e9ter hossz\u00fa, 1,8 m\u00e9ter sz\u00e9les, 2 m\u00e9ter m\u00e9ly h\u00e1rmas s\u00edrhely: 2,1 m\u00e9ter hossz\u00fa, 2,4 m\u00e9ter sz\u00e9les, 2 m\u00e9ter m\u00e9ly <br>15.) A s\u00edrhelyek k\u00f6z\u00f6tt 0,5 m\u00e9ter, a sorok k\u00f6z\u00f6tt 1 m\u00e9ter t\u00e1vols\u00e1got kell hagyni. <br>16.) A fenti m\u00e9retek betart\u00e1sa a k\u0151alap\u00fa s\u00edrk\u00f6vek \u00e1ll\u00edt\u00e1sa eset\u00e9n is betartand\u00f3. <br>17.) R\u00e1temet\u00e9s minden esetben 25 \u00e9v eltelte ut\u00e1n lehets\u00e9ges. <br>18.) A presbit\u00e9rium a 23\/2025. sz\u00e1m\u00fa hat\u00e1rozat \u00e9rtelm\u00e9ben s\u00edrbolt (kripta) l\u00e9tes\u00edt\u00e9se a temet\u0151 t\u00f6rt\u00e9nelmi \u00e9rt\u00e9ke miatt nem enged\u00e9lyezett. <br>19.) \u00daj s\u00edrk\u0151 \u00e1ll\u00edt\u00e1sa eset\u00e9ben a s\u00edrk\u0151 k\u00f6z\u00edzl\u00e9st \u00e9s a temet\u0151 \u00f6sszk\u00e9p\u00e9t nem s\u00e9rtheti. \u00a0 <br><br>IV. FEJEZET <br><strong>S\u00edrhelyek t\u00e9r\u00edt\u00e9si d\u00edjai<\/strong> <strong>\u00a0<\/strong><br><br> 20.) Jelen rendelet hat\u00e1lybal\u00e9p\u00e9se ut\u00e1n nyitott \u00faj s\u00edrok eset\u00e9ben a k\u00f6vetkez\u0151 s\u00edrhelymegv\u00e1lt\u00e1si adom\u00e1nyokat ir\u00e1nyoz el\u0151 a presbit\u00e9rium: egyes s\u00edrhely: 12.000 Forint 25 \u00e9vre kettes s\u00edrhely: 24.000 Forint 25 \u00e9vre h\u00e1rmas s\u00edrhely: 36.000 Forint 25 \u00e9vre <br>21.) F\u00f6ldbe \u00e1sott \u00farnas\u00edr eset\u00e9ben is ezek a d\u00edjak m\u00e9rvad\u00f3k. <br>22.) S\u00edrhely ig\u00e9nyl\u00e9s eset\u00e9n a s\u00edrhelyet az ig\u00e9nyl\u0151 k\u00f6teles gondozni az adott ter\u00fcletet, a betemet\u00e9s napja ut\u00e1n pedig megfizetni a s\u00edrhelymegv\u00e1lt\u00e1si adom\u00e1ny d\u00edj\u00e1t. <br>23.) A rendszeres egyh\u00e1zfenntart\u00f3i j\u00e1rul\u00e9kot fizet\u0151 szem\u00e9lyek (akik legal\u00e1bb 5 \u00e9vre visszamen\u0151leg, kihagy\u00e1s n\u00e9lk\u00fcl rendezt\u00e9k az egyh\u00e1zfenntart\u00e1st), 50%-os kedvezm\u00e9nyben r\u00e9szes\u00fclnek a 20.) pontban meghat\u00e1rozott s\u00edrhelymegv\u00e1lt\u00e1si adom\u00e1ny d\u00edjakb\u00f3l. \u00a0 <br><br>V. FEJEZET <br><strong>Z\u00e1r\u00f3 rendelkez\u00e9sek<\/strong> <br>\u00a0 <br>24.) Az egyh\u00e1zk\u00f6zs\u00e9g a p\u00e9nz\u00fcgyi \u00e1tl\u00e1that\u00f3s\u00e1g \u00e9rdek\u00e9ben, minden \u00e9v janu\u00e1r 15-ig k\u00f6teles nyilv\u00e1nosan k\u00f6zz\u00e9tenni a Reform\u00e1tus Temet\u0151 el\u0151z\u0151 \u00e9vi p\u00e9nz\u00fcgyi adatait. A p\u00e9nz\u00fcgyi besz\u00e1mol\u00f3nak tartalmaznia kell a befizet\u00e9sek darabsz\u00e1m\u00e1t (a befizet\u0151k nev\u00e9t adatv\u00e9delmi okok miatt nem tartalmazhatja) \u00e9s a befizetett \u00f6sszegek summ\u00e1j\u00e1t, tov\u00e1bb\u00e1 minden kiad\u00e1st, amit ebb\u0151l a forr\u00e1sb\u00f3l finansz\u00edroztak. Maradv\u00e1ny eset\u00e9n a maradv\u00e1ny felt\u00fcntet\u00e9se is k\u00f6telez\u0151, \u00e9s a k\u00f6vetkez\u0151 \u00e9vi besz\u00e1mol\u00f3ban ez is felt\u0171ntetend\u0151. <br>25.) A p\u00e9nz\u00fcgyi besz\u00e1mol\u00f3 nyilv\u00e1noss\u00e1gra hozatal\u00e1nak m\u00f3djai: <br>a.)\u00a0 sz\u00f3sz\u00e9ki hirdet\u00e9s <br>b.) nyomtatott form\u00e1ban (\u00fajs\u00e1g, sz\u00f3r\u00f3lap, stb\u2026) <br>c.) online, nem szerkeszthet\u0151 form\u00e1ban <br>26.) Panasz\u00e1val a K\u00e1ntorj\u00e1nosi Reform\u00e1tus Egyh\u00e1zk\u00f6zs\u00e9g presbit\u00e9rium\u00e1hoz fordulhat. \u00a0<br><br> Jelen Reform\u00e1tus Temet\u0151i Szab\u00e1lyzat 2025. j\u00fanius 11-t\u0151l \u00e9rv\u00e9nyes. \u00a0 <br><br>Kelt: K\u00e1ntorj\u00e1nosi, 2025.06.11. \u00a0 \u00a0<br> <strong>\u00a0<\/strong> <br><\/td><\/tr><\/tbody><\/table><figcaption class=\"wp-element-caption\">1. sz\u00e1m\u00fa mell\u00e9klet:<\/figcaption><\/figure>\n\n\n\n<figure class=\"wp-block-image size-large\"><img loading=\"lazy\" decoding=\"async\" width=\"979\" height=\"1024\" src=\"https:\/\/kantorjanosi.reformatus.hu\/gyulekezet\/wp-content\/uploads\/sites\/3\/2025\/06\/terv1.1-1-979x1024.png\" alt=\"\" class=\"wp-image-890\" srcset=\"https:\/\/kantorjanosi.reformatus.hu\/gyulekezet\/wp-content\/uploads\/sites\/3\/2025\/06\/terv1.1-1-979x1024.png 979w, https:\/\/kantorjanosi.reformatus.hu\/gyulekezet\/wp-content\/uploads\/sites\/3\/2025\/06\/terv1.1-1-287x300.png 287w, https:\/\/kantorjanosi.reformatus.hu\/gyulekezet\/wp-content\/uploads\/sites\/3\/2025\/06\/terv1.1-1-768x803.png 768w, https:\/\/kantorjanosi.reformatus.hu\/gyulekezet\/wp-content\/uploads\/sites\/3\/2025\/06\/terv1.1-1-1468x1536.png 1468w, https:\/\/kantorjanosi.reformatus.hu\/gyulekezet\/wp-content\/uploads\/sites\/3\/2025\/06\/terv1.1-1-1958x2048.png 1958w\" sizes=\"(max-width: 979px) 100vw, 979px\" \/><\/figure>\n\n\n\n<p><\/p>\n","protected":false},"excerpt":{"rendered":"<p>A presbit\u00e9rium 12 igen, nem \u00e9s tart\u00f3zkod\u00e1s n\u00e9lk\u00fcl m\u00f3dos\u00edtja a 24\/2023-as sz\u00e1m\u00fa temet\u0151i rendeletet az al\u00e1bbi m\u00f3don: \u00a0 Reform\u00e1tus Temet\u0151i Szab\u00e1lyzat &#8211; m\u00f3dos\u00edt\u00e1s &#8211; \u00a0 I. FEJEZET \u00c1ltal\u00e1nos rendelkez\u00e9sek \u00a0 1. A temet\u0151i rendelet hat\u00e1lya 1.) A szab\u00e1lyzat hat\u00e1lya kiterjed [&hellip;]<\/p>\n","protected":false},"author":1,"featured_media":0,"parent":0,"menu_order":0,"comment_status":"closed","ping_status":"closed","template":"","meta":{"footnotes":""},"_links":{"self":[{"href":"https:\/\/kantorjanosi.reformatus.hu\/gyulekezet\/wp-json\/wp\/v2\/pages\/858"}],"collection":[{"href":"https:\/\/kantorjanosi.reformatus.hu\/gyulekezet\/wp-json\/wp\/v2\/pages"}],"about":[{"href":"https:\/\/kantorjanosi.reformatus.hu\/gyulekezet\/wp-json\/wp\/v2\/types\/page"}],"author":[{"embeddable":true,"href":"https:\/\/kantorjanosi.reformatus.hu\/gyulekezet\/wp-json\/wp\/v2\/users\/1"}],"replies":[{"embeddable":true,"href":"https:\/\/kantorjanosi.reformatus.hu\/gyulekezet\/wp-json\/wp\/v2\/comments?post=858"}],"version-history":[{"count":3,"href":"https:\/\/kantorjanosi.reformatus.hu\/gyulekezet\/wp-json\/wp\/v2\/pages\/858\/revisions"}],"predecessor-version":[{"id":891,"href":"https:\/\/kantorjanosi.reformatus.hu\/gyulekezet\/wp-json\/wp\/v2\/pages\/858\/revisions\/891"}],"wp:attachment":[{"href":"https:\/\/kantorjanosi.reformatus.hu\/gyulekezet\/wp-json\/wp\/v2\/media?parent=858"}],"curies":[{"name":"wp","href":"https:\/\/api.w.org\/{rel}","templated":true}]}}