{"id":842,"date":"2022-05-07T21:31:22","date_gmt":"2022-05-07T21:31:22","guid":{"rendered":"https:\/\/kantorjanosi.reformatus.hu\/gyulekezet\/?page_id=842"},"modified":"2022-05-07T21:31:23","modified_gmt":"2022-05-07T21:31:23","slug":"anyak-napja","status":"publish","type":"page","link":"https:\/\/kantorjanosi.reformatus.hu\/gyulekezet\/anyak-napja\/","title":{"rendered":"Any\u00e1k napja"},"content":{"rendered":"\n<p>Az \u00f3vod\u00e1sok \u00e9s iskol\u00e1s di\u00e1kjaink az \u00e9desany\u00e1kat k\u00f6sz\u00f6nt\u00f6tt\u00e9k 2022. m\u00e1jus 01-\u00e9n. K\u00f6sz\u00f6nj\u00fck a felk\u00e9sz\u00edt\u00e9st az \u00f3v\u00f3n\u0151knek \u00e9s Csehn\u00e9 Komor\u00f3czy M\u00e1ria \u00f3vodai hitoktat\u00f3nak, valamint P\u00f3csi J\u00f3zsefn\u00e9 els\u0151 oszt\u00e1lyos oszt\u00e1lyf\u0151n\u00f6knek. <\/p>\n\n\n\n<figure class=\"wp-block-gallery columns-3 is-cropped wp-block-gallery-1 is-layout-flex wp-block-gallery-is-layout-flex\"><ul class=\"blocks-gallery-grid\"><li class=\"blocks-gallery-item\"><figure><a href=\"https:\/\/kantorjanosi.reformatus.hu\/gyulekezet\/wp-content\/uploads\/sites\/3\/2022\/05\/IMG_20220501_110112_1.jpg\" data-lbwps-width=\"1672\" data-lbwps-height=\"1254\" data-lbwps-srcsmall=\"https:\/\/kantorjanosi.reformatus.hu\/gyulekezet\/wp-content\/uploads\/sites\/3\/2022\/05\/IMG_20220501_110112_1-300x225.jpg\"><img loading=\"lazy\" decoding=\"async\" width=\"1024\" height=\"768\" src=\"https:\/\/kantorjanosi.reformatus.hu\/gyulekezet\/wp-content\/uploads\/sites\/3\/2022\/05\/IMG_20220501_110112_1-1024x768.jpg\" alt=\"\" data-id=\"843\" data-full-url=\"https:\/\/kantorjanosi.reformatus.hu\/gyulekezet\/wp-content\/uploads\/sites\/3\/2022\/05\/IMG_20220501_110112_1.jpg\" data-link=\"https:\/\/kantorjanosi.reformatus.hu\/gyulekezet\/?attachment_id=843\" class=\"wp-image-843\" srcset=\"https:\/\/kantorjanosi.reformatus.hu\/gyulekezet\/wp-content\/uploads\/sites\/3\/2022\/05\/IMG_20220501_110112_1-1024x768.jpg 1024w, https:\/\/kantorjanosi.reformatus.hu\/gyulekezet\/wp-content\/uploads\/sites\/3\/2022\/05\/IMG_20220501_110112_1-300x225.jpg 300w, https:\/\/kantorjanosi.reformatus.hu\/gyulekezet\/wp-content\/uploads\/sites\/3\/2022\/05\/IMG_20220501_110112_1-768x576.jpg 768w, https:\/\/kantorjanosi.reformatus.hu\/gyulekezet\/wp-content\/uploads\/sites\/3\/2022\/05\/IMG_20220501_110112_1-1536x1152.jpg 1536w, https:\/\/kantorjanosi.reformatus.hu\/gyulekezet\/wp-content\/uploads\/sites\/3\/2022\/05\/IMG_20220501_110112_1.jpg 1672w\" sizes=\"(max-width: 1024px) 100vw, 1024px\" \/><\/a><\/figure><\/li><li class=\"blocks-gallery-item\"><figure><a href=\"https:\/\/kantorjanosi.reformatus.hu\/gyulekezet\/wp-content\/uploads\/sites\/3\/2022\/05\/IMG_20220501_110150_1.jpg\" data-lbwps-width=\"1672\" data-lbwps-height=\"1254\" data-lbwps-srcsmall=\"https:\/\/kantorjanosi.reformatus.hu\/gyulekezet\/wp-content\/uploads\/sites\/3\/2022\/05\/IMG_20220501_110150_1-300x225.jpg\"><img loading=\"lazy\" decoding=\"async\" width=\"1024\" height=\"768\" src=\"https:\/\/kantorjanosi.reformatus.hu\/gyulekezet\/wp-content\/uploads\/sites\/3\/2022\/05\/IMG_20220501_110150_1-1024x768.jpg\" alt=\"\" data-id=\"844\" data-full-url=\"https:\/\/kantorjanosi.reformatus.hu\/gyulekezet\/wp-content\/uploads\/sites\/3\/2022\/05\/IMG_20220501_110150_1.jpg\" data-link=\"https:\/\/kantorjanosi.reformatus.hu\/gyulekezet\/?attachment_id=844\" class=\"wp-image-844\" srcset=\"https:\/\/kantorjanosi.reformatus.hu\/gyulekezet\/wp-content\/uploads\/sites\/3\/2022\/05\/IMG_20220501_110150_1-1024x768.jpg 1024w, https:\/\/kantorjanosi.reformatus.hu\/gyulekezet\/wp-content\/uploads\/sites\/3\/2022\/05\/IMG_20220501_110150_1-300x225.jpg 300w, https:\/\/kantorjanosi.reformatus.hu\/gyulekezet\/wp-content\/uploads\/sites\/3\/2022\/05\/IMG_20220501_110150_1-768x576.jpg 768w, https:\/\/kantorjanosi.reformatus.hu\/gyulekezet\/wp-content\/uploads\/sites\/3\/2022\/05\/IMG_20220501_110150_1-1536x1152.jpg 1536w, https:\/\/kantorjanosi.reformatus.hu\/gyulekezet\/wp-content\/uploads\/sites\/3\/2022\/05\/IMG_20220501_110150_1.jpg 1672w\" sizes=\"(max-width: 1024px) 100vw, 1024px\" \/><\/a><\/figure><\/li><li class=\"blocks-gallery-item\"><figure><a href=\"https:\/\/kantorjanosi.reformatus.hu\/gyulekezet\/wp-content\/uploads\/sites\/3\/2022\/05\/IMG_20220501_110204.jpg\" data-lbwps-width=\"1672\" data-lbwps-height=\"1254\" data-lbwps-srcsmall=\"https:\/\/kantorjanosi.reformatus.hu\/gyulekezet\/wp-content\/uploads\/sites\/3\/2022\/05\/IMG_20220501_110204-300x225.jpg\"><img loading=\"lazy\" decoding=\"async\" width=\"1024\" height=\"768\" src=\"https:\/\/kantorjanosi.reformatus.hu\/gyulekezet\/wp-content\/uploads\/sites\/3\/2022\/05\/IMG_20220501_110204-1024x768.jpg\" alt=\"\" data-id=\"845\" data-full-url=\"https:\/\/kantorjanosi.reformatus.hu\/gyulekezet\/wp-content\/uploads\/sites\/3\/2022\/05\/IMG_20220501_110204.jpg\" data-link=\"https:\/\/kantorjanosi.reformatus.hu\/gyulekezet\/?attachment_id=845\" class=\"wp-image-845\" srcset=\"https:\/\/kantorjanosi.reformatus.hu\/gyulekezet\/wp-content\/uploads\/sites\/3\/2022\/05\/IMG_20220501_110204-1024x768.jpg 1024w, https:\/\/kantorjanosi.reformatus.hu\/gyulekezet\/wp-content\/uploads\/sites\/3\/2022\/05\/IMG_20220501_110204-300x225.jpg 300w, https:\/\/kantorjanosi.reformatus.hu\/gyulekezet\/wp-content\/uploads\/sites\/3\/2022\/05\/IMG_20220501_110204-768x576.jpg 768w, https:\/\/kantorjanosi.reformatus.hu\/gyulekezet\/wp-content\/uploads\/sites\/3\/2022\/05\/IMG_20220501_110204-1536x1152.jpg 1536w, https:\/\/kantorjanosi.reformatus.hu\/gyulekezet\/wp-content\/uploads\/sites\/3\/2022\/05\/IMG_20220501_110204.jpg 1672w\" sizes=\"(max-width: 1024px) 100vw, 1024px\" \/><\/a><\/figure><\/li><li class=\"blocks-gallery-item\"><figure><a href=\"https:\/\/kantorjanosi.reformatus.hu\/gyulekezet\/wp-content\/uploads\/sites\/3\/2022\/05\/IMG_20220501_110213_1.jpg\" data-lbwps-width=\"1672\" data-lbwps-height=\"1254\" data-lbwps-srcsmall=\"https:\/\/kantorjanosi.reformatus.hu\/gyulekezet\/wp-content\/uploads\/sites\/3\/2022\/05\/IMG_20220501_110213_1-300x225.jpg\"><img loading=\"lazy\" decoding=\"async\" width=\"1024\" height=\"768\" src=\"https:\/\/kantorjanosi.reformatus.hu\/gyulekezet\/wp-content\/uploads\/sites\/3\/2022\/05\/IMG_20220501_110213_1-1024x768.jpg\" alt=\"\" data-id=\"846\" data-full-url=\"https:\/\/kantorjanosi.reformatus.hu\/gyulekezet\/wp-content\/uploads\/sites\/3\/2022\/05\/IMG_20220501_110213_1.jpg\" data-link=\"https:\/\/kantorjanosi.reformatus.hu\/gyulekezet\/?attachment_id=846\" class=\"wp-image-846\" srcset=\"https:\/\/kantorjanosi.reformatus.hu\/gyulekezet\/wp-content\/uploads\/sites\/3\/2022\/05\/IMG_20220501_110213_1-1024x768.jpg 1024w, https:\/\/kantorjanosi.reformatus.hu\/gyulekezet\/wp-content\/uploads\/sites\/3\/2022\/05\/IMG_20220501_110213_1-300x225.jpg 300w, https:\/\/kantorjanosi.reformatus.hu\/gyulekezet\/wp-content\/uploads\/sites\/3\/2022\/05\/IMG_20220501_110213_1-768x576.jpg 768w, https:\/\/kantorjanosi.reformatus.hu\/gyulekezet\/wp-content\/uploads\/sites\/3\/2022\/05\/IMG_20220501_110213_1-1536x1152.jpg 1536w, https:\/\/kantorjanosi.reformatus.hu\/gyulekezet\/wp-content\/uploads\/sites\/3\/2022\/05\/IMG_20220501_110213_1.jpg 1672w\" sizes=\"(max-width: 1024px) 100vw, 1024px\" \/><\/a><\/figure><\/li><li class=\"blocks-gallery-item\"><figure><a href=\"https:\/\/kantorjanosi.reformatus.hu\/gyulekezet\/wp-content\/uploads\/sites\/3\/2022\/05\/IMG_20220501_110724.jpg\" data-lbwps-width=\"1672\" data-lbwps-height=\"1254\" data-lbwps-srcsmall=\"https:\/\/kantorjanosi.reformatus.hu\/gyulekezet\/wp-content\/uploads\/sites\/3\/2022\/05\/IMG_20220501_110724-300x225.jpg\"><img loading=\"lazy\" decoding=\"async\" width=\"1024\" height=\"768\" src=\"https:\/\/kantorjanosi.reformatus.hu\/gyulekezet\/wp-content\/uploads\/sites\/3\/2022\/05\/IMG_20220501_110724-1024x768.jpg\" alt=\"\" data-id=\"847\" data-full-url=\"https:\/\/kantorjanosi.reformatus.hu\/gyulekezet\/wp-content\/uploads\/sites\/3\/2022\/05\/IMG_20220501_110724.jpg\" data-link=\"https:\/\/kantorjanosi.reformatus.hu\/gyulekezet\/?attachment_id=847\" class=\"wp-image-847\" srcset=\"https:\/\/kantorjanosi.reformatus.hu\/gyulekezet\/wp-content\/uploads\/sites\/3\/2022\/05\/IMG_20220501_110724-1024x768.jpg 1024w, https:\/\/kantorjanosi.reformatus.hu\/gyulekezet\/wp-content\/uploads\/sites\/3\/2022\/05\/IMG_20220501_110724-300x225.jpg 300w, https:\/\/kantorjanosi.reformatus.hu\/gyulekezet\/wp-content\/uploads\/sites\/3\/2022\/05\/IMG_20220501_110724-768x576.jpg 768w, https:\/\/kantorjanosi.reformatus.hu\/gyulekezet\/wp-content\/uploads\/sites\/3\/2022\/05\/IMG_20220501_110724-1536x1152.jpg 1536w, https:\/\/kantorjanosi.reformatus.hu\/gyulekezet\/wp-content\/uploads\/sites\/3\/2022\/05\/IMG_20220501_110724.jpg 1672w\" sizes=\"(max-width: 1024px) 100vw, 1024px\" \/><\/a><\/figure><\/li><\/ul><\/figure>\n","protected":false},"excerpt":{"rendered":"<p>Az \u00f3vod\u00e1sok \u00e9s iskol\u00e1s di\u00e1kjaink az \u00e9desany\u00e1kat k\u00f6sz\u00f6nt\u00f6tt\u00e9k 2022. m\u00e1jus 01-\u00e9n. K\u00f6sz\u00f6nj\u00fck a felk\u00e9sz\u00edt\u00e9st az \u00f3v\u00f3n\u0151knek \u00e9s Csehn\u00e9 Komor\u00f3czy M\u00e1ria \u00f3vodai hitoktat\u00f3nak, valamint P\u00f3csi J\u00f3zsefn\u00e9 els\u0151 oszt\u00e1lyos oszt\u00e1lyf\u0151n\u00f6knek.<\/p>\n","protected":false},"author":1,"featured_media":0,"parent":0,"menu_order":0,"comment_status":"closed","ping_status":"closed","template":"","meta":{"footnotes":""},"_links":{"self":[{"href":"https:\/\/kantorjanosi.reformatus.hu\/gyulekezet\/wp-json\/wp\/v2\/pages\/842"}],"collection":[{"href":"https:\/\/kantorjanosi.reformatus.hu\/gyulekezet\/wp-json\/wp\/v2\/pages"}],"about":[{"href":"https:\/\/kantorjanosi.reformatus.hu\/gyulekezet\/wp-json\/wp\/v2\/types\/page"}],"author":[{"embeddable":true,"href":"https:\/\/kantorjanosi.reformatus.hu\/gyulekezet\/wp-json\/wp\/v2\/users\/1"}],"replies":[{"embeddable":true,"href":"https:\/\/kantorjanosi.reformatus.hu\/gyulekezet\/wp-json\/wp\/v2\/comments?post=842"}],"version-history":[{"count":1,"href":"https:\/\/kantorjanosi.reformatus.hu\/gyulekezet\/wp-json\/wp\/v2\/pages\/842\/revisions"}],"predecessor-version":[{"id":848,"href":"https:\/\/kantorjanosi.reformatus.hu\/gyulekezet\/wp-json\/wp\/v2\/pages\/842\/revisions\/848"}],"wp:attachment":[{"href":"https:\/\/kantorjanosi.reformatus.hu\/gyulekezet\/wp-json\/wp\/v2\/media?parent=842"}],"curies":[{"name":"wp","href":"https:\/\/api.w.org\/{rel}","templated":true}]}}