{"id":721,"date":"2021-04-20T08:08:53","date_gmt":"2021-04-20T08:08:53","guid":{"rendered":"https:\/\/kantorjanosi.reformatus.hu\/gyulekezet\/?page_id=721"},"modified":"2022-04-05T08:19:10","modified_gmt":"2022-04-05T08:19:10","slug":"templomfelujitas-2","status":"publish","type":"page","link":"https:\/\/kantorjanosi.reformatus.hu\/gyulekezet\/templomfelujitas-2\/","title":{"rendered":"Templomfel\u00faj\u00edt\u00e1s"},"content":{"rendered":"\n<p class=\"has-text-align-center\">A K\u00e1ntorj\u00e1nosi Reform\u00e1tus Templom fel\u00faj\u00edt\u00e1sa megval\u00f3sult Magyarorsz\u00e1g Korm\u00e1nya \u00e9s a Minisztereln\u00f6ks\u00e9g t\u00e1mogat\u00e1s\u00e1val. <br>EGYH-KCP-17-P-0125<br>15.000.000 Ft, azaz tizen\u00f6tmilli\u00f3 forintb\u00f3l, tov\u00e1bb\u00e1 EGYH-KCP-17-P-169 20.000.000 Ft, azaz h\u00faszmilli\u00f3 forintb\u00f3l. <\/p>\n\n\n\n<p><\/p>\n\n\n\n<figure class=\"wp-block-image size-large\"><img loading=\"lazy\" decoding=\"async\" width=\"1024\" height=\"724\" src=\"https:\/\/kantorjanosi.reformatus.hu\/gyulekezet\/wp-content\/uploads\/sites\/3\/2021\/04\/SKMBT_42321042010010-1024x724.jpg\" alt=\"\" class=\"wp-image-722\" srcset=\"https:\/\/kantorjanosi.reformatus.hu\/gyulekezet\/wp-content\/uploads\/sites\/3\/2021\/04\/SKMBT_42321042010010-1024x724.jpg 1024w, https:\/\/kantorjanosi.reformatus.hu\/gyulekezet\/wp-content\/uploads\/sites\/3\/2021\/04\/SKMBT_42321042010010-300x212.jpg 300w, https:\/\/kantorjanosi.reformatus.hu\/gyulekezet\/wp-content\/uploads\/sites\/3\/2021\/04\/SKMBT_42321042010010-768x543.jpg 768w, https:\/\/kantorjanosi.reformatus.hu\/gyulekezet\/wp-content\/uploads\/sites\/3\/2021\/04\/SKMBT_42321042010010-1536x1086.jpg 1536w, https:\/\/kantorjanosi.reformatus.hu\/gyulekezet\/wp-content\/uploads\/sites\/3\/2021\/04\/SKMBT_42321042010010-2048x1448.jpg 2048w\" sizes=\"(max-width: 1024px) 100vw, 1024px\" \/><\/figure>\n\n\n\n<figure class=\"wp-block-image size-large\"><img loading=\"lazy\" decoding=\"async\" width=\"1024\" height=\"266\" src=\"https:\/\/kantorjanosi.reformatus.hu\/gyulekezet\/wp-content\/uploads\/sites\/3\/2021\/05\/keszult_magyarorszag_korm_tamogatasaval_2017-page-001-1024x266.jpg\" alt=\"\" class=\"wp-image-734\" srcset=\"https:\/\/kantorjanosi.reformatus.hu\/gyulekezet\/wp-content\/uploads\/sites\/3\/2021\/05\/keszult_magyarorszag_korm_tamogatasaval_2017-page-001-1024x266.jpg 1024w, https:\/\/kantorjanosi.reformatus.hu\/gyulekezet\/wp-content\/uploads\/sites\/3\/2021\/05\/keszult_magyarorszag_korm_tamogatasaval_2017-page-001-300x78.jpg 300w, https:\/\/kantorjanosi.reformatus.hu\/gyulekezet\/wp-content\/uploads\/sites\/3\/2021\/05\/keszult_magyarorszag_korm_tamogatasaval_2017-page-001-768x200.jpg 768w, https:\/\/kantorjanosi.reformatus.hu\/gyulekezet\/wp-content\/uploads\/sites\/3\/2021\/05\/keszult_magyarorszag_korm_tamogatasaval_2017-page-001.jpg 1181w\" sizes=\"(max-width: 1024px) 100vw, 1024px\" \/><\/figure>\n","protected":false},"excerpt":{"rendered":"<p>A K\u00e1ntorj\u00e1nosi Reform\u00e1tus Templom fel\u00faj\u00edt\u00e1sa megval\u00f3sult Magyarorsz\u00e1g Korm\u00e1nya \u00e9s a Minisztereln\u00f6ks\u00e9g t\u00e1mogat\u00e1s\u00e1val. EGYH-KCP-17-P-012515.000.000 Ft, azaz tizen\u00f6tmilli\u00f3 forintb\u00f3l, tov\u00e1bb\u00e1 EGYH-KCP-17-P-169 20.000.000 Ft, azaz h\u00faszmilli\u00f3 forintb\u00f3l.<\/p>\n","protected":false},"author":1,"featured_media":0,"parent":0,"menu_order":0,"comment_status":"closed","ping_status":"closed","template":"","meta":{"footnotes":""},"_links":{"self":[{"href":"https:\/\/kantorjanosi.reformatus.hu\/gyulekezet\/wp-json\/wp\/v2\/pages\/721"}],"collection":[{"href":"https:\/\/kantorjanosi.reformatus.hu\/gyulekezet\/wp-json\/wp\/v2\/pages"}],"about":[{"href":"https:\/\/kantorjanosi.reformatus.hu\/gyulekezet\/wp-json\/wp\/v2\/types\/page"}],"author":[{"embeddable":true,"href":"https:\/\/kantorjanosi.reformatus.hu\/gyulekezet\/wp-json\/wp\/v2\/users\/1"}],"replies":[{"embeddable":true,"href":"https:\/\/kantorjanosi.reformatus.hu\/gyulekezet\/wp-json\/wp\/v2\/comments?post=721"}],"version-history":[{"count":4,"href":"https:\/\/kantorjanosi.reformatus.hu\/gyulekezet\/wp-json\/wp\/v2\/pages\/721\/revisions"}],"predecessor-version":[{"id":837,"href":"https:\/\/kantorjanosi.reformatus.hu\/gyulekezet\/wp-json\/wp\/v2\/pages\/721\/revisions\/837"}],"wp:attachment":[{"href":"https:\/\/kantorjanosi.reformatus.hu\/gyulekezet\/wp-json\/wp\/v2\/media?parent=721"}],"curies":[{"name":"wp","href":"https:\/\/api.w.org\/{rel}","templated":true}]}}