{"id":61,"date":"2019-11-25T21:56:30","date_gmt":"2019-11-25T21:56:30","guid":{"rendered":"https:\/\/kantorjanosi.reformatus.hu\/gyulekezet\/?page_id=61"},"modified":"2019-11-25T22:06:58","modified_gmt":"2019-11-25T22:06:58","slug":"egyhazkozsegunk-vezetoi","status":"publish","type":"page","link":"https:\/\/kantorjanosi.reformatus.hu\/gyulekezet\/egyhazkozsegunk-vezetoi\/","title":{"rendered":"Egyh\u00e1zk\u00f6zs\u00e9g\u00fcnk vezet\u0151i"},"content":{"rendered":"\n<figure class=\"wp-block-gallery aligncenter columns-1 is-cropped wp-block-gallery-1 is-layout-flex wp-block-gallery-is-layout-flex\"><ul class=\"blocks-gallery-grid\"><li class=\"blocks-gallery-item\"><figure><img loading=\"lazy\" decoding=\"async\" width=\"1024\" height=\"748\" src=\"https:\/\/kantorjanosi.reformatus.hu\/gyulekezet\/wp-content\/uploads\/sites\/3\/2019\/11\/Vezet\u0151k-2-1024x748.jpg\" alt=\"\" data-id=\"75\" data-full-url=\"https:\/\/kantorjanosi.reformatus.hu\/gyulekezet\/wp-content\/uploads\/sites\/3\/2019\/11\/Vezet\u0151k-2-scaled.jpg\" data-link=\"https:\/\/kantorjanosi.reformatus.hu\/gyulekezet\/egyhazkozsegunk-vezetoi\/vezetok-2\/\" class=\"wp-image-75\" srcset=\"https:\/\/kantorjanosi.reformatus.hu\/gyulekezet\/wp-content\/uploads\/sites\/3\/2019\/11\/Vezet\u0151k-2-1024x748.jpg 1024w, https:\/\/kantorjanosi.reformatus.hu\/gyulekezet\/wp-content\/uploads\/sites\/3\/2019\/11\/Vezet\u0151k-2-300x219.jpg 300w, https:\/\/kantorjanosi.reformatus.hu\/gyulekezet\/wp-content\/uploads\/sites\/3\/2019\/11\/Vezet\u0151k-2-768x561.jpg 768w, https:\/\/kantorjanosi.reformatus.hu\/gyulekezet\/wp-content\/uploads\/sites\/3\/2019\/11\/Vezet\u0151k-2-1536x1123.jpg 1536w, https:\/\/kantorjanosi.reformatus.hu\/gyulekezet\/wp-content\/uploads\/sites\/3\/2019\/11\/Vezet\u0151k-2-2048x1497.jpg 2048w\" sizes=\"(max-width: 1024px) 100vw, 1024px\" \/><\/figure><\/li><\/ul><\/figure>\n\n\n\n<figure class=\"wp-block-image size-full\"><img loading=\"lazy\" decoding=\"async\" width=\"733\" height=\"600\" src=\"https:\/\/kantorjanosi.reformatus.hu\/gyulekezet\/wp-content\/uploads\/sites\/3\/2019\/11\/tabl\u00f3-net.jpg\" alt=\"\" class=\"wp-image-62\" srcset=\"https:\/\/kantorjanosi.reformatus.hu\/gyulekezet\/wp-content\/uploads\/sites\/3\/2019\/11\/tabl\u00f3-net.jpg 733w, https:\/\/kantorjanosi.reformatus.hu\/gyulekezet\/wp-content\/uploads\/sites\/3\/2019\/11\/tabl\u00f3-net-300x246.jpg 300w\" sizes=\"(max-width: 733px) 100vw, 733px\" \/><figcaption> 1. sor: Elek Istv\u00e1nn\u00e9 gondnok, Sink\u00f3-P\u00e1ricsi Babett lelkip\u00e1sztor, Csonka J\u00f3zsef k\u00e1ntor<br>2. sor: Szerencsi K\u00e1rolyn\u00e9, G\u00e1l Tibor, Ifj. G\u00e1l Tibor, Kiss Mikl\u00f3sn\u00e9<br>3. sor: Koml\u00f3ssy Attila, Moln\u00e1r L\u00e1szl\u00f3, Illy\u00e9s J\u00f3zsefn\u00e9, Moln\u00e1r Mikl\u00f3s, Kov\u00e1cs J\u00e1nosn\u00e9<br>4. sor: Szil\u00e1gyi K\u00e1roly, Kiss L\u00e1szl\u00f3, Kov\u00e1cs Gy\u00f6rgy, Kov\u00e1cs S\u00e1ndorn\u00e9, Szab\u00f3 Zolt\u00e1n <\/figcaption><\/figure>\n\n\n\n<div class=\"wp-block-group is-layout-flow wp-block-group-is-layout-flow\"><div class=\"wp-block-group__inner-container\"><\/div><\/div>\n\n\n\n<p><\/p>\n","protected":false},"excerpt":{"rendered":"","protected":false},"author":1,"featured_media":0,"parent":0,"menu_order":0,"comment_status":"closed","ping_status":"closed","template":"","meta":{"footnotes":""},"_links":{"self":[{"href":"https:\/\/kantorjanosi.reformatus.hu\/gyulekezet\/wp-json\/wp\/v2\/pages\/61"}],"collection":[{"href":"https:\/\/kantorjanosi.reformatus.hu\/gyulekezet\/wp-json\/wp\/v2\/pages"}],"about":[{"href":"https:\/\/kantorjanosi.reformatus.hu\/gyulekezet\/wp-json\/wp\/v2\/types\/page"}],"author":[{"embeddable":true,"href":"https:\/\/kantorjanosi.reformatus.hu\/gyulekezet\/wp-json\/wp\/v2\/users\/1"}],"replies":[{"embeddable":true,"href":"https:\/\/kantorjanosi.reformatus.hu\/gyulekezet\/wp-json\/wp\/v2\/comments?post=61"}],"version-history":[{"count":4,"href":"https:\/\/kantorjanosi.reformatus.hu\/gyulekezet\/wp-json\/wp\/v2\/pages\/61\/revisions"}],"predecessor-version":[{"id":78,"href":"https:\/\/kantorjanosi.reformatus.hu\/gyulekezet\/wp-json\/wp\/v2\/pages\/61\/revisions\/78"}],"wp:attachment":[{"href":"https:\/\/kantorjanosi.reformatus.hu\/gyulekezet\/wp-json\/wp\/v2\/media?parent=61"}],"curies":[{"name":"wp","href":"https:\/\/api.w.org\/{rel}","templated":true}]}}