{"id":489,"date":"2020-03-29T15:50:06","date_gmt":"2020-03-29T15:50:06","guid":{"rendered":"https:\/\/kantorjanosi.reformatus.hu\/gyulekezet\/?page_id=489"},"modified":"2020-03-29T15:50:06","modified_gmt":"2020-03-29T15:50:06","slug":"templompadok-bontasa","status":"publish","type":"page","link":"https:\/\/kantorjanosi.reformatus.hu\/gyulekezet\/templompadok-bontasa\/","title":{"rendered":"Templompadok bont\u00e1sa"},"content":{"rendered":"\n<p>2018. augusztus 21-\u00e9n a templom fel\u00faj\u00edt\u00e1s\u00e1t el\u0151k\u00e9sz\u00edtve kibontottuk a padozatot a templomb\u00f3l. <\/p>\n\n\n\n<figure class=\"wp-block-gallery columns-3 is-cropped wp-block-gallery-1 is-layout-flex wp-block-gallery-is-layout-flex\"><ul class=\"blocks-gallery-grid\"><li class=\"blocks-gallery-item\"><figure><a href=\"https:\/\/kantorjanosi.reformatus.hu\/gyulekezet\/wp-content\/uploads\/sites\/3\/2020\/03\/20180821_172350-rotated-e1585496777296.jpg\" data-lbwps-width=\"360\" data-lbwps-height=\"640\" data-lbwps-srcsmall=\"https:\/\/kantorjanosi.reformatus.hu\/gyulekezet\/wp-content\/uploads\/sites\/3\/2020\/03\/20180821_172350-rotated-e1585496777296-169x300.jpg\"><img loading=\"lazy\" decoding=\"async\" width=\"360\" height=\"640\" src=\"https:\/\/kantorjanosi.reformatus.hu\/gyulekezet\/wp-content\/uploads\/sites\/3\/2020\/03\/20180821_172350-rotated-e1585496777296.jpg\" alt=\"\" data-id=\"488\" data-full-url=\"https:\/\/kantorjanosi.reformatus.hu\/gyulekezet\/wp-content\/uploads\/sites\/3\/2020\/03\/20180821_172350-rotated-e1585496777296.jpg\" data-link=\"https:\/\/kantorjanosi.reformatus.hu\/gyulekezet\/20180821_172350\/\" class=\"wp-image-488\" srcset=\"https:\/\/kantorjanosi.reformatus.hu\/gyulekezet\/wp-content\/uploads\/sites\/3\/2020\/03\/20180821_172350-rotated-e1585496777296.jpg 360w, https:\/\/kantorjanosi.reformatus.hu\/gyulekezet\/wp-content\/uploads\/sites\/3\/2020\/03\/20180821_172350-rotated-e1585496777296-169x300.jpg 169w\" sizes=\"(max-width: 360px) 100vw, 360px\" \/><\/a><\/figure><\/li><li class=\"blocks-gallery-item\"><figure><a href=\"https:\/\/kantorjanosi.reformatus.hu\/gyulekezet\/wp-content\/uploads\/sites\/3\/2020\/03\/20180821_184840-rotated-e1585496769331.jpg\" data-lbwps-width=\"360\" data-lbwps-height=\"640\" data-lbwps-srcsmall=\"https:\/\/kantorjanosi.reformatus.hu\/gyulekezet\/wp-content\/uploads\/sites\/3\/2020\/03\/20180821_184840-rotated-e1585496769331-169x300.jpg\" data-lbwps-caption=\"G\u00e1l Attila \u00e9s G\u00e1l D\u00f3ra\"><img loading=\"lazy\" decoding=\"async\" width=\"360\" height=\"640\" src=\"https:\/\/kantorjanosi.reformatus.hu\/gyulekezet\/wp-content\/uploads\/sites\/3\/2020\/03\/20180821_184840-rotated-e1585496769331.jpg\" alt=\"\" data-id=\"487\" data-full-url=\"https:\/\/kantorjanosi.reformatus.hu\/gyulekezet\/wp-content\/uploads\/sites\/3\/2020\/03\/20180821_184840-rotated-e1585496769331.jpg\" data-link=\"https:\/\/kantorjanosi.reformatus.hu\/gyulekezet\/20180821_184840\/\" class=\"wp-image-487\" srcset=\"https:\/\/kantorjanosi.reformatus.hu\/gyulekezet\/wp-content\/uploads\/sites\/3\/2020\/03\/20180821_184840-rotated-e1585496769331.jpg 360w, https:\/\/kantorjanosi.reformatus.hu\/gyulekezet\/wp-content\/uploads\/sites\/3\/2020\/03\/20180821_184840-rotated-e1585496769331-169x300.jpg 169w\" sizes=\"(max-width: 360px) 100vw, 360px\" \/><\/a><figcaption class=\"blocks-gallery-item__caption\">G\u00e1l Attila \u00e9s G\u00e1l D\u00f3ra<\/figcaption><\/figure><\/li><li class=\"blocks-gallery-item\"><figure><a href=\"https:\/\/kantorjanosi.reformatus.hu\/gyulekezet\/wp-content\/uploads\/sites\/3\/2020\/03\/20180821_183608-rotated-e1585496764892.jpg\" data-lbwps-width=\"360\" data-lbwps-height=\"640\" data-lbwps-srcsmall=\"https:\/\/kantorjanosi.reformatus.hu\/gyulekezet\/wp-content\/uploads\/sites\/3\/2020\/03\/20180821_183608-rotated-e1585496764892-169x300.jpg\" data-lbwps-caption=\"G\u00e1ll G\u00e1bor\"><img loading=\"lazy\" decoding=\"async\" width=\"360\" height=\"640\" src=\"https:\/\/kantorjanosi.reformatus.hu\/gyulekezet\/wp-content\/uploads\/sites\/3\/2020\/03\/20180821_183608-rotated-e1585496764892.jpg\" alt=\"\" data-id=\"486\" data-full-url=\"https:\/\/kantorjanosi.reformatus.hu\/gyulekezet\/wp-content\/uploads\/sites\/3\/2020\/03\/20180821_183608-rotated-e1585496764892.jpg\" data-link=\"https:\/\/kantorjanosi.reformatus.hu\/gyulekezet\/20180821_183608\/\" class=\"wp-image-486\" srcset=\"https:\/\/kantorjanosi.reformatus.hu\/gyulekezet\/wp-content\/uploads\/sites\/3\/2020\/03\/20180821_183608-rotated-e1585496764892.jpg 360w, https:\/\/kantorjanosi.reformatus.hu\/gyulekezet\/wp-content\/uploads\/sites\/3\/2020\/03\/20180821_183608-rotated-e1585496764892-169x300.jpg 169w\" sizes=\"(max-width: 360px) 100vw, 360px\" \/><\/a><figcaption class=\"blocks-gallery-item__caption\">G\u00e1ll G\u00e1bor<\/figcaption><\/figure><\/li><li class=\"blocks-gallery-item\"><figure><a href=\"https:\/\/kantorjanosi.reformatus.hu\/gyulekezet\/wp-content\/uploads\/sites\/3\/2020\/03\/20180821_183605-rotated-e1585496760890.jpg\" data-lbwps-width=\"360\" data-lbwps-height=\"640\" data-lbwps-srcsmall=\"https:\/\/kantorjanosi.reformatus.hu\/gyulekezet\/wp-content\/uploads\/sites\/3\/2020\/03\/20180821_183605-rotated-e1585496760890-169x300.jpg\" data-lbwps-caption=\"Sz\u0171cs Attila\"><img loading=\"lazy\" decoding=\"async\" width=\"360\" height=\"640\" src=\"https:\/\/kantorjanosi.reformatus.hu\/gyulekezet\/wp-content\/uploads\/sites\/3\/2020\/03\/20180821_183605-rotated-e1585496760890.jpg\" alt=\"\" data-id=\"485\" data-full-url=\"https:\/\/kantorjanosi.reformatus.hu\/gyulekezet\/wp-content\/uploads\/sites\/3\/2020\/03\/20180821_183605-rotated-e1585496760890.jpg\" data-link=\"https:\/\/kantorjanosi.reformatus.hu\/gyulekezet\/20180821_183605\/\" class=\"wp-image-485\" srcset=\"https:\/\/kantorjanosi.reformatus.hu\/gyulekezet\/wp-content\/uploads\/sites\/3\/2020\/03\/20180821_183605-rotated-e1585496760890.jpg 360w, https:\/\/kantorjanosi.reformatus.hu\/gyulekezet\/wp-content\/uploads\/sites\/3\/2020\/03\/20180821_183605-rotated-e1585496760890-169x300.jpg 169w\" sizes=\"(max-width: 360px) 100vw, 360px\" \/><\/a><figcaption class=\"blocks-gallery-item__caption\">Sz\u0171cs Attila<\/figcaption><\/figure><\/li><li class=\"blocks-gallery-item\"><figure><a href=\"https:\/\/kantorjanosi.reformatus.hu\/gyulekezet\/wp-content\/uploads\/sites\/3\/2020\/03\/20180821_183553-rotated-e1585496756950.jpg\" data-lbwps-width=\"360\" data-lbwps-height=\"640\" data-lbwps-srcsmall=\"https:\/\/kantorjanosi.reformatus.hu\/gyulekezet\/wp-content\/uploads\/sites\/3\/2020\/03\/20180821_183553-rotated-e1585496756950-169x300.jpg\" data-lbwps-caption=\"Bal: N\u00e9meth L\u00e1szl\u00f3; jobb: Cs\u00f3ka Bal\u00e1zs\"><img loading=\"lazy\" decoding=\"async\" width=\"360\" height=\"640\" src=\"https:\/\/kantorjanosi.reformatus.hu\/gyulekezet\/wp-content\/uploads\/sites\/3\/2020\/03\/20180821_183553-rotated-e1585496756950.jpg\" alt=\"\" data-id=\"484\" data-full-url=\"https:\/\/kantorjanosi.reformatus.hu\/gyulekezet\/wp-content\/uploads\/sites\/3\/2020\/03\/20180821_183553-rotated-e1585496756950.jpg\" data-link=\"https:\/\/kantorjanosi.reformatus.hu\/gyulekezet\/20180821_183553\/\" class=\"wp-image-484\" srcset=\"https:\/\/kantorjanosi.reformatus.hu\/gyulekezet\/wp-content\/uploads\/sites\/3\/2020\/03\/20180821_183553-rotated-e1585496756950.jpg 360w, https:\/\/kantorjanosi.reformatus.hu\/gyulekezet\/wp-content\/uploads\/sites\/3\/2020\/03\/20180821_183553-rotated-e1585496756950-169x300.jpg 169w\" sizes=\"(max-width: 360px) 100vw, 360px\" \/><\/a><figcaption class=\"blocks-gallery-item__caption\">Bal: N\u00e9meth L\u00e1szl\u00f3; jobb: Cs\u00f3ka Bal\u00e1zs<\/figcaption><\/figure><\/li><li class=\"blocks-gallery-item\"><figure><a href=\"https:\/\/kantorjanosi.reformatus.hu\/gyulekezet\/wp-content\/uploads\/sites\/3\/2020\/03\/20180821_183551-rotated-e1585496752274.jpg\" data-lbwps-width=\"360\" data-lbwps-height=\"640\" data-lbwps-srcsmall=\"https:\/\/kantorjanosi.reformatus.hu\/gyulekezet\/wp-content\/uploads\/sites\/3\/2020\/03\/20180821_183551-rotated-e1585496752274-169x300.jpg\" data-lbwps-caption=\"jobb: Kosztik Andr\u00e1s\"><img loading=\"lazy\" decoding=\"async\" width=\"360\" height=\"640\" src=\"https:\/\/kantorjanosi.reformatus.hu\/gyulekezet\/wp-content\/uploads\/sites\/3\/2020\/03\/20180821_183551-rotated-e1585496752274.jpg\" alt=\"\" data-id=\"483\" data-full-url=\"https:\/\/kantorjanosi.reformatus.hu\/gyulekezet\/wp-content\/uploads\/sites\/3\/2020\/03\/20180821_183551-rotated-e1585496752274.jpg\" data-link=\"https:\/\/kantorjanosi.reformatus.hu\/gyulekezet\/20180821_183551\/\" class=\"wp-image-483\" srcset=\"https:\/\/kantorjanosi.reformatus.hu\/gyulekezet\/wp-content\/uploads\/sites\/3\/2020\/03\/20180821_183551-rotated-e1585496752274.jpg 360w, https:\/\/kantorjanosi.reformatus.hu\/gyulekezet\/wp-content\/uploads\/sites\/3\/2020\/03\/20180821_183551-rotated-e1585496752274-169x300.jpg 169w\" sizes=\"(max-width: 360px) 100vw, 360px\" \/><\/a><figcaption class=\"blocks-gallery-item__caption\">jobb: Kosztik Andr\u00e1s<\/figcaption><\/figure><\/li><li class=\"blocks-gallery-item\"><figure><a href=\"https:\/\/kantorjanosi.reformatus.hu\/gyulekezet\/wp-content\/uploads\/sites\/3\/2020\/03\/20180821_175324-rotated-e1585496742660.jpg\" data-lbwps-width=\"360\" data-lbwps-height=\"640\" data-lbwps-srcsmall=\"https:\/\/kantorjanosi.reformatus.hu\/gyulekezet\/wp-content\/uploads\/sites\/3\/2020\/03\/20180821_175324-rotated-e1585496742660-169x300.jpg\"><img loading=\"lazy\" decoding=\"async\" width=\"360\" height=\"640\" src=\"https:\/\/kantorjanosi.reformatus.hu\/gyulekezet\/wp-content\/uploads\/sites\/3\/2020\/03\/20180821_175324-rotated-e1585496742660.jpg\" alt=\"\" data-id=\"482\" data-full-url=\"https:\/\/kantorjanosi.reformatus.hu\/gyulekezet\/wp-content\/uploads\/sites\/3\/2020\/03\/20180821_175324-rotated-e1585496742660.jpg\" data-link=\"https:\/\/kantorjanosi.reformatus.hu\/gyulekezet\/20180821_175324\/\" class=\"wp-image-482\" srcset=\"https:\/\/kantorjanosi.reformatus.hu\/gyulekezet\/wp-content\/uploads\/sites\/3\/2020\/03\/20180821_175324-rotated-e1585496742660.jpg 360w, https:\/\/kantorjanosi.reformatus.hu\/gyulekezet\/wp-content\/uploads\/sites\/3\/2020\/03\/20180821_175324-rotated-e1585496742660-169x300.jpg 169w\" sizes=\"(max-width: 360px) 100vw, 360px\" \/><\/a><\/figure><\/li><li class=\"blocks-gallery-item\"><figure><a href=\"https:\/\/kantorjanosi.reformatus.hu\/gyulekezet\/wp-content\/uploads\/sites\/3\/2020\/03\/20180821_174204-rotated-e1585496736951.jpg\" data-lbwps-width=\"360\" data-lbwps-height=\"640\" data-lbwps-srcsmall=\"https:\/\/kantorjanosi.reformatus.hu\/gyulekezet\/wp-content\/uploads\/sites\/3\/2020\/03\/20180821_174204-rotated-e1585496736951-169x300.jpg\"><img loading=\"lazy\" decoding=\"async\" width=\"360\" height=\"640\" src=\"https:\/\/kantorjanosi.reformatus.hu\/gyulekezet\/wp-content\/uploads\/sites\/3\/2020\/03\/20180821_174204-rotated-e1585496736951.jpg\" alt=\"\" data-id=\"481\" data-full-url=\"https:\/\/kantorjanosi.reformatus.hu\/gyulekezet\/wp-content\/uploads\/sites\/3\/2020\/03\/20180821_174204-rotated-e1585496736951.jpg\" data-link=\"https:\/\/kantorjanosi.reformatus.hu\/gyulekezet\/20180821_174204\/\" class=\"wp-image-481\" srcset=\"https:\/\/kantorjanosi.reformatus.hu\/gyulekezet\/wp-content\/uploads\/sites\/3\/2020\/03\/20180821_174204-rotated-e1585496736951.jpg 360w, https:\/\/kantorjanosi.reformatus.hu\/gyulekezet\/wp-content\/uploads\/sites\/3\/2020\/03\/20180821_174204-rotated-e1585496736951-169x300.jpg 169w\" sizes=\"(max-width: 360px) 100vw, 360px\" \/><\/a><\/figure><\/li><li class=\"blocks-gallery-item\"><figure><a href=\"https:\/\/kantorjanosi.reformatus.hu\/gyulekezet\/wp-content\/uploads\/sites\/3\/2020\/03\/20180821_174145-rotated-e1585496727634.jpg\" data-lbwps-width=\"360\" data-lbwps-height=\"640\" data-lbwps-srcsmall=\"https:\/\/kantorjanosi.reformatus.hu\/gyulekezet\/wp-content\/uploads\/sites\/3\/2020\/03\/20180821_174145-rotated-e1585496727634-169x300.jpg\"><img loading=\"lazy\" decoding=\"async\" width=\"360\" height=\"640\" src=\"https:\/\/kantorjanosi.reformatus.hu\/gyulekezet\/wp-content\/uploads\/sites\/3\/2020\/03\/20180821_174145-rotated-e1585496727634.jpg\" alt=\"\" data-id=\"480\" data-full-url=\"https:\/\/kantorjanosi.reformatus.hu\/gyulekezet\/wp-content\/uploads\/sites\/3\/2020\/03\/20180821_174145-rotated-e1585496727634.jpg\" data-link=\"https:\/\/kantorjanosi.reformatus.hu\/gyulekezet\/20180821_174145\/\" class=\"wp-image-480\" srcset=\"https:\/\/kantorjanosi.reformatus.hu\/gyulekezet\/wp-content\/uploads\/sites\/3\/2020\/03\/20180821_174145-rotated-e1585496727634.jpg 360w, https:\/\/kantorjanosi.reformatus.hu\/gyulekezet\/wp-content\/uploads\/sites\/3\/2020\/03\/20180821_174145-rotated-e1585496727634-169x300.jpg 169w\" sizes=\"(max-width: 360px) 100vw, 360px\" \/><\/a><\/figure><\/li><li class=\"blocks-gallery-item\"><figure><a href=\"https:\/\/kantorjanosi.reformatus.hu\/gyulekezet\/wp-content\/uploads\/sites\/3\/2020\/03\/20180821_174103-rotated-e1585496723802.jpg\" data-lbwps-width=\"360\" data-lbwps-height=\"640\" data-lbwps-srcsmall=\"https:\/\/kantorjanosi.reformatus.hu\/gyulekezet\/wp-content\/uploads\/sites\/3\/2020\/03\/20180821_174103-rotated-e1585496723802-169x300.jpg\"><img loading=\"lazy\" decoding=\"async\" width=\"360\" height=\"640\" src=\"https:\/\/kantorjanosi.reformatus.hu\/gyulekezet\/wp-content\/uploads\/sites\/3\/2020\/03\/20180821_174103-rotated-e1585496723802.jpg\" alt=\"\" data-id=\"479\" data-full-url=\"https:\/\/kantorjanosi.reformatus.hu\/gyulekezet\/wp-content\/uploads\/sites\/3\/2020\/03\/20180821_174103-rotated-e1585496723802.jpg\" data-link=\"https:\/\/kantorjanosi.reformatus.hu\/gyulekezet\/20180821_174103\/\" class=\"wp-image-479\" srcset=\"https:\/\/kantorjanosi.reformatus.hu\/gyulekezet\/wp-content\/uploads\/sites\/3\/2020\/03\/20180821_174103-rotated-e1585496723802.jpg 360w, https:\/\/kantorjanosi.reformatus.hu\/gyulekezet\/wp-content\/uploads\/sites\/3\/2020\/03\/20180821_174103-rotated-e1585496723802-169x300.jpg 169w\" sizes=\"(max-width: 360px) 100vw, 360px\" \/><\/a><\/figure><\/li><li class=\"blocks-gallery-item\"><figure><a href=\"https:\/\/kantorjanosi.reformatus.hu\/gyulekezet\/wp-content\/uploads\/sites\/3\/2020\/03\/20180821_174053-rotated-e1585496718733.jpg\" data-lbwps-width=\"360\" data-lbwps-height=\"640\" data-lbwps-srcsmall=\"https:\/\/kantorjanosi.reformatus.hu\/gyulekezet\/wp-content\/uploads\/sites\/3\/2020\/03\/20180821_174053-rotated-e1585496718733-169x300.jpg\"><img loading=\"lazy\" decoding=\"async\" width=\"360\" height=\"640\" src=\"https:\/\/kantorjanosi.reformatus.hu\/gyulekezet\/wp-content\/uploads\/sites\/3\/2020\/03\/20180821_174053-rotated-e1585496718733.jpg\" alt=\"\" data-id=\"478\" data-full-url=\"https:\/\/kantorjanosi.reformatus.hu\/gyulekezet\/wp-content\/uploads\/sites\/3\/2020\/03\/20180821_174053-rotated-e1585496718733.jpg\" data-link=\"https:\/\/kantorjanosi.reformatus.hu\/gyulekezet\/20180821_174053\/\" class=\"wp-image-478\" srcset=\"https:\/\/kantorjanosi.reformatus.hu\/gyulekezet\/wp-content\/uploads\/sites\/3\/2020\/03\/20180821_174053-rotated-e1585496718733.jpg 360w, https:\/\/kantorjanosi.reformatus.hu\/gyulekezet\/wp-content\/uploads\/sites\/3\/2020\/03\/20180821_174053-rotated-e1585496718733-169x300.jpg 169w\" sizes=\"(max-width: 360px) 100vw, 360px\" \/><\/a><\/figure><\/li><li class=\"blocks-gallery-item\"><figure><a href=\"https:\/\/kantorjanosi.reformatus.hu\/gyulekezet\/wp-content\/uploads\/sites\/3\/2020\/03\/20180821_172858-rotated-e1585496710616.jpg\" data-lbwps-width=\"360\" data-lbwps-height=\"640\" data-lbwps-srcsmall=\"https:\/\/kantorjanosi.reformatus.hu\/gyulekezet\/wp-content\/uploads\/sites\/3\/2020\/03\/20180821_172858-rotated-e1585496710616-169x300.jpg\" data-lbwps-caption=\"Ifj Simon Tibor\"><img loading=\"lazy\" decoding=\"async\" width=\"360\" height=\"640\" src=\"https:\/\/kantorjanosi.reformatus.hu\/gyulekezet\/wp-content\/uploads\/sites\/3\/2020\/03\/20180821_172858-rotated-e1585496710616.jpg\" alt=\"\" data-id=\"477\" data-full-url=\"https:\/\/kantorjanosi.reformatus.hu\/gyulekezet\/wp-content\/uploads\/sites\/3\/2020\/03\/20180821_172858-rotated-e1585496710616.jpg\" data-link=\"https:\/\/kantorjanosi.reformatus.hu\/gyulekezet\/20180821_172858\/\" class=\"wp-image-477\" srcset=\"https:\/\/kantorjanosi.reformatus.hu\/gyulekezet\/wp-content\/uploads\/sites\/3\/2020\/03\/20180821_172858-rotated-e1585496710616.jpg 360w, https:\/\/kantorjanosi.reformatus.hu\/gyulekezet\/wp-content\/uploads\/sites\/3\/2020\/03\/20180821_172858-rotated-e1585496710616-169x300.jpg 169w\" sizes=\"(max-width: 360px) 100vw, 360px\" \/><\/a><figcaption class=\"blocks-gallery-item__caption\">Ifj Simon Tibor<\/figcaption><\/figure><\/li><li class=\"blocks-gallery-item\"><figure><a href=\"https:\/\/kantorjanosi.reformatus.hu\/gyulekezet\/wp-content\/uploads\/sites\/3\/2020\/03\/20180821_172855-rotated-e1585496700417.jpg\" data-lbwps-width=\"360\" data-lbwps-height=\"640\" data-lbwps-srcsmall=\"https:\/\/kantorjanosi.reformatus.hu\/gyulekezet\/wp-content\/uploads\/sites\/3\/2020\/03\/20180821_172855-rotated-e1585496700417-169x300.jpg\" data-lbwps-caption=\"Jobbr\u00f3l: Par\u00f3czai J\u00f3zsef, N\u00e9meth L\u00e1szl\u00f3\"><img loading=\"lazy\" decoding=\"async\" width=\"360\" height=\"640\" src=\"https:\/\/kantorjanosi.reformatus.hu\/gyulekezet\/wp-content\/uploads\/sites\/3\/2020\/03\/20180821_172855-rotated-e1585496700417.jpg\" alt=\"\" data-id=\"476\" data-full-url=\"https:\/\/kantorjanosi.reformatus.hu\/gyulekezet\/wp-content\/uploads\/sites\/3\/2020\/03\/20180821_172855-rotated-e1585496700417.jpg\" data-link=\"https:\/\/kantorjanosi.reformatus.hu\/gyulekezet\/20180821_172855\/\" class=\"wp-image-476\" srcset=\"https:\/\/kantorjanosi.reformatus.hu\/gyulekezet\/wp-content\/uploads\/sites\/3\/2020\/03\/20180821_172855-rotated-e1585496700417.jpg 360w, https:\/\/kantorjanosi.reformatus.hu\/gyulekezet\/wp-content\/uploads\/sites\/3\/2020\/03\/20180821_172855-rotated-e1585496700417-169x300.jpg 169w\" sizes=\"(max-width: 360px) 100vw, 360px\" \/><\/a><figcaption class=\"blocks-gallery-item__caption\">Jobbr\u00f3l: Par\u00f3czai J\u00f3zsef, N\u00e9meth L\u00e1szl\u00f3<\/figcaption><\/figure><\/li><li class=\"blocks-gallery-item\"><figure><a href=\"https:\/\/kantorjanosi.reformatus.hu\/gyulekezet\/wp-content\/uploads\/sites\/3\/2020\/03\/20180821_172847-rotated-e1585496694707.jpg\" data-lbwps-width=\"360\" data-lbwps-height=\"640\" data-lbwps-srcsmall=\"https:\/\/kantorjanosi.reformatus.hu\/gyulekezet\/wp-content\/uploads\/sites\/3\/2020\/03\/20180821_172847-rotated-e1585496694707-169x300.jpg\" data-lbwps-caption=\"Jobbr\u00f3l: Csonka J\u00f3zsef, Simon Tibor, Simon Ferencn\u00e9 (harangoz\u00f3)\"><img loading=\"lazy\" decoding=\"async\" width=\"360\" height=\"640\" src=\"https:\/\/kantorjanosi.reformatus.hu\/gyulekezet\/wp-content\/uploads\/sites\/3\/2020\/03\/20180821_172847-rotated-e1585496694707.jpg\" alt=\"\" data-id=\"475\" data-full-url=\"https:\/\/kantorjanosi.reformatus.hu\/gyulekezet\/wp-content\/uploads\/sites\/3\/2020\/03\/20180821_172847-rotated-e1585496694707.jpg\" data-link=\"https:\/\/kantorjanosi.reformatus.hu\/gyulekezet\/20180821_172847\/\" class=\"wp-image-475\" srcset=\"https:\/\/kantorjanosi.reformatus.hu\/gyulekezet\/wp-content\/uploads\/sites\/3\/2020\/03\/20180821_172847-rotated-e1585496694707.jpg 360w, https:\/\/kantorjanosi.reformatus.hu\/gyulekezet\/wp-content\/uploads\/sites\/3\/2020\/03\/20180821_172847-rotated-e1585496694707-169x300.jpg 169w\" sizes=\"(max-width: 360px) 100vw, 360px\" \/><\/a><figcaption class=\"blocks-gallery-item__caption\">Jobbr\u00f3l: Csonka J\u00f3zsef, Simon Tibor, Simon Ferencn\u00e9 (harangoz\u00f3)<\/figcaption><\/figure><\/li><li class=\"blocks-gallery-item\"><figure><a href=\"https:\/\/kantorjanosi.reformatus.hu\/gyulekezet\/wp-content\/uploads\/sites\/3\/2020\/03\/20180821_172457-rotated-e1585496689322.jpg\" data-lbwps-width=\"360\" data-lbwps-height=\"640\" data-lbwps-srcsmall=\"https:\/\/kantorjanosi.reformatus.hu\/gyulekezet\/wp-content\/uploads\/sites\/3\/2020\/03\/20180821_172457-rotated-e1585496689322-169x300.jpg\"><img loading=\"lazy\" decoding=\"async\" width=\"360\" height=\"640\" src=\"https:\/\/kantorjanosi.reformatus.hu\/gyulekezet\/wp-content\/uploads\/sites\/3\/2020\/03\/20180821_172457-rotated-e1585496689322.jpg\" alt=\"\" data-id=\"474\" data-full-url=\"https:\/\/kantorjanosi.reformatus.hu\/gyulekezet\/wp-content\/uploads\/sites\/3\/2020\/03\/20180821_172457-rotated-e1585496689322.jpg\" data-link=\"https:\/\/kantorjanosi.reformatus.hu\/gyulekezet\/20180821_172457\/\" class=\"wp-image-474\" srcset=\"https:\/\/kantorjanosi.reformatus.hu\/gyulekezet\/wp-content\/uploads\/sites\/3\/2020\/03\/20180821_172457-rotated-e1585496689322.jpg 360w, https:\/\/kantorjanosi.reformatus.hu\/gyulekezet\/wp-content\/uploads\/sites\/3\/2020\/03\/20180821_172457-rotated-e1585496689322-169x300.jpg 169w\" sizes=\"(max-width: 360px) 100vw, 360px\" \/><\/a><\/figure><\/li><li class=\"blocks-gallery-item\"><figure><a href=\"https:\/\/kantorjanosi.reformatus.hu\/gyulekezet\/wp-content\/uploads\/sites\/3\/2020\/03\/20180821_172407-rotated-e1585496684638.jpg\" data-lbwps-width=\"360\" data-lbwps-height=\"640\" data-lbwps-srcsmall=\"https:\/\/kantorjanosi.reformatus.hu\/gyulekezet\/wp-content\/uploads\/sites\/3\/2020\/03\/20180821_172407-rotated-e1585496684638-169x300.jpg\"><img loading=\"lazy\" decoding=\"async\" width=\"360\" height=\"640\" src=\"https:\/\/kantorjanosi.reformatus.hu\/gyulekezet\/wp-content\/uploads\/sites\/3\/2020\/03\/20180821_172407-rotated-e1585496684638.jpg\" alt=\"\" data-id=\"473\" data-full-url=\"https:\/\/kantorjanosi.reformatus.hu\/gyulekezet\/wp-content\/uploads\/sites\/3\/2020\/03\/20180821_172407-rotated-e1585496684638.jpg\" data-link=\"https:\/\/kantorjanosi.reformatus.hu\/gyulekezet\/20180821_172407\/\" class=\"wp-image-473\" srcset=\"https:\/\/kantorjanosi.reformatus.hu\/gyulekezet\/wp-content\/uploads\/sites\/3\/2020\/03\/20180821_172407-rotated-e1585496684638.jpg 360w, https:\/\/kantorjanosi.reformatus.hu\/gyulekezet\/wp-content\/uploads\/sites\/3\/2020\/03\/20180821_172407-rotated-e1585496684638-169x300.jpg 169w\" sizes=\"(max-width: 360px) 100vw, 360px\" \/><\/a><\/figure><\/li><li class=\"blocks-gallery-item\"><figure><a href=\"https:\/\/kantorjanosi.reformatus.hu\/gyulekezet\/wp-content\/uploads\/sites\/3\/2020\/03\/20180821_172352-rotated-e1585496679169.jpg\" data-lbwps-width=\"360\" data-lbwps-height=\"640\" data-lbwps-srcsmall=\"https:\/\/kantorjanosi.reformatus.hu\/gyulekezet\/wp-content\/uploads\/sites\/3\/2020\/03\/20180821_172352-rotated-e1585496679169-169x300.jpg\"><img loading=\"lazy\" decoding=\"async\" width=\"360\" height=\"640\" src=\"https:\/\/kantorjanosi.reformatus.hu\/gyulekezet\/wp-content\/uploads\/sites\/3\/2020\/03\/20180821_172352-rotated-e1585496679169.jpg\" alt=\"\" data-id=\"472\" data-full-url=\"https:\/\/kantorjanosi.reformatus.hu\/gyulekezet\/wp-content\/uploads\/sites\/3\/2020\/03\/20180821_172352-rotated-e1585496679169.jpg\" data-link=\"https:\/\/kantorjanosi.reformatus.hu\/gyulekezet\/20180821_172352\/\" class=\"wp-image-472\" srcset=\"https:\/\/kantorjanosi.reformatus.hu\/gyulekezet\/wp-content\/uploads\/sites\/3\/2020\/03\/20180821_172352-rotated-e1585496679169.jpg 360w, https:\/\/kantorjanosi.reformatus.hu\/gyulekezet\/wp-content\/uploads\/sites\/3\/2020\/03\/20180821_172352-rotated-e1585496679169-169x300.jpg 169w\" sizes=\"(max-width: 360px) 100vw, 360px\" \/><\/a><\/figure><\/li><\/ul><\/figure>\n","protected":false},"excerpt":{"rendered":"<p>2018. augusztus 21-\u00e9n a templom fel\u00faj\u00edt\u00e1s\u00e1t el\u0151k\u00e9sz\u00edtve kibontottuk a padozatot a templomb\u00f3l.<\/p>\n","protected":false},"author":1,"featured_media":0,"parent":0,"menu_order":0,"comment_status":"closed","ping_status":"closed","template":"","meta":{"footnotes":""},"_links":{"self":[{"href":"https:\/\/kantorjanosi.reformatus.hu\/gyulekezet\/wp-json\/wp\/v2\/pages\/489"}],"collection":[{"href":"https:\/\/kantorjanosi.reformatus.hu\/gyulekezet\/wp-json\/wp\/v2\/pages"}],"about":[{"href":"https:\/\/kantorjanosi.reformatus.hu\/gyulekezet\/wp-json\/wp\/v2\/types\/page"}],"author":[{"embeddable":true,"href":"https:\/\/kantorjanosi.reformatus.hu\/gyulekezet\/wp-json\/wp\/v2\/users\/1"}],"replies":[{"embeddable":true,"href":"https:\/\/kantorjanosi.reformatus.hu\/gyulekezet\/wp-json\/wp\/v2\/comments?post=489"}],"version-history":[{"count":1,"href":"https:\/\/kantorjanosi.reformatus.hu\/gyulekezet\/wp-json\/wp\/v2\/pages\/489\/revisions"}],"predecessor-version":[{"id":490,"href":"https:\/\/kantorjanosi.reformatus.hu\/gyulekezet\/wp-json\/wp\/v2\/pages\/489\/revisions\/490"}],"wp:attachment":[{"href":"https:\/\/kantorjanosi.reformatus.hu\/gyulekezet\/wp-json\/wp\/v2\/media?parent=489"}],"curies":[{"name":"wp","href":"https:\/\/api.w.org\/{rel}","templated":true}]}}