{"id":465,"date":"2020-03-29T15:31:32","date_gmt":"2020-03-29T15:31:32","guid":{"rendered":"https:\/\/kantorjanosi.reformatus.hu\/gyulekezet\/?page_id=465"},"modified":"2020-03-29T15:31:32","modified_gmt":"2020-03-29T15:31:32","slug":"iskolai-csaladi-nap","status":"publish","type":"page","link":"https:\/\/kantorjanosi.reformatus.hu\/gyulekezet\/iskolai-csaladi-nap\/","title":{"rendered":"Iskolai csal\u00e1di nap"},"content":{"rendered":"\n<p>Az iskola csal\u00e1di vas\u00e1rnapj\u00e1n a gy\u00fclekezet\u00fcnk tagjai is r\u00e9szt vettek. K\u00fcl\u00f6n s\u00e1torban megtekinthett\u00e9k a reform\u00e1ci\u00f3 f\u0151bb \u00e1llom\u00e1sait, m\u00edg a m\u00e1sik s\u00e1torban s\u00fctem\u00e9ny, \u00fcd\u00edt\u0151 \u00e9s j\u00f3kedv v\u00e1rt mindenkit. <\/p>\n\n\n\n<figure class=\"wp-block-gallery columns-3 is-cropped wp-block-gallery-1 is-layout-flex wp-block-gallery-is-layout-flex\"><ul class=\"blocks-gallery-grid\"><li class=\"blocks-gallery-item\"><figure><a href=\"https:\/\/kantorjanosi.reformatus.hu\/gyulekezet\/wp-content\/uploads\/sites\/3\/2020\/03\/IMG-cfd267797d2e896eceeaea8b6aebdd07-V.jpg\" data-lbwps-width=\"640\" data-lbwps-height=\"360\" data-lbwps-srcsmall=\"https:\/\/kantorjanosi.reformatus.hu\/gyulekezet\/wp-content\/uploads\/sites\/3\/2020\/03\/IMG-cfd267797d2e896eceeaea8b6aebdd07-V-300x169.jpg\"><img loading=\"lazy\" decoding=\"async\" width=\"640\" height=\"360\" src=\"https:\/\/kantorjanosi.reformatus.hu\/gyulekezet\/wp-content\/uploads\/sites\/3\/2020\/03\/IMG-cfd267797d2e896eceeaea8b6aebdd07-V.jpg\" alt=\"\" data-id=\"447\" data-full-url=\"https:\/\/kantorjanosi.reformatus.hu\/gyulekezet\/wp-content\/uploads\/sites\/3\/2020\/03\/IMG-cfd267797d2e896eceeaea8b6aebdd07-V.jpg\" data-link=\"https:\/\/kantorjanosi.reformatus.hu\/gyulekezet\/img-cfd267797d2e896eceeaea8b6aebdd07-v\/\" class=\"wp-image-447\" srcset=\"https:\/\/kantorjanosi.reformatus.hu\/gyulekezet\/wp-content\/uploads\/sites\/3\/2020\/03\/IMG-cfd267797d2e896eceeaea8b6aebdd07-V.jpg 640w, https:\/\/kantorjanosi.reformatus.hu\/gyulekezet\/wp-content\/uploads\/sites\/3\/2020\/03\/IMG-cfd267797d2e896eceeaea8b6aebdd07-V-300x169.jpg 300w\" sizes=\"(max-width: 640px) 100vw, 640px\" \/><\/a><\/figure><\/li><li class=\"blocks-gallery-item\"><figure><a href=\"https:\/\/kantorjanosi.reformatus.hu\/gyulekezet\/wp-content\/uploads\/sites\/3\/2020\/03\/IMG-cb8f62abee1327aa8ed0fe4dee4267ea-V.jpg\" data-lbwps-width=\"640\" data-lbwps-height=\"360\" data-lbwps-srcsmall=\"https:\/\/kantorjanosi.reformatus.hu\/gyulekezet\/wp-content\/uploads\/sites\/3\/2020\/03\/IMG-cb8f62abee1327aa8ed0fe4dee4267ea-V-300x169.jpg\"><img loading=\"lazy\" decoding=\"async\" width=\"640\" height=\"360\" src=\"https:\/\/kantorjanosi.reformatus.hu\/gyulekezet\/wp-content\/uploads\/sites\/3\/2020\/03\/IMG-cb8f62abee1327aa8ed0fe4dee4267ea-V.jpg\" alt=\"\" data-id=\"446\" data-full-url=\"https:\/\/kantorjanosi.reformatus.hu\/gyulekezet\/wp-content\/uploads\/sites\/3\/2020\/03\/IMG-cb8f62abee1327aa8ed0fe4dee4267ea-V.jpg\" data-link=\"https:\/\/kantorjanosi.reformatus.hu\/gyulekezet\/img-cb8f62abee1327aa8ed0fe4dee4267ea-v\/\" class=\"wp-image-446\" srcset=\"https:\/\/kantorjanosi.reformatus.hu\/gyulekezet\/wp-content\/uploads\/sites\/3\/2020\/03\/IMG-cb8f62abee1327aa8ed0fe4dee4267ea-V.jpg 640w, https:\/\/kantorjanosi.reformatus.hu\/gyulekezet\/wp-content\/uploads\/sites\/3\/2020\/03\/IMG-cb8f62abee1327aa8ed0fe4dee4267ea-V-300x169.jpg 300w\" sizes=\"(max-width: 640px) 100vw, 640px\" \/><\/a><\/figure><\/li><li class=\"blocks-gallery-item\"><figure><a href=\"https:\/\/kantorjanosi.reformatus.hu\/gyulekezet\/wp-content\/uploads\/sites\/3\/2020\/03\/IMG-ad28e2ee807b5b326dc26f912bf6ec56-V.jpg\" data-lbwps-width=\"360\" data-lbwps-height=\"640\" data-lbwps-srcsmall=\"https:\/\/kantorjanosi.reformatus.hu\/gyulekezet\/wp-content\/uploads\/sites\/3\/2020\/03\/IMG-ad28e2ee807b5b326dc26f912bf6ec56-V-169x300.jpg\"><img loading=\"lazy\" decoding=\"async\" width=\"360\" height=\"640\" src=\"https:\/\/kantorjanosi.reformatus.hu\/gyulekezet\/wp-content\/uploads\/sites\/3\/2020\/03\/IMG-ad28e2ee807b5b326dc26f912bf6ec56-V.jpg\" alt=\"\" data-id=\"445\" data-full-url=\"https:\/\/kantorjanosi.reformatus.hu\/gyulekezet\/wp-content\/uploads\/sites\/3\/2020\/03\/IMG-ad28e2ee807b5b326dc26f912bf6ec56-V.jpg\" data-link=\"https:\/\/kantorjanosi.reformatus.hu\/gyulekezet\/img-ad28e2ee807b5b326dc26f912bf6ec56-v\/\" class=\"wp-image-445\" srcset=\"https:\/\/kantorjanosi.reformatus.hu\/gyulekezet\/wp-content\/uploads\/sites\/3\/2020\/03\/IMG-ad28e2ee807b5b326dc26f912bf6ec56-V.jpg 360w, https:\/\/kantorjanosi.reformatus.hu\/gyulekezet\/wp-content\/uploads\/sites\/3\/2020\/03\/IMG-ad28e2ee807b5b326dc26f912bf6ec56-V-169x300.jpg 169w\" sizes=\"(max-width: 360px) 100vw, 360px\" \/><\/a><\/figure><\/li><li class=\"blocks-gallery-item\"><figure><a href=\"https:\/\/kantorjanosi.reformatus.hu\/gyulekezet\/wp-content\/uploads\/sites\/3\/2020\/03\/IMG-734a1be389778a6dd92168947eb5d1a8-V.jpg\" data-lbwps-width=\"640\" data-lbwps-height=\"360\" data-lbwps-srcsmall=\"https:\/\/kantorjanosi.reformatus.hu\/gyulekezet\/wp-content\/uploads\/sites\/3\/2020\/03\/IMG-734a1be389778a6dd92168947eb5d1a8-V-300x169.jpg\"><img loading=\"lazy\" decoding=\"async\" width=\"640\" height=\"360\" src=\"https:\/\/kantorjanosi.reformatus.hu\/gyulekezet\/wp-content\/uploads\/sites\/3\/2020\/03\/IMG-734a1be389778a6dd92168947eb5d1a8-V.jpg\" alt=\"\" data-id=\"444\" data-full-url=\"https:\/\/kantorjanosi.reformatus.hu\/gyulekezet\/wp-content\/uploads\/sites\/3\/2020\/03\/IMG-734a1be389778a6dd92168947eb5d1a8-V.jpg\" data-link=\"https:\/\/kantorjanosi.reformatus.hu\/gyulekezet\/img-734a1be389778a6dd92168947eb5d1a8-v\/\" class=\"wp-image-444\" srcset=\"https:\/\/kantorjanosi.reformatus.hu\/gyulekezet\/wp-content\/uploads\/sites\/3\/2020\/03\/IMG-734a1be389778a6dd92168947eb5d1a8-V.jpg 640w, https:\/\/kantorjanosi.reformatus.hu\/gyulekezet\/wp-content\/uploads\/sites\/3\/2020\/03\/IMG-734a1be389778a6dd92168947eb5d1a8-V-300x169.jpg 300w\" sizes=\"(max-width: 640px) 100vw, 640px\" \/><\/a><\/figure><\/li><\/ul><\/figure>\n","protected":false},"excerpt":{"rendered":"<p>Az iskola csal\u00e1di vas\u00e1rnapj\u00e1n a gy\u00fclekezet\u00fcnk tagjai is r\u00e9szt vettek. K\u00fcl\u00f6n s\u00e1torban megtekinthett\u00e9k a reform\u00e1ci\u00f3 f\u0151bb \u00e1llom\u00e1sait, m\u00edg a m\u00e1sik s\u00e1torban s\u00fctem\u00e9ny, \u00fcd\u00edt\u0151 \u00e9s j\u00f3kedv v\u00e1rt mindenkit.<\/p>\n","protected":false},"author":1,"featured_media":0,"parent":0,"menu_order":0,"comment_status":"closed","ping_status":"closed","template":"","meta":{"footnotes":""},"_links":{"self":[{"href":"https:\/\/kantorjanosi.reformatus.hu\/gyulekezet\/wp-json\/wp\/v2\/pages\/465"}],"collection":[{"href":"https:\/\/kantorjanosi.reformatus.hu\/gyulekezet\/wp-json\/wp\/v2\/pages"}],"about":[{"href":"https:\/\/kantorjanosi.reformatus.hu\/gyulekezet\/wp-json\/wp\/v2\/types\/page"}],"author":[{"embeddable":true,"href":"https:\/\/kantorjanosi.reformatus.hu\/gyulekezet\/wp-json\/wp\/v2\/users\/1"}],"replies":[{"embeddable":true,"href":"https:\/\/kantorjanosi.reformatus.hu\/gyulekezet\/wp-json\/wp\/v2\/comments?post=465"}],"version-history":[{"count":1,"href":"https:\/\/kantorjanosi.reformatus.hu\/gyulekezet\/wp-json\/wp\/v2\/pages\/465\/revisions"}],"predecessor-version":[{"id":466,"href":"https:\/\/kantorjanosi.reformatus.hu\/gyulekezet\/wp-json\/wp\/v2\/pages\/465\/revisions\/466"}],"wp:attachment":[{"href":"https:\/\/kantorjanosi.reformatus.hu\/gyulekezet\/wp-json\/wp\/v2\/media?parent=465"}],"curies":[{"name":"wp","href":"https:\/\/api.w.org\/{rel}","templated":true}]}}