{"id":462,"date":"2020-03-29T15:27:55","date_gmt":"2020-03-29T15:27:55","guid":{"rendered":"https:\/\/kantorjanosi.reformatus.hu\/gyulekezet\/?page_id=462"},"modified":"2020-03-29T15:29:40","modified_gmt":"2020-03-29T15:29:40","slug":"reformacios-projektora","status":"publish","type":"page","link":"https:\/\/kantorjanosi.reformatus.hu\/gyulekezet\/reformacios-projektora\/","title":{"rendered":"Reform\u00e1ci\u00f3s projekt\u00f3ra"},"content":{"rendered":"\n<p>Csonka J\u00f3zsef vezet\u00e9s\u00e9vel \u00e9s szervez\u00e9s\u00e9ben az \u00e1ltal\u00e1nos iskol\u00e1ban egy Reform\u00e1ci\u00f3 ismereteit elm\u00e9ly\u00edt\u0151 projekt\u00f3ra volt. <br>Seg\u00edt\u0151k voltak: Szabados Bogl\u00e1rka k\u00e1ntor szakos hallgat\u00f3 (DRHE), F\u00f6ldv\u00e1ri Csilla tan\u00edt\u00f3 szakos hallgat\u00f3 (DRHE), Szatm\u00e1ri \u00c1gnes tan\u00edt\u00f3 szakos hallgat\u00f3 (DRHE), Seress J\u00falia \u00e9lelmiszerm\u00e9rn\u00f6k hallgat\u00f3 (Debreceni Egyetem), Bonn\u00e1r Krist\u00f3f, B\u00edr\u00f3 S\u00e1ndor teol\u00f3gus-lelk\u00e9sz szakos hallgat\u00f3 (DRHE), J\u00f3zsa Imre teol\u00f3gus-lelk\u00e9sz szakos hallgat\u00f3 (DRHE), \u0150sz M\u00e1t\u00e9 teol\u00f3gus-lelk\u00e9sz szakos hallgat\u00f3 (DRHE).<\/p>\n\n\n\n<figure class=\"wp-block-gallery columns-3 is-cropped wp-block-gallery-1 is-layout-flex wp-block-gallery-is-layout-flex\"><ul class=\"blocks-gallery-grid\"><li class=\"blocks-gallery-item\"><figure><a href=\"https:\/\/kantorjanosi.reformatus.hu\/gyulekezet\/wp-content\/uploads\/sites\/3\/2020\/03\/IMG_20181025_121522-rotated-e1585495688711.jpg\" data-lbwps-width=\"480\" data-lbwps-height=\"640\" data-lbwps-srcsmall=\"https:\/\/kantorjanosi.reformatus.hu\/gyulekezet\/wp-content\/uploads\/sites\/3\/2020\/03\/IMG_20181025_121522-rotated-e1585495688711-225x300.jpg\"><img loading=\"lazy\" decoding=\"async\" width=\"480\" height=\"640\" src=\"https:\/\/kantorjanosi.reformatus.hu\/gyulekezet\/wp-content\/uploads\/sites\/3\/2020\/03\/IMG_20181025_121522-rotated-e1585495688711.jpg\" alt=\"\" data-id=\"441\" data-full-url=\"https:\/\/kantorjanosi.reformatus.hu\/gyulekezet\/wp-content\/uploads\/sites\/3\/2020\/03\/IMG_20181025_121522-rotated-e1585495688711.jpg\" data-link=\"https:\/\/kantorjanosi.reformatus.hu\/gyulekezet\/img_20181025_121522\/\" class=\"wp-image-441\" srcset=\"https:\/\/kantorjanosi.reformatus.hu\/gyulekezet\/wp-content\/uploads\/sites\/3\/2020\/03\/IMG_20181025_121522-rotated-e1585495688711.jpg 480w, https:\/\/kantorjanosi.reformatus.hu\/gyulekezet\/wp-content\/uploads\/sites\/3\/2020\/03\/IMG_20181025_121522-rotated-e1585495688711-225x300.jpg 225w\" sizes=\"(max-width: 480px) 100vw, 480px\" \/><\/a><\/figure><\/li><li class=\"blocks-gallery-item\"><figure><a href=\"https:\/\/kantorjanosi.reformatus.hu\/gyulekezet\/wp-content\/uploads\/sites\/3\/2020\/03\/IMG_20181025_102357-rotated-e1585495694125.jpg\" data-lbwps-width=\"480\" data-lbwps-height=\"640\" data-lbwps-srcsmall=\"https:\/\/kantorjanosi.reformatus.hu\/gyulekezet\/wp-content\/uploads\/sites\/3\/2020\/03\/IMG_20181025_102357-rotated-e1585495694125-225x300.jpg\"><img loading=\"lazy\" decoding=\"async\" width=\"480\" height=\"640\" src=\"https:\/\/kantorjanosi.reformatus.hu\/gyulekezet\/wp-content\/uploads\/sites\/3\/2020\/03\/IMG_20181025_102357-rotated-e1585495694125.jpg\" alt=\"\" data-id=\"439\" data-full-url=\"https:\/\/kantorjanosi.reformatus.hu\/gyulekezet\/wp-content\/uploads\/sites\/3\/2020\/03\/IMG_20181025_102357-rotated-e1585495694125.jpg\" data-link=\"https:\/\/kantorjanosi.reformatus.hu\/gyulekezet\/img_20181025_102357\/\" class=\"wp-image-439\" srcset=\"https:\/\/kantorjanosi.reformatus.hu\/gyulekezet\/wp-content\/uploads\/sites\/3\/2020\/03\/IMG_20181025_102357-rotated-e1585495694125.jpg 480w, https:\/\/kantorjanosi.reformatus.hu\/gyulekezet\/wp-content\/uploads\/sites\/3\/2020\/03\/IMG_20181025_102357-rotated-e1585495694125-225x300.jpg 225w\" sizes=\"(max-width: 480px) 100vw, 480px\" \/><\/a><\/figure><\/li><li class=\"blocks-gallery-item\"><figure><a href=\"https:\/\/kantorjanosi.reformatus.hu\/gyulekezet\/wp-content\/uploads\/sites\/3\/2020\/03\/IMG_20181025_115836-rotated-e1585495700519.jpg\" data-lbwps-width=\"480\" data-lbwps-height=\"640\" data-lbwps-srcsmall=\"https:\/\/kantorjanosi.reformatus.hu\/gyulekezet\/wp-content\/uploads\/sites\/3\/2020\/03\/IMG_20181025_115836-rotated-e1585495700519-225x300.jpg\"><img loading=\"lazy\" decoding=\"async\" width=\"480\" height=\"640\" src=\"https:\/\/kantorjanosi.reformatus.hu\/gyulekezet\/wp-content\/uploads\/sites\/3\/2020\/03\/IMG_20181025_115836-rotated-e1585495700519.jpg\" alt=\"\" data-id=\"440\" data-full-url=\"https:\/\/kantorjanosi.reformatus.hu\/gyulekezet\/wp-content\/uploads\/sites\/3\/2020\/03\/IMG_20181025_115836-rotated-e1585495700519.jpg\" data-link=\"https:\/\/kantorjanosi.reformatus.hu\/gyulekezet\/img_20181025_115836\/\" class=\"wp-image-440\" srcset=\"https:\/\/kantorjanosi.reformatus.hu\/gyulekezet\/wp-content\/uploads\/sites\/3\/2020\/03\/IMG_20181025_115836-rotated-e1585495700519.jpg 480w, https:\/\/kantorjanosi.reformatus.hu\/gyulekezet\/wp-content\/uploads\/sites\/3\/2020\/03\/IMG_20181025_115836-rotated-e1585495700519-225x300.jpg 225w\" sizes=\"(max-width: 480px) 100vw, 480px\" \/><\/a><\/figure><\/li><li class=\"blocks-gallery-item\"><figure><a href=\"https:\/\/kantorjanosi.reformatus.hu\/gyulekezet\/wp-content\/uploads\/sites\/3\/2020\/03\/IMG_20181025_102354-rotated-e1585495705109.jpg\" data-lbwps-width=\"480\" data-lbwps-height=\"640\" data-lbwps-srcsmall=\"https:\/\/kantorjanosi.reformatus.hu\/gyulekezet\/wp-content\/uploads\/sites\/3\/2020\/03\/IMG_20181025_102354-rotated-e1585495705109-225x300.jpg\"><img loading=\"lazy\" decoding=\"async\" width=\"480\" height=\"640\" src=\"https:\/\/kantorjanosi.reformatus.hu\/gyulekezet\/wp-content\/uploads\/sites\/3\/2020\/03\/IMG_20181025_102354-rotated-e1585495705109.jpg\" alt=\"\" data-id=\"438\" data-full-url=\"https:\/\/kantorjanosi.reformatus.hu\/gyulekezet\/wp-content\/uploads\/sites\/3\/2020\/03\/IMG_20181025_102354-rotated-e1585495705109.jpg\" data-link=\"https:\/\/kantorjanosi.reformatus.hu\/gyulekezet\/img_20181025_102354\/\" class=\"wp-image-438\" srcset=\"https:\/\/kantorjanosi.reformatus.hu\/gyulekezet\/wp-content\/uploads\/sites\/3\/2020\/03\/IMG_20181025_102354-rotated-e1585495705109.jpg 480w, https:\/\/kantorjanosi.reformatus.hu\/gyulekezet\/wp-content\/uploads\/sites\/3\/2020\/03\/IMG_20181025_102354-rotated-e1585495705109-225x300.jpg 225w\" sizes=\"(max-width: 480px) 100vw, 480px\" \/><\/a><\/figure><\/li><li class=\"blocks-gallery-item\"><figure><a href=\"https:\/\/kantorjanosi.reformatus.hu\/gyulekezet\/wp-content\/uploads\/sites\/3\/2020\/03\/IMG_20181025_102244-rotated-e1585495709862.jpg\" data-lbwps-width=\"480\" data-lbwps-height=\"640\" data-lbwps-srcsmall=\"https:\/\/kantorjanosi.reformatus.hu\/gyulekezet\/wp-content\/uploads\/sites\/3\/2020\/03\/IMG_20181025_102244-rotated-e1585495709862-225x300.jpg\"><img loading=\"lazy\" decoding=\"async\" width=\"480\" height=\"640\" src=\"https:\/\/kantorjanosi.reformatus.hu\/gyulekezet\/wp-content\/uploads\/sites\/3\/2020\/03\/IMG_20181025_102244-rotated-e1585495709862.jpg\" alt=\"\" data-id=\"437\" data-full-url=\"https:\/\/kantorjanosi.reformatus.hu\/gyulekezet\/wp-content\/uploads\/sites\/3\/2020\/03\/IMG_20181025_102244-rotated-e1585495709862.jpg\" data-link=\"https:\/\/kantorjanosi.reformatus.hu\/gyulekezet\/img_20181025_102244\/\" class=\"wp-image-437\" srcset=\"https:\/\/kantorjanosi.reformatus.hu\/gyulekezet\/wp-content\/uploads\/sites\/3\/2020\/03\/IMG_20181025_102244-rotated-e1585495709862.jpg 480w, https:\/\/kantorjanosi.reformatus.hu\/gyulekezet\/wp-content\/uploads\/sites\/3\/2020\/03\/IMG_20181025_102244-rotated-e1585495709862-225x300.jpg 225w\" sizes=\"(max-width: 480px) 100vw, 480px\" \/><\/a><\/figure><\/li><li class=\"blocks-gallery-item\"><figure><a href=\"https:\/\/kantorjanosi.reformatus.hu\/gyulekezet\/wp-content\/uploads\/sites\/3\/2020\/03\/IMG_20181025_102238.jpg\" data-lbwps-width=\"480\" data-lbwps-height=\"640\" data-lbwps-srcsmall=\"https:\/\/kantorjanosi.reformatus.hu\/gyulekezet\/wp-content\/uploads\/sites\/3\/2020\/03\/IMG_20181025_102238-225x300.jpg\"><img loading=\"lazy\" decoding=\"async\" width=\"480\" height=\"640\" src=\"https:\/\/kantorjanosi.reformatus.hu\/gyulekezet\/wp-content\/uploads\/sites\/3\/2020\/03\/IMG_20181025_102238.jpg\" alt=\"\" data-id=\"436\" data-full-url=\"https:\/\/kantorjanosi.reformatus.hu\/gyulekezet\/wp-content\/uploads\/sites\/3\/2020\/03\/IMG_20181025_102238.jpg\" data-link=\"https:\/\/kantorjanosi.reformatus.hu\/gyulekezet\/img_20181025_102238\/\" class=\"wp-image-436\" srcset=\"https:\/\/kantorjanosi.reformatus.hu\/gyulekezet\/wp-content\/uploads\/sites\/3\/2020\/03\/IMG_20181025_102238.jpg 480w, https:\/\/kantorjanosi.reformatus.hu\/gyulekezet\/wp-content\/uploads\/sites\/3\/2020\/03\/IMG_20181025_102238-225x300.jpg 225w\" sizes=\"(max-width: 480px) 100vw, 480px\" \/><\/a><\/figure><\/li><li class=\"blocks-gallery-item\"><figure><a href=\"https:\/\/kantorjanosi.reformatus.hu\/gyulekezet\/wp-content\/uploads\/sites\/3\/2020\/03\/IMG_20181025_102236.jpg\" data-lbwps-width=\"480\" data-lbwps-height=\"640\" data-lbwps-srcsmall=\"https:\/\/kantorjanosi.reformatus.hu\/gyulekezet\/wp-content\/uploads\/sites\/3\/2020\/03\/IMG_20181025_102236-225x300.jpg\"><img loading=\"lazy\" decoding=\"async\" width=\"480\" height=\"640\" src=\"https:\/\/kantorjanosi.reformatus.hu\/gyulekezet\/wp-content\/uploads\/sites\/3\/2020\/03\/IMG_20181025_102236.jpg\" alt=\"\" data-id=\"435\" data-full-url=\"https:\/\/kantorjanosi.reformatus.hu\/gyulekezet\/wp-content\/uploads\/sites\/3\/2020\/03\/IMG_20181025_102236.jpg\" data-link=\"https:\/\/kantorjanosi.reformatus.hu\/gyulekezet\/img_20181025_102236\/\" class=\"wp-image-435\" srcset=\"https:\/\/kantorjanosi.reformatus.hu\/gyulekezet\/wp-content\/uploads\/sites\/3\/2020\/03\/IMG_20181025_102236.jpg 480w, https:\/\/kantorjanosi.reformatus.hu\/gyulekezet\/wp-content\/uploads\/sites\/3\/2020\/03\/IMG_20181025_102236-225x300.jpg 225w\" sizes=\"(max-width: 480px) 100vw, 480px\" \/><\/a><\/figure><\/li><li class=\"blocks-gallery-item\"><figure><a href=\"https:\/\/kantorjanosi.reformatus.hu\/gyulekezet\/wp-content\/uploads\/sites\/3\/2020\/03\/IMG_20181025_093644.jpg\" data-lbwps-width=\"480\" data-lbwps-height=\"640\" data-lbwps-srcsmall=\"https:\/\/kantorjanosi.reformatus.hu\/gyulekezet\/wp-content\/uploads\/sites\/3\/2020\/03\/IMG_20181025_093644-225x300.jpg\"><img loading=\"lazy\" decoding=\"async\" width=\"480\" height=\"640\" src=\"https:\/\/kantorjanosi.reformatus.hu\/gyulekezet\/wp-content\/uploads\/sites\/3\/2020\/03\/IMG_20181025_093644.jpg\" alt=\"\" data-id=\"434\" data-full-url=\"https:\/\/kantorjanosi.reformatus.hu\/gyulekezet\/wp-content\/uploads\/sites\/3\/2020\/03\/IMG_20181025_093644.jpg\" data-link=\"https:\/\/kantorjanosi.reformatus.hu\/gyulekezet\/img_20181025_093644\/\" class=\"wp-image-434\" srcset=\"https:\/\/kantorjanosi.reformatus.hu\/gyulekezet\/wp-content\/uploads\/sites\/3\/2020\/03\/IMG_20181025_093644.jpg 480w, https:\/\/kantorjanosi.reformatus.hu\/gyulekezet\/wp-content\/uploads\/sites\/3\/2020\/03\/IMG_20181025_093644-225x300.jpg 225w\" sizes=\"(max-width: 480px) 100vw, 480px\" \/><\/a><\/figure><\/li><li class=\"blocks-gallery-item\"><figure><a href=\"https:\/\/kantorjanosi.reformatus.hu\/gyulekezet\/wp-content\/uploads\/sites\/3\/2020\/03\/IMG_20181025_092444-rotated-e1585495718363.jpg\" data-lbwps-width=\"480\" data-lbwps-height=\"640\" data-lbwps-srcsmall=\"https:\/\/kantorjanosi.reformatus.hu\/gyulekezet\/wp-content\/uploads\/sites\/3\/2020\/03\/IMG_20181025_092444-rotated-e1585495718363-225x300.jpg\"><img loading=\"lazy\" decoding=\"async\" width=\"480\" height=\"640\" src=\"https:\/\/kantorjanosi.reformatus.hu\/gyulekezet\/wp-content\/uploads\/sites\/3\/2020\/03\/IMG_20181025_092444-rotated-e1585495718363.jpg\" alt=\"\" data-id=\"433\" data-full-url=\"https:\/\/kantorjanosi.reformatus.hu\/gyulekezet\/wp-content\/uploads\/sites\/3\/2020\/03\/IMG_20181025_092444-rotated-e1585495718363.jpg\" data-link=\"https:\/\/kantorjanosi.reformatus.hu\/gyulekezet\/img_20181025_092444\/\" class=\"wp-image-433\" srcset=\"https:\/\/kantorjanosi.reformatus.hu\/gyulekezet\/wp-content\/uploads\/sites\/3\/2020\/03\/IMG_20181025_092444-rotated-e1585495718363.jpg 480w, https:\/\/kantorjanosi.reformatus.hu\/gyulekezet\/wp-content\/uploads\/sites\/3\/2020\/03\/IMG_20181025_092444-rotated-e1585495718363-225x300.jpg 225w\" sizes=\"(max-width: 480px) 100vw, 480px\" \/><\/a><\/figure><\/li><li class=\"blocks-gallery-item\"><figure><a href=\"https:\/\/kantorjanosi.reformatus.hu\/gyulekezet\/wp-content\/uploads\/sites\/3\/2020\/03\/IMG_20181025_092435-rotated-e1585495722593.jpg\" data-lbwps-width=\"480\" data-lbwps-height=\"640\" data-lbwps-srcsmall=\"https:\/\/kantorjanosi.reformatus.hu\/gyulekezet\/wp-content\/uploads\/sites\/3\/2020\/03\/IMG_20181025_092435-rotated-e1585495722593-225x300.jpg\"><img loading=\"lazy\" decoding=\"async\" width=\"480\" height=\"640\" src=\"https:\/\/kantorjanosi.reformatus.hu\/gyulekezet\/wp-content\/uploads\/sites\/3\/2020\/03\/IMG_20181025_092435-rotated-e1585495722593.jpg\" alt=\"\" data-id=\"432\" data-full-url=\"https:\/\/kantorjanosi.reformatus.hu\/gyulekezet\/wp-content\/uploads\/sites\/3\/2020\/03\/IMG_20181025_092435-rotated-e1585495722593.jpg\" data-link=\"https:\/\/kantorjanosi.reformatus.hu\/gyulekezet\/img_20181025_092435\/\" class=\"wp-image-432\" srcset=\"https:\/\/kantorjanosi.reformatus.hu\/gyulekezet\/wp-content\/uploads\/sites\/3\/2020\/03\/IMG_20181025_092435-rotated-e1585495722593.jpg 480w, https:\/\/kantorjanosi.reformatus.hu\/gyulekezet\/wp-content\/uploads\/sites\/3\/2020\/03\/IMG_20181025_092435-rotated-e1585495722593-225x300.jpg 225w\" sizes=\"(max-width: 480px) 100vw, 480px\" \/><\/a><\/figure><\/li><li class=\"blocks-gallery-item\"><figure><a href=\"https:\/\/kantorjanosi.reformatus.hu\/gyulekezet\/wp-content\/uploads\/sites\/3\/2020\/03\/IMG_20181025_090300-rotated-e1585495742777.jpg\" data-lbwps-width=\"480\" data-lbwps-height=\"640\" data-lbwps-srcsmall=\"https:\/\/kantorjanosi.reformatus.hu\/gyulekezet\/wp-content\/uploads\/sites\/3\/2020\/03\/IMG_20181025_090300-rotated-e1585495742777-225x300.jpg\"><img loading=\"lazy\" decoding=\"async\" width=\"480\" height=\"640\" src=\"https:\/\/kantorjanosi.reformatus.hu\/gyulekezet\/wp-content\/uploads\/sites\/3\/2020\/03\/IMG_20181025_090300-rotated-e1585495742777.jpg\" alt=\"\" data-id=\"428\" data-full-url=\"https:\/\/kantorjanosi.reformatus.hu\/gyulekezet\/wp-content\/uploads\/sites\/3\/2020\/03\/IMG_20181025_090300-rotated-e1585495742777.jpg\" data-link=\"https:\/\/kantorjanosi.reformatus.hu\/gyulekezet\/img_20181025_090300\/\" class=\"wp-image-428\" srcset=\"https:\/\/kantorjanosi.reformatus.hu\/gyulekezet\/wp-content\/uploads\/sites\/3\/2020\/03\/IMG_20181025_090300-rotated-e1585495742777.jpg 480w, https:\/\/kantorjanosi.reformatus.hu\/gyulekezet\/wp-content\/uploads\/sites\/3\/2020\/03\/IMG_20181025_090300-rotated-e1585495742777-225x300.jpg 225w\" sizes=\"(max-width: 480px) 100vw, 480px\" \/><\/a><\/figure><\/li><li class=\"blocks-gallery-item\"><figure><a href=\"https:\/\/kantorjanosi.reformatus.hu\/gyulekezet\/wp-content\/uploads\/sites\/3\/2020\/03\/IMG_20181025_090304-rotated-e1585495737536.jpg\" data-lbwps-width=\"480\" data-lbwps-height=\"640\" data-lbwps-srcsmall=\"https:\/\/kantorjanosi.reformatus.hu\/gyulekezet\/wp-content\/uploads\/sites\/3\/2020\/03\/IMG_20181025_090304-rotated-e1585495737536-225x300.jpg\"><img loading=\"lazy\" decoding=\"async\" width=\"480\" height=\"640\" src=\"https:\/\/kantorjanosi.reformatus.hu\/gyulekezet\/wp-content\/uploads\/sites\/3\/2020\/03\/IMG_20181025_090304-rotated-e1585495737536.jpg\" alt=\"\" data-id=\"429\" data-full-url=\"https:\/\/kantorjanosi.reformatus.hu\/gyulekezet\/wp-content\/uploads\/sites\/3\/2020\/03\/IMG_20181025_090304-rotated-e1585495737536.jpg\" data-link=\"https:\/\/kantorjanosi.reformatus.hu\/gyulekezet\/img_20181025_090304\/\" class=\"wp-image-429\" srcset=\"https:\/\/kantorjanosi.reformatus.hu\/gyulekezet\/wp-content\/uploads\/sites\/3\/2020\/03\/IMG_20181025_090304-rotated-e1585495737536.jpg 480w, https:\/\/kantorjanosi.reformatus.hu\/gyulekezet\/wp-content\/uploads\/sites\/3\/2020\/03\/IMG_20181025_090304-rotated-e1585495737536-225x300.jpg 225w\" sizes=\"(max-width: 480px) 100vw, 480px\" \/><\/a><\/figure><\/li><li class=\"blocks-gallery-item\"><figure><a href=\"https:\/\/kantorjanosi.reformatus.hu\/gyulekezet\/wp-content\/uploads\/sites\/3\/2020\/03\/IMG_20181025_090807-rotated-e1585495732684.jpg\" data-lbwps-width=\"480\" data-lbwps-height=\"640\" data-lbwps-srcsmall=\"https:\/\/kantorjanosi.reformatus.hu\/gyulekezet\/wp-content\/uploads\/sites\/3\/2020\/03\/IMG_20181025_090807-rotated-e1585495732684-225x300.jpg\"><img loading=\"lazy\" decoding=\"async\" width=\"480\" height=\"640\" src=\"https:\/\/kantorjanosi.reformatus.hu\/gyulekezet\/wp-content\/uploads\/sites\/3\/2020\/03\/IMG_20181025_090807-rotated-e1585495732684.jpg\" alt=\"\" data-id=\"430\" data-full-url=\"https:\/\/kantorjanosi.reformatus.hu\/gyulekezet\/wp-content\/uploads\/sites\/3\/2020\/03\/IMG_20181025_090807-rotated-e1585495732684.jpg\" data-link=\"https:\/\/kantorjanosi.reformatus.hu\/gyulekezet\/img_20181025_090807\/\" class=\"wp-image-430\" srcset=\"https:\/\/kantorjanosi.reformatus.hu\/gyulekezet\/wp-content\/uploads\/sites\/3\/2020\/03\/IMG_20181025_090807-rotated-e1585495732684.jpg 480w, https:\/\/kantorjanosi.reformatus.hu\/gyulekezet\/wp-content\/uploads\/sites\/3\/2020\/03\/IMG_20181025_090807-rotated-e1585495732684-225x300.jpg 225w\" sizes=\"(max-width: 480px) 100vw, 480px\" \/><\/a><\/figure><\/li><li class=\"blocks-gallery-item\"><figure><a href=\"https:\/\/kantorjanosi.reformatus.hu\/gyulekezet\/wp-content\/uploads\/sites\/3\/2020\/03\/IMG_20181025_090812-rotated-e1585495727239.jpg\" data-lbwps-width=\"480\" data-lbwps-height=\"640\" data-lbwps-srcsmall=\"https:\/\/kantorjanosi.reformatus.hu\/gyulekezet\/wp-content\/uploads\/sites\/3\/2020\/03\/IMG_20181025_090812-rotated-e1585495727239-225x300.jpg\"><img loading=\"lazy\" decoding=\"async\" width=\"480\" height=\"640\" src=\"https:\/\/kantorjanosi.reformatus.hu\/gyulekezet\/wp-content\/uploads\/sites\/3\/2020\/03\/IMG_20181025_090812-rotated-e1585495727239.jpg\" alt=\"\" data-id=\"431\" data-full-url=\"https:\/\/kantorjanosi.reformatus.hu\/gyulekezet\/wp-content\/uploads\/sites\/3\/2020\/03\/IMG_20181025_090812-rotated-e1585495727239.jpg\" data-link=\"https:\/\/kantorjanosi.reformatus.hu\/gyulekezet\/img_20181025_090812\/\" class=\"wp-image-431\" srcset=\"https:\/\/kantorjanosi.reformatus.hu\/gyulekezet\/wp-content\/uploads\/sites\/3\/2020\/03\/IMG_20181025_090812-rotated-e1585495727239.jpg 480w, https:\/\/kantorjanosi.reformatus.hu\/gyulekezet\/wp-content\/uploads\/sites\/3\/2020\/03\/IMG_20181025_090812-rotated-e1585495727239-225x300.jpg 225w\" sizes=\"(max-width: 480px) 100vw, 480px\" \/><\/a><\/figure><\/li><li class=\"blocks-gallery-item\"><figure><a href=\"https:\/\/kantorjanosi.reformatus.hu\/gyulekezet\/wp-content\/uploads\/sites\/3\/2020\/03\/44767732_2142028509181398_5442403457354956800_o.jpg\" data-lbwps-width=\"640\" data-lbwps-height=\"480\" data-lbwps-srcsmall=\"https:\/\/kantorjanosi.reformatus.hu\/gyulekezet\/wp-content\/uploads\/sites\/3\/2020\/03\/44767732_2142028509181398_5442403457354956800_o-300x225.jpg\"><img loading=\"lazy\" decoding=\"async\" width=\"640\" height=\"480\" src=\"https:\/\/kantorjanosi.reformatus.hu\/gyulekezet\/wp-content\/uploads\/sites\/3\/2020\/03\/44767732_2142028509181398_5442403457354956800_o.jpg\" alt=\"\" data-id=\"426\" data-full-url=\"https:\/\/kantorjanosi.reformatus.hu\/gyulekezet\/wp-content\/uploads\/sites\/3\/2020\/03\/44767732_2142028509181398_5442403457354956800_o.jpg\" data-link=\"https:\/\/kantorjanosi.reformatus.hu\/gyulekezet\/44767732_2142028509181398_5442403457354956800_o\/\" class=\"wp-image-426\" srcset=\"https:\/\/kantorjanosi.reformatus.hu\/gyulekezet\/wp-content\/uploads\/sites\/3\/2020\/03\/44767732_2142028509181398_5442403457354956800_o.jpg 640w, https:\/\/kantorjanosi.reformatus.hu\/gyulekezet\/wp-content\/uploads\/sites\/3\/2020\/03\/44767732_2142028509181398_5442403457354956800_o-300x225.jpg 300w\" sizes=\"(max-width: 640px) 100vw, 640px\" \/><\/a><\/figure><\/li><\/ul><\/figure>\n","protected":false},"excerpt":{"rendered":"<p>Csonka J\u00f3zsef vezet\u00e9s\u00e9vel \u00e9s szervez\u00e9s\u00e9ben az \u00e1ltal\u00e1nos iskol\u00e1ban egy Reform\u00e1ci\u00f3 ismereteit elm\u00e9ly\u00edt\u0151 projekt\u00f3ra volt. Seg\u00edt\u0151k voltak: Szabados Bogl\u00e1rka k\u00e1ntor szakos hallgat\u00f3 (DRHE), F\u00f6ldv\u00e1ri Csilla tan\u00edt\u00f3 szakos hallgat\u00f3 (DRHE), Szatm\u00e1ri \u00c1gnes tan\u00edt\u00f3 szakos hallgat\u00f3 (DRHE), Seress J\u00falia \u00e9lelmiszerm\u00e9rn\u00f6k hallgat\u00f3 (Debreceni Egyetem), [&hellip;]<\/p>\n","protected":false},"author":1,"featured_media":0,"parent":0,"menu_order":0,"comment_status":"closed","ping_status":"closed","template":"","meta":{"footnotes":""},"_links":{"self":[{"href":"https:\/\/kantorjanosi.reformatus.hu\/gyulekezet\/wp-json\/wp\/v2\/pages\/462"}],"collection":[{"href":"https:\/\/kantorjanosi.reformatus.hu\/gyulekezet\/wp-json\/wp\/v2\/pages"}],"about":[{"href":"https:\/\/kantorjanosi.reformatus.hu\/gyulekezet\/wp-json\/wp\/v2\/types\/page"}],"author":[{"embeddable":true,"href":"https:\/\/kantorjanosi.reformatus.hu\/gyulekezet\/wp-json\/wp\/v2\/users\/1"}],"replies":[{"embeddable":true,"href":"https:\/\/kantorjanosi.reformatus.hu\/gyulekezet\/wp-json\/wp\/v2\/comments?post=462"}],"version-history":[{"count":2,"href":"https:\/\/kantorjanosi.reformatus.hu\/gyulekezet\/wp-json\/wp\/v2\/pages\/462\/revisions"}],"predecessor-version":[{"id":464,"href":"https:\/\/kantorjanosi.reformatus.hu\/gyulekezet\/wp-json\/wp\/v2\/pages\/462\/revisions\/464"}],"wp:attachment":[{"href":"https:\/\/kantorjanosi.reformatus.hu\/gyulekezet\/wp-json\/wp\/v2\/media?parent=462"}],"curies":[{"name":"wp","href":"https:\/\/api.w.org\/{rel}","templated":true}]}}