{"id":46,"date":"2019-11-24T19:25:51","date_gmt":"2019-11-24T19:25:51","guid":{"rendered":"https:\/\/kantorjanosi.reformatus.hu\/gyulekezet\/?page_id=46"},"modified":"2021-04-03T18:31:49","modified_gmt":"2021-04-03T18:31:49","slug":"templom-tortenete","status":"publish","type":"page","link":"https:\/\/kantorjanosi.reformatus.hu\/gyulekezet\/templom-tortenete\/","title":{"rendered":"Templom t\u00f6rt\u00e9nete"},"content":{"rendered":"\n<p><strong>Az els\u0151 templom<\/strong><br>A K\u00e1ntorj\u00e1nosi Reform\u00e1tus templomon t\u00f6rt\u00e9nete a k\u00f6z\u00e9pkorban kezd\u0151dik, b\u00e1r egyetlen k\u00f6z\u00e9pkori templomokr\u00f3l sz\u00f3l\u00f3 k\u00f6nyv sem utal erre. Ennek oka, hogy az \u00e9vsz\u00e1zadok sor\u00e1n t\u00f6bbsz\u00f6r v\u00e9geztek teljes \u00e1talak\u00edt\u00e1st a templomon, \u00edgy a XIV. -XV. sz\u00e1zadi k\u00f6z\u00e9pkori templomr\u00e9sz r\u00e9szben be\u00e9p\u00fclt a mai templomba, r\u00e9szben lebontott\u00e1k. <br>A telep\u00fcl\u00e9s els\u0151 ismert papj\u00e1nak a neve Barta (Bertalan) szatm\u00e1ri alesperes. \u0150 v\u00e9grendeleti tan\u00fa is volt, amir\u0151l oklevelet adott ki J\u00e1nosiban 1313-ban \u00e9s 1317-ben.<a href=\"#_ftn1\">[1]<\/a> \u00cdgy maradt fent a neve. 1322-ben Istv\u00e1n derzsi pap, szatm\u00e1ri alesperes itt \u00e1ll\u00edt ki oklevelet, s ekkor m\u00e9g Barta a j\u00e1nosi pap.<a href=\"#_ftn2\">[2]<\/a><br>Feltehet\u0151en, ha papja volt a falunak, akkor m\u00e1r temploma is lehetett, de egy k\u00e1poln\u00e1ja mindenk\u00e9ppen. A r\u00e9gi templom szent\u00e9ly\u00e9nek nagys\u00e1ga engedhet arra k\u00f6vetkeztetni, hogy ekkor m\u00e9g a szent\u00e9lyr\u00e9sz \u00e1llhatott k\u00e1polnak\u00e9nt, \u00e9s k\u00e9s\u0151bb a XV. sz\u00e1zadra b\u0151v\u00edtett\u00e9k nagyobb\u00e1. Ezt viszont sem al\u00e1t\u00e1masztani sem c\u00e1folni nem tudjuk. <\/p>\n\n\n\n<p><strong>A reform\u00e1ci\u00f3 kora<\/strong><br>A reform\u00e1ci\u00f3, illetve egyes adatok szerint m\u00e1r a huszitizmus \u00e1tvette a templomot saj\u00e1t haszn\u00e1lat\u00e1ba. A XVI. sz\u00e1zadi reform\u00e1ci\u00f3ban a katolikus templomb\u00f3l protest\u00e1ns lett. Ezt a templomot a maga form\u00e1j\u00e1ban eg\u00e9szen 1787-ig haszn\u00e1lt\u00e1k a reform\u00e1tusok. Ennek a templomnak a kin\u00e9zete a k\u00f6vetkez\u0151 volt: kelet-nyugati t\u00e1jol\u00e1sban fek\u00fcdt, nyugatra n\u00e9z\u0151 ajt\u00f3val. A templom fel\u00e9n\u00e9l volt a diadal\u00edv, mely m\u00f6g\u00f6tt volt a szent\u00e9ly, ami a templomhaj\u00f3t\u00f3l keskenyebb volt, \u00e9s a nyolcsz\u00f6g n\u00e9gy oldal\u00e1val z\u00e1r\u00f3dott. A szent\u00e9ly \u00e9s a haj\u00f3 tal\u00e1lkoz\u00e1s\u00e1n\u00e1l \u00e9p\u00edtettek a reform\u00e1ci\u00f3 ut\u00e1n egy kor alak\u00fa k\u0151sz\u00f3sz\u00e9ket, mellyel szemben k\u00e9s\u0151bb egy kis partikus is hozz\u00e1\u00e9p\u00fclt. <br>Az ellenreform\u00e1ci\u00f3 alatt t\u00f6rt\u00e9nt meg, hogy a K\u00e1ntorj\u00e1nosi reform\u00e1tusok nem haszn\u00e1lhatt\u00e1k a templomukat, \u00e9s \u00fcld\u00f6z\u00e9st kellett szenvedni\u00fck hit\u00fck\u00e9rt. Ezt \u00f6r\u00f6k\u00edtette meg a Tan\u00e1cs hegyi fordul\u00f3 neve, mely a mai Z\u00f6ldszerelmi-hegy lehetett. Azt \u00edrja err\u0151l Nagy G\u00e1bor jegyz\u0151 1864-ben: <em>\u201eEzen hegy vagy is nagy homok domb a n\u00e9pmonda szer\u00e9nt az\u00e9rt neveztetik igy, mert a vall\u00e1s \u00fcld\u00f6z\u00e9s kor\u00e1ban az \u00fcld\u00f6z\u00f6tt Reform\u00e1tusok ezen hegyen tartottak volna \u00e1ll\u00edt\u00f3lag \u00f6ssze j\u00f6vetelt, mely hegyet valamint annak vid\u00e9k\u00e9t is akkor rengeteg erd\u0151s\u00e9g fedte.\u201d<\/em>  <a href=\"https:\/\/kantorjanosi.reformatus.hu\/gyulekezet\/wp-admin\/post.php?post=46&amp;action=edit#_ftnref1\">[3]<\/a> <\/p>\n\n\n\n<div class=\"wp-block-image\"><figure class=\"aligncenter size-large is-resized\"><img loading=\"lazy\" decoding=\"async\" src=\"https:\/\/kantorjanosi.reformatus.hu\/gyulekezet\/wp-content\/uploads\/sites\/3\/2019\/11\/XIV.-sz\u00e1zadi-templom.jpg\" alt=\"\" class=\"wp-image-51\" width=\"581\" height=\"428\"\/><figcaption>   A XIV. &#8211; XV. sz\u00e1zadi templom alaprajza<\/figcaption><\/figure><\/div>\n\n\n\n<p><strong>Az els\u0151 templomb\u0151v\u00edt\u00e9s<\/strong> <br>Az ellenreform\u00e1ci\u00f3 csendesed\u00e9se fellend\u00fcl\u00e9st hozott a gy\u00fclekezetnek. 1769-ben egy fa harangl\u00e1bat k\u00e9sz\u00edtett a gy\u00fclekezet. Ekkor m\u00e1r az \u00e9vsz\u00e1zadok alatt lerong\u00e1l\u00f3dott templom azonnali fel\u00faj\u00edt\u00e1sra szorult, de a k\u00f6zjogi helyzet ezt m\u00e9g nem engedte. V\u00e9g\u00fcl a t\u00e9nyleges munka 1787-t\u0151l kezd\u0151d\u00f6tt a r\u00e9gi templom szent\u00e9ly\u00e9nek bont\u00e1s\u00e1val, majd az \u00faj r\u00e9szek ki\u00e9p\u00edt\u00e9s\u00e9vel. A r\u00e9gi templom szent\u00e9ly r\u00e9sze keskenyebb volt, mint a templom haj\u00f3. A fel\u00faj\u00edt\u00e1sn\u00e1l kibontott\u00e1k a teljes szent\u00e9ly r\u00e9sz\u00e9t a diadal\u00edvig, \u00e9s ugyanolyan alak\u00fa (nyolcsz\u00f6g fel\u00e9nek z\u00e1r\u00f3d\u00e1sa) apszist \u00e9p\u00edtettek meg, ami m\u00e1r a templom haj\u00f3val egyez\u0151 volt. Hozz\u00e1 \u00e9p\u00edtettek m\u00e9g egy a r\u00e9git\u0151l nagyobb partikust d\u00e9li ir\u00e1nyba. Az \u00faj templomot sok k\u00fczdelem ut\u00e1n fel\u00e9p\u00edtett\u00e9k, majd 1791. kar\u00e1csony\u00e1ban felszentelt\u00e9k. <\/p>\n\n\n\n<div class=\"wp-block-image\"><figure class=\"aligncenter size-large is-resized\"><img loading=\"lazy\" decoding=\"async\" src=\"https:\/\/kantorjanosi.reformatus.hu\/gyulekezet\/wp-content\/uploads\/sites\/3\/2019\/11\/r\u00e9gi-templom-887x1024.jpg\" alt=\"\" class=\"wp-image-50\" width=\"585\" height=\"675\" srcset=\"https:\/\/kantorjanosi.reformatus.hu\/gyulekezet\/wp-content\/uploads\/sites\/3\/2019\/11\/r\u00e9gi-templom-887x1024.jpg 887w, https:\/\/kantorjanosi.reformatus.hu\/gyulekezet\/wp-content\/uploads\/sites\/3\/2019\/11\/r\u00e9gi-templom-260x300.jpg 260w, https:\/\/kantorjanosi.reformatus.hu\/gyulekezet\/wp-content\/uploads\/sites\/3\/2019\/11\/r\u00e9gi-templom-768x887.jpg 768w, https:\/\/kantorjanosi.reformatus.hu\/gyulekezet\/wp-content\/uploads\/sites\/3\/2019\/11\/r\u00e9gi-templom-1330x1536.jpg 1330w, https:\/\/kantorjanosi.reformatus.hu\/gyulekezet\/wp-content\/uploads\/sites\/3\/2019\/11\/r\u00e9gi-templom-1774x2048.jpg 1774w\" sizes=\"(max-width: 585px) 100vw, 585px\" \/><figcaption>Az 1791-ben felszentelt &#8222;\u00faj templom&#8221; alaprajza \u00e9s d\u00e9li oldalrajza. <\/figcaption><\/figure><\/div>\n\n\n\n<p><strong>A m\u00e1sodik templomb\u0151v\u00edt\u00e9s<\/strong><br>A telep\u00fcl\u00e9s \u00e9s gy\u00fclekezet \u00e1ld\u00e1sos fejl\u0151d\u00e9se, illetve a lelk\u00e9szek \u00e1lland\u00f3s\u00e1ga miatt az 1830-as \u00e9vekre a k\u00e9t karral berakott templom is kicsinek tal\u00e1ltatott. 1829-t\u0151l elkezd\u0151d\u00f6tt a m\u00e1sodik nagy templomb\u0151v\u00edt\u00e9s. Fock Ign\u00e1c \u00e9p\u00edt\u0151mester igaz\u00e1n gazdag \u00e9s sz\u00e9p munk\u00e1t v\u00e9gzett. Ekkor is bont\u00e1ssal kezd\u0151d\u00f6tt minden. 1829-ben kibontott\u00e1k a d\u00e9li oldalhaj\u00f3t, ott ahol a partikus volt, \u00e9s oda\u00e9p\u00edtett\u00e9k az \u00faj oldalhaj\u00f3t. Lebontott\u00e1k a diadal\u00edvet is, \u00edgy a sz\u00f3sz\u00e9kre teljes r\u00e1l\u00e1t\u00e1s ny\u00edlt mindenfel\u0151l. Tov\u00e1bb\u00e1 a r\u00e9gi k\u00f6z\u00e9pkori templom t\u00e9gl\u00e1ib\u00f3l visszabontottak a d\u00e9li falon, ugyanis az \u00faj haj\u00f3 egy hatalmas bolt\u00edvvel lett ell\u00e1tva, \u00e9s annak stabil alapra volt sz\u00fcks\u00e9ge. A templom d\u00edsz\u00edtetts\u00e9ge nagy volt. \u00cdgy \u00edrt\u00e1k le: <em>\u201eEzen \u00faj templom, \u00fagy sz\u00f3lv\u00e1n az eg\u00e9sz r\u00e9gi templom is k\u00f6r\u00f6s-k\u00f6r\u00fcl az eresz alatt ki fog p\u00e1rk\u00e1nyoztatni. Az \u00faj \u00e9p\u00fcletnek l\u00e9szen 4 ablaka \u00e9s az ajt\u00f3 felett egy g\u00f6mb\u00f6ly\u0171. Ezen r\u00e9szen bel\u00fcl az \u00e9p\u00fcletnek bel\u0151l stukat\u00far\u00e1ra fog k\u00e9sz\u00fclni, \u00e9s egy bolthajt\u00e1sra, ott [\u2026]a hol a r\u00e9gi templomnak fala ki fog bontatni egyik meg maradott falt\u00f3l fogva a m\u00e1sikig kereszt\u00fcl. Ezeken k\u00edv\u00fcl az \u00f3cska templomnak az alja minden\u00fctt valahol csak ki kopott, term\u00e9sk\u00f6vekkel fog k\u00f6r\u00fcl rakatni.\u201d<strong><a href=\"#_ftn1\">[4]<\/a><\/strong><\/em> <br>A templomhaj\u00f3 elk\u00e9sz\u00fcl\u00e9se ut\u00e1n, tal\u00e1n k\u00f6zben is elkezd\u0151d\u00f6tt a mai torony felrak\u00e1sa. Mivel m\u00e1r akkor is k\u0151tornyosra tervezt\u00e9k, \u00edgy stabil alapot kellett rakni neki. A munk\u00e1latok 11 \u00e9vig tartottak, melynek oka, hogy a torony t\u00e9gl\u00e1inak hagytak \u00fcleped\u00e9si id\u0151t, teh\u00e1t nem egyszerre \u00e9p\u00edtett\u00e9k meg, hanem t\u00f6bb r\u00e9szben. <br><em>\u201eA toronynak, mely fund\u00e1mentum\u00e1t\u00f3l kezdve a r\u00e9gi templomnak napnyugati v\u00e9g\u00e9be, eg\u00e9szen \u00fajonnan fog \u00e9p\u00fclni, f\u00f6ld szintr\u0151l fogva, a tet\u0151t tart\u00f3 szintig lesz a k\u0151 rak\u00e1smagass\u00e1ga 12 \u00f6l, teteje, melyet is a f\u00f6ldsz\u00edne k\u00f6r\u00fcl a meddig a k\u00fcls\u0151 nedvess\u00e9g le, vagy felfel\u00e9 hathat, a m\u00e1r itten megl\u00e9v\u0151 \u00e9s \u00f6sszehordott term\u00e9k\u00f6vekkel rakat\u00f3k k\u00f6r\u00fcl.<\/em> [&#8230;]  A<em> k\u0151fal rak\u00e1sa h\u00e1rom p\u00e1rk\u00e1nyozatra \u00e9s emeletre fog k\u00e9sz\u00fclni a mostani legjobb \u00edzl\u00e9s szerint. S mivel \u00fagy vagyon tetsz\u00e9se a Nemes \u00e9s Szent Ekl\u00e9zsi\u00e1nak, melyet \u00e1lladn\u00f3s\u00e1g\u00e1ra n\u00e9zve magam is \u00fagy javallok, a Nemes \u00e9s Szent Ekl\u00e9zsia az \u00e1ltalam kiadand\u00f3 m\u00e9rt\u00e9k szerint sz\u00e1ll\u00edttatv\u00e1n k\u00f6veket a k\u0151b\u00e1ny\u00e1b\u00f3l, csak darabban, azokat magam leg\u00e9nyeivel fogok tartozni fed\u00e9l k\u00f6veknek megfaragtatni [\u2026] a ki tett 1800 Forint Summ\u00e1\u00e9rt.\u201d<a href=\"#_ftn1\"><strong>[5]<\/strong><\/a><\/em><br>Az \u00faj templomot 1862. okt\u00f3ber 6.-ig \u00e9lvezhette a gy\u00fclekezet. Ez a nap gy\u00e1sznapk\u00e9nt \u00edr\u00f3dott be a K\u00e1ntorj\u00e1nosi Reform\u00e1tus Egyh\u00e1z t\u00f6rt\u00e9net\u00e9be. Ekkor a templom porig \u00e9gett. a k\u0151torony megmaradt, de a harangok is megrepedtek, \u00e9s a teljes b\u00fatorzat, tet\u0151 el\u00e9gett. <br>Az 1870-es \u00e9vek v\u00e9g\u00e9re siker\u00fclt vissza\u00e1ll\u00edtani mindent, b\u00e1r ekkor vagy leborult a bolt\u00edv, vagy lebontott\u00e1k, de mindenesetre megsz\u0171nt. A r\u00e9gi k\u0151sz\u00f3sz\u00e9k helyett egy \u00faj f\u00e1b\u00f3l k\u00e9sz\u00fclt sz\u00f3sz\u00e9k k\u00e9sz\u00fclt, a mai hely\u00e9re. A padok is ekkor k\u00e9sz\u00fcltek el, illetve a ma is haszn\u00e1latos \u00darasztala. <br>Tal\u00e1n a lelk\u00e9sz m\u00e1r ekkor k\u00e9sz\u00fclhetett arra, hogy egy \u00fajabb templomb\u0151v\u00edt\u00e9sen essenek \u00e1t, hiszen a templom kialak\u00edt\u00e1sa ezt k\u00edv\u00e1nta.<\/p>\n\n\n\n<p><strong>A harmadik templomb\u0151v\u00edt\u00e9s<\/strong><br>A harmadik templomb\u0151v\u00edt\u00e9s m\u00e1r sokkal gyorsabban ment, igaz ez a min\u0151s\u00e9gen is l\u00e1tsz\u00f3dik. 1906-ban k\u00e9sz\u00fclt el az \u00e9szaki oldalhaj\u00f3, ami a d\u00e9li mint\u00e1j\u00e1ra k\u00e9sz\u00fclt el. \u00cdgy l\u00e9nyeg\u00e9t tekintve 1906-ban nyerte el a mai form\u00e1j\u00e1t a templom. <br>Ezek ut\u00e1n m\u00e1r csak kisebb bels\u0151 \u00e1talak\u00edt\u00e1sok, fest\u00e9sek t\u00f6rt\u00e9netek, illetve az orgon\u00e1s karzat kialak\u00edt\u00e1sa 1910-ben. <br>A templom mindk\u00e9t vil\u00e1gh\u00e1bor\u00faban kapott tal\u00e1latot, de ezeket siker\u00fclt kijav\u00edtani. Az 1920 \u00e9s &#8217;50-es \u00e9vekben voltak nagyobb templomfel\u00faj\u00edt\u00e1sok, illetve a &#8217;70-es \u00e9vekben. <\/p>\n\n\n\n<div class=\"wp-block-image\"><figure class=\"aligncenter size-large is-resized\"><img loading=\"lazy\" decoding=\"async\" src=\"https:\/\/kantorjanosi.reformatus.hu\/gyulekezet\/wp-content\/uploads\/sites\/3\/2019\/11\/kj.jpg\" alt=\"\" class=\"wp-image-54\" width=\"313\" height=\"417\" srcset=\"https:\/\/kantorjanosi.reformatus.hu\/gyulekezet\/wp-content\/uploads\/sites\/3\/2019\/11\/kj.jpg 375w, https:\/\/kantorjanosi.reformatus.hu\/gyulekezet\/wp-content\/uploads\/sites\/3\/2019\/11\/kj-225x300.jpg 225w\" sizes=\"(max-width: 313px) 100vw, 313px\" \/><figcaption>K\u00e1ntorj\u00e1nosi Reform\u00e1tus Templom<\/figcaption><\/figure><\/div>\n\n\n\n<p><strong>Jelenlegi helyzet<\/strong><br>A templom \u00e1llapot\u00e1nak folyamatos roml\u00e1sa, illetve a forr\u00e1shi\u00e1ny odavezetett, hogy a presbit\u00e9rium az \u00e9letvesz\u00e9ly miatt 2015. november 29-\u00e9n az advent nyit\u00f3 rendezv\u00e9ny ut\u00e1n felf\u00fcggesztette a templom haszn\u00e1lat\u00e1t. <br>2020. janu\u00e1r 15-\u00e9n megkezd\u0151d\u00f6tt a fizikai munka, \u00e9s Isten kegyelm\u00e9b\u0151l 2020. november 24.-re a p\u00e1ly\u00e1zati forr\u00e1sb\u00f3l megval\u00f3sul\u00f3 fel\u00faj\u00edt\u00e1s befejez\u0151d\u00f6tt. <br>A 2021-es \u00e9vben a gy\u00fclekezet \u00f6nerej\u00e9b\u0151l sz\u00e9p\u00edtgette tov\u00e1bb a templomot. A tavasz folyam\u00e1n elk\u00e9sz\u00fclt a bels\u0151 csempeburkolat, \u00e9s a padok is folyamatosan k\u00e9sz\u00fclnek. <br>B\u00edzunk benne, hogy a 2021-es \u00e9vben \u00fajra haszn\u00e1latba vehetj\u00fck az \u0151s\u00f6kt\u0151l \u00f6r\u00f6k\u00f6lt hajl\u00e9kot, mely hirdeti sz\u00e1munkra az Ig\u00e9t:  <em>&#8222;Uram, te volt\u00e1l hajl\u00e9kunk nemzed\u00e9kr\u0151l nemzed\u00e9kre.&#8221;<\/em> <em>(Zsolt 90,1b)<\/em><\/p>\n\n\n\n<p class=\"has-text-align-right\"><em>Csonka J\u00f3zsef<\/em><\/p>\n\n\n\n<figure class=\"wp-block-image size-large\"><img loading=\"lazy\" decoding=\"async\" width=\"768\" height=\"1024\" src=\"https:\/\/kantorjanosi.reformatus.hu\/gyulekezet\/wp-content\/uploads\/sites\/3\/2020\/11\/IMG_20201115_145810-768x1024.jpg\" alt=\"\" class=\"wp-image-568\" srcset=\"https:\/\/kantorjanosi.reformatus.hu\/gyulekezet\/wp-content\/uploads\/sites\/3\/2020\/11\/IMG_20201115_145810-768x1024.jpg 768w, https:\/\/kantorjanosi.reformatus.hu\/gyulekezet\/wp-content\/uploads\/sites\/3\/2020\/11\/IMG_20201115_145810-225x300.jpg 225w, https:\/\/kantorjanosi.reformatus.hu\/gyulekezet\/wp-content\/uploads\/sites\/3\/2020\/11\/IMG_20201115_145810-1152x1536.jpg 1152w, https:\/\/kantorjanosi.reformatus.hu\/gyulekezet\/wp-content\/uploads\/sites\/3\/2020\/11\/IMG_20201115_145810-1536x2048.jpg 1536w, https:\/\/kantorjanosi.reformatus.hu\/gyulekezet\/wp-content\/uploads\/sites\/3\/2020\/11\/IMG_20201115_145810-scaled.jpg 1920w\" sizes=\"(max-width: 768px) 100vw, 768px\" \/><\/figure>\n\n\n\n<hr class=\"wp-block-separator\"\/>\n\n\n\n<figure class=\"wp-block-embed-youtube wp-block-embed is-type-video is-provider-youtube wp-embed-aspect-16-9 wp-has-aspect-ratio\"><div class=\"wp-block-embed__wrapper\">\n<iframe loading=\"lazy\" title=\"K\u00e1ntorj\u00e1nosi Reform\u00e1tus Templom\" width=\"750\" height=\"422\" src=\"https:\/\/www.youtube.com\/embed\/N6-hnGMyxlo?feature=oembed\" frameborder=\"0\" allow=\"accelerometer; autoplay; clipboard-write; encrypted-media; gyroscope; picture-in-picture\" allowfullscreen><\/iframe>\n<\/div><\/figure>\n\n\n\n<p><a href=\"#_ftnref1\">[1]<\/a> 1313: Dat. in ~ (AOkl.\nIII, 452); \u00e9.n. [1310-20 k.]: Barthal, presb. de Juuanusy (DL 97773). <\/p>\n\n\n\n<p><a href=\"#_ftnref2\">[2]<\/a> 1322: Dat. in Iwanosy (Uo.\nVI, 667); St diet. Cantor (LK 9 \/193 1\/57, 4. reg.; Uo. VT, 587); \u00e9.n.[1320-30\nk.]:<\/p>\n\n\n\n<p><a href=\"#_ftnref1\">[3]<\/a> Mizser Lajos: Szatm\u00e1r v\u00e1rmegye Pesty Frigyes 1864\u20131866. \u00e9vi helyn\u00e9vt\u00e1r\u00e1ban &#8211; A Szabolcs-Szatm\u00e1r-Bereg Megyei Lev\u00e9lt\u00e1r Kiadv\u00e1nyai II. K\u00f6zlem\u00e9nyek 24. (Ny\u00edregyh\u00e1za, 2001), 234.<\/p>\n\n\n\n<p><a href=\"#_ftnref1\">[4]<\/a>  Szerz\u0151d\u00e9s Fock Ign\u00e1ccal, 1829.\u00e1prilis 05.  <\/p>\n\n\n\n<p><a href=\"#_ftnref1\">[5]<\/a> u.o.<\/p>\n\n\n\n<p><\/p>\n","protected":false},"excerpt":{"rendered":"<p>Az els\u0151 templomA K\u00e1ntorj\u00e1nosi Reform\u00e1tus templomon t\u00f6rt\u00e9nete a k\u00f6z\u00e9pkorban kezd\u0151dik, b\u00e1r egyetlen k\u00f6z\u00e9pkori templomokr\u00f3l sz\u00f3l\u00f3 k\u00f6nyv sem utal erre. Ennek oka, hogy az \u00e9vsz\u00e1zadok sor\u00e1n t\u00f6bbsz\u00f6r v\u00e9geztek teljes \u00e1talak\u00edt\u00e1st a templomon, \u00edgy a XIV. -XV. sz\u00e1zadi k\u00f6z\u00e9pkori templomr\u00e9sz r\u00e9szben be\u00e9p\u00fclt [&hellip;]<\/p>\n","protected":false},"author":1,"featured_media":0,"parent":0,"menu_order":0,"comment_status":"closed","ping_status":"closed","template":"","meta":{"footnotes":""},"_links":{"self":[{"href":"https:\/\/kantorjanosi.reformatus.hu\/gyulekezet\/wp-json\/wp\/v2\/pages\/46"}],"collection":[{"href":"https:\/\/kantorjanosi.reformatus.hu\/gyulekezet\/wp-json\/wp\/v2\/pages"}],"about":[{"href":"https:\/\/kantorjanosi.reformatus.hu\/gyulekezet\/wp-json\/wp\/v2\/types\/page"}],"author":[{"embeddable":true,"href":"https:\/\/kantorjanosi.reformatus.hu\/gyulekezet\/wp-json\/wp\/v2\/users\/1"}],"replies":[{"embeddable":true,"href":"https:\/\/kantorjanosi.reformatus.hu\/gyulekezet\/wp-json\/wp\/v2\/comments?post=46"}],"version-history":[{"count":7,"href":"https:\/\/kantorjanosi.reformatus.hu\/gyulekezet\/wp-json\/wp\/v2\/pages\/46\/revisions"}],"predecessor-version":[{"id":719,"href":"https:\/\/kantorjanosi.reformatus.hu\/gyulekezet\/wp-json\/wp\/v2\/pages\/46\/revisions\/719"}],"wp:attachment":[{"href":"https:\/\/kantorjanosi.reformatus.hu\/gyulekezet\/wp-json\/wp\/v2\/media?parent=46"}],"curies":[{"name":"wp","href":"https:\/\/api.w.org\/{rel}","templated":true}]}}