{"id":459,"date":"2020-03-29T15:19:35","date_gmt":"2020-03-29T15:19:35","guid":{"rendered":"https:\/\/kantorjanosi.reformatus.hu\/gyulekezet\/?page_id=459"},"modified":"2020-03-29T15:19:35","modified_gmt":"2020-03-29T15:19:35","slug":"segesvary-viktor-temetese","status":"publish","type":"page","link":"https:\/\/kantorjanosi.reformatus.hu\/gyulekezet\/segesvary-viktor-temetese\/","title":{"rendered":"Segesv\u00e1ry Viktor temet\u00e9se"},"content":{"rendered":"\n<p>A gy\u00fclekezet\u00fcnk k\u00e9t legmeghat\u00e1roz\u00f3bb lelk\u00e9sze volt a XIX. sz\u00e1zadban Segesv\u00e1ry Mih\u00e1ly \u00e9s fia Segesv\u00e1ry J\u00f3zsef. Mindketten K\u00e1ntorj\u00e1nosi lelk\u00e9szs\u00e9g\u00fck alatt esperesi c\u00edmet is viseltek. Segesv\u00e1ry J\u00f3zsef unok\u00e1ja volt Segesv\u00e1ry Viktor teol\u00f3gus, aki 1956 ut\u00e1n disszid\u00e1lt Sv\u00e1jba \u00e9s ott k\u00fczd\u00f6tt tov\u00e1bb mind a magyar szabads\u00e1g\u00e9rt, mind az egyenl\u0151s\u00e9g\u00e9rt. <br>Az \u0151 temet\u00e9s\u00e9n Nt. Topol\u00e1nszky \u00c1kos lelkip\u00e1sztor hirdette az ig\u00e9t, N\u00e9methi Bal\u00e1zs teol\u00f3gus visszaeml\u00e9kezett bar\u00e1tj\u00e1ra, Nt. Sink\u00f3-P\u00e1ricsi Babett lelk\u00e9szn\u0151 a s\u00edri liturgi\u00e1t v\u00e9gezte, Csonka J\u00f3zsef k\u00e1ntoriz\u00e1lt. <br>A temet\u00e9s a Farkasr\u00e9ti temet\u0151ben volt. <\/p>\n\n\n\n<figure class=\"wp-block-gallery columns-3 is-cropped wp-block-gallery-1 is-layout-flex wp-block-gallery-is-layout-flex\"><ul class=\"blocks-gallery-grid\"><li class=\"blocks-gallery-item\"><figure><a href=\"https:\/\/kantorjanosi.reformatus.hu\/gyulekezet\/wp-content\/uploads\/sites\/3\/2020\/03\/IMG_20181211_085709.jpg\" data-lbwps-width=\"463\" data-lbwps-height=\"640\" data-lbwps-srcsmall=\"https:\/\/kantorjanosi.reformatus.hu\/gyulekezet\/wp-content\/uploads\/sites\/3\/2020\/03\/IMG_20181211_085709-217x300.jpg\" data-lbwps-caption=\"Segesv\u00e1ry Viktor k\u00f6nyve\"><img loading=\"lazy\" decoding=\"async\" width=\"463\" height=\"640\" src=\"https:\/\/kantorjanosi.reformatus.hu\/gyulekezet\/wp-content\/uploads\/sites\/3\/2020\/03\/IMG_20181211_085709.jpg\" alt=\"\" data-id=\"442\" data-full-url=\"https:\/\/kantorjanosi.reformatus.hu\/gyulekezet\/wp-content\/uploads\/sites\/3\/2020\/03\/IMG_20181211_085709.jpg\" data-link=\"https:\/\/kantorjanosi.reformatus.hu\/gyulekezet\/img_20181211_085709\/\" class=\"wp-image-442\" srcset=\"https:\/\/kantorjanosi.reformatus.hu\/gyulekezet\/wp-content\/uploads\/sites\/3\/2020\/03\/IMG_20181211_085709.jpg 463w, https:\/\/kantorjanosi.reformatus.hu\/gyulekezet\/wp-content\/uploads\/sites\/3\/2020\/03\/IMG_20181211_085709-217x300.jpg 217w\" sizes=\"(max-width: 463px) 100vw, 463px\" \/><\/a><figcaption class=\"blocks-gallery-item__caption\">Segesv\u00e1ry Viktor k\u00f6nyve<\/figcaption><\/figure><\/li><li class=\"blocks-gallery-item\"><figure><a href=\"https:\/\/kantorjanosi.reformatus.hu\/gyulekezet\/wp-content\/uploads\/sites\/3\/2020\/03\/Dr-Segesvary-Viktor-Gyaszjelentes-RIA.jpg\" data-lbwps-width=\"535\" data-lbwps-height=\"480\" data-lbwps-srcsmall=\"https:\/\/kantorjanosi.reformatus.hu\/gyulekezet\/wp-content\/uploads\/sites\/3\/2020\/03\/Dr-Segesvary-Viktor-Gyaszjelentes-RIA-300x269.jpg\" data-lbwps-caption=\"Gy\u00e1szjelent\u00e9s\"><img loading=\"lazy\" decoding=\"async\" width=\"535\" height=\"480\" src=\"https:\/\/kantorjanosi.reformatus.hu\/gyulekezet\/wp-content\/uploads\/sites\/3\/2020\/03\/Dr-Segesvary-Viktor-Gyaszjelentes-RIA.jpg\" alt=\"\" data-id=\"427\" data-full-url=\"https:\/\/kantorjanosi.reformatus.hu\/gyulekezet\/wp-content\/uploads\/sites\/3\/2020\/03\/Dr-Segesvary-Viktor-Gyaszjelentes-RIA.jpg\" data-link=\"https:\/\/kantorjanosi.reformatus.hu\/gyulekezet\/dr-segesvary-viktor-gyaszjelentes-ria\/\" class=\"wp-image-427\" srcset=\"https:\/\/kantorjanosi.reformatus.hu\/gyulekezet\/wp-content\/uploads\/sites\/3\/2020\/03\/Dr-Segesvary-Viktor-Gyaszjelentes-RIA.jpg 535w, https:\/\/kantorjanosi.reformatus.hu\/gyulekezet\/wp-content\/uploads\/sites\/3\/2020\/03\/Dr-Segesvary-Viktor-Gyaszjelentes-RIA-300x269.jpg 300w\" sizes=\"(max-width: 535px) 100vw, 535px\" \/><\/a><figcaption class=\"blocks-gallery-item__caption\">Gy\u00e1szjelent\u00e9s<\/figcaption><\/figure><\/li><li class=\"blocks-gallery-item\"><figure><a href=\"https:\/\/kantorjanosi.reformatus.hu\/gyulekezet\/wp-content\/uploads\/sites\/3\/2020\/03\/20180910_141131-rotated-e1585495066446.jpg\" data-lbwps-width=\"360\" data-lbwps-height=\"640\" data-lbwps-srcsmall=\"https:\/\/kantorjanosi.reformatus.hu\/gyulekezet\/wp-content\/uploads\/sites\/3\/2020\/03\/20180910_141131-rotated-e1585495066446-169x300.jpg\" data-lbwps-caption=\"N\u00e9methi Bal\u00e1zs visszaeml\u00e9kezik\"><img loading=\"lazy\" decoding=\"async\" width=\"360\" height=\"640\" src=\"https:\/\/kantorjanosi.reformatus.hu\/gyulekezet\/wp-content\/uploads\/sites\/3\/2020\/03\/20180910_141131-rotated-e1585495066446.jpg\" alt=\"\" data-id=\"425\" data-full-url=\"https:\/\/kantorjanosi.reformatus.hu\/gyulekezet\/wp-content\/uploads\/sites\/3\/2020\/03\/20180910_141131-rotated-e1585495066446.jpg\" data-link=\"https:\/\/kantorjanosi.reformatus.hu\/gyulekezet\/20180910_141131\/\" class=\"wp-image-425\" srcset=\"https:\/\/kantorjanosi.reformatus.hu\/gyulekezet\/wp-content\/uploads\/sites\/3\/2020\/03\/20180910_141131-rotated-e1585495066446.jpg 360w, https:\/\/kantorjanosi.reformatus.hu\/gyulekezet\/wp-content\/uploads\/sites\/3\/2020\/03\/20180910_141131-rotated-e1585495066446-169x300.jpg 169w\" sizes=\"(max-width: 360px) 100vw, 360px\" \/><\/a><figcaption class=\"blocks-gallery-item__caption\">N\u00e9methi Bal\u00e1zs visszaeml\u00e9kezik<\/figcaption><\/figure><\/li><li class=\"blocks-gallery-item\"><figure><a href=\"https:\/\/kantorjanosi.reformatus.hu\/gyulekezet\/wp-content\/uploads\/sites\/3\/2020\/03\/20180910_141126-rotated-e1585495078707.jpg\" data-lbwps-width=\"360\" data-lbwps-height=\"640\" data-lbwps-srcsmall=\"https:\/\/kantorjanosi.reformatus.hu\/gyulekezet\/wp-content\/uploads\/sites\/3\/2020\/03\/20180910_141126-rotated-e1585495078707-169x300.jpg\" data-lbwps-caption=\"Monika Segesv\u00e1ry gy\u00e1szol\u00f3 \u00f6zvegy\"><img loading=\"lazy\" decoding=\"async\" width=\"360\" height=\"640\" src=\"https:\/\/kantorjanosi.reformatus.hu\/gyulekezet\/wp-content\/uploads\/sites\/3\/2020\/03\/20180910_141126-rotated-e1585495078707.jpg\" alt=\"\" data-id=\"424\" data-full-url=\"https:\/\/kantorjanosi.reformatus.hu\/gyulekezet\/wp-content\/uploads\/sites\/3\/2020\/03\/20180910_141126-rotated-e1585495078707.jpg\" data-link=\"https:\/\/kantorjanosi.reformatus.hu\/gyulekezet\/20180910_141126\/\" class=\"wp-image-424\" srcset=\"https:\/\/kantorjanosi.reformatus.hu\/gyulekezet\/wp-content\/uploads\/sites\/3\/2020\/03\/20180910_141126-rotated-e1585495078707.jpg 360w, https:\/\/kantorjanosi.reformatus.hu\/gyulekezet\/wp-content\/uploads\/sites\/3\/2020\/03\/20180910_141126-rotated-e1585495078707-169x300.jpg 169w\" sizes=\"(max-width: 360px) 100vw, 360px\" \/><\/a><figcaption class=\"blocks-gallery-item__caption\">Monika Segesv\u00e1ry gy\u00e1szol\u00f3 \u00f6zvegy<\/figcaption><\/figure><\/li><\/ul><\/figure>\n","protected":false},"excerpt":{"rendered":"<p>A gy\u00fclekezet\u00fcnk k\u00e9t legmeghat\u00e1roz\u00f3bb lelk\u00e9sze volt a XIX. sz\u00e1zadban Segesv\u00e1ry Mih\u00e1ly \u00e9s fia Segesv\u00e1ry J\u00f3zsef. Mindketten K\u00e1ntorj\u00e1nosi lelk\u00e9szs\u00e9g\u00fck alatt esperesi c\u00edmet is viseltek. Segesv\u00e1ry J\u00f3zsef unok\u00e1ja volt Segesv\u00e1ry Viktor teol\u00f3gus, aki 1956 ut\u00e1n disszid\u00e1lt Sv\u00e1jba \u00e9s ott k\u00fczd\u00f6tt tov\u00e1bb mind [&hellip;]<\/p>\n","protected":false},"author":1,"featured_media":0,"parent":0,"menu_order":0,"comment_status":"closed","ping_status":"closed","template":"","meta":{"footnotes":""},"_links":{"self":[{"href":"https:\/\/kantorjanosi.reformatus.hu\/gyulekezet\/wp-json\/wp\/v2\/pages\/459"}],"collection":[{"href":"https:\/\/kantorjanosi.reformatus.hu\/gyulekezet\/wp-json\/wp\/v2\/pages"}],"about":[{"href":"https:\/\/kantorjanosi.reformatus.hu\/gyulekezet\/wp-json\/wp\/v2\/types\/page"}],"author":[{"embeddable":true,"href":"https:\/\/kantorjanosi.reformatus.hu\/gyulekezet\/wp-json\/wp\/v2\/users\/1"}],"replies":[{"embeddable":true,"href":"https:\/\/kantorjanosi.reformatus.hu\/gyulekezet\/wp-json\/wp\/v2\/comments?post=459"}],"version-history":[{"count":2,"href":"https:\/\/kantorjanosi.reformatus.hu\/gyulekezet\/wp-json\/wp\/v2\/pages\/459\/revisions"}],"predecessor-version":[{"id":461,"href":"https:\/\/kantorjanosi.reformatus.hu\/gyulekezet\/wp-json\/wp\/v2\/pages\/459\/revisions\/461"}],"wp:attachment":[{"href":"https:\/\/kantorjanosi.reformatus.hu\/gyulekezet\/wp-json\/wp\/v2\/media?parent=459"}],"curies":[{"name":"wp","href":"https:\/\/api.w.org\/{rel}","templated":true}]}}