{"id":420,"date":"2020-03-29T14:54:02","date_gmt":"2020-03-29T14:54:02","guid":{"rendered":"https:\/\/kantorjanosi.reformatus.hu\/gyulekezet\/?page_id=420"},"modified":"2020-03-29T14:54:07","modified_gmt":"2020-03-29T14:54:07","slug":"karacsony-2","status":"publish","type":"page","link":"https:\/\/kantorjanosi.reformatus.hu\/gyulekezet\/karacsony-2\/","title":{"rendered":"Kar\u00e1csony"},"content":{"rendered":"\n<p>2018. kar\u00e1csony\u00e1ban J\u00f3zsa Imre leg\u00e1tus szolg\u00e1lt k\u00f6z\u00f6tt\u00fcnk. <\/p>\n\n\n\n<figure class=\"wp-block-gallery columns-3 is-cropped wp-block-gallery-1 is-layout-flex wp-block-gallery-is-layout-flex\"><ul class=\"blocks-gallery-grid\"><li class=\"blocks-gallery-item\"><figure><a href=\"https:\/\/kantorjanosi.reformatus.hu\/gyulekezet\/wp-content\/uploads\/sites\/3\/2020\/03\/IMG_20181224_164540-rotated-e1585493578489.jpg\" data-lbwps-width=\"480\" data-lbwps-height=\"640\" data-lbwps-srcsmall=\"https:\/\/kantorjanosi.reformatus.hu\/gyulekezet\/wp-content\/uploads\/sites\/3\/2020\/03\/IMG_20181224_164540-rotated-e1585493578489-225x300.jpg\" data-lbwps-caption=\"Gyermekek a szolg\u00e1lat el\u0151tt\"><img loading=\"lazy\" decoding=\"async\" width=\"480\" height=\"640\" src=\"https:\/\/kantorjanosi.reformatus.hu\/gyulekezet\/wp-content\/uploads\/sites\/3\/2020\/03\/IMG_20181224_164540-rotated-e1585493578489.jpg\" alt=\"\" data-id=\"419\" data-full-url=\"https:\/\/kantorjanosi.reformatus.hu\/gyulekezet\/wp-content\/uploads\/sites\/3\/2020\/03\/IMG_20181224_164540-rotated-e1585493578489.jpg\" data-link=\"https:\/\/kantorjanosi.reformatus.hu\/gyulekezet\/img_20181224_164540\/\" class=\"wp-image-419\" srcset=\"https:\/\/kantorjanosi.reformatus.hu\/gyulekezet\/wp-content\/uploads\/sites\/3\/2020\/03\/IMG_20181224_164540-rotated-e1585493578489.jpg 480w, https:\/\/kantorjanosi.reformatus.hu\/gyulekezet\/wp-content\/uploads\/sites\/3\/2020\/03\/IMG_20181224_164540-rotated-e1585493578489-225x300.jpg 225w\" sizes=\"(max-width: 480px) 100vw, 480px\" \/><\/a><figcaption class=\"blocks-gallery-item__caption\">Gyermekek a szolg\u00e1lat el\u0151tt<\/figcaption><\/figure><\/li><li class=\"blocks-gallery-item\"><figure><a href=\"https:\/\/kantorjanosi.reformatus.hu\/gyulekezet\/wp-content\/uploads\/sites\/3\/2020\/03\/IMG_20181226_111701-rotated-e1585493572816.jpg\" data-lbwps-width=\"640\" data-lbwps-height=\"480\" data-lbwps-srcsmall=\"https:\/\/kantorjanosi.reformatus.hu\/gyulekezet\/wp-content\/uploads\/sites\/3\/2020\/03\/IMG_20181226_111701-rotated-e1585493572816-300x225.jpg\"><img loading=\"lazy\" decoding=\"async\" width=\"640\" height=\"480\" src=\"https:\/\/kantorjanosi.reformatus.hu\/gyulekezet\/wp-content\/uploads\/sites\/3\/2020\/03\/IMG_20181226_111701-rotated-e1585493572816.jpg\" alt=\"\" data-id=\"418\" data-full-url=\"https:\/\/kantorjanosi.reformatus.hu\/gyulekezet\/wp-content\/uploads\/sites\/3\/2020\/03\/IMG_20181226_111701-rotated-e1585493572816.jpg\" data-link=\"https:\/\/kantorjanosi.reformatus.hu\/gyulekezet\/img_20181226_111701\/\" class=\"wp-image-418\" srcset=\"https:\/\/kantorjanosi.reformatus.hu\/gyulekezet\/wp-content\/uploads\/sites\/3\/2020\/03\/IMG_20181226_111701-rotated-e1585493572816.jpg 640w, https:\/\/kantorjanosi.reformatus.hu\/gyulekezet\/wp-content\/uploads\/sites\/3\/2020\/03\/IMG_20181226_111701-rotated-e1585493572816-300x225.jpg 300w\" sizes=\"(max-width: 640px) 100vw, 640px\" \/><\/a><\/figure><\/li><li class=\"blocks-gallery-item\"><figure><a href=\"https:\/\/kantorjanosi.reformatus.hu\/gyulekezet\/wp-content\/uploads\/sites\/3\/2020\/03\/IMG_20181226_110714-rotated-e1585493566964.jpg\" data-lbwps-width=\"480\" data-lbwps-height=\"640\" data-lbwps-srcsmall=\"https:\/\/kantorjanosi.reformatus.hu\/gyulekezet\/wp-content\/uploads\/sites\/3\/2020\/03\/IMG_20181226_110714-rotated-e1585493566964-225x300.jpg\" data-lbwps-caption=\"J\u00f3zsa Imre leg\u00e1tus\"><img loading=\"lazy\" decoding=\"async\" width=\"480\" height=\"640\" src=\"https:\/\/kantorjanosi.reformatus.hu\/gyulekezet\/wp-content\/uploads\/sites\/3\/2020\/03\/IMG_20181226_110714-rotated-e1585493566964.jpg\" alt=\"\" data-id=\"417\" data-full-url=\"https:\/\/kantorjanosi.reformatus.hu\/gyulekezet\/wp-content\/uploads\/sites\/3\/2020\/03\/IMG_20181226_110714-rotated-e1585493566964.jpg\" data-link=\"https:\/\/kantorjanosi.reformatus.hu\/gyulekezet\/img_20181226_110714\/\" class=\"wp-image-417\" srcset=\"https:\/\/kantorjanosi.reformatus.hu\/gyulekezet\/wp-content\/uploads\/sites\/3\/2020\/03\/IMG_20181226_110714-rotated-e1585493566964.jpg 480w, https:\/\/kantorjanosi.reformatus.hu\/gyulekezet\/wp-content\/uploads\/sites\/3\/2020\/03\/IMG_20181226_110714-rotated-e1585493566964-225x300.jpg 225w\" sizes=\"(max-width: 480px) 100vw, 480px\" \/><\/a><figcaption class=\"blocks-gallery-item__caption\">J\u00f3zsa Imre leg\u00e1tus<\/figcaption><\/figure><\/li><li class=\"blocks-gallery-item\"><figure><a href=\"https:\/\/kantorjanosi.reformatus.hu\/gyulekezet\/wp-content\/uploads\/sites\/3\/2020\/03\/IMG_20181224_164557-rotated-e1585493560892.jpg\" data-lbwps-width=\"480\" data-lbwps-height=\"640\" data-lbwps-srcsmall=\"https:\/\/kantorjanosi.reformatus.hu\/gyulekezet\/wp-content\/uploads\/sites\/3\/2020\/03\/IMG_20181224_164557-rotated-e1585493560892-225x300.jpg\"><img loading=\"lazy\" decoding=\"async\" width=\"480\" height=\"640\" src=\"https:\/\/kantorjanosi.reformatus.hu\/gyulekezet\/wp-content\/uploads\/sites\/3\/2020\/03\/IMG_20181224_164557-rotated-e1585493560892.jpg\" alt=\"\" data-id=\"416\" data-full-url=\"https:\/\/kantorjanosi.reformatus.hu\/gyulekezet\/wp-content\/uploads\/sites\/3\/2020\/03\/IMG_20181224_164557-rotated-e1585493560892.jpg\" data-link=\"https:\/\/kantorjanosi.reformatus.hu\/gyulekezet\/img_20181224_164557\/\" class=\"wp-image-416\" srcset=\"https:\/\/kantorjanosi.reformatus.hu\/gyulekezet\/wp-content\/uploads\/sites\/3\/2020\/03\/IMG_20181224_164557-rotated-e1585493560892.jpg 480w, https:\/\/kantorjanosi.reformatus.hu\/gyulekezet\/wp-content\/uploads\/sites\/3\/2020\/03\/IMG_20181224_164557-rotated-e1585493560892-225x300.jpg 225w\" sizes=\"(max-width: 480px) 100vw, 480px\" \/><\/a><\/figure><\/li><li class=\"blocks-gallery-item\"><figure><a href=\"https:\/\/kantorjanosi.reformatus.hu\/gyulekezet\/wp-content\/uploads\/sites\/3\/2020\/03\/IMG_20181224_164550.jpg\" data-lbwps-width=\"480\" data-lbwps-height=\"640\" data-lbwps-srcsmall=\"https:\/\/kantorjanosi.reformatus.hu\/gyulekezet\/wp-content\/uploads\/sites\/3\/2020\/03\/IMG_20181224_164550-225x300.jpg\"><img loading=\"lazy\" decoding=\"async\" width=\"480\" height=\"640\" src=\"https:\/\/kantorjanosi.reformatus.hu\/gyulekezet\/wp-content\/uploads\/sites\/3\/2020\/03\/IMG_20181224_164550.jpg\" alt=\"\" data-id=\"415\" data-full-url=\"https:\/\/kantorjanosi.reformatus.hu\/gyulekezet\/wp-content\/uploads\/sites\/3\/2020\/03\/IMG_20181224_164550.jpg\" data-link=\"https:\/\/kantorjanosi.reformatus.hu\/gyulekezet\/img_20181224_164550\/\" class=\"wp-image-415\" srcset=\"https:\/\/kantorjanosi.reformatus.hu\/gyulekezet\/wp-content\/uploads\/sites\/3\/2020\/03\/IMG_20181224_164550.jpg 480w, https:\/\/kantorjanosi.reformatus.hu\/gyulekezet\/wp-content\/uploads\/sites\/3\/2020\/03\/IMG_20181224_164550-225x300.jpg 225w\" sizes=\"(max-width: 480px) 100vw, 480px\" \/><\/a><\/figure><\/li><li class=\"blocks-gallery-item\"><figure><a href=\"https:\/\/kantorjanosi.reformatus.hu\/gyulekezet\/wp-content\/uploads\/sites\/3\/2020\/03\/IMG_20181224_164548.jpg\" data-lbwps-width=\"480\" data-lbwps-height=\"640\" data-lbwps-srcsmall=\"https:\/\/kantorjanosi.reformatus.hu\/gyulekezet\/wp-content\/uploads\/sites\/3\/2020\/03\/IMG_20181224_164548-225x300.jpg\"><img loading=\"lazy\" decoding=\"async\" width=\"480\" height=\"640\" src=\"https:\/\/kantorjanosi.reformatus.hu\/gyulekezet\/wp-content\/uploads\/sites\/3\/2020\/03\/IMG_20181224_164548.jpg\" alt=\"\" data-id=\"414\" data-full-url=\"https:\/\/kantorjanosi.reformatus.hu\/gyulekezet\/wp-content\/uploads\/sites\/3\/2020\/03\/IMG_20181224_164548.jpg\" data-link=\"https:\/\/kantorjanosi.reformatus.hu\/gyulekezet\/img_20181224_164548\/\" class=\"wp-image-414\" srcset=\"https:\/\/kantorjanosi.reformatus.hu\/gyulekezet\/wp-content\/uploads\/sites\/3\/2020\/03\/IMG_20181224_164548.jpg 480w, https:\/\/kantorjanosi.reformatus.hu\/gyulekezet\/wp-content\/uploads\/sites\/3\/2020\/03\/IMG_20181224_164548-225x300.jpg 225w\" sizes=\"(max-width: 480px) 100vw, 480px\" \/><\/a><\/figure><\/li><li class=\"blocks-gallery-item\"><figure><a href=\"https:\/\/kantorjanosi.reformatus.hu\/gyulekezet\/wp-content\/uploads\/sites\/3\/2020\/03\/IMG_20181224_164544.jpg\" data-lbwps-width=\"480\" data-lbwps-height=\"640\" data-lbwps-srcsmall=\"https:\/\/kantorjanosi.reformatus.hu\/gyulekezet\/wp-content\/uploads\/sites\/3\/2020\/03\/IMG_20181224_164544-225x300.jpg\"><img loading=\"lazy\" decoding=\"async\" width=\"480\" height=\"640\" src=\"https:\/\/kantorjanosi.reformatus.hu\/gyulekezet\/wp-content\/uploads\/sites\/3\/2020\/03\/IMG_20181224_164544.jpg\" alt=\"\" data-id=\"413\" data-full-url=\"https:\/\/kantorjanosi.reformatus.hu\/gyulekezet\/wp-content\/uploads\/sites\/3\/2020\/03\/IMG_20181224_164544.jpg\" data-link=\"https:\/\/kantorjanosi.reformatus.hu\/gyulekezet\/img_20181224_164544\/\" class=\"wp-image-413\" srcset=\"https:\/\/kantorjanosi.reformatus.hu\/gyulekezet\/wp-content\/uploads\/sites\/3\/2020\/03\/IMG_20181224_164544.jpg 480w, https:\/\/kantorjanosi.reformatus.hu\/gyulekezet\/wp-content\/uploads\/sites\/3\/2020\/03\/IMG_20181224_164544-225x300.jpg 225w\" sizes=\"(max-width: 480px) 100vw, 480px\" \/><\/a><\/figure><\/li><\/ul><\/figure>\n","protected":false},"excerpt":{"rendered":"<p>2018. kar\u00e1csony\u00e1ban J\u00f3zsa Imre leg\u00e1tus szolg\u00e1lt k\u00f6z\u00f6tt\u00fcnk.<\/p>\n","protected":false},"author":1,"featured_media":0,"parent":0,"menu_order":0,"comment_status":"closed","ping_status":"closed","template":"","meta":{"footnotes":""},"_links":{"self":[{"href":"https:\/\/kantorjanosi.reformatus.hu\/gyulekezet\/wp-json\/wp\/v2\/pages\/420"}],"collection":[{"href":"https:\/\/kantorjanosi.reformatus.hu\/gyulekezet\/wp-json\/wp\/v2\/pages"}],"about":[{"href":"https:\/\/kantorjanosi.reformatus.hu\/gyulekezet\/wp-json\/wp\/v2\/types\/page"}],"author":[{"embeddable":true,"href":"https:\/\/kantorjanosi.reformatus.hu\/gyulekezet\/wp-json\/wp\/v2\/users\/1"}],"replies":[{"embeddable":true,"href":"https:\/\/kantorjanosi.reformatus.hu\/gyulekezet\/wp-json\/wp\/v2\/comments?post=420"}],"version-history":[{"count":2,"href":"https:\/\/kantorjanosi.reformatus.hu\/gyulekezet\/wp-json\/wp\/v2\/pages\/420\/revisions"}],"predecessor-version":[{"id":422,"href":"https:\/\/kantorjanosi.reformatus.hu\/gyulekezet\/wp-json\/wp\/v2\/pages\/420\/revisions\/422"}],"wp:attachment":[{"href":"https:\/\/kantorjanosi.reformatus.hu\/gyulekezet\/wp-json\/wp\/v2\/media?parent=420"}],"curies":[{"name":"wp","href":"https:\/\/api.w.org\/{rel}","templated":true}]}}