{"id":39,"date":"2019-11-22T18:12:11","date_gmt":"2019-11-22T18:12:11","guid":{"rendered":"https:\/\/kantorjanosi.reformatus.hu\/gyulekezet\/?page_id=39"},"modified":"2019-11-22T18:18:17","modified_gmt":"2019-11-22T18:18:17","slug":"gyulekezet-tortenete","status":"publish","type":"page","link":"https:\/\/kantorjanosi.reformatus.hu\/gyulekezet\/gyulekezet-tortenete\/","title":{"rendered":"Gy\u00fclekezet t\u00f6rt\u00e9nete"},"content":{"rendered":"\n<p>A Reform\u00e1tus Templom K\u00e1ntorj\u00e1nosi sz\u00edv\u00e9ben helyezkedik el, ezzel emelve a telep\u00fcl\u00e9s sz\u00ednvonal\u00e1t. A reform\u00e1tus egyh\u00e1z alap\u00edt\u00e1s\u00e1nak pontos id\u0151pontja nem ismert. A legkor\u00e1bbi \u00edr\u00e1sos feljegyz\u00e9s 1597\u2013b\u0151l val\u00f3&nbsp;<em>(1.)<\/em>, mely a reform\u00e1tus Pr\u00e9dik\u00e1tor \u00e9s Oskolamester fizet\u00e9s\u00e9r\u0151l sz\u00f3l. Van, aki ezt a d\u00e1tumot tekinti az egyh\u00e1z fund\u00e1ltat\u00e1s\u00e1nak, de Barcsa J\u00e1nos k\u00f6nyv\u00e9ben 1580-ra teszi az Egyh\u00e1zk\u00f6zs\u00e9g alap\u00edt\u00e1s\u00e1t.&nbsp;<em>(2.)<\/em>&nbsp;A legkor\u00e1bban jegyzett lelk\u00e9sz\u00fcnk N\u00e1br\u00e1di Mih\u00e1ly, aki az 1625\u201326-os \u00e9vekben teljes\u00edtett szolg\u00e1latot a telep\u00fcl\u00e9sen.<em>(3.)<\/em>&nbsp;A lelk\u00e9szek n\u00e9vsora k\u00f6r\u00fclbel\u00fcl ekkort\u00f3l ismeretes, b\u00e1r az ellenreform\u00e1ci\u00f3 sz\u00e1zadaib\u00f3l nem sok adatunk van. A teljes n\u00e9vsor a honlapon k\u00fcl\u00f6n megtekinthet\u0151.<br>A 15. sz\u00e1zadb\u00f3l sz\u00e1rmaz\u00f3 t\u00f6rt\u00e9nelmi adatok mutatj\u00e1k, hogy K\u00e1ntorj\u00e1nosinak k\u00f6zs\u00e9gg\u00e9, \u00e9s egyszersmind egyh\u00e1zz\u00e1 alakul\u00e1sa ugyanazon a sz\u00e1zadnak a m\u00e1sodik fel\u00e9re, vagy \u00e9ppen v\u00e9ge fel\u00e9 tehet\u0151, amikor m\u00e1r itt a K\u00e1ntor csal\u00e1d birtokait az ide is bet\u00f6rt cseh huszit\u00e1k itt maradt lesz\u00e1rmazottai, a Komor\u00f3czyak foglalt\u00e1k el, hol beh\u00e1zasod\u00e1ssal vagy val\u00f3s elfoglal\u00e1ssal. A mai sz\u00e1jhagyom\u00e1ny is sokszor utal arra, hogy a templomot a csehek \u00e9p\u00edtett\u00e9k, \u00e9s a Hod\u00e1szi Egyh\u00e1zk\u00f6zs\u00e9g t\u00f6rt\u00e9net\u00e9ben is eml\u00edt\u00e9sre ker\u00fcl K\u00e1ntorj\u00e1nosi, mint huszita telep\u00fcl\u00e9s.<em>(4.)<\/em>&nbsp;\u00cdgy a 16. sz\u00e1zadi reform\u00e1ci\u00f3 a telep\u00fcl\u00e9sen j\u00f3 talajra tal\u00e1lhatott.<em>(5.)<\/em><\/p>\n\n\n\n<p>Elmondhat\u00f3, hogy a jelenlegi templom el\u0151tt egy 15. sz\u00e1zadi, feltehet\u0151en huszita templom \u00e1llt, mely valamikor a 18. sz\u00e1zad elej\u00e9n \u00f6sszed\u0151lt. Ezt az \u0151si templomot Losonczi Kulifay Mikl\u00f3s lelk\u00e9sz\u00fcnk csak \u00fagy nevezte meg: \u201ea r\u00e9gi kis k\u0151templom\u201d.<em>(6.)<\/em><br>A 16\u201317. sz\u00e1zadban stabil reform\u00e1tuss\u00e1g lehetetett itt, melyet egy 1646-os irat bizony\u00edt, mely a Pr\u00e9dik\u00e1tor &#8211; akkori Tsz. \u00dajlaki B\u00e1lint lelk\u00e9sz -, \u00e9s az Oskola- Mester javadalmaz\u00e1s\u00e1t \u00edrja le, ami felt\u00e9telezi a megl\u00e9v\u0151 egyh\u00e1zszervezetet. Az akkori n\u00e9p h\u00e1nyatatott sors k\u00f6z\u00f6tt \u00e9lt. K\u00e1ntorj\u00e1nosi is elszenvedte a T\u00f6r\u00f6k uralm\u00e1t. A falu n\u00e9pe ad\u00f3val tartozott a Port\u00e1nak. &#8222;A sz\u00e1zad legszomor\u00fabb f\u00e9l \u00e9vtizede (1657-1662) a t\u00f6r\u00f6k h\u00f3dolts\u00e1gt\u00f3l addig megk\u00edm\u00e9lt megyer\u00e9szek, Bereg, de k\u00fcl\u00f6n\u00f6sen Szatm\u00e1r n\u00e9p\u00e9nek, anyagi javainak pusztul\u00e1s\u00e1t hozta. Kiindul\u00f3pontja II. R\u00e1k\u00f3czi Gy\u00f6rgy \u00e1t nem gondolt lengyelorsz\u00e1gi hadj\u00e1rata volt, melynek ellencsap\u00e1sak\u00e9nt a Lubormirszki Gy\u00f6rgy f\u0151 marsall \u00e1ltal vezetett lengyel csapatok eg\u00e9szen Szatm\u00e1rig puszt\u00edtott\u00e1k a Szamos v\u00f6lgy\u00e9t.&#8221;<em>(7.)<\/em><br>A t\u00f6r\u00f6k uralom kor\u00e1b\u00f3l nincs egyh\u00e1zk\u00f6zs\u00e9gi lev\u00e9lt\u00e1ri jegyz\u00e9k, illetve a Tisz\u00e1nt\u00fali Egyh\u00e1zker\u00fclet Lev\u00e9lt\u00e1r\u00e1ban l\u00e9v\u0151 dokumentumok itt hi\u00e1nyosak. J\u00e1nosit t\u00f6bb felsorol\u00e1s csak III. vagy IV. oszt\u00e1lyba sorolja be. 1650-ben is az utols\u00f3, negyedik oszt\u00e1lyban tal\u00e1lhat\u00f3<em>(8.)<\/em>, teh\u00e1t egy kis egyh\u00e1zr\u00f3l besz\u00e9l\u00fcnk.<br>A t\u00f6r\u00f6k uralom lever\u00e9se ut\u00e1n a R\u00e1k\u00f3czi szabads\u00e1gharcot sem tudta a telep\u00fcl\u00e9s elker\u00fclni. II. R\u00e1k\u00f3czi Ferenc parancs\u00e1ra \u00f6ssze\u00edrt\u00e1k, hogy 1703 \u00e9s 1705 k\u00f6z\u00f6tt, milyen k\u00e1rokat szenvedtek a szatm\u00e1ri telep\u00fcl\u00e9sek. A sort K\u00e1ntorj\u00e1nosi kezdi:<br>&#8222;K\u00e1ntorj\u00e1nosi. Derzs, Nyirmeggyes k\u00e9t h\u00e9tig puszt\u00e1n \u00e1llottak; az els\u0151ben van 11, a m\u00e1sodikban 4, a harmadikban 6 gazda.&#8221;<em>(9.)<\/em><br>Ekkor \u00f6sszesen 11 csal\u00e1d \u00e9lt ekkor a telep\u00fcl\u00e9sen. Az anyagi neh\u00e9zs\u00e9gek \u00e9s t\u00f6rt\u00e9nelmi h\u00e1tt\u00e9r nem tehette lehet\u0151v\u00e9 a templom karbantart\u00e1s\u00e1t, \u00edgy a 18. sz\u00e1zadban a templom \u00e1llapota folyamatosan romlott.<br>A sz\u00e1mos h\u00e1nyattat\u00e1s ut\u00e1n a gy\u00fclekezet \u00e9s a telep\u00fcl\u00e9s talpra \u00e1llt \u00e9s 1768-ban Hatvani B\u00edr\u00f3 Mih\u00e1ly &#8222;\u00e1ts mester&#8221; elfogadta a felk\u00e9r\u00e9st, hogy \u00e9p\u00edtsen egy fatornyot a templomhoz.<em>(10.)<\/em>&nbsp;1769-ben Sopper J\u00e1nos Debreceni b\u00e1dogos mester felv\u00e1llalta, hogy erre a toronyra k\u00e9sz\u00edtsen \u00f6t gombot, \u00e9s &#8222;vitorl\u00e1t, kakast \u00e9s mindenfel\u00e9 n\u00e9z\u0151 csillagot&#8221;<em>(11.)<\/em>. A harangok m\u00e1r adottak voltak, mert az els\u0151 jegyzett harang 1646-os, felirata a k\u00f6vetkez\u0151 volt: Soli Deo Honor et Gloria. Anno 1646 (Egyed\u00fcl Isten\u00e9 a dics\u0151s\u00e9g \u00e9s a tisztelet). Ezt a harangot 1891-ben \u00fajra\u00f6ntett\u00e9k. 1755-b\u0151l volt ekkor a m\u00e1sodik harangja a gy\u00fclekezetnek.<br>A gy\u00fclekezet n\u00f6veked\u00e9se, \u00e9s a templom folyamatos roml\u00e1sa arra k\u00e9sztette az embereket, hogy cselekedni kell. Sajnos a kivitelez\u00e9shez nem volt el\u00e9g p\u00e9nze a gy\u00fclekezetnek, \u00edgy t\u00e1mogat\u00f3kat kerestek maguknak, mint a Vay csal\u00e1dot. Az akkori egyh\u00e1zmegye seg\u00e9lyperselyt aj\u00e1nlott fel K\u00e1ntorj\u00e1nosinak, k\u00e9t \u00edzben is.<br>\u00cdgy az \u00e9p\u00edtkez\u00e9s k\u00f6lts\u00e9ge k\u00f6zadakoz\u00e1sb\u00f3l \u00e9s k\u00f6telez\u0151 &#8222;egyh\u00e1zad\u00f3b\u00f3l&#8221; val\u00f3sult meg. A reform\u00e1tusokat 4 csoportba sorolt\u00e1k, \u00e9s ez alapj\u00e1n szedt\u00e9k \u00f6ssze a p\u00e9nzt. Persze ez az, amib\u0151l soha nincs elegend\u0151. A gy\u00fclekezet a Vay-csal\u00e1dnak k\u00fcldetett level\u00e9ben Isten hajl\u00e9k\u00e9nak fel\u00e9p\u00edt\u00e9s\u00e9re k\u00e9rnek, illetve \u00e9kes szavakkal telt leveleket jutattak a tehet\u0151sebb csal\u00e1dok fel\u00e9.<br>&#8222;Soha nem adakozik \u00e9desebben a j\u00f3 Kereszty\u00e9n, mint mikor az alamisn\u00e1lkod\u00e1s az Isten H\u00e1z\u00e1nak \u00e9p\u00edt\u00e9s\u00e9re k\u00edv\u00e1nkoztatik.&#8221; &#8211; \u00cdgy sz\u00f3l egy ilyen lev\u00e9l els\u0151 sora.<em>(12.)<\/em><br>Az akkor \u00e9p\u00fcl\u0151 templom egyhaj\u00f3s volt, \u00e9s a r\u00e9gi huszita templom tov\u00e1bb\u00e9p\u00edt\u00e9se lehetett. Ez ma a toronyt\u00f3l a sz\u00f3sz\u00e9k fel\u00e9 terjed\u0151 r\u00e9sz. Az \u00e9p\u00edtkez\u00e9s lassan haladt 1785-ben tudt\u00e1k csak elkezdeni a t\u00e9nyleges munk\u00e1t. S\u00fcrgetett az id\u0151, mert a felaj\u00e1nlott k\u00f6vek, faanyagok m\u00e1r kezdtek t\u00f6nkre menni. A munk\u00e1latok 1786-87-ben folytak.<em>(13.)&nbsp;<\/em>1791 kar\u00e1csony\u00e1n felszentelt\u00e9k a nyolc \u00f6l hossz\u00fa, h\u00e1rom \u00e9s f\u00e9l \u00f6l sz\u00e9les templomot.<em>(14.)&nbsp;<\/em>A sz\u00f3sz\u00e9k (cathedra), ekkor k\u00e9sz\u00fclt el, \u00e9s az akkori harang szava h\u00edvta az embereket az Isten k\u00f6zels\u00e9g\u00e9be.<br>A gy\u00fclekezet Isten segedelm\u00e9vel egyre n\u0151tt, annyira, hogy kin\u0151tte az \u00fajonnan \u00e9p\u00edtett templomot. 1826-ban felk\u00e9rt\u00e9k a Nagyv\u00e1radi lakos Hamza J\u00e1nost, hogy k\u00e9sz\u00edtsen el 150 ezer t\u00e9gl\u00e1t. 1829. \u00e1prilis 5-\u00e9n megk\u00f6t\u00f6tt\u00e9k a K\u00e1ntorj\u00e1nosi Reform\u00e1tus Egyh\u00e1z presbiterei, \u00e9s az akkori lelk\u00e9sz Kulifay Mikl\u00f3s egy k\u0151m\u0171vesmesterrel Fock Ign\u00e1c Nagyk\u00e1rolyi \u00e9p\u00edt\u0151mesterrel a szerz\u0151d\u00e9st. Fock Ign\u00e1c v\u00e1llalta, hogy kib\u0151v\u00edti a templomot, \u00e9s ut\u00e1na fel\u00e9p\u00edti a tornyot. A d\u00e9li haj\u00f3 ekkor \u00e9p\u00fclt fel, majd a torony, ami n\u00e9gy r\u00e9szben k\u00e9sz\u00fclt el, ez h\u00e1rom p\u00e1rk\u00e1nyzatra \u00e9s emeletre bontva k\u00e9sz\u00fclt az akkor legjobb \u00edzl\u00e9s szerint. K\u00fcl\u00f6n meg\u00e1llapodtak, hogy a templomon az eresz alatt p\u00e1rk\u00e1nyt fog k\u00e9sz\u00edteni, az \u00faj \u00e9p\u00fcleten n\u00e9gy \u00faj ablak lesz, \u00e9s egy g\u00f6mb\u00f6ly\u0171 az ajt\u00f3 felett, illetve, hogy a r\u00e9gi templomot fel\u00faj\u00edtsa.<em>(15.)<\/em>&nbsp;1833-38 k\u00f6z\u00f6tt \u00e9p\u00fclt fel a torony, \u00e9s 1845-ben d\u00e9li haj\u00f3 kib\u0151v\u00edt\u00e9se is elk\u00e9sz\u00fclt. Az \u00fajonnan \u00e9p\u00fclt toronyra Wagner Istv\u00e1n Nagyk\u00e1rolyi mester k\u00e9sz\u00edtette el a ma is l\u00e1that\u00f3 g\u00f6mb\u00f6t, kakast \u00e9s csillagot. A torony n\u00e9gy sark\u00e1ban l\u00e9v\u0151 gr\u00e1dicsokat&nbsp;<em>(16.)<\/em>, \u00e9s a harangsz\u00e9ket Megesm\u00e9resi Montoj\u00f3 Istv\u00e1n k\u00e9sz\u00edtette el.<em>(17.)&nbsp;<\/em>A torony derek\u00e1n l\u00e9v\u0151 b\u00e1dogfed\u00e9s Nock J\u00f3zsef b\u00e1dogos mester m\u0171ve 1837-b\u0151l.<em>(18.)<\/em><\/p>\n\n\n\n<p> 1862. okt\u00f3ber 6-\u00e1t gy\u00e1sznapk\u00e9nt eml\u00edti az egyh\u00e1ztan\u00e1cs jegyz\u0151k\u00f6nyve. Ezen a napon a K\u00e1ntorj\u00e1nosi templom le\u00e9gett. Mai napig a toronyban l\u00e1that\u00f3 a nyoma. A templomot ekkor a h\u00edvek adom\u00e1nyaib\u00f3l \u00fajra\u00e9p\u00edtett\u00e9k, \u00e9s m\u00e9g d\u00edszesebb\u00e9 tett\u00e9k. Az \u00e9p\u00edt\u00e9s befejez\u00e9se ut\u00e1n 1864-ben a padok is elk\u00e9sz\u00fcltek, a sz\u00f3sz\u00e9k a koron\u00e1val egy\u00fctt pedig 1877-ben.<em>(19.)<\/em><br>A gy\u00fclekezetben t\u00f6bbsz\u00f6r is megmutatkozott az Isteni ir\u00e1nti h\u00e1laad\u00e1s, az adom\u00e1nyoz\u00e1s form\u00e1j\u00e1ban is. Nem egyszer megesett, hogy egy f\u00f6ldbirtokos, aki magtalanul halt meg, minden\u00e9t az egyh\u00e1zra hagyta. A legkiemelked\u0151bb adom\u00e1nyoz\u00f3 Kokas Zsigmond volt, aki 30 hold f\u00f6ldet, \u00e9s 400 forintot hagyott az egyh\u00e1zra. Kegyeletb\u0151l az Egyh\u00e1zk\u00f6zs\u00e9g Eml\u00e9kk\u00f6vet \u00e1ll\u00edtott neki&nbsp;<em>(20.)<\/em>, \u00e9s a \u201er\u00e9gi temet\u0151\u201d legkiemelked\u0151bb pontj\u00e1ra helyezt\u00e9k v\u00e9gs\u0151 nyugalomra. S\u00edrk\u00f6ve ma is \u00e1ll, b\u00e1r a vil\u00e1gh\u00e1bor\u00faban t\u00f6bb goly\u00f3l\u00f6v\u00e9st kapott. 1878-ban, amikor a hat\u00e1rtagos\u00edt\u00e1s bej\u00f6tt az egyh\u00e1zra hagyott sz\u00e9tsz\u00f3rt f\u00f6lddarabok helyett k\u00e9t nagyobb, \u00f6sszef\u00fcgg\u0151 ter\u00fcletet kapott az egyh\u00e1z a falu Hod\u00e1sz fel\u00e9 es\u0151 hat\u00e1r\u00e1ban. Ezek a f\u00f6ldek a mai Szabads\u00e1g utca m\u00f6g\u00f6tt l\u00e9v\u0151 ter\u00fcletek nagy r\u00e9sze, melyet 1948-ban elvettek az egyh\u00e1zt\u00f3l.  <em>(21<\/em>)<\/p>\n\n\n\n<p><br>\u00c9ppen ideje volt az egyh\u00e1z jobb helyzetbe jut\u00e1s\u00e1nak, \u00edrja Segesv\u00e1ri J\u00f3zsef lelk\u00e9sz, mivel a 19. sz\u00e1zad v\u00e9g\u00e9re az als\u00f3bb n\u00e9poszt\u00e1lyok elszeg\u00e9nyedtek, \u00e9s \u00edgy rajtuk az egyh\u00e1z seg\u00edtett. 1879-ben egy alap\u00edtv\u00e1nyt alap\u00edtott a gy\u00fclekezet, amelybe befolyt p\u00e9nzb\u0151l, \u00e9s javakb\u00f3l az egyh\u00e1z az egyh\u00e1ztagoknak olcs\u00f3n vagy ingyen adott k\u00f6lcs\u00f6nt.<em>(22.)<\/em><br>A tornyon \u00e9s a templomon el\u0151sz\u00f6r a 20. sz\u00e1zad elej\u00e9n v\u00e9geztek jav\u00edt\u00e1si munk\u00e1latokat. 1926-ban M\u00e1ndy S\u00e1muel tiszteletbeli f\u0151gondnok a templom belsej\u00e9t &#8222;\u00edzl\u00e9sesen&#8221; \u00e1tfestette. Ez akkor 7 milli\u00f3 koron\u00e1ba ker\u00fclt. De ekkor m\u00e1r a templom k\u00fclseje is azonnali fel\u00faj\u00edt\u00e1sra szorult. 1926. augusztus 29-\u00e9n a presbit\u00e9rium megb\u00edzta Weck J\u00f3zsef \u00e9p\u00edt\u00e9szt a templom, torony \u00e9s iskola \u00e9p\u00fclet\u00e9nek renov\u00e1l\u00e1s\u00e1val. A 21 milli\u00f3 koron\u00e1s munk\u00e1lat az \u00e9v okt\u00f3ber v\u00e9g\u00e9re el is k\u00e9sz\u00fclt.<em>(23)<\/em><br><br>Ma egy nagy 1924-es harang h\u00edvogatja az Isten h\u00e1z\u00e1ba a h\u00edveket, \u00e9s egy kisebb 1891-es. Az 1924-es harangot az 1914-18 k\u00f6z\u00f6tt zajl\u00f3 els\u0151 vil\u00e1gh\u00e1bor\u00fa h\u0151sei harangjak\u00e9nt k\u00e9sz\u00fclt Szlez\u00e1k L\u00e1szl\u00f3 Budapesti harang\u00f6nt\u0151 m\u0171hely\u00e9ben a K\u00e1ntorj\u00e1nosi Reform\u00e1tus Egyh\u00e1znak. A kisebb harangot Thury J\u00e1nos \u00e9s fia \u00f6nt\u00f6tte szint\u00e9n Budapesten 1891-ben a r\u00e9gi 1646-os harangb\u00f3l. Ez a K\u00e1ntorj\u00e1nosi-Ikl\u00f3di Reform\u00e1tus Egyh\u00e1z h\u00edveinek kegyes adom\u00e1nyaib\u00f3l k\u00e9sz\u00edttetett Isten dics\u0151s\u00e9g\u00e9re. A nagy harangnak a k\u00f6lts\u00e9geit a gy\u00fclekezet 1914-1918 k\u00f6z\u00f6tt gy\u0171jt\u00f6tte \u00f6ssze.<br><br>A m\u00e1sodik vil\u00e1gh\u00e1bor\u00fa sz\u00f6rny\u0171s\u00e9gei nem ker\u00fclt\u00e9k el telep\u00fcl\u00e9s\u00fcnket sem. A frontvonal k\u00f6zel h\u00faz\u00f3dott a faluhoz, \u00e9s a rohodi lelk\u00e9sz h\u00e1bor\u00fa ut\u00e1ni jelent\u00e9s\u00e9ben meg is jegyzi: \u201eK\u00e1ntorj\u00e1nosiban ember\u00e9letben s anyagiakban is nagy k\u00e1rok voltak.\u201d<em>(24.)<\/em>&nbsp;A h\u00e1bor\u00fa alatti lelk\u00e9sz G\u00f6nczy J\u00f3zsef volt, akinek el kellett menek\u00fclnie a falub\u00f3l. 1945. febru\u00e1r 6.-\u00e1n \u00e9rkezett vissza a telep\u00fcl\u00e9sre, \u00e9s 10 nap m\u00falva jelent\u00e9st adott az egyh\u00e1zk\u00f6zs\u00e9g \u00e1llapot\u00e1r\u00f3l. Ebben a jelent\u00e9sben le\u00edrja, hogy az \u00darasztali k\u00e9szletb\u0151l a kisebb ez\u00fcst poh\u00e1r, melyet a beteg\u00farvacsor\u00e1hoz haszn\u00e1ltak, elveszett. A lev\u00e9lt\u00e1rb\u00f3l a t\u0171zbiztos\u00edt\u00e1si k\u00f6tv\u00e9ny, \u00e9s a postak\u00f6nyv t\u0171nt el, tov\u00e1bb\u00e1 a lelk\u00e9szi \u00e9s egyh\u00e1zi k\u00f6rpecs\u00e9tek.<em>(25.)<\/em>&nbsp;Sajnos a k\u00e9s\u0151bbi jelent\u00e9s\u00e9t nem tette meg, \u00edgy pontosan nem tudjuk, mekkora volt a h\u00e1bor\u00fas k\u00e1r az egyh\u00e1zn\u00e1l.<br><br>A templomot valamikor az 1950-es \u00e9vek k\u00f6zep\u00e9n ism\u00e9t kifestett\u00e9k \u00e9s fel\u00faj\u00edtott\u00e1k. Az akkori k\u00f6zgondolkod\u00e1s a purit\u00e1n k\u00e1lvinizmus volt a Reform\u00e1tus Egyh\u00e1zban. Ez megmutatkozott azon, hogy a templom belsej\u00e9t nem k\u00edm\u00e9lve minden b\u00fatort feh\u00e9rre m\u00e1zoltak, ezzel eltakarva az alatta l\u00e9v\u0151 \u00fan. \u201ereform\u00e1tus k\u00e9k\u201d sz\u00ednt. M\u00e1ra a fest\u00e9k elkezdett lepattogni, \u00edgy kezd \u00fajra l\u00e1that\u00f3v\u00e1 v\u00e1lni a padozat eredeti sz\u00edne. A sz\u00f3sz\u00e9k is \u00e1ldozatul esett ennek, \u00e9s a k\u00e9k alap\u00fa, arannyal szeg\u00e9lyezett \u00e9s d\u00edsz\u00edtett sz\u00f3sz\u00e9ket is feh\u00e9rre festett\u00e9k. Egyed\u00fcl az orgona \u00faszta meg az \u00e1tfest\u00e9st, \u00e9s m\u00e1ig eredeti sz\u00ednben l\u00e1that\u00f3. A 20. sz\u00e1zad elej\u00e9n \u00e1tfestett templombels\u0151 is egy sokkal egyszer\u0171bb kin\u00e9zetet kapott, ami mai napig l\u00e1that\u00f3.<br>K\u00edv\u00fclr\u0151l a korszak szelleme megmutatkozott a templomon. B\u00e1r egys\u00e9gesen k\u0151porozt\u00e1k, de a vizesed\u00e9st csak felgyors\u00edtott\u00e1k a cementes vakolat felvitel\u00e9vel. Lassan m\u00e1ra leveti ezt a betonk\u00f6penyt a templom, de er\u0151sen fel\u00faj\u00edt\u00e1sra, \u00e9s vakolatcser\u00e9re v\u00e1r. Ekkor t\u00f6rt\u00e9nt a templom utols\u00f3 \u00e1talak\u00edt\u00e1sa is. A keleti szent\u00e9lyben l\u00e9v\u0151 kerek ablakot megsz\u0171ntett\u00e9k, \u00e9s az egykori karzatajt\u00f3t is a nyugati oldalon. Az \u00e9szaki bej\u00e1ratot \u00e1talak\u00edtott\u00e1k, hogy ne csak karzatfelj\u00e1r\u00f3 legyen, hanem bevezessen a templomt\u00e9rbe is. Sajnos az \u00e1t\u00e9p\u00edt\u00e9s negat\u00edv k\u00f6vetkezm\u00e9nye lett, hogy az orgona karzata enyh\u00e9n megs\u00fcllyedt, \u00edgy az is hangszerest\u0151l egy\u00fctt fel\u00faj\u00edt\u00e1sra v\u00e1r.<br><br>Az egyh\u00e1z t\u00f6rt\u00e9net\u00e9ben hatalmas t\u00f6r\u00e9st jelentett az 1948-as \u00e9v, amikor nem csak a k\u00f6zel 80 hekt\u00e1rnyi f\u00f6ldet vett\u00e9k el az egyh\u00e1zk\u00f6zs\u00e9gt\u0151l, hanem 1948. j\u00fanius 20-\u00e1n \u00e1llamos\u00edtott\u00e1k a Reform\u00e1tus \u00c1ltal\u00e1nos Iskol\u00e1t is, melynek fenn\u00e1ll\u00e1s\u00e1r\u00f3l 300 \u00e9vvel kor\u00e1bban, 1646-ban is volt eml\u00edt\u00e9s. Ekkor m\u00e9g nem a mai int\u00e9zm\u00e9nyes keretek k\u00f6z\u00f6tt, hanem az egyh\u00e1z \u00e1ltal szervezett n\u00e9piskolai keretben. A tan\u00edt\u00f3k konkr\u00e9t n\u00e9vsora 1820-t\u00f3l ismeretes, melyet a honlapon k\u00fcl\u00f6n f\u00fcl alatt megtal\u00e1lhat.<br>A szocializmus kor\u00e1nak k\u00f6vetkezm\u00e9nye, hogy az eszm\u00e9knek megfelel\u0151en nem tetszett a vezet\u00e9snek a par\u00f3kai-templom-iskola egy\u00fctt \u00e1ll\u00e1sa. Mivel ez a h\u00e1rom \u00e9p\u00fclet egy udvaron \u00e1ll, \u00edgy a tornatermet a par\u00f3kia \u00e9s templom k\u00f6z\u00e9 \u00e9p\u00edtett\u00e9k, hogy ezt az egy\u00fctt\u00e1ll\u00e1st megsz\u0171ntess\u00e9k. A templom csak 6 m\u00e9terre van az iskol\u00e1t\u00f3l, \u00edgy oda az\u00e9rt nem tehett\u00e9k. Az akkori lelk\u00e9sz t\u00f6bbsz\u00f6r kinyilv\u00e1n\u00edtotta nem tetsz\u00e9s\u00e9t, de egyebet nem tehetett.<br><br>2000-ben egy vihar levitte a torony tetej\u00e9b\u0151l a &#8222;kakast&#8221;, melyet akkor helyre\u00e1ll\u00edtottak. Templom \u00e9rdekess\u00e9ge m\u00e9g a nagy bels\u0151t\u00e9ren t\u00fal a k\u0151torony is. A k\u00f6rny\u00e9ken csak Ny\u00edrmeggyesen \u00e9s Tunyogmatolcson tal\u00e1lhat\u00f3 legk\u00f6zelebb ilyen &#8222;Szent H\u00e1z&#8221;.<br>Sajn\u00e1latos t\u00e9ny, hogy az ut\u00f3bbi id\u0151kben nem volt semmilyen fel\u00faj\u00edt\u00e1s a templomon, mivel, akinek tenni kellett volna, nem \u00e9rezte saj\u00e1tj\u00e1nak ezt a templomot. Ennek k\u00f6vetkezm\u00e9nye, hogy a templom \u00e1llapota egyre romlik. A m\u00e9szk\u0151 alap a vakolat v\u00edztart\u00e1sa miatt sz\u00e9tfagyott, ez\u00e9rt t\u00f6bb helyen megs\u00fcllyedt a fal. A tet\u0151 gerend\u00e1i sz\u00f6rny\u0171 \u00e1llapotban vannak, \u00e9s be is \u00e1zik a templom, melynek k\u00f6vetkezm\u00e9nye, hogy az orgon\u00e1nk 3 \u00e9ve nem sz\u00f3l, egy be\u00e1z\u00e1s miatt.<br>A templom falazata \u00e1tlagosan 3-4 m\u00e9ter magass\u00e1gig k\u00e1rosodott. A t\u00e9gla falazat kifagyott, levelesen v\u00e1lik, a vakolatok l\u00f3gnak, a falazat rendk\u00edv\u00fcl s\u00f3terhelt. Ennek okai a helytelen csapad\u00e9kv\u00edz elvezet\u00e9sb\u0151l, az \u00e9p\u00fclet k\u00f6r\u00fcli beton j\u00e1rd\u00e1b\u00f3l, a cementhabarcs l\u00e1bazati vakolatb\u00f3l \u00e9s a szint\u00e9n cement alap\u00fa k\u0151poros vakolatb\u00f3l eredeztethet\u0151k. Az ereszp\u00e1rk\u00e1nyok t\u00f6bb helyen leszakadtak, a hib\u00e1s lefoly\u00f3csatorn\u00e1k miatt a homlokzati vakolatok lehullottak, a falazatok kifagytak (nem csak a l\u00e1bazati r\u00e9szeken). A cement anyag\u00fa vakolatok, j\u00e1rd\u00e1k miatt a talajnedvess\u00e9g a falakba h\u00faz\u00f3dik fel: sem a l\u00e1bazati csom\u00f3pontban, sem a felmen\u0151 vakolatokban kip\u00e1rologni nem tud, ez\u00e9rt a nedvess\u00e9g \u00e9s a vele sz\u00e1ll\u00edtott higroszkopikus s\u00f3k t\u00f6bb m\u00e9ter magass\u00e1gig felh\u00faz\u00f3dtak, folyamatosan k\u00e1ros\u00edtva ezzel a templom falazatait \u00e9s berendez\u00e9seit is. A deszkapadl\u00f3 elkorhadt, a b\u00fatorzat &#8211; a falakra szor\u00edtott elhelyez\u00e9se miatt &#8211; er\u0151sen k\u00e1rosodott: a talpgerend\u00e1k \u00e9s a padoldalak elkorhadtak, a b\u00fatorzat deform\u00e1l\u00f3dott, megs\u00fcllyedt.<\/p>\n\n\n\n<p>A reform\u00e1tus templom \u00e1llagmeg\u00f3v\u00f3 munk\u00e1inak elv\u00e9gz\u00e9se \u00e9vek \u00f3ta napirenden l\u00e9v\u0151 feladat. A templom jelenlegi \u00e1llapota rendk\u00edv\u00fcl avult. Az \u00e9p\u00fclet fel\u00faj\u00edt\u00e1s\u00e1ra az egyh\u00e1zk\u00f6zs\u00e9g kor\u00e1bban t\u00f6bb p\u00e1ly\u00e1zatot ny\u00fajtott be, sajnos sikertelen\u00fcl. Amikor m\u00e1r a k\u00e9szs\u00e9g megvolt a cselekv\u00e9sre, sajnos akkor m\u00e1r a lehet\u0151s\u00e9g nem, \u00edgy a templom haszn\u00e1lat\u00e1t &#8211; annak \u00e9letvesz\u00e9lyes \u00e1llapota miatt &#8211; a presbit\u00e9rium 2015. november 29-t\u0151l kezdve felf\u00fcggesztette, mindaddig, m\u00edg az nem siker\u00fcl fel\u00faj\u00edtani a templomot!<br><br>Isten kegyelm\u00e9b\u0151l egy 2016-ban beny\u00fajtott p\u00e1ly\u00e1zatunkkal siker\u00fclt nyern\u00fcnk. Az \u00e9vsz\u00e1dos m\u00faltra visszatekint\u0151 reform\u00e1tus egyh\u00e1z sok m\u00e9lypontot meg\u00e9lt m\u00e1r, de Isten kegyelme mindig nagyobb volt. Ebben b\u00edzva im\u00e1dkozunk minden nap. SDG<\/p>\n\n\n\n<p class=\"has-text-align-right\"><em>Csonka J\u00f3zsef<\/em><\/p>\n\n\n\n<p><strong>Felhaszn\u00e1lt forr\u00e1sok:<\/strong><\/p>\n\n\n\n<ol><li>Szabolcsi Egyh\u00e1zmegye k\u00f6zgy\u0171l\u00e9si jegyz\u0151k\u00f6nyvei 1597-t\u0151l, 1\/b.k.<\/li><li>BARCSA: Tisz\u00e1nt\u00fal t\u00f6rt\u00e9nete (1908) 173.1.<\/li><li>BARCSA: Tisz\u00e1nt\u00fal t\u00f6rt\u00e9nete (1908) 173.1.; BARCSA: Tisz\u00e1nt\u00fal t\u00f6rt\u00e9nete (1908) II. 265.1.<\/li><li>Hod\u00e1szi egyh\u00e1zt\u00f6rt\u00e9net<\/li><li>Debr. Pr. L. 1896:349.1., 360.<\/li><li>uo.; Losonczi Kulifay Mikl\u00f3s pr\u00e9dik\u00e1tor ; V\u00c1RADY: Tisz\u00e1nt\u00fal reform\u00e1tus templomai II. (1991), 671.<\/li><li>http:\/\/mek.oszk.hu\/09500\/09536\/html\/0020\/18.html.<\/li><li>Szabolcsi Egyh\u00e1zmegye k\u00f6zgy\u0171l\u00e9si jegyz\u0151k\u00f6nyvei 1597-t\u0151l, 2.k., 1650.\u00e9v.<\/li><li>https:\/\/www.arcanum.hu\/hu\/online-kiadvanyok\/Borovszky-borovszky-samu-magyarorszag-varmegyei-es-varosai-1\/szatmar-varmegye-17E72\/szatmar-varmegye-tortenete-bagossy-bertalan-domahidy-istvan-189CB\/vi-a-varmegye-pusztulasa-1657-1711-18B5B\/ii-rakoczi-ferencz-18BCA\/<\/li><li>Hatvani B\u00edr\u00f3 Mih\u00e1ly \u00e9s a KJ egyh\u00e1z szerz\u0151d\u00e9se 1768.<\/li><li>Sopper J\u00e1nos B\u00e1dogosmesternek \u00edrt lev\u00e9l 1769.<\/li><li>Lev\u00e9l a Vay-i csal\u00e1dnak.<\/li><li>Debr. Pr. L. 1896: 360.1.<\/li><li>Anyak\u00f6nyvi bejegyz\u00e9s.<\/li><li>Szerz\u0151d\u00e9s Hamza J\u00e1nos t\u00e9glavet\u0151 mesterrel 1826.; Szerz\u0151d\u00e9s Fock Ign\u00e1ccal.<\/li><li>Szerz\u0151d\u00e9s Wagner Istv\u00e1nnal.<\/li><li>Szerz\u0151d\u00e9s Montoj\u00f3 Istv\u00e1nnal.<\/li><li>Szerz\u0151d\u00e9s Nock J\u00f3zseffel.<\/li><li>V\u00c1RADY: Tisz\u00e1nt\u00fal reform\u00e1tus templomai II. (1991), 671.<\/li><li>Debr. Pr L. 1869. 360.<\/li><li>http:\/\/mapire.eu\/hu\/map\/cadastral\/?layers=osm%2C43%2C44&amp;bbox=2465053.405708895%2C6095332.770497675%2C2468316.3113538185%2C6096732.523578147<\/li><li>Debr. Pr L. 1869. 360.<\/li><li>Presbiteri jegyz\u0151k\u00f6nyv 1926.<\/li><li>SZABADI: Krisztusban nyert er\u0151 (2016), 203.<\/li><li>SZABADI: Krisztusban nyert er\u0151 (2016), 237\u2013238.<\/li><\/ol>\n\n\n\n<p><br><\/p>\n","protected":false},"excerpt":{"rendered":"<p>A Reform\u00e1tus Templom K\u00e1ntorj\u00e1nosi sz\u00edv\u00e9ben helyezkedik el, ezzel emelve a telep\u00fcl\u00e9s sz\u00ednvonal\u00e1t. A reform\u00e1tus egyh\u00e1z alap\u00edt\u00e1s\u00e1nak pontos id\u0151pontja nem ismert. A legkor\u00e1bbi \u00edr\u00e1sos feljegyz\u00e9s 1597\u2013b\u0151l val\u00f3&nbsp;(1.), mely a reform\u00e1tus Pr\u00e9dik\u00e1tor \u00e9s Oskolamester fizet\u00e9s\u00e9r\u0151l sz\u00f3l. Van, aki ezt a d\u00e1tumot tekinti [&hellip;]<\/p>\n","protected":false},"author":1,"featured_media":0,"parent":0,"menu_order":0,"comment_status":"closed","ping_status":"closed","template":"","meta":{"footnotes":""},"_links":{"self":[{"href":"https:\/\/kantorjanosi.reformatus.hu\/gyulekezet\/wp-json\/wp\/v2\/pages\/39"}],"collection":[{"href":"https:\/\/kantorjanosi.reformatus.hu\/gyulekezet\/wp-json\/wp\/v2\/pages"}],"about":[{"href":"https:\/\/kantorjanosi.reformatus.hu\/gyulekezet\/wp-json\/wp\/v2\/types\/page"}],"author":[{"embeddable":true,"href":"https:\/\/kantorjanosi.reformatus.hu\/gyulekezet\/wp-json\/wp\/v2\/users\/1"}],"replies":[{"embeddable":true,"href":"https:\/\/kantorjanosi.reformatus.hu\/gyulekezet\/wp-json\/wp\/v2\/comments?post=39"}],"version-history":[{"count":4,"href":"https:\/\/kantorjanosi.reformatus.hu\/gyulekezet\/wp-json\/wp\/v2\/pages\/39\/revisions"}],"predecessor-version":[{"id":44,"href":"https:\/\/kantorjanosi.reformatus.hu\/gyulekezet\/wp-json\/wp\/v2\/pages\/39\/revisions\/44"}],"wp:attachment":[{"href":"https:\/\/kantorjanosi.reformatus.hu\/gyulekezet\/wp-json\/wp\/v2\/media?parent=39"}],"curies":[{"name":"wp","href":"https:\/\/api.w.org\/{rel}","templated":true}]}}