{"id":339,"date":"2020-03-29T14:17:14","date_gmt":"2020-03-29T14:17:14","guid":{"rendered":"https:\/\/kantorjanosi.reformatus.hu\/gyulekezet\/?page_id=339"},"modified":"2020-03-29T14:17:14","modified_gmt":"2020-03-29T14:17:14","slug":"evangelizacio-2019-11-28-12-01","status":"publish","type":"page","link":"https:\/\/kantorjanosi.reformatus.hu\/gyulekezet\/evangelizacio-2019-11-28-12-01\/","title":{"rendered":"Evangeliz\u00e1ci\u00f3 2019.11.28.-12.01."},"content":{"rendered":"\n<p>A gy\u00fclekezet id\u00e9n is megszervezte az Adventre felvezet\u0151 evangeliz\u00e1ci\u00f3s est\u00e9ket. <\/p>\n\n\n\n<p>Els\u0151 este G\u00e1l S\u00e1ndor f\u00e1bi\u00e1nh\u00e1zi lelk\u00e9sz hirdette Isten ig\u00e9j\u00e9t. <br>\u0150t k\u00f6vette dr. Kov\u00e1cs K\u00e1lm\u00e1n baktal\u00f3r\u00e1nth\u00e1zi lelk\u00e9sz a k\u00f6vetkez\u0151 este.<br>Harmadik este \u0150sz Andr\u00e1s r\u00e9tk\u00f6zberencsi lelk\u00e9sz szolg\u00e1lt, aki a vas\u00e1rnapi \u00farvacsor\u00e1s Istentisztelet alkalm\u00e1val is k\u00f6zt\u00fcnk maradt. <\/p>\n\n\n\n<figure class=\"wp-block-gallery columns-3 is-cropped wp-block-gallery-1 is-layout-flex wp-block-gallery-is-layout-flex\"><ul class=\"blocks-gallery-grid\"><li class=\"blocks-gallery-item\"><figure><img loading=\"lazy\" decoding=\"async\" width=\"480\" height=\"640\" src=\"https:\/\/kantorjanosi.reformatus.hu\/gyulekezet\/wp-content\/uploads\/sites\/3\/2020\/03\/IMG_20191128_175500.jpg\" alt=\"\" data-id=\"349\" data-full-url=\"https:\/\/kantorjanosi.reformatus.hu\/gyulekezet\/wp-content\/uploads\/sites\/3\/2020\/03\/IMG_20191128_175500.jpg\" data-link=\"https:\/\/kantorjanosi.reformatus.hu\/gyulekezet\/img_20191128_175500\/\" class=\"wp-image-349\" srcset=\"https:\/\/kantorjanosi.reformatus.hu\/gyulekezet\/wp-content\/uploads\/sites\/3\/2020\/03\/IMG_20191128_175500.jpg 480w, https:\/\/kantorjanosi.reformatus.hu\/gyulekezet\/wp-content\/uploads\/sites\/3\/2020\/03\/IMG_20191128_175500-225x300.jpg 225w\" sizes=\"(max-width: 480px) 100vw, 480px\" \/><figcaption class=\"blocks-gallery-item__caption\">G\u00e1l S\u00e1ndor lelkip\u00e1sztor \u00e9s feles\u00e9ge<\/figcaption><\/figure><\/li><li class=\"blocks-gallery-item\"><figure><img loading=\"lazy\" decoding=\"async\" width=\"480\" height=\"640\" src=\"https:\/\/kantorjanosi.reformatus.hu\/gyulekezet\/wp-content\/uploads\/sites\/3\/2020\/03\/IMG_20191128_174441.jpg\" alt=\"\" data-id=\"347\" data-full-url=\"https:\/\/kantorjanosi.reformatus.hu\/gyulekezet\/wp-content\/uploads\/sites\/3\/2020\/03\/IMG_20191128_174441.jpg\" data-link=\"https:\/\/kantorjanosi.reformatus.hu\/gyulekezet\/img_20191128_174441\/\" class=\"wp-image-347\" srcset=\"https:\/\/kantorjanosi.reformatus.hu\/gyulekezet\/wp-content\/uploads\/sites\/3\/2020\/03\/IMG_20191128_174441.jpg 480w, https:\/\/kantorjanosi.reformatus.hu\/gyulekezet\/wp-content\/uploads\/sites\/3\/2020\/03\/IMG_20191128_174441-225x300.jpg 225w\" sizes=\"(max-width: 480px) 100vw, 480px\" \/><\/figure><\/li><li class=\"blocks-gallery-item\"><figure><img loading=\"lazy\" decoding=\"async\" width=\"480\" height=\"640\" src=\"https:\/\/kantorjanosi.reformatus.hu\/gyulekezet\/wp-content\/uploads\/sites\/3\/2020\/03\/IMG_20191128_174450.jpg\" alt=\"\" data-id=\"348\" data-full-url=\"https:\/\/kantorjanosi.reformatus.hu\/gyulekezet\/wp-content\/uploads\/sites\/3\/2020\/03\/IMG_20191128_174450.jpg\" data-link=\"https:\/\/kantorjanosi.reformatus.hu\/gyulekezet\/img_20191128_174450\/\" class=\"wp-image-348\" srcset=\"https:\/\/kantorjanosi.reformatus.hu\/gyulekezet\/wp-content\/uploads\/sites\/3\/2020\/03\/IMG_20191128_174450.jpg 480w, https:\/\/kantorjanosi.reformatus.hu\/gyulekezet\/wp-content\/uploads\/sites\/3\/2020\/03\/IMG_20191128_174450-225x300.jpg 225w\" sizes=\"(max-width: 480px) 100vw, 480px\" \/><\/figure><\/li><li class=\"blocks-gallery-item\"><figure><img loading=\"lazy\" decoding=\"async\" width=\"480\" height=\"640\" src=\"https:\/\/kantorjanosi.reformatus.hu\/gyulekezet\/wp-content\/uploads\/sites\/3\/2020\/03\/IMG_20191128_174437.jpg\" alt=\"\" data-id=\"346\" data-full-url=\"https:\/\/kantorjanosi.reformatus.hu\/gyulekezet\/wp-content\/uploads\/sites\/3\/2020\/03\/IMG_20191128_174437.jpg\" data-link=\"https:\/\/kantorjanosi.reformatus.hu\/gyulekezet\/img_20191128_174437\/\" class=\"wp-image-346\" srcset=\"https:\/\/kantorjanosi.reformatus.hu\/gyulekezet\/wp-content\/uploads\/sites\/3\/2020\/03\/IMG_20191128_174437.jpg 480w, https:\/\/kantorjanosi.reformatus.hu\/gyulekezet\/wp-content\/uploads\/sites\/3\/2020\/03\/IMG_20191128_174437-225x300.jpg 225w\" sizes=\"(max-width: 480px) 100vw, 480px\" \/><\/figure><\/li><li class=\"blocks-gallery-item\"><figure><img loading=\"lazy\" decoding=\"async\" width=\"480\" height=\"640\" src=\"https:\/\/kantorjanosi.reformatus.hu\/gyulekezet\/wp-content\/uploads\/sites\/3\/2020\/03\/IMG_20191130_174535.jpg\" alt=\"\" data-id=\"344\" data-full-url=\"https:\/\/kantorjanosi.reformatus.hu\/gyulekezet\/wp-content\/uploads\/sites\/3\/2020\/03\/IMG_20191130_174535.jpg\" data-link=\"https:\/\/kantorjanosi.reformatus.hu\/gyulekezet\/img_20191130_174535\/\" class=\"wp-image-344\" srcset=\"https:\/\/kantorjanosi.reformatus.hu\/gyulekezet\/wp-content\/uploads\/sites\/3\/2020\/03\/IMG_20191130_174535.jpg 480w, https:\/\/kantorjanosi.reformatus.hu\/gyulekezet\/wp-content\/uploads\/sites\/3\/2020\/03\/IMG_20191130_174535-225x300.jpg 225w\" sizes=\"(max-width: 480px) 100vw, 480px\" \/><figcaption class=\"blocks-gallery-item__caption\">\u0150sz Andr\u00e1s lelk\u00e9sz<\/figcaption><\/figure><\/li><li class=\"blocks-gallery-item\"><figure><img loading=\"lazy\" decoding=\"async\" width=\"480\" height=\"640\" src=\"https:\/\/kantorjanosi.reformatus.hu\/gyulekezet\/wp-content\/uploads\/sites\/3\/2020\/03\/IMG_20191128_173130.jpg\" alt=\"\" data-id=\"345\" data-full-url=\"https:\/\/kantorjanosi.reformatus.hu\/gyulekezet\/wp-content\/uploads\/sites\/3\/2020\/03\/IMG_20191128_173130.jpg\" data-link=\"https:\/\/kantorjanosi.reformatus.hu\/gyulekezet\/img_20191128_173130\/\" class=\"wp-image-345\" srcset=\"https:\/\/kantorjanosi.reformatus.hu\/gyulekezet\/wp-content\/uploads\/sites\/3\/2020\/03\/IMG_20191128_173130.jpg 480w, https:\/\/kantorjanosi.reformatus.hu\/gyulekezet\/wp-content\/uploads\/sites\/3\/2020\/03\/IMG_20191128_173130-225x300.jpg 225w\" sizes=\"(max-width: 480px) 100vw, 480px\" \/><\/figure><\/li><li class=\"blocks-gallery-item\"><figure><img loading=\"lazy\" decoding=\"async\" width=\"480\" height=\"640\" src=\"https:\/\/kantorjanosi.reformatus.hu\/gyulekezet\/wp-content\/uploads\/sites\/3\/2020\/03\/IMG_20191130_171151.jpg\" alt=\"\" data-id=\"343\" data-full-url=\"https:\/\/kantorjanosi.reformatus.hu\/gyulekezet\/wp-content\/uploads\/sites\/3\/2020\/03\/IMG_20191130_171151.jpg\" data-link=\"https:\/\/kantorjanosi.reformatus.hu\/gyulekezet\/img_20191130_171151\/\" class=\"wp-image-343\" srcset=\"https:\/\/kantorjanosi.reformatus.hu\/gyulekezet\/wp-content\/uploads\/sites\/3\/2020\/03\/IMG_20191130_171151.jpg 480w, https:\/\/kantorjanosi.reformatus.hu\/gyulekezet\/wp-content\/uploads\/sites\/3\/2020\/03\/IMG_20191130_171151-225x300.jpg 225w\" sizes=\"(max-width: 480px) 100vw, 480px\" \/><\/figure><\/li><li class=\"blocks-gallery-item\"><figure><img loading=\"lazy\" decoding=\"async\" width=\"480\" height=\"640\" src=\"https:\/\/kantorjanosi.reformatus.hu\/gyulekezet\/wp-content\/uploads\/sites\/3\/2020\/03\/IMG_20191129_180120.jpg\" alt=\"\" data-id=\"342\" data-full-url=\"https:\/\/kantorjanosi.reformatus.hu\/gyulekezet\/wp-content\/uploads\/sites\/3\/2020\/03\/IMG_20191129_180120.jpg\" data-link=\"https:\/\/kantorjanosi.reformatus.hu\/gyulekezet\/img_20191129_180120\/\" class=\"wp-image-342\" srcset=\"https:\/\/kantorjanosi.reformatus.hu\/gyulekezet\/wp-content\/uploads\/sites\/3\/2020\/03\/IMG_20191129_180120.jpg 480w, https:\/\/kantorjanosi.reformatus.hu\/gyulekezet\/wp-content\/uploads\/sites\/3\/2020\/03\/IMG_20191129_180120-225x300.jpg 225w\" sizes=\"(max-width: 480px) 100vw, 480px\" \/><\/figure><\/li><li class=\"blocks-gallery-item\"><figure><img loading=\"lazy\" decoding=\"async\" width=\"480\" height=\"640\" src=\"https:\/\/kantorjanosi.reformatus.hu\/gyulekezet\/wp-content\/uploads\/sites\/3\/2020\/03\/IMG_20191129_180117.jpg\" alt=\"\" data-id=\"341\" data-full-url=\"https:\/\/kantorjanosi.reformatus.hu\/gyulekezet\/wp-content\/uploads\/sites\/3\/2020\/03\/IMG_20191129_180117.jpg\" data-link=\"https:\/\/kantorjanosi.reformatus.hu\/gyulekezet\/img_20191129_180117\/\" class=\"wp-image-341\" srcset=\"https:\/\/kantorjanosi.reformatus.hu\/gyulekezet\/wp-content\/uploads\/sites\/3\/2020\/03\/IMG_20191129_180117.jpg 480w, https:\/\/kantorjanosi.reformatus.hu\/gyulekezet\/wp-content\/uploads\/sites\/3\/2020\/03\/IMG_20191129_180117-225x300.jpg 225w\" sizes=\"(max-width: 480px) 100vw, 480px\" \/><\/figure><\/li><\/ul><\/figure>\n","protected":false},"excerpt":{"rendered":"<p>A gy\u00fclekezet id\u00e9n is megszervezte az Adventre felvezet\u0151 evangeliz\u00e1ci\u00f3s est\u00e9ket. Els\u0151 este G\u00e1l S\u00e1ndor f\u00e1bi\u00e1nh\u00e1zi lelk\u00e9sz hirdette Isten ig\u00e9j\u00e9t. \u0150t k\u00f6vette dr. Kov\u00e1cs K\u00e1lm\u00e1n baktal\u00f3r\u00e1nth\u00e1zi lelk\u00e9sz a k\u00f6vetkez\u0151 este.Harmadik este \u0150sz Andr\u00e1s r\u00e9tk\u00f6zberencsi lelk\u00e9sz szolg\u00e1lt, aki a vas\u00e1rnapi \u00farvacsor\u00e1s Istentisztelet [&hellip;]<\/p>\n","protected":false},"author":1,"featured_media":0,"parent":0,"menu_order":0,"comment_status":"closed","ping_status":"closed","template":"","meta":{"footnotes":""},"_links":{"self":[{"href":"https:\/\/kantorjanosi.reformatus.hu\/gyulekezet\/wp-json\/wp\/v2\/pages\/339"}],"collection":[{"href":"https:\/\/kantorjanosi.reformatus.hu\/gyulekezet\/wp-json\/wp\/v2\/pages"}],"about":[{"href":"https:\/\/kantorjanosi.reformatus.hu\/gyulekezet\/wp-json\/wp\/v2\/types\/page"}],"author":[{"embeddable":true,"href":"https:\/\/kantorjanosi.reformatus.hu\/gyulekezet\/wp-json\/wp\/v2\/users\/1"}],"replies":[{"embeddable":true,"href":"https:\/\/kantorjanosi.reformatus.hu\/gyulekezet\/wp-json\/wp\/v2\/comments?post=339"}],"version-history":[{"count":3,"href":"https:\/\/kantorjanosi.reformatus.hu\/gyulekezet\/wp-json\/wp\/v2\/pages\/339\/revisions"}],"predecessor-version":[{"id":351,"href":"https:\/\/kantorjanosi.reformatus.hu\/gyulekezet\/wp-json\/wp\/v2\/pages\/339\/revisions\/351"}],"wp:attachment":[{"href":"https:\/\/kantorjanosi.reformatus.hu\/gyulekezet\/wp-json\/wp\/v2\/media?parent=339"}],"curies":[{"name":"wp","href":"https:\/\/api.w.org\/{rel}","templated":true}]}}