{"id":315,"date":"2020-03-29T14:04:15","date_gmt":"2020-03-29T14:04:15","guid":{"rendered":"https:\/\/kantorjanosi.reformatus.hu\/gyulekezet\/?page_id=315"},"modified":"2020-03-29T14:04:15","modified_gmt":"2020-03-29T14:04:15","slug":"karacsony","status":"publish","type":"page","link":"https:\/\/kantorjanosi.reformatus.hu\/gyulekezet\/karacsony\/","title":{"rendered":"Kar\u00e1csony"},"content":{"rendered":"\n<figure class=\"wp-block-gallery columns-3 is-cropped wp-block-gallery-1 is-layout-flex wp-block-gallery-is-layout-flex\"><ul class=\"blocks-gallery-grid\"><li class=\"blocks-gallery-item\"><figure><a href=\"https:\/\/kantorjanosi.reformatus.hu\/gyulekezet\/wp-content\/uploads\/sites\/3\/2020\/03\/IMG_20191226_113717.jpg\" data-lbwps-width=\"480\" data-lbwps-height=\"640\" data-lbwps-srcsmall=\"https:\/\/kantorjanosi.reformatus.hu\/gyulekezet\/wp-content\/uploads\/sites\/3\/2020\/03\/IMG_20191226_113717-225x300.jpg\"><img loading=\"lazy\" decoding=\"async\" width=\"480\" height=\"640\" src=\"https:\/\/kantorjanosi.reformatus.hu\/gyulekezet\/wp-content\/uploads\/sites\/3\/2020\/03\/IMG_20191226_113717.jpg\" alt=\"\" data-id=\"335\" data-full-url=\"https:\/\/kantorjanosi.reformatus.hu\/gyulekezet\/wp-content\/uploads\/sites\/3\/2020\/03\/IMG_20191226_113717.jpg\" data-link=\"https:\/\/kantorjanosi.reformatus.hu\/gyulekezet\/img_20191226_113717\/\" class=\"wp-image-335\" srcset=\"https:\/\/kantorjanosi.reformatus.hu\/gyulekezet\/wp-content\/uploads\/sites\/3\/2020\/03\/IMG_20191226_113717.jpg 480w, https:\/\/kantorjanosi.reformatus.hu\/gyulekezet\/wp-content\/uploads\/sites\/3\/2020\/03\/IMG_20191226_113717-225x300.jpg 225w\" sizes=\"(max-width: 480px) 100vw, 480px\" \/><\/a><\/figure><\/li><li class=\"blocks-gallery-item\"><figure><a href=\"https:\/\/kantorjanosi.reformatus.hu\/gyulekezet\/wp-content\/uploads\/sites\/3\/2020\/03\/IMG_20191226_112201-1.jpg\" data-lbwps-width=\"480\" data-lbwps-height=\"640\" data-lbwps-srcsmall=\"https:\/\/kantorjanosi.reformatus.hu\/gyulekezet\/wp-content\/uploads\/sites\/3\/2020\/03\/IMG_20191226_112201-1-225x300.jpg\"><img loading=\"lazy\" decoding=\"async\" width=\"480\" height=\"640\" src=\"https:\/\/kantorjanosi.reformatus.hu\/gyulekezet\/wp-content\/uploads\/sites\/3\/2020\/03\/IMG_20191226_112201-1.jpg\" alt=\"\" data-id=\"334\" data-full-url=\"https:\/\/kantorjanosi.reformatus.hu\/gyulekezet\/wp-content\/uploads\/sites\/3\/2020\/03\/IMG_20191226_112201-1.jpg\" data-link=\"https:\/\/kantorjanosi.reformatus.hu\/gyulekezet\/img_20191226_112201-2\/\" class=\"wp-image-334\" srcset=\"https:\/\/kantorjanosi.reformatus.hu\/gyulekezet\/wp-content\/uploads\/sites\/3\/2020\/03\/IMG_20191226_112201-1.jpg 480w, https:\/\/kantorjanosi.reformatus.hu\/gyulekezet\/wp-content\/uploads\/sites\/3\/2020\/03\/IMG_20191226_112201-1-225x300.jpg 225w\" sizes=\"(max-width: 480px) 100vw, 480px\" \/><\/a><\/figure><\/li><li class=\"blocks-gallery-item\"><figure><a href=\"https:\/\/kantorjanosi.reformatus.hu\/gyulekezet\/wp-content\/uploads\/sites\/3\/2020\/03\/IMG_20191225_115110-1.jpg\" data-lbwps-width=\"480\" data-lbwps-height=\"640\" data-lbwps-srcsmall=\"https:\/\/kantorjanosi.reformatus.hu\/gyulekezet\/wp-content\/uploads\/sites\/3\/2020\/03\/IMG_20191225_115110-1-225x300.jpg\"><img loading=\"lazy\" decoding=\"async\" width=\"480\" height=\"640\" src=\"https:\/\/kantorjanosi.reformatus.hu\/gyulekezet\/wp-content\/uploads\/sites\/3\/2020\/03\/IMG_20191225_115110-1.jpg\" alt=\"\" data-id=\"333\" data-full-url=\"https:\/\/kantorjanosi.reformatus.hu\/gyulekezet\/wp-content\/uploads\/sites\/3\/2020\/03\/IMG_20191225_115110-1.jpg\" data-link=\"https:\/\/kantorjanosi.reformatus.hu\/gyulekezet\/img_20191225_115110-2\/\" class=\"wp-image-333\" srcset=\"https:\/\/kantorjanosi.reformatus.hu\/gyulekezet\/wp-content\/uploads\/sites\/3\/2020\/03\/IMG_20191225_115110-1.jpg 480w, https:\/\/kantorjanosi.reformatus.hu\/gyulekezet\/wp-content\/uploads\/sites\/3\/2020\/03\/IMG_20191225_115110-1-225x300.jpg 225w\" sizes=\"(max-width: 480px) 100vw, 480px\" \/><\/a><\/figure><\/li><li class=\"blocks-gallery-item\"><figure><a href=\"https:\/\/kantorjanosi.reformatus.hu\/gyulekezet\/wp-content\/uploads\/sites\/3\/2020\/03\/IMG_20191225_115106-2.jpg\" data-lbwps-width=\"480\" data-lbwps-height=\"640\" data-lbwps-srcsmall=\"https:\/\/kantorjanosi.reformatus.hu\/gyulekezet\/wp-content\/uploads\/sites\/3\/2020\/03\/IMG_20191225_115106-2-225x300.jpg\"><img loading=\"lazy\" decoding=\"async\" width=\"480\" height=\"640\" src=\"https:\/\/kantorjanosi.reformatus.hu\/gyulekezet\/wp-content\/uploads\/sites\/3\/2020\/03\/IMG_20191225_115106-2.jpg\" alt=\"\" data-id=\"332\" data-full-url=\"https:\/\/kantorjanosi.reformatus.hu\/gyulekezet\/wp-content\/uploads\/sites\/3\/2020\/03\/IMG_20191225_115106-2.jpg\" data-link=\"https:\/\/kantorjanosi.reformatus.hu\/gyulekezet\/img_20191225_115106-3\/\" class=\"wp-image-332\" srcset=\"https:\/\/kantorjanosi.reformatus.hu\/gyulekezet\/wp-content\/uploads\/sites\/3\/2020\/03\/IMG_20191225_115106-2.jpg 480w, https:\/\/kantorjanosi.reformatus.hu\/gyulekezet\/wp-content\/uploads\/sites\/3\/2020\/03\/IMG_20191225_115106-2-225x300.jpg 225w\" sizes=\"(max-width: 480px) 100vw, 480px\" \/><\/a><\/figure><\/li><li class=\"blocks-gallery-item\"><figure><a href=\"https:\/\/kantorjanosi.reformatus.hu\/gyulekezet\/wp-content\/uploads\/sites\/3\/2020\/03\/IMG_20191225_115102.jpg\" data-lbwps-width=\"480\" data-lbwps-height=\"640\" data-lbwps-srcsmall=\"https:\/\/kantorjanosi.reformatus.hu\/gyulekezet\/wp-content\/uploads\/sites\/3\/2020\/03\/IMG_20191225_115102-225x300.jpg\"><img loading=\"lazy\" decoding=\"async\" width=\"480\" height=\"640\" src=\"https:\/\/kantorjanosi.reformatus.hu\/gyulekezet\/wp-content\/uploads\/sites\/3\/2020\/03\/IMG_20191225_115102.jpg\" alt=\"\" data-id=\"331\" data-full-url=\"https:\/\/kantorjanosi.reformatus.hu\/gyulekezet\/wp-content\/uploads\/sites\/3\/2020\/03\/IMG_20191225_115102.jpg\" data-link=\"https:\/\/kantorjanosi.reformatus.hu\/gyulekezet\/img_20191225_115102\/\" class=\"wp-image-331\" srcset=\"https:\/\/kantorjanosi.reformatus.hu\/gyulekezet\/wp-content\/uploads\/sites\/3\/2020\/03\/IMG_20191225_115102.jpg 480w, https:\/\/kantorjanosi.reformatus.hu\/gyulekezet\/wp-content\/uploads\/sites\/3\/2020\/03\/IMG_20191225_115102-225x300.jpg 225w\" sizes=\"(max-width: 480px) 100vw, 480px\" \/><\/a><\/figure><\/li><li class=\"blocks-gallery-item\"><figure><a href=\"https:\/\/kantorjanosi.reformatus.hu\/gyulekezet\/wp-content\/uploads\/sites\/3\/2020\/03\/IMG_20191225_111325.jpg\" data-lbwps-width=\"640\" data-lbwps-height=\"480\" data-lbwps-srcsmall=\"https:\/\/kantorjanosi.reformatus.hu\/gyulekezet\/wp-content\/uploads\/sites\/3\/2020\/03\/IMG_20191225_111325-300x225.jpg\"><img loading=\"lazy\" decoding=\"async\" width=\"640\" height=\"480\" src=\"https:\/\/kantorjanosi.reformatus.hu\/gyulekezet\/wp-content\/uploads\/sites\/3\/2020\/03\/IMG_20191225_111325.jpg\" alt=\"\" data-id=\"330\" data-full-url=\"https:\/\/kantorjanosi.reformatus.hu\/gyulekezet\/wp-content\/uploads\/sites\/3\/2020\/03\/IMG_20191225_111325.jpg\" data-link=\"https:\/\/kantorjanosi.reformatus.hu\/gyulekezet\/img_20191225_111325\/\" class=\"wp-image-330\" srcset=\"https:\/\/kantorjanosi.reformatus.hu\/gyulekezet\/wp-content\/uploads\/sites\/3\/2020\/03\/IMG_20191225_111325.jpg 640w, https:\/\/kantorjanosi.reformatus.hu\/gyulekezet\/wp-content\/uploads\/sites\/3\/2020\/03\/IMG_20191225_111325-300x225.jpg 300w\" sizes=\"(max-width: 640px) 100vw, 640px\" \/><\/a><\/figure><\/li><li class=\"blocks-gallery-item\"><figure><a href=\"https:\/\/kantorjanosi.reformatus.hu\/gyulekezet\/wp-content\/uploads\/sites\/3\/2020\/03\/IMG_20191225_110538.jpg\" data-lbwps-width=\"480\" data-lbwps-height=\"640\" data-lbwps-srcsmall=\"https:\/\/kantorjanosi.reformatus.hu\/gyulekezet\/wp-content\/uploads\/sites\/3\/2020\/03\/IMG_20191225_110538-225x300.jpg\"><img loading=\"lazy\" decoding=\"async\" width=\"480\" height=\"640\" src=\"https:\/\/kantorjanosi.reformatus.hu\/gyulekezet\/wp-content\/uploads\/sites\/3\/2020\/03\/IMG_20191225_110538.jpg\" alt=\"\" data-id=\"329\" data-full-url=\"https:\/\/kantorjanosi.reformatus.hu\/gyulekezet\/wp-content\/uploads\/sites\/3\/2020\/03\/IMG_20191225_110538.jpg\" data-link=\"https:\/\/kantorjanosi.reformatus.hu\/gyulekezet\/img_20191225_110538\/\" class=\"wp-image-329\" srcset=\"https:\/\/kantorjanosi.reformatus.hu\/gyulekezet\/wp-content\/uploads\/sites\/3\/2020\/03\/IMG_20191225_110538.jpg 480w, https:\/\/kantorjanosi.reformatus.hu\/gyulekezet\/wp-content\/uploads\/sites\/3\/2020\/03\/IMG_20191225_110538-225x300.jpg 225w\" sizes=\"(max-width: 480px) 100vw, 480px\" \/><\/a><\/figure><\/li><li class=\"blocks-gallery-item\"><figure><a href=\"https:\/\/kantorjanosi.reformatus.hu\/gyulekezet\/wp-content\/uploads\/sites\/3\/2020\/03\/IMG_20191225_110535.jpg\" data-lbwps-width=\"480\" data-lbwps-height=\"640\" data-lbwps-srcsmall=\"https:\/\/kantorjanosi.reformatus.hu\/gyulekezet\/wp-content\/uploads\/sites\/3\/2020\/03\/IMG_20191225_110535-225x300.jpg\" data-lbwps-caption=\"Angyalosy \u00c1d\u00e1m leg\u00e1tus\"><img loading=\"lazy\" decoding=\"async\" width=\"480\" height=\"640\" src=\"https:\/\/kantorjanosi.reformatus.hu\/gyulekezet\/wp-content\/uploads\/sites\/3\/2020\/03\/IMG_20191225_110535.jpg\" alt=\"\" data-id=\"328\" data-full-url=\"https:\/\/kantorjanosi.reformatus.hu\/gyulekezet\/wp-content\/uploads\/sites\/3\/2020\/03\/IMG_20191225_110535.jpg\" data-link=\"https:\/\/kantorjanosi.reformatus.hu\/gyulekezet\/img_20191225_110535\/\" class=\"wp-image-328\" srcset=\"https:\/\/kantorjanosi.reformatus.hu\/gyulekezet\/wp-content\/uploads\/sites\/3\/2020\/03\/IMG_20191225_110535.jpg 480w, https:\/\/kantorjanosi.reformatus.hu\/gyulekezet\/wp-content\/uploads\/sites\/3\/2020\/03\/IMG_20191225_110535-225x300.jpg 225w\" sizes=\"(max-width: 480px) 100vw, 480px\" \/><\/a><figcaption class=\"blocks-gallery-item__caption\">Angyalosy \u00c1d\u00e1m leg\u00e1tus<\/figcaption><\/figure><\/li><li class=\"blocks-gallery-item\"><figure><a href=\"https:\/\/kantorjanosi.reformatus.hu\/gyulekezet\/wp-content\/uploads\/sites\/3\/2020\/03\/IMG_20191226_112201.jpg\" data-lbwps-width=\"3456\" data-lbwps-height=\"4608\" data-lbwps-srcsmall=\"https:\/\/kantorjanosi.reformatus.hu\/gyulekezet\/wp-content\/uploads\/sites\/3\/2020\/03\/IMG_20191226_112201-225x300.jpg\"><img loading=\"lazy\" decoding=\"async\" width=\"768\" height=\"1024\" src=\"https:\/\/kantorjanosi.reformatus.hu\/gyulekezet\/wp-content\/uploads\/sites\/3\/2020\/03\/IMG_20191226_112201-768x1024.jpg\" alt=\"\" data-id=\"327\" data-full-url=\"https:\/\/kantorjanosi.reformatus.hu\/gyulekezet\/wp-content\/uploads\/sites\/3\/2020\/03\/IMG_20191226_112201-scaled.jpg\" data-link=\"https:\/\/kantorjanosi.reformatus.hu\/gyulekezet\/img_20191226_112201\/\" class=\"wp-image-327\" srcset=\"https:\/\/kantorjanosi.reformatus.hu\/gyulekezet\/wp-content\/uploads\/sites\/3\/2020\/03\/IMG_20191226_112201-768x1024.jpg 768w, https:\/\/kantorjanosi.reformatus.hu\/gyulekezet\/wp-content\/uploads\/sites\/3\/2020\/03\/IMG_20191226_112201-225x300.jpg 225w, https:\/\/kantorjanosi.reformatus.hu\/gyulekezet\/wp-content\/uploads\/sites\/3\/2020\/03\/IMG_20191226_112201-1152x1536.jpg 1152w, https:\/\/kantorjanosi.reformatus.hu\/gyulekezet\/wp-content\/uploads\/sites\/3\/2020\/03\/IMG_20191226_112201-1536x2048.jpg 1536w, https:\/\/kantorjanosi.reformatus.hu\/gyulekezet\/wp-content\/uploads\/sites\/3\/2020\/03\/IMG_20191226_112201-scaled.jpg 1920w\" sizes=\"(max-width: 768px) 100vw, 768px\" \/><\/a><\/figure><\/li><li class=\"blocks-gallery-item\"><figure><a href=\"https:\/\/kantorjanosi.reformatus.hu\/gyulekezet\/wp-content\/uploads\/sites\/3\/2020\/03\/IMG_20191226_112154.jpg\" data-lbwps-width=\"3456\" data-lbwps-height=\"4608\" data-lbwps-srcsmall=\"https:\/\/kantorjanosi.reformatus.hu\/gyulekezet\/wp-content\/uploads\/sites\/3\/2020\/03\/IMG_20191226_112154-225x300.jpg\"><img loading=\"lazy\" decoding=\"async\" width=\"768\" height=\"1024\" src=\"https:\/\/kantorjanosi.reformatus.hu\/gyulekezet\/wp-content\/uploads\/sites\/3\/2020\/03\/IMG_20191226_112154-768x1024.jpg\" alt=\"\" data-id=\"326\" data-full-url=\"https:\/\/kantorjanosi.reformatus.hu\/gyulekezet\/wp-content\/uploads\/sites\/3\/2020\/03\/IMG_20191226_112154-scaled.jpg\" data-link=\"https:\/\/kantorjanosi.reformatus.hu\/gyulekezet\/img_20191226_112154\/\" class=\"wp-image-326\" srcset=\"https:\/\/kantorjanosi.reformatus.hu\/gyulekezet\/wp-content\/uploads\/sites\/3\/2020\/03\/IMG_20191226_112154-768x1024.jpg 768w, https:\/\/kantorjanosi.reformatus.hu\/gyulekezet\/wp-content\/uploads\/sites\/3\/2020\/03\/IMG_20191226_112154-225x300.jpg 225w, https:\/\/kantorjanosi.reformatus.hu\/gyulekezet\/wp-content\/uploads\/sites\/3\/2020\/03\/IMG_20191226_112154-1152x1536.jpg 1152w, https:\/\/kantorjanosi.reformatus.hu\/gyulekezet\/wp-content\/uploads\/sites\/3\/2020\/03\/IMG_20191226_112154-1536x2048.jpg 1536w, https:\/\/kantorjanosi.reformatus.hu\/gyulekezet\/wp-content\/uploads\/sites\/3\/2020\/03\/IMG_20191226_112154-scaled.jpg 1920w\" sizes=\"(max-width: 768px) 100vw, 768px\" \/><\/a><\/figure><\/li><li class=\"blocks-gallery-item\"><figure><a href=\"https:\/\/kantorjanosi.reformatus.hu\/gyulekezet\/wp-content\/uploads\/sites\/3\/2020\/03\/IMG_20191226_112153.jpg\" data-lbwps-width=\"3456\" data-lbwps-height=\"4608\" data-lbwps-srcsmall=\"https:\/\/kantorjanosi.reformatus.hu\/gyulekezet\/wp-content\/uploads\/sites\/3\/2020\/03\/IMG_20191226_112153-225x300.jpg\"><img loading=\"lazy\" decoding=\"async\" width=\"768\" height=\"1024\" src=\"https:\/\/kantorjanosi.reformatus.hu\/gyulekezet\/wp-content\/uploads\/sites\/3\/2020\/03\/IMG_20191226_112153-768x1024.jpg\" alt=\"\" data-id=\"325\" data-full-url=\"https:\/\/kantorjanosi.reformatus.hu\/gyulekezet\/wp-content\/uploads\/sites\/3\/2020\/03\/IMG_20191226_112153-scaled.jpg\" data-link=\"https:\/\/kantorjanosi.reformatus.hu\/gyulekezet\/img_20191226_112153\/\" class=\"wp-image-325\" srcset=\"https:\/\/kantorjanosi.reformatus.hu\/gyulekezet\/wp-content\/uploads\/sites\/3\/2020\/03\/IMG_20191226_112153-768x1024.jpg 768w, https:\/\/kantorjanosi.reformatus.hu\/gyulekezet\/wp-content\/uploads\/sites\/3\/2020\/03\/IMG_20191226_112153-225x300.jpg 225w, https:\/\/kantorjanosi.reformatus.hu\/gyulekezet\/wp-content\/uploads\/sites\/3\/2020\/03\/IMG_20191226_112153-1152x1536.jpg 1152w, https:\/\/kantorjanosi.reformatus.hu\/gyulekezet\/wp-content\/uploads\/sites\/3\/2020\/03\/IMG_20191226_112153-1536x2048.jpg 1536w, https:\/\/kantorjanosi.reformatus.hu\/gyulekezet\/wp-content\/uploads\/sites\/3\/2020\/03\/IMG_20191226_112153-scaled.jpg 1920w\" sizes=\"(max-width: 768px) 100vw, 768px\" \/><\/a><\/figure><\/li><li class=\"blocks-gallery-item\"><figure><a href=\"https:\/\/kantorjanosi.reformatus.hu\/gyulekezet\/wp-content\/uploads\/sites\/3\/2020\/03\/IMG_20191225_115106-1.jpg\" data-lbwps-width=\"3456\" data-lbwps-height=\"4608\" data-lbwps-srcsmall=\"https:\/\/kantorjanosi.reformatus.hu\/gyulekezet\/wp-content\/uploads\/sites\/3\/2020\/03\/IMG_20191225_115106-1-225x300.jpg\"><img loading=\"lazy\" decoding=\"async\" width=\"768\" height=\"1024\" src=\"https:\/\/kantorjanosi.reformatus.hu\/gyulekezet\/wp-content\/uploads\/sites\/3\/2020\/03\/IMG_20191225_115106-1-768x1024.jpg\" alt=\"\" data-id=\"322\" data-full-url=\"https:\/\/kantorjanosi.reformatus.hu\/gyulekezet\/wp-content\/uploads\/sites\/3\/2020\/03\/IMG_20191225_115106-1-scaled.jpg\" data-link=\"https:\/\/kantorjanosi.reformatus.hu\/gyulekezet\/img_20191225_115106-2\/\" class=\"wp-image-322\" srcset=\"https:\/\/kantorjanosi.reformatus.hu\/gyulekezet\/wp-content\/uploads\/sites\/3\/2020\/03\/IMG_20191225_115106-1-768x1024.jpg 768w, https:\/\/kantorjanosi.reformatus.hu\/gyulekezet\/wp-content\/uploads\/sites\/3\/2020\/03\/IMG_20191225_115106-1-225x300.jpg 225w, https:\/\/kantorjanosi.reformatus.hu\/gyulekezet\/wp-content\/uploads\/sites\/3\/2020\/03\/IMG_20191225_115106-1-1152x1536.jpg 1152w, https:\/\/kantorjanosi.reformatus.hu\/gyulekezet\/wp-content\/uploads\/sites\/3\/2020\/03\/IMG_20191225_115106-1-1536x2048.jpg 1536w, https:\/\/kantorjanosi.reformatus.hu\/gyulekezet\/wp-content\/uploads\/sites\/3\/2020\/03\/IMG_20191225_115106-1-scaled.jpg 1920w\" sizes=\"(max-width: 768px) 100vw, 768px\" \/><\/a><\/figure><\/li><li class=\"blocks-gallery-item\"><figure><a href=\"https:\/\/kantorjanosi.reformatus.hu\/gyulekezet\/wp-content\/uploads\/sites\/3\/2020\/03\/IMG_20191225_111336.jpg\" data-lbwps-width=\"4608\" data-lbwps-height=\"3456\" data-lbwps-srcsmall=\"https:\/\/kantorjanosi.reformatus.hu\/gyulekezet\/wp-content\/uploads\/sites\/3\/2020\/03\/IMG_20191225_111336-300x225.jpg\"><img loading=\"lazy\" decoding=\"async\" width=\"1024\" height=\"768\" src=\"https:\/\/kantorjanosi.reformatus.hu\/gyulekezet\/wp-content\/uploads\/sites\/3\/2020\/03\/IMG_20191225_111336-1024x768.jpg\" alt=\"\" data-id=\"317\" data-full-url=\"https:\/\/kantorjanosi.reformatus.hu\/gyulekezet\/wp-content\/uploads\/sites\/3\/2020\/03\/IMG_20191225_111336-scaled.jpg\" data-link=\"https:\/\/kantorjanosi.reformatus.hu\/gyulekezet\/?attachment_id=317\" class=\"wp-image-317\" srcset=\"https:\/\/kantorjanosi.reformatus.hu\/gyulekezet\/wp-content\/uploads\/sites\/3\/2020\/03\/IMG_20191225_111336-1024x768.jpg 1024w, https:\/\/kantorjanosi.reformatus.hu\/gyulekezet\/wp-content\/uploads\/sites\/3\/2020\/03\/IMG_20191225_111336-300x225.jpg 300w, https:\/\/kantorjanosi.reformatus.hu\/gyulekezet\/wp-content\/uploads\/sites\/3\/2020\/03\/IMG_20191225_111336-768x576.jpg 768w, https:\/\/kantorjanosi.reformatus.hu\/gyulekezet\/wp-content\/uploads\/sites\/3\/2020\/03\/IMG_20191225_111336-1536x1152.jpg 1536w, https:\/\/kantorjanosi.reformatus.hu\/gyulekezet\/wp-content\/uploads\/sites\/3\/2020\/03\/IMG_20191225_111336-2048x1536.jpg 2048w\" sizes=\"(max-width: 1024px) 100vw, 1024px\" \/><\/a><\/figure><\/li><\/ul><\/figure>\n","protected":false},"excerpt":{"rendered":"","protected":false},"author":1,"featured_media":0,"parent":0,"menu_order":0,"comment_status":"closed","ping_status":"closed","template":"","meta":{"footnotes":""},"_links":{"self":[{"href":"https:\/\/kantorjanosi.reformatus.hu\/gyulekezet\/wp-json\/wp\/v2\/pages\/315"}],"collection":[{"href":"https:\/\/kantorjanosi.reformatus.hu\/gyulekezet\/wp-json\/wp\/v2\/pages"}],"about":[{"href":"https:\/\/kantorjanosi.reformatus.hu\/gyulekezet\/wp-json\/wp\/v2\/types\/page"}],"author":[{"embeddable":true,"href":"https:\/\/kantorjanosi.reformatus.hu\/gyulekezet\/wp-json\/wp\/v2\/users\/1"}],"replies":[{"embeddable":true,"href":"https:\/\/kantorjanosi.reformatus.hu\/gyulekezet\/wp-json\/wp\/v2\/comments?post=315"}],"version-history":[{"count":2,"href":"https:\/\/kantorjanosi.reformatus.hu\/gyulekezet\/wp-json\/wp\/v2\/pages\/315\/revisions"}],"predecessor-version":[{"id":337,"href":"https:\/\/kantorjanosi.reformatus.hu\/gyulekezet\/wp-json\/wp\/v2\/pages\/315\/revisions\/337"}],"wp:attachment":[{"href":"https:\/\/kantorjanosi.reformatus.hu\/gyulekezet\/wp-json\/wp\/v2\/media?parent=315"}],"curies":[{"name":"wp","href":"https:\/\/api.w.org\/{rel}","templated":true}]}}