{"id":196,"date":"2019-11-25T23:15:58","date_gmt":"2019-11-25T23:15:58","guid":{"rendered":"https:\/\/kantorjanosi.reformatus.hu\/gyulekezet\/?page_id=196"},"modified":"2019-11-25T23:15:58","modified_gmt":"2019-11-25T23:15:58","slug":"erdekessegek","status":"publish","type":"page","link":"https:\/\/kantorjanosi.reformatus.hu\/gyulekezet\/erdekessegek\/","title":{"rendered":"\u00c9rdekess\u00e9gek"},"content":{"rendered":"\n<p>Ez a lap, azokat a t\u00f6rt\u00e9neteket tartalmazza, mely a K\u00e1ntorj\u00e1nosi Reform\u00e1tus Egyh\u00e1zat, \u00e9s a templomot \u00e9rintik.<\/p>\n\n\n\n<p><strong>Els\u0151 \u00e9rdekess\u00e9g:<br><\/strong>A templom b\u0151v\u00edt\u00e9sekor nem volt el\u00e9g a sok dolgos k\u00e9z, de p\u00e9nzre is nagy sz\u00fcks\u00e9g volt. A kor\u00e1bbi \u00e9p\u00edt\u00e9skor m\u00e1r bebizonyosodott, hogy a K\u00e1ntorj\u00e1nosi lakosok az adom\u00e1nyoz\u00e1skor nem b\u00e1nnak sz\u0171ken. Az alapk\u00f6veket is k\u00f6zadakoz\u00e1sb\u00f3l kapta a templom. 1826-ban is sz\u00fcks\u00e9g volt sok mindenre, ez\u00e9rt az Egyh\u00e1zi Gy\u0171l\u00e9s beosztotta a falu reform\u00e1tus lakosait, \u00e9s ez alapj\u00e1n kellett adakozni. Az els\u0151 oszt\u00e1ly beliek 20, m\u00e1sodoszt\u00e1lybeliek 10, harmadoszt\u00e1lyban l\u00e9v\u0151k 5, negyedoszt\u00e1lyban 2, \u00e9s \u00f6t\u00f6doszt\u00e1lyba sorolt emberek 1 Forintot kellett, hogy beadjanak.<\/p>\n\n\n\n<figure class=\"wp-block-image\"><img decoding=\"async\" src=\"https:\/\/honlap.parokia.hu\/data\/gallery\/3308\/pic_dsc02629.jpg\" alt=\"\"\/><\/figure>\n\n\n\n<p><strong>M\u00e1sodik \u00e9rdekess\u00e9g<\/strong>, hogy a Reform\u00e1tus templom \u00e9kess\u00e9ge, a k\u0151sipk\u00e1s torony, azon k\u00edv\u00fcl, hogy ritka, \u00e9s egyedi a k\u00f6rny\u00e9ken, de a falu \u00e9let\u00e9ben a d\u00edsz\u00edt\u0151 funkci\u00f3n k\u00edv\u00fcl m\u00e1s szerepet is bet\u00f6lt\u00f6tt.<br>A torony kialak\u00edt\u00e1s\u00e1ban \u00fagy lett megtervezve, hogy egy peremet kapott, amin k\u00f6rbe lehet menni, ez\u00e1ltal az eg\u00e9sz falu megfigyelhet\u0151. R\u00e9gen a vigilek, \u00e9s \u0151rszemek fontos helye volt ez. F\u0151leg a ny\u00e1ri id\u0151szakban, amikor nagy sz\u00e1rass\u00e1g volt. A toronyb\u00f3l &#8222;t\u0171zszeml\u00e9t&#8221; tartottak. B\u00e1rhol t\u0171z \u00fct\u00f6tt ki, azonnal f\u00e9lre vert\u00e9k a harangot, \u00e9s egy piros z\u00e1szl\u00f3t t\u0171ztek ki abb\u00f3l az ablakb\u00f3l, amely a t\u0171z helye fel\u00e9 n\u00e9zett. \u00cdgy a falu n\u00e9pe egy sz\u00edvvel \u00e9s egy l\u00e9lekkel rohant oltani. Fontos volt, mivel a telep\u00fcl\u00e9s c\u00edmer\u00e9ben is megjelen\u0151 meggy \u00e9s kal\u00e1sz voltak a helyiek l\u00e9tfenntart\u00f3 elemei. Az arat\u00e1s idej\u00e9n csal\u00e1dok meg\u00e9lhet\u00e9s\u00e9t tehette t\u00f6nkre egy t\u0171z.<br>Tal\u00e1n a toronynak, \u00e9s a b\u00e1tor figyel\u0151knek is k\u00f6sz\u00f6nhet\u0151, hogy telep\u00fcl\u00e9s\u00fcnk\u00f6n nem jegyeztek nagy t\u00fczeket.<\/p>\n\n\n\n<figure class=\"wp-block-image\"><img decoding=\"async\" src=\"https:\/\/honlap.parokia.hu\/data\/gallery\/3308\/pic_dsc01576.jpg\" alt=\"\"\/><\/figure>\n\n\n\n<figure class=\"wp-block-image\"><img decoding=\"async\" src=\"https:\/\/honlap.parokia.hu\/data\/gallery\/3308\/pic_dsc01575.jpg\" alt=\"\"\/><\/figure>\n\n\n\n<p>&nbsp;T\u00e1jk\u00e9p a toronyb\u00f3l. A baloldali k\u00e9pen az iskola l\u00e1that\u00f3.<\/p>\n\n\n\n<p><strong>Harmadik \u00e9rdekess\u00e9g:<br><\/strong>Az 1787-es \u00e9vvel kezd\u0151d\u0151 Halotti anyak\u00f6nyvben egy vers tal\u00e1lhat\u00f3. 1796-1803 -ig szolg\u00e1l lelkip\u00e1sztor Kar\u00e1csony G\u00e1bor temet\u00e9s\u00e9re \u00edrta egyik kedves bar\u00e1tja Cs-Komor\u00f3czy Lajos. A vers \u00edgy sz\u00f3l:<\/p>\n\n\n\n<p><strong>Kar\u00e1csony G\u00e1bor pr\u00e9dik\u00e1tor \u00farnak<\/strong>&nbsp;<\/p>\n\n\n\n<p>Istenem mely nagyon \u00e9rezteted vel\u00fcnk<br>&nbsp;&nbsp;&nbsp;&nbsp;&nbsp;&nbsp;&nbsp; Terh\u00e9t El-est\u00fcnknek, m\u00edg e testben \u00e9l\u00fcnk<br>&nbsp;&nbsp;&nbsp;&nbsp;&nbsp;&nbsp;&nbsp; \u00c1lland\u00f3 \u00f6r\u00f6m\u00f6t soha nem szeml\u00e9l\u00fcnk<br>&nbsp;&nbsp;&nbsp;&nbsp;&nbsp;&nbsp;&nbsp; Minden szempillant\u00e1s k\u00f6zeit\u0151l f\u00e9l\u00fcnk.<br>A fel kel\u0151 napnak ragyog\u00f3 sug\u00e1ra<br>&nbsp;&nbsp;&nbsp;&nbsp;&nbsp;&nbsp;&nbsp; Mely soknak \u00f6r\u00f6mmel s\u00fct fel ablak\u00e1ra<br>&nbsp;&nbsp;&nbsp;&nbsp;&nbsp;&nbsp;&nbsp; s, meddig jut az \u00c9gnek als\u00f3 abroncs\u00e1ra<br>&nbsp;&nbsp;&nbsp;&nbsp;&nbsp;&nbsp;&nbsp; M\u00e1r akkor m\u00e9sz vissza szomor\u00fa tor\u00e1ra.<br>De sokszor csak annyi Id\u0151 sincs a k\u00f6zi,<br>&nbsp;&nbsp;&nbsp;&nbsp;&nbsp;&nbsp;&nbsp;&nbsp;Meddig az \u00c9letet az Hal\u00e1l \u00fcld\u00f6zi,<br>&nbsp;&nbsp;&nbsp;&nbsp;&nbsp;&nbsp;&nbsp; Egy fert\u00e1ly \u00f6r\u00f6mre sz\u00edv\u00e9t \u00f6szt\u00f6nzi<br>&nbsp;&nbsp;&nbsp;&nbsp;&nbsp;&nbsp;&nbsp; Most ism\u00e9t hal\u00e1los Ny\u00edllal l\u00f6v\u00f6ld\u00f6zi.<br>El\u0151ttem a p\u00e9lda, zokogva n\u00e9zhetem.<br>&nbsp;&nbsp;&nbsp;&nbsp;&nbsp;&nbsp;&nbsp; S\u00edrok, mert sz\u00edvemet nem t\u00fcrt\u0151ztethetem.<br>&nbsp;&nbsp;&nbsp;&nbsp;&nbsp;&nbsp;&nbsp; Emlegetem, Soha el sem felejthetem<br>&nbsp;&nbsp;&nbsp;&nbsp;&nbsp;&nbsp;&nbsp; M\u00edg Lelkem testemben lakv\u00e1n tart \u00e9letem.<br>Utamra indulv\u00e1n egym\u00e1st\u00f3l b\u00e9k\u00e9vel<br>&nbsp;&nbsp;&nbsp;&nbsp;&nbsp;&nbsp;&nbsp; El v\u00e1l\u00e1nk, k\u00f6lcs\u00f6n\u00f6s B\u00facs\u00fa v\u00e9tel\u00e9vel,<br>&nbsp;&nbsp;&nbsp;&nbsp;&nbsp;&nbsp;&nbsp;&nbsp;S meg \u00e9rkezv\u00e9n; Sz\u00edvem nem v\u00e1rt keserv\u00e9vel<br>&nbsp;&nbsp;&nbsp;&nbsp;&nbsp;&nbsp;&nbsp; Bebor\u00edtva l\u00e1tom gy\u00e1szos fedel\u00e9vel.<br>\u00cdgy j\u00e1rtam, s \u00edgy leltem Kedves Bar\u00e1tomat<br>&nbsp;&nbsp;&nbsp;&nbsp;&nbsp;&nbsp;&nbsp; Tiszteletre m\u00e9lt\u00f3 Lelki-p\u00e1sztoromat<br>&nbsp;&nbsp;&nbsp;&nbsp;&nbsp;&nbsp;&nbsp; Minden titkaimat \u00e9rt\u0151 sorsosomat.<br>&nbsp;&nbsp;&nbsp;&nbsp;&nbsp;&nbsp;&nbsp; T\u00f6bbnyire egym\u00e1sn\u00e1l l\u00e9v\u0151 szomsz\u00e9domat.<br>De nem sz\u00f3lok Uram, mert Te cselekedted,<br>&nbsp;&nbsp;&nbsp;&nbsp;&nbsp;&nbsp;&nbsp; Meg n\u00e9mulok, rajtam e sebet Te tetted.<br>&nbsp;&nbsp;&nbsp;&nbsp;&nbsp;&nbsp;&nbsp; S\u00falytol\u00f3 vessz\u0151det, ha r\u00e1m ereszted<br>&nbsp;&nbsp;&nbsp;&nbsp;&nbsp;&nbsp;&nbsp; Megcs\u00f3kolom azzal fiadat, Szeretted.<br>Hatalmas vagy Uram, tudsz szomor\u00edtani,<br>&nbsp;&nbsp;&nbsp;&nbsp;&nbsp;&nbsp;&nbsp; De tudsz vigasztal\u00f3 Er\u0151t is ny\u00fajtani.<br>&nbsp;&nbsp;&nbsp;&nbsp;&nbsp;&nbsp;&nbsp; Irgalmasnak hagyod magadat vallani,<br>&nbsp;&nbsp;&nbsp;&nbsp;&nbsp;&nbsp;&nbsp;&nbsp;Mert ki Hozz\u00e1d ki\u00e1lt, meg szoktad hallani.<br>Halld meg teh\u00e1t most is rebeg\u0151 nyelv\u00fcnket,<br>&nbsp;&nbsp;&nbsp;&nbsp;&nbsp;&nbsp;&nbsp; Vedd f\u00fcledbe, Hozz\u00e1d ny\u00fajtom k\u00e9r\u00e9s\u00fcnket.<br>&nbsp;&nbsp;&nbsp;&nbsp;&nbsp;&nbsp;&nbsp;&nbsp;Orvosold v\u00e9letlen Sebes\u00fclt Sz\u00edv\u00fcnket,<br>&nbsp;&nbsp;&nbsp;&nbsp;&nbsp;&nbsp;&nbsp; Ne hagyd Dr\u00e1ga V\u00e9ren v\u00e1ltott Sereg\u00fcnket.<br>Legy\u00e9l \u00d6zvegy\u00e9nek irgalmas B\u00edr\u00e1ja,<br>&nbsp;&nbsp;&nbsp;&nbsp;&nbsp;&nbsp;&nbsp;&nbsp;Tal\u00e1ljon J\u00f3 Aty\u00e1t Benned kis \u00c1rv\u00e1ja,<br>&nbsp;&nbsp;&nbsp;&nbsp;&nbsp;&nbsp;&nbsp; Mert m\u00edg e F\u00f6ld lesz, mindny\u00e1junk Haz\u00e1ja,<br>&nbsp;&nbsp;&nbsp;&nbsp;&nbsp;&nbsp;&nbsp; Rem\u00e9nys\u00e9g\u00e9t ki-ki Te Benned form\u00e1lja.<\/p>\n\n\n\n<p>\u00cdrta megszomorodott Sz\u00edvvel a meghaltnak Kedves Bar\u00e1tja:<br><strong>Cs\u00e1sz\u00e1ri-Komor\u00f3czy Lajos (1803)<\/strong><\/p>\n\n\n\n<figure class=\"wp-block-image\"><img decoding=\"async\" src=\"https:\/\/honlap.parokia.hu\/data\/gallery\/3308\/pic_dsc03215.jpg\" alt=\"\"\/><\/figure>\n\n\n\n<figure class=\"wp-block-image\"><img decoding=\"async\" src=\"https:\/\/honlap.parokia.hu\/data\/gallery\/3308\/pic_dsc03212.jpg\" alt=\"\"\/><\/figure>\n\n\n\n<p><strong>Negyedik \u00e9rdekess\u00e9g<br><\/strong>A Reform\u00e1tus Templomnak 1800-ig egy harangja volt. Ez egy fa harangl\u00e1bon \u00e1llt. Val\u00f3sz\u00edn\u0171, hogy t\u0171z miatt megs\u00e9r\u00fclt a 19. sz\u00e1zad elej\u00e9n a harang, \u00e9s jav\u00edt\u00e1sra szorult. A Gy\u00fclekezet a Tasn\u00e1don lak\u00f3 L\u00e1z\u00e1r J\u00e1nos harang\u00f6nt\u0151 mestert k\u00e9rte fel a r\u00e9gi harang jav\u00edt\u00e1s\u00e1ra, \u00e9s egy \u00faj harang \u00f6nt\u00e9s\u00e9re. Az r\u00e9gi harang 142 kg \u00e9s az \u00faj 194 kg-osra siker\u00fclt, ami\u00e9rt az Egyh\u00e1z 143 Koron\u00e1t fizetett ki. A harang\u00f6nt\u0151 mester nem volt ismeretlen a K\u00e1ntorj\u00e1nosiak sz\u00e1m\u00e1ra, mivel a r\u00e9gi harangot is \u0151 \u00f6nt\u00f6tte. Az \u00e9vek sor\u00e1n m\u00e9g b\u0151v\u00fclt egy haranggal a Templom. 1836-ban a nagyobbik harangot&nbsp;Szathm\u00e1ry Antal \u00fajra\u00f6nt\u00f6tte.&nbsp;<br>Ezeket a harangokat az 1848\/49-es Forradalom \u00e9s Szabads\u00e1gharc idej\u00e9n Egyh\u00e1zk\u00f6zs\u00e9g\u00fcnk felaj\u00e1nlotta \u00e1gy\u00fa \u00f6nt\u00e9s\u00e9re.<br><strong>Ma egy nagy 1924-es harang hivogatja az Isten h\u00e1z\u00e1ba a h\u00edveket, \u00e9s egy kissebb 1891-es. Az 1924-es harangot az 1914-18 k\u00f6z\u00f6tt zajl\u00f3 els\u0151 vil\u00e1gh\u00e1bor\u00fa h\u0151sei harangjak\u00e9nt k\u00e9sz\u00fclt Szlez\u00e1k L\u00e1szl\u00f3 Budapesti harang\u00f6nt\u0151 m\u0171hely\u00e9ben a K\u00e1ntorj\u00e1nosi Reform\u00e1tus Egyh\u00e1znak. A kissebb harangot Thury J\u00e1nos \u00e9s fia \u00f6nt\u00f6tte szint\u00e9n Budapesten 1891-ben.&nbsp;Ez a&nbsp;K\u00e1ntorj\u00e1nosi -Ikl\u00f3di Reform\u00e1tus Egyh\u00e1z h\u00edveinek kegyes adom\u00e1nyaib\u00f3l k\u00e9sz\u00edtettett Isten dics\u0151s\u00e9g\u00e9re.<\/strong>&nbsp;Az Egyh\u00e1zk\u00f6zs\u00e9g anyagi helyzete akkor is rossz volt, \u00e9s a h\u00e1bor\u00fa ut\u00e1ni \u00e9vekben sz\u00e1mos probl\u00e9ma kadt. A harangok \u00e1r\u00e1b\u00f3l, m\u00e9g mind\u00edg hi\u00e1nyzott egy kissebb&nbsp;\u00f6sszeg. Az Egyh\u00e1ztan\u00e1cs a kell\u0151 mennyis\u00e9g\u0171 \u00f6sszeg megszerz\u00e9s\u00e9re egy t\u00e1ncvigadalmat rendezett az iskol\u00e1sok k\u00f6r\u00e9ben. A fels\u0151bb \u00e9veseknek 60 Korona az als\u00f3bb \u00e9veseknek 30 Korona volt a bel\u00e9p\u0151. A t\u00e1ncos vigadalomra 1921. m\u00e1rcius 15-\u00e9n ker\u00fclt sor. \u00c9rdekes, hogy a harang \u00e1r\u00e1t doll\u00e1rban rendezt\u00e9k. \u00d6sszesen a k\u00e9t harang 355 doll\u00e1rba ker\u00fclt. 1924 \u00e1prilis\u00e1ban Egyh\u00e1zunk 140 doll\u00e1r el\u0151leggel rendelte meg a harangokat.<br>&nbsp;A t\u00f6rt\u00e9nelemben csak n\u00e9h\u00e1ny \u00e9v maradt harangsz\u00f3 n\u00e9lk\u00fcl. A m\u00e1sodik vil\u00e1gh\u00e1bor\u00fa idej\u00e9n a K\u00e1ntorj\u00e1nosi harangok funkci\u00f3t v\u00e1ltottak. A harangot csak l\u00e9goltalmi riad\u00f3kor lehetett f\u00e9lre verni, a riad\u00f3 elm\u00falt\u00e1t pedig a nyugodt harangsz\u00f3 jelezte. Ezt a&nbsp;K\u00e1ntorj\u00e1nosi k\u00f6rjegyz\u0151 rendelte el 1941. \u00e1prilis 10-\u00e9n. A h\u00e1bor\u00fa v\u00e9g\u00e9ig ez a rendelet \u00e9rv\u00e9nyben volt.<\/p>\n\n\n\n<p>&nbsp;A k\u00e9pen a k\u00e9t haranag l\u00e1that\u00f3.&nbsp;&nbsp;&nbsp;&nbsp; A nagyobbik harang, mely 579 kg.<\/p>\n\n\n\n<p>&nbsp;<strong>\u00d6t\u00f6dik&nbsp;\u00e9rdekess\u00e9g:<br>A templom orgon\u00e1ja 2010-ben volt 100 \u00e9ves.<\/strong><br>Sajnos az orgona a tet\u0151szerkezet rossz \u00e1llapota miatt be\u00e1zott \u00e9s nem sz\u00f3l, m\u00e9g ma se.<br>A gy\u00fclekezet 1909-ben szerz\u0151d\u00e9st k\u00f6t\u00f6tt Rieger Ott\u00f3 Cs\u00e1sz\u00e1ri \u00e9s Kir\u00e1lyi Udvari orgonagy\u00e1rossal, akire egy 6 regiszteres orgona elk\u00e9sz\u00edt\u00e9s\u00e9t b\u00edzt\u00e1k. A gy\u00fclekezet az orgona \u00e1r\u00e1t m\u00e1r majdnem kifizette, \u00e9s ekkor kij\u00f6ttek az orgona\u00e9p\u00edt\u0151 mesterek megn\u00e9zni a templomot, akik meg\u00e1llap\u00edtott\u00e1k, hogy egy ilyen nagy templomba nem elegend\u0151 egy 6 regiszteres orgona. Felaj\u00e1nlott\u00e1k, hogy egy 12 regiszteres orgon\u00e1t \u00e9p\u00edtenek, amihez egy \u00faj karzatot is felemelnek a templom \u00e9szaki r\u00e9sz\u00e9ben. Term\u00e9szetesen \u00edgy az orgona \u00e1ra is megk\u00e9tszerez\u0151dik. 1909. szeptember 12-\u00e9n a presbit\u00e9rium n\u00e9vszerinti szavaz\u00e1s keret\u00e9ben, nagy t\u00f6bbs\u00e9ggel elfogadta az aj\u00e1nlatot. \u00cdgy a templom egyik \u00e9kess\u00e9ge a &#8222;hangszerek kir\u00e1lyn\u0151je&#8221; elfoglalta hely\u00e9t az Isten h\u00e1z\u00e1ban. Az orgona akkor 5560 Koron\u00e1ba ker\u00fclt, de a gy\u00f6ny\u00f6r\u0171 hangja k\u00e1rp\u00f3t\u00f3lta a gy\u00fclekezetet a kiad\u00e1sok\u00e9rt. Az orgon\u00e1n ma is az eredeti fest\u00e9s l\u00e1that\u00f3, nem lett \u00e1tfestve, ami ritkas\u00e1g.<br>Az orgona hangk\u00e9pe a k\u00f6vetkez\u0151:<br><strong>I Manu\u00e1l C-f3 (50 hang)<br>Princip\u00e1l 8&#8242;<br>Bourdon 16&#8242;<br>Gamba 8&#8242;<br>Flute harmonique 8&#8242;<br>Salicional 8&#8242;<br>F\u00f6d\u00f6tt 8&#8242;<br>Octava 4&#8242;<br>Fuvola 4&#8242;<br>Piccolo 2&#8242;<br>Mixtura 4 sz.<br>Ped\u00e1l C-d1<br>Cello 8&#8242;<br>Subbas 16&#8242;<br>Az orgona \u00edgy 1 Manu\u00e1los 12 regiszteres. J\u00e1tsz\u00f3technika szempontj\u00e1b\u00f3l kiseg\u00edt\u0151-kapcsol\u00f3kkal van ell\u00e1tva, mint Ped\u00e1lkopula \u00e9s Okt\u00e1vkopula. Illetve hanger\u0151szab\u00e1lyz\u00f3 regiszterek mint Piano, Mezzoforte, Forte \u00e9s ezeknek a Kiv\u00e1lt\u00f3 regisztere.<br>Az orgon\u00e1nak \u00f6sszesen 648 s\u00edpja van, \u00e9s ebben benne vannak a homlokzati F\u0151m\u0171 s\u00edpjai is.<\/strong><\/p>\n\n\n\n<figure class=\"wp-block-image\"><img decoding=\"async\" src=\"https:\/\/honlap.parokia.hu\/data\/gallery\/3308\/pic_dsc02644-masolata.jpg\" alt=\"\"\/><\/figure>\n\n\n\n<figure class=\"wp-block-image\"><img decoding=\"async\" src=\"https:\/\/honlap.parokia.hu\/data\/gallery\/3308\/pic_dsc01543.jpg\" alt=\"\"\/><\/figure>\n\n\n\n<figure class=\"wp-block-image\"><img decoding=\"async\" src=\"https:\/\/honlap.parokia.hu\/data\/gallery\/3308\/pic_dsc02461.jpg\" alt=\"\"\/><\/figure>\n\n\n\n<p><strong>Hatodik&nbsp;\u00e9rdekess\u00e9g:<\/strong><br>A K\u00e1ntorj\u00e1nosi templom \u00f3r\u00e1j\u00e1t 1887-ben Czipt J\u00f3zsef \u00f3r\u00e1smester \u00e9p\u00edtette. A r\u00e9gi \u00f3ram\u0171szerkezet a mai napig megtekinthet\u0151 a toronyban. Ma m\u00e1r modern szerkezet m\u0171k\u00f6dteti az \u00f3r\u00e1t. Meg kell jegyezni, hogy m\u0171k\u00f6d\u0151k\u00e9pes a r\u00e9gi \u00f3ram\u0171szerkezet is.&nbsp;<br>&nbsp;A jelenlegi torony\u00f3ra sz\u00e1mlapj\u00e1n r\u00f3mai sz\u00e1mokat tal\u00e1lunk. R\u00e9gen ez arab sz\u00e1mos volt, ami m\u00e9g ma is megvan. A sz\u00e1mlapcsere nagy munka volt. A toronysipka (26 m\u00e9ter magas)&nbsp;mell\u0151l engedt\u00e9k le k\u00f6t\u00e9len az \u00faj sz\u00e1mlapot a b\u00e1tor emberek.<\/p>\n\n\n\n<p>Forr\u00e1s:<br>&#8211; Presbiteri jegyz\u0151k\u00f6nyv 1909. szeptember 12.<br>&#8211; Harang ad\u00e1sv\u00e9teli szerz\u0151d\u00e9s 1801.<br>&#8211; 1787-es \u00e9vvel kezd\u0151d\u0151 Halotti anyak\u00f6nyv<br>&#8211; K\u00f6rjegyz\u0151i rendelet 1382\/1941. sz\u00e1m<\/p>\n","protected":false},"excerpt":{"rendered":"<p>Ez a lap, azokat a t\u00f6rt\u00e9neteket tartalmazza, mely a K\u00e1ntorj\u00e1nosi Reform\u00e1tus Egyh\u00e1zat, \u00e9s a templomot \u00e9rintik. Els\u0151 \u00e9rdekess\u00e9g:A templom b\u0151v\u00edt\u00e9sekor nem volt el\u00e9g a sok dolgos k\u00e9z, de p\u00e9nzre is nagy sz\u00fcks\u00e9g volt. A kor\u00e1bbi \u00e9p\u00edt\u00e9skor m\u00e1r bebizonyosodott, hogy a [&hellip;]<\/p>\n","protected":false},"author":1,"featured_media":0,"parent":0,"menu_order":0,"comment_status":"closed","ping_status":"closed","template":"","meta":{"footnotes":""},"_links":{"self":[{"href":"https:\/\/kantorjanosi.reformatus.hu\/gyulekezet\/wp-json\/wp\/v2\/pages\/196"}],"collection":[{"href":"https:\/\/kantorjanosi.reformatus.hu\/gyulekezet\/wp-json\/wp\/v2\/pages"}],"about":[{"href":"https:\/\/kantorjanosi.reformatus.hu\/gyulekezet\/wp-json\/wp\/v2\/types\/page"}],"author":[{"embeddable":true,"href":"https:\/\/kantorjanosi.reformatus.hu\/gyulekezet\/wp-json\/wp\/v2\/users\/1"}],"replies":[{"embeddable":true,"href":"https:\/\/kantorjanosi.reformatus.hu\/gyulekezet\/wp-json\/wp\/v2\/comments?post=196"}],"version-history":[{"count":1,"href":"https:\/\/kantorjanosi.reformatus.hu\/gyulekezet\/wp-json\/wp\/v2\/pages\/196\/revisions"}],"predecessor-version":[{"id":197,"href":"https:\/\/kantorjanosi.reformatus.hu\/gyulekezet\/wp-json\/wp\/v2\/pages\/196\/revisions\/197"}],"wp:attachment":[{"href":"https:\/\/kantorjanosi.reformatus.hu\/gyulekezet\/wp-json\/wp\/v2\/media?parent=196"}],"curies":[{"name":"wp","href":"https:\/\/api.w.org\/{rel}","templated":true}]}}