{"id":188,"date":"2019-11-25T23:12:52","date_gmt":"2019-11-25T23:12:52","guid":{"rendered":"https:\/\/kantorjanosi.reformatus.hu\/gyulekezet\/?page_id=188"},"modified":"2021-04-03T18:05:32","modified_gmt":"2021-04-03T18:05:32","slug":"2019-2","status":"publish","type":"page","link":"https:\/\/kantorjanosi.reformatus.hu\/gyulekezet\/2019-2\/","title":{"rendered":"2019"},"content":{"rendered":"\n<p>2019. \u00e1prilis 14-\u00e9n, vir\u00e1gvas\u00e1rnap tartottuk meg a ifj\u00fa testv\u00e9rek Konfirm\u00e1ci\u00f3s vizsg\u00e1j\u00e1t, \u00e9s fogadalomt\u00e9tel\u00e9t. A k\u00e1ntorj\u00e1nosi \u00e9s hod\u00e1szi gyermekek k\u00f6z\u00f6sen konfirm\u00e1ltak a Hod\u00e1szi Reform\u00e1tus Templomban, mivel m\u00e9g K\u00e1ntorj\u00e1nosiban a templomfel\u00faj\u00edt\u00e1s nem val\u00f3sult meg.<\/p>\n\n\n\n<p>25 gyermek tett vizsg\u00e1t \u00e9s fogadalmat, ebb\u0151l 12 K\u00e1ntorj\u00e1nosi konfirmandus volt.<\/p>\n\n\n\n<figure class=\"wp-block-image is-resized\"><img loading=\"lazy\" decoding=\"async\" src=\"https:\/\/honlap.parokia.hu\/data\/gallery\/4477\/pic_szf0632.jpg\" alt=\"\" width=\"735\" height=\"413\"\/><\/figure>\n\n\n\n<figure class=\"wp-block-gallery columns-3 is-cropped wp-block-gallery-1 is-layout-flex wp-block-gallery-is-layout-flex\"><ul class=\"blocks-gallery-grid\"><li class=\"blocks-gallery-item\"><figure><a href=\"https:\/\/kantorjanosi.reformatus.hu\/gyulekezet\/wp-content\/uploads\/sites\/3\/2021\/04\/SZF0011.jpg\" data-lbwps-width=\"640\" data-lbwps-height=\"427\" data-lbwps-srcsmall=\"https:\/\/kantorjanosi.reformatus.hu\/gyulekezet\/wp-content\/uploads\/sites\/3\/2021\/04\/SZF0011-300x200.jpg\"><img loading=\"lazy\" decoding=\"async\" width=\"640\" height=\"427\" src=\"https:\/\/kantorjanosi.reformatus.hu\/gyulekezet\/wp-content\/uploads\/sites\/3\/2021\/04\/SZF0011.jpg\" alt=\"\" data-id=\"710\" data-full-url=\"https:\/\/kantorjanosi.reformatus.hu\/gyulekezet\/wp-content\/uploads\/sites\/3\/2021\/04\/SZF0011.jpg\" data-link=\"https:\/\/kantorjanosi.reformatus.hu\/gyulekezet\/2019-2\/szf0011\/\" class=\"wp-image-710\" srcset=\"https:\/\/kantorjanosi.reformatus.hu\/gyulekezet\/wp-content\/uploads\/sites\/3\/2021\/04\/SZF0011.jpg 640w, https:\/\/kantorjanosi.reformatus.hu\/gyulekezet\/wp-content\/uploads\/sites\/3\/2021\/04\/SZF0011-300x200.jpg 300w\" sizes=\"(max-width: 640px) 100vw, 640px\" \/><\/a><\/figure><\/li><li class=\"blocks-gallery-item\"><figure><a href=\"https:\/\/kantorjanosi.reformatus.hu\/gyulekezet\/wp-content\/uploads\/sites\/3\/2021\/04\/SZF0115.jpg\" data-lbwps-width=\"640\" data-lbwps-height=\"427\" data-lbwps-srcsmall=\"https:\/\/kantorjanosi.reformatus.hu\/gyulekezet\/wp-content\/uploads\/sites\/3\/2021\/04\/SZF0115-300x200.jpg\"><img loading=\"lazy\" decoding=\"async\" width=\"640\" height=\"427\" src=\"https:\/\/kantorjanosi.reformatus.hu\/gyulekezet\/wp-content\/uploads\/sites\/3\/2021\/04\/SZF0115.jpg\" alt=\"\" data-id=\"711\" data-full-url=\"https:\/\/kantorjanosi.reformatus.hu\/gyulekezet\/wp-content\/uploads\/sites\/3\/2021\/04\/SZF0115.jpg\" data-link=\"https:\/\/kantorjanosi.reformatus.hu\/gyulekezet\/2019-2\/szf0115\/\" class=\"wp-image-711\" srcset=\"https:\/\/kantorjanosi.reformatus.hu\/gyulekezet\/wp-content\/uploads\/sites\/3\/2021\/04\/SZF0115.jpg 640w, https:\/\/kantorjanosi.reformatus.hu\/gyulekezet\/wp-content\/uploads\/sites\/3\/2021\/04\/SZF0115-300x200.jpg 300w\" sizes=\"(max-width: 640px) 100vw, 640px\" \/><\/a><\/figure><\/li><li class=\"blocks-gallery-item\"><figure><a href=\"https:\/\/kantorjanosi.reformatus.hu\/gyulekezet\/wp-content\/uploads\/sites\/3\/2021\/04\/SZF0200.jpg\" data-lbwps-width=\"640\" data-lbwps-height=\"427\" data-lbwps-srcsmall=\"https:\/\/kantorjanosi.reformatus.hu\/gyulekezet\/wp-content\/uploads\/sites\/3\/2021\/04\/SZF0200-300x200.jpg\"><img loading=\"lazy\" decoding=\"async\" width=\"640\" height=\"427\" src=\"https:\/\/kantorjanosi.reformatus.hu\/gyulekezet\/wp-content\/uploads\/sites\/3\/2021\/04\/SZF0200.jpg\" alt=\"\" data-id=\"712\" data-full-url=\"https:\/\/kantorjanosi.reformatus.hu\/gyulekezet\/wp-content\/uploads\/sites\/3\/2021\/04\/SZF0200.jpg\" data-link=\"https:\/\/kantorjanosi.reformatus.hu\/gyulekezet\/2019-2\/szf0200\/\" class=\"wp-image-712\" srcset=\"https:\/\/kantorjanosi.reformatus.hu\/gyulekezet\/wp-content\/uploads\/sites\/3\/2021\/04\/SZF0200.jpg 640w, https:\/\/kantorjanosi.reformatus.hu\/gyulekezet\/wp-content\/uploads\/sites\/3\/2021\/04\/SZF0200-300x200.jpg 300w\" sizes=\"(max-width: 640px) 100vw, 640px\" \/><\/a><\/figure><\/li><li class=\"blocks-gallery-item\"><figure><a href=\"https:\/\/kantorjanosi.reformatus.hu\/gyulekezet\/wp-content\/uploads\/sites\/3\/2021\/04\/SZF0214.jpg\" data-lbwps-width=\"640\" data-lbwps-height=\"427\" data-lbwps-srcsmall=\"https:\/\/kantorjanosi.reformatus.hu\/gyulekezet\/wp-content\/uploads\/sites\/3\/2021\/04\/SZF0214-300x200.jpg\"><img loading=\"lazy\" decoding=\"async\" width=\"640\" height=\"427\" src=\"https:\/\/kantorjanosi.reformatus.hu\/gyulekezet\/wp-content\/uploads\/sites\/3\/2021\/04\/SZF0214.jpg\" alt=\"\" data-id=\"713\" data-full-url=\"https:\/\/kantorjanosi.reformatus.hu\/gyulekezet\/wp-content\/uploads\/sites\/3\/2021\/04\/SZF0214.jpg\" data-link=\"https:\/\/kantorjanosi.reformatus.hu\/gyulekezet\/2019-2\/szf0214\/\" class=\"wp-image-713\" srcset=\"https:\/\/kantorjanosi.reformatus.hu\/gyulekezet\/wp-content\/uploads\/sites\/3\/2021\/04\/SZF0214.jpg 640w, https:\/\/kantorjanosi.reformatus.hu\/gyulekezet\/wp-content\/uploads\/sites\/3\/2021\/04\/SZF0214-300x200.jpg 300w\" sizes=\"(max-width: 640px) 100vw, 640px\" \/><\/a><\/figure><\/li><li class=\"blocks-gallery-item\"><figure><a href=\"https:\/\/kantorjanosi.reformatus.hu\/gyulekezet\/wp-content\/uploads\/sites\/3\/2021\/04\/SZF0220.jpg\" data-lbwps-width=\"640\" data-lbwps-height=\"360\" data-lbwps-srcsmall=\"https:\/\/kantorjanosi.reformatus.hu\/gyulekezet\/wp-content\/uploads\/sites\/3\/2021\/04\/SZF0220-300x169.jpg\"><img loading=\"lazy\" decoding=\"async\" width=\"640\" height=\"360\" src=\"https:\/\/kantorjanosi.reformatus.hu\/gyulekezet\/wp-content\/uploads\/sites\/3\/2021\/04\/SZF0220.jpg\" alt=\"\" data-id=\"714\" data-full-url=\"https:\/\/kantorjanosi.reformatus.hu\/gyulekezet\/wp-content\/uploads\/sites\/3\/2021\/04\/SZF0220.jpg\" data-link=\"https:\/\/kantorjanosi.reformatus.hu\/gyulekezet\/2019-2\/szf0220\/\" class=\"wp-image-714\" srcset=\"https:\/\/kantorjanosi.reformatus.hu\/gyulekezet\/wp-content\/uploads\/sites\/3\/2021\/04\/SZF0220.jpg 640w, https:\/\/kantorjanosi.reformatus.hu\/gyulekezet\/wp-content\/uploads\/sites\/3\/2021\/04\/SZF0220-300x169.jpg 300w\" sizes=\"(max-width: 640px) 100vw, 640px\" \/><\/a><\/figure><\/li><li class=\"blocks-gallery-item\"><figure><a href=\"https:\/\/kantorjanosi.reformatus.hu\/gyulekezet\/wp-content\/uploads\/sites\/3\/2021\/04\/SZF0632.jpg\" data-lbwps-width=\"640\" data-lbwps-height=\"360\" data-lbwps-srcsmall=\"https:\/\/kantorjanosi.reformatus.hu\/gyulekezet\/wp-content\/uploads\/sites\/3\/2021\/04\/SZF0632-300x169.jpg\"><img loading=\"lazy\" decoding=\"async\" width=\"640\" height=\"360\" src=\"https:\/\/kantorjanosi.reformatus.hu\/gyulekezet\/wp-content\/uploads\/sites\/3\/2021\/04\/SZF0632.jpg\" alt=\"\" data-id=\"715\" data-full-url=\"https:\/\/kantorjanosi.reformatus.hu\/gyulekezet\/wp-content\/uploads\/sites\/3\/2021\/04\/SZF0632.jpg\" data-link=\"https:\/\/kantorjanosi.reformatus.hu\/gyulekezet\/2019-2\/szf0632\/\" class=\"wp-image-715\" srcset=\"https:\/\/kantorjanosi.reformatus.hu\/gyulekezet\/wp-content\/uploads\/sites\/3\/2021\/04\/SZF0632.jpg 640w, https:\/\/kantorjanosi.reformatus.hu\/gyulekezet\/wp-content\/uploads\/sites\/3\/2021\/04\/SZF0632-300x169.jpg 300w\" sizes=\"(max-width: 640px) 100vw, 640px\" \/><\/a><\/figure><\/li><\/ul><\/figure>\n","protected":false},"excerpt":{"rendered":"<p>2019. \u00e1prilis 14-\u00e9n, vir\u00e1gvas\u00e1rnap tartottuk meg a ifj\u00fa testv\u00e9rek Konfirm\u00e1ci\u00f3s vizsg\u00e1j\u00e1t, \u00e9s fogadalomt\u00e9tel\u00e9t. A k\u00e1ntorj\u00e1nosi \u00e9s hod\u00e1szi gyermekek k\u00f6z\u00f6sen konfirm\u00e1ltak a Hod\u00e1szi Reform\u00e1tus Templomban, mivel m\u00e9g K\u00e1ntorj\u00e1nosiban a templomfel\u00faj\u00edt\u00e1s nem val\u00f3sult meg. 25 gyermek tett vizsg\u00e1t \u00e9s fogadalmat, ebb\u0151l 12 [&hellip;]<\/p>\n","protected":false},"author":1,"featured_media":0,"parent":0,"menu_order":0,"comment_status":"closed","ping_status":"closed","template":"","meta":{"footnotes":""},"_links":{"self":[{"href":"https:\/\/kantorjanosi.reformatus.hu\/gyulekezet\/wp-json\/wp\/v2\/pages\/188"}],"collection":[{"href":"https:\/\/kantorjanosi.reformatus.hu\/gyulekezet\/wp-json\/wp\/v2\/pages"}],"about":[{"href":"https:\/\/kantorjanosi.reformatus.hu\/gyulekezet\/wp-json\/wp\/v2\/types\/page"}],"author":[{"embeddable":true,"href":"https:\/\/kantorjanosi.reformatus.hu\/gyulekezet\/wp-json\/wp\/v2\/users\/1"}],"replies":[{"embeddable":true,"href":"https:\/\/kantorjanosi.reformatus.hu\/gyulekezet\/wp-json\/wp\/v2\/comments?post=188"}],"version-history":[{"count":5,"href":"https:\/\/kantorjanosi.reformatus.hu\/gyulekezet\/wp-json\/wp\/v2\/pages\/188\/revisions"}],"predecessor-version":[{"id":717,"href":"https:\/\/kantorjanosi.reformatus.hu\/gyulekezet\/wp-json\/wp\/v2\/pages\/188\/revisions\/717"}],"wp:attachment":[{"href":"https:\/\/kantorjanosi.reformatus.hu\/gyulekezet\/wp-json\/wp\/v2\/media?parent=188"}],"curies":[{"name":"wp","href":"https:\/\/api.w.org\/{rel}","templated":true}]}}