{"id":186,"date":"2019-11-25T23:12:33","date_gmt":"2019-11-25T23:12:33","guid":{"rendered":"https:\/\/kantorjanosi.reformatus.hu\/gyulekezet\/?page_id=186"},"modified":"2019-11-25T23:12:33","modified_gmt":"2019-11-25T23:12:33","slug":"2015-2","status":"publish","type":"page","link":"https:\/\/kantorjanosi.reformatus.hu\/gyulekezet\/2015-2\/","title":{"rendered":"2015"},"content":{"rendered":"\n<p>2015. m\u00e1jus 17-\u00e9n gy\u00fclekezet\u00fcnkben 13 fiatal tett konfirm\u00e1ci\u00f3i vizsg\u00e1t, \u00e9s 2 feln\u0151tt tett konfirm\u00e1ci\u00f3i fogadalmat.<\/p>\n\n\n\n<p>A 13 fiatalb\u00f3l 4 fi\u00fa: Doka M\u00e1t\u00e9, J\u00f3ni Levente, Kiss Andr\u00e1s, Kov\u00e1cs Attila<\/p>\n\n\n\n<p>\u00e9s 9 l\u00e1ny: Bodn\u00e1r Vivien, Dan\u00f3 Vikt\u00f3ria, Ferencz Dominika, G\u00e1l Veronika, Kerecseny Petra, N\u00e9meth Merc\u00e9desz, P\u00e1lyi Al\u00edz, Sz\u00e1va Vikt\u00f3ria, \u00dajhelyi No\u00e9mi<\/p>\n\n\n\n<p>kapott feljogos\u00edt\u00e1st az \u00farvacsorai k\u00f6z\u00f6ss\u00e9g meg\u00e9l\u00e9sre.<\/p>\n\n\n\n<p>Tov\u00e1bb\u00e1: Dok\u00e1n\u00e9 S\u00f3kovits Judit \u00e9s J\u00f3nin\u00e9 Bodn\u00e1r Kinga<\/p>\n\n\n\n<p>Isten \u00e1ld\u00e1sa legyen mindanyiuk \u00e9let\u00e9n.<\/p>\n\n\n\n<figure class=\"wp-block-image\"><img decoding=\"async\" src=\"https:\/\/honlap.parokia.hu\/data\/gallery\/3791\/pic_dsc6080.jpg\" alt=\"\"\/><\/figure>\n\n\n\n<figure class=\"wp-block-image\"><img decoding=\"async\" src=\"https:\/\/honlap.parokia.hu\/data\/gallery\/3791\/pic_dsc6422.jpg\" alt=\"\"\/><\/figure>\n","protected":false},"excerpt":{"rendered":"<p>2015. m\u00e1jus 17-\u00e9n gy\u00fclekezet\u00fcnkben 13 fiatal tett konfirm\u00e1ci\u00f3i vizsg\u00e1t, \u00e9s 2 feln\u0151tt tett konfirm\u00e1ci\u00f3i fogadalmat. A 13 fiatalb\u00f3l 4 fi\u00fa: Doka M\u00e1t\u00e9, J\u00f3ni Levente, Kiss Andr\u00e1s, Kov\u00e1cs Attila \u00e9s 9 l\u00e1ny: Bodn\u00e1r Vivien, Dan\u00f3 Vikt\u00f3ria, Ferencz Dominika, G\u00e1l Veronika, Kerecseny [&hellip;]<\/p>\n","protected":false},"author":1,"featured_media":0,"parent":0,"menu_order":0,"comment_status":"closed","ping_status":"closed","template":"","meta":{"footnotes":""},"_links":{"self":[{"href":"https:\/\/kantorjanosi.reformatus.hu\/gyulekezet\/wp-json\/wp\/v2\/pages\/186"}],"collection":[{"href":"https:\/\/kantorjanosi.reformatus.hu\/gyulekezet\/wp-json\/wp\/v2\/pages"}],"about":[{"href":"https:\/\/kantorjanosi.reformatus.hu\/gyulekezet\/wp-json\/wp\/v2\/types\/page"}],"author":[{"embeddable":true,"href":"https:\/\/kantorjanosi.reformatus.hu\/gyulekezet\/wp-json\/wp\/v2\/users\/1"}],"replies":[{"embeddable":true,"href":"https:\/\/kantorjanosi.reformatus.hu\/gyulekezet\/wp-json\/wp\/v2\/comments?post=186"}],"version-history":[{"count":1,"href":"https:\/\/kantorjanosi.reformatus.hu\/gyulekezet\/wp-json\/wp\/v2\/pages\/186\/revisions"}],"predecessor-version":[{"id":187,"href":"https:\/\/kantorjanosi.reformatus.hu\/gyulekezet\/wp-json\/wp\/v2\/pages\/186\/revisions\/187"}],"wp:attachment":[{"href":"https:\/\/kantorjanosi.reformatus.hu\/gyulekezet\/wp-json\/wp\/v2\/media?parent=186"}],"curies":[{"name":"wp","href":"https:\/\/api.w.org\/{rel}","templated":true}]}}