{"id":184,"date":"2019-11-25T23:12:05","date_gmt":"2019-11-25T23:12:05","guid":{"rendered":"https:\/\/kantorjanosi.reformatus.hu\/gyulekezet\/?page_id=184"},"modified":"2019-11-25T23:12:05","modified_gmt":"2019-11-25T23:12:05","slug":"2015-09-02-05","status":"publish","type":"page","link":"https:\/\/kantorjanosi.reformatus.hu\/gyulekezet\/2015-09-02-05\/","title":{"rendered":"2015.09.02-05."},"content":{"rendered":"\n<p>2015. szeptember 02-\u00e1n, szerda este 18 \u00f3rakor vette kezdet\u00e9t gy\u00fclekezet\u00fcnkben a jubileumi konfirmandus tal\u00e1lkoz\u00f3t el\u0151k\u00e9sz\u00edt\u0151 evangeliz\u00e1ci\u00f3:<br><strong>Az els\u0151 este:<\/strong><br><strong>Dr. Kov\u00e1cs K\u00e1lm\u00e1n, baktal\u00f3r\u00e1nth\u00e1zai lelk\u00e9sz v\u00e9gzett k\u00f6z\u00f6tt\u00fcnk szolg\u00e1latot.<\/strong><br>Nagytisztelet\u0171 \u00dar Az elveszett juh p\u00e9ld\u00e1zat\u00e1r\u00f3l besz\u00e9lt, Luk\u00e1cs 15, 1-7alapj\u00e1n hirdette Isten Ig\u00e9j\u00e9t.<br>A bevezet\u0151 gondolatok k\u00f6z\u00f6tt elmondta: akinek a templomban, az Isten mellett kell lennie, az itt van. \u00d6rvendez\u00e9s j\u00e1rta \u00e1t a sz\u00edv\u00fcnket, mert, ahogy k\u00f6rben\u00e9zt\u00fcnk l\u00e1ttunk kisiskol\u00e1sokat, egyetemist\u00e1t, munk\u00e1b\u00f3l hazat\u00e9r\u0151 any\u00e1kat \u00e9s ap\u00e1kat, nagysz\u00fcl\u0151ket. Az Igei szolg\u00e1lat r\u00e1vil\u00e1g\u00edtott arra, hogy a P\u00e1sztor sz\u00e1m\u00e1ra nem csup\u00e1n az egy elveszett b\u00e1r\u00e1ny a fontos, hanem a megl\u00e9v\u0151 99 \u00e9ppoly kedves: \u00f6rvendezik neki. Az Ige t\u00fckr\u00e9ben \u00f6nmagunkat l\u00e1ttuk: sz\u00fcks\u00e9g\u00fcnk van egym\u00e1sra a P\u00e1sztor k\u00f6zel\u00e9ben.<br>A szolg\u00e1lat v\u00e9g\u00e9n felismerhett\u00fck az egy Igaz B\u00e1r\u00e1ny, az Istennek B\u00e1r\u00e1ny\u00e1nak \u00e9let\u00fcnk sz\u00e1m\u00e1ra n\u00e9lk\u00fcl\u00f6n\u00f6zhetetlen volt\u00e1t, aki \u00e1ltal van \u00e9let\u00fcnk.<br>Sokat \u00e9nekelt\u00fcnk: Ismert \u00e9s kev\u00e9sb\u00e9 ismert \u00e9nekek ker\u00fcltek el\u00e9nk, melyek nem csup\u00e1n gy\u00f6ny\u00f6rk\u00f6dtettek minket, hanem im\u00e1ds\u00e1gos gondolkod\u00e1sra is sarkaltak, pl.: 215. dics\u00e9ret. A gyermekek szolg\u00e1lat\u00e1val, git\u00e1r k\u00eds\u00e9rettel k\u00f6z\u00f6sen \u00e9nekelt\u00fck: Halld egy b\u00e1r\u00e1nyt ismerek..kezdet\u0171 gyermek\u00e9neket.<br>\u00c1ldott alkalom volt ez az este!<br><br><br><br><strong>2015. szeptember 3. cs\u00fct\u00f6rt\u00f6k: hitm\u00e9ly\u00edt\u0151 est\u00e9ink m\u00e1sodik alkalma volt&nbsp;<\/strong>18 \u00f3rai kezdettel a Reform\u00e1tus Templomban. Ezen az est\u00e9n nagytisztelet\u0171&nbsp;<strong>Horv\u00e1th Gy\u00f6rgy nagyk\u00e1ll\u00f3i lelkip\u00e1sztor hirdette Isten Ig\u00e9j\u00e9t&nbsp;<\/strong>a Luk\u00e1cs 15, 11-32 alapj\u00e1n.<br><br>Az igehirdet\u00e9s a T\u00e9kozl\u00f3 fi\u00fa-r\u00f3l azzal a csod\u00e1latos gondolattal kezd\u0151d\u00f6tt: evang\u00e9lium az evang\u00e9liumban, hiszen benne van az eg\u00e9sz megv\u00e1lt\u00e1s, benne van az ember Istennel \u00e9s egym\u00e1ssal val\u00f3 kapcsolata: az emberi \u00e9let titka.<br>Nagytisztelet\u0171 \u00dar szolg\u00e1lata azt a k\u00e9rd\u00e9st igyekezett els\u0151 renden megv\u00e1laszolni: Mi\u00e9rt teljes\u00edtette az apa a fi\u00fa k\u00e9r\u00e9s\u00e9t, mik\u00f6zben ezzel lehet\u0151v\u00e9 tette, hogy elt\u00e9kozolja a vagyont? A v\u00e1lasz nagyon egyszer\u0171: mert tisztelte fia szabad akarat\u00e1t. Nagy dolog a szabads\u00e1g! Minden ember maga akarja alak\u00edtani a sors\u00e1t, mindny\u00e1jan ragaszkodunk a szabads\u00e1ghoz. A p\u00e9ld\u00e1zatbeli fi\u00fa is v\u00e1gyott r\u00e1. M\u00e9g apja mellett volt mikor elkezdett t\u00e1volodni: lelkileg, s tal\u00e1n ez rosszabb mint a fizikai t\u00e1volod\u00e1s. Egyszerre ellens\u00e9g\u00e9v\u00e9 v\u00e1lt minden. Lelki elt\u00e1volod\u00e1s szenved\u00e9lybetegs\u00e9g: pl. hajsza a p\u00e9nz ut\u00e1n, a hatalomv\u00e1gy, dics\u0151s\u00e9gv\u00e1gy, \u00e9rz\u00e9kis\u00e9g, ev\u00e9s-iv\u00e1s.<br>Egy id\u0151 ut\u00e1n r\u00e1d\u00f6bben a fi\u00fa: Nyugtalan a sz\u00edvem, am\u00edg nem tal\u00e1lok vissza aty\u00e1m hajl\u00e9k\u00e1ba. Mi is elhagyhatjuk otthonunkat: Istent\u0151l, J\u00e9zus Krisztust\u00f3l el lehet t\u00e1volodni, de nyugtalan a sz\u00edv, am\u00edg nem tal\u00e1l vissza a Mennyei Atya hajl\u00e9k\u00e1ba. J\u00e9zus k\u00e9sz visszafogadni.<br>A t\u00e9kozl\u00f3 fi\u00fa csak mag\u00e1ra gondolt: \u00fatja a hal\u00e1lba vezethetett volna, j\u00f3 hogy elfogyott a p\u00e9nze.<br><br>Isten hogyan \u00e1ll\u00edtja helyre az \u00e9let\u00e9t?<br>\u00dagy, hogy nem s\u00e9rti meg a fiatal szabads\u00e1g\u00e1t: senkit nem lehet k\u00e9nyszer\u00edteni arra, hogy szeresse Krisztust. A lelkiismeretet, nem a k\u00e9nyszer \u00e9breszti fel, hanem a szabads\u00e1g. Isten \u00fagy int\u00e9zi: magam j\u00f6jjek r\u00e1 a t\u00e9ved\u00e9semre. A fi\u00fa is r\u00e1j\u00f6tt&#8230;<br>Nincs viharos \u00edt\u00e9lkez\u00e9s, amikor a fi\u00fa hazat\u00e9r, csak atyai \u00f6lel\u00e9s: MINDEN EMBER HAZAT\u00c9RHET, visszat\u00e9rhet a Mennyei Aty\u00e1hoz.<br><br>Holnap este: szeptember 4-\u00e9n, p\u00e9nteken itt folytat\u00f3dik a T\u00e9kozl\u00f3 fi\u00fa t\u00f6rt\u00e9net\u00e9nek magyar\u00e1zata, szint\u00e9n Horv\u00e1th Gy\u00f6rgy hirdeti az Ig\u00e9t<br>Alkalmaink elmaradhatatlan r\u00e9sz\u00e9t k\u00e9pezi az \u00e9nektanul\u00e1s: k\u00e9t sz\u00e9p \u00e9neket tanultunk: Velem v\u00e1ndorol utamon J\u00e9zus&#8230;, Ott a messze f\u00f6ld\u00f6n&#8230;kezdet\u0171 \u00e9nekeket. Mis\u00e1k Andr\u00e1sn\u00e9 gy\u00fclekezeti tagunk verses bizonys\u00e1gt\u00e9tel\u00e9vel z\u00e1rult Istentisztelet\u00fcnk: Luk\u00e1tsi Vilma: Istennek adott heged\u0171 c\u00edm\u0171 vers\u00e9t szavalta.<br>H\u00e1la az \u00darnak a mai est\u00e9\u00e9rt is!<br><br><strong>2015. szeptember 4. p\u00e9ntek: hitm\u00e9ly\u00edt\u0151 est\u00e9ink harmadik alkalma volt&nbsp;<\/strong>18 \u00f3rai kezdettel a Reform\u00e1tus Templomban.&nbsp;<strong>Ezen az est\u00e9n is nagytisztelet\u0171 Horv\u00e1th Gy\u00f6rgy nagyk\u00e1ll\u00f3i lelkip\u00e1sztor hirdette Isten Ig\u00e9j\u00e9t<\/strong>&nbsp;a Luk\u00e1cs 15, 11-32 alapj\u00e1n. Az igehirdet\u00e9s a T\u00e9kozl\u00f3 fi\u00far\u00f3l, annak megt\u00e9r\u00e9s\u00e9r\u0151l sz\u00f3lt. Elhangzott, hogy ez egy nagyon r\u00e9gi t\u00f6rt\u00e9net, m\u00e9gis ma is aktu\u00e1lis, mert \u00fajra \u00e9s \u00fajra megt\u00f6rt\u00e9nik. Kibontakozik benne a k\u00e9t testv\u00e9r egym\u00e1shoz val\u00f3 viszonya, a testv\u00e9ri kapcsolat, a k\u00e9t gyermek atyjukhoz val\u00f3 kapcsolata, hogyan tal\u00e1lta meg az egyik a megt\u00e9r\u00e9s \u00fatj\u00e1t \u00e9s hogyan kem\u00e9nyedett meg a m\u00e1sik.<br>Lk.15,17: &#8222;Ekkor mag\u00e1ba sz\u00e1llt&#8230;&#8221; &#8211; a fiatal fi\u00fa. Mag\u00e1hoz t\u00e9rt &#8211; \u00edrja a K\u00e1roli ford\u00edt\u00e1s, m\u00e1shol \u00edgy ford\u00edtj\u00e1k: Esz\u00e9hez t\u00e9rt, \u00e9szhez t\u00e9rt &#8211; ez egy orvosi szakkifejez\u00e9s. A fi\u00fa a b\u0171nnek alv\u00e1s\u00e1b\u00f3l t\u00e9r \u00e9szhez, ami egyenl\u0151 azzal az \u00e1llapottal, hogy fizikailag \u00e9bren van, nagyon is \u00e9l, de az Isten szem\u00e9ben ez a lelki hal\u00e1l \u00e1llapota. Ebb\u0151l kell fel\u00e9bredni. A b\u0171n\u00f6s ember lelkiismeret\u00e9nek fel kell \u00e9bredni: honnan indultam? hov\u00e1 Jutottam? Mi t\u00f6rt\u00e9nt velem?<br>A t\u00e9kozl\u00f3 fi\u00fanak ott a diszn\u00f3v\u00e1ly\u00fan\u00e1l lett \u00e9lete, mert r\u00e1d\u00f6bben: eg\u00e9sz eddigi \u00e9letem cs\u0151d, nyomor\u00fas\u00e1g, verg\u0151d\u00e9s. R\u00e1d\u00f6bben addigi \u00e9lete hitv\u00e1nys\u00e1g\u00e1ra: nincs igazi bar\u00e1tja, nincs lelki b\u00e9k\u00e9je.<br>H\u00e1rom dologra h\u00edvta fel figyelm\u00fcnket nyomat\u00e9kosan a szolg\u00e1lattev\u0151:<br>&#8211; a t\u00e9kozl\u00f3 fi\u00fa, amikor&#8221;fel\u00e9bred&#8221; EL\u00c9GEDETLEN \u00e1llapot\u00e1val<br>&#8211; R\u00e1d\u00f6bben b\u0171n\u00e9re<br>&#8211; Elhat\u00e1roz\u00e1s sz\u00fcletik benne: visszamegyek ahhoz, akit megb\u00e1ntottam \u00e9s bocs\u00e1natot k\u00e9rek.<br>Isten meg tudja sz\u00e1ntani a legkem\u00e9nyebb sz\u00edv talaj\u00e1t is. \u00cdgy t\u00f6rt\u00e9nt ez a fi\u00faval is. Az \u00dar nem tehet m\u00e1st, csak szerethet benn\u00fcnket b\u0171neink ellen\u00e9re is.<br><br>Az igehirdet\u00e9st k\u00f6vet\u0151en Szikszay J\u00f3zsefn\u00e9 szolg\u00e1lt szavalat\u00e1val: A T\u00e9kozl\u00f3 fi\u00fahoz volt a vers c\u00edme.<br>A vers ut\u00e1n a kivet\u00edt\u0151 v\u00e1sznon megjelent el\u0151tt\u00fcnk egy sz\u00e9p k\u00e9p: Rembrant A t\u00e9kozl\u00f3 fi\u00fa hazat\u00e9r\u00e9se festm\u00e9ny, mely a Szentp\u00e9terv\u00e1ri Ermit\u00e1zsban tal\u00e1lhat\u00f3. Nagytisztelet\u0171 \u00far tartalmas k\u00e9pelemz\u00e9ssel mutatta be nek\u00fcnk a festm\u00e9nyt. Nagyszer\u0171 \u00e9lm\u00e9ny volt mindny\u00e1junknak.<br><br>Ezen az est\u00e9n is sokat \u00e9nekelt\u00fcnk, felid\u00e9zt\u00fck a tanult \u00e9nekeket, s Krisztus vezet\u00e9s\u00e9vel t\u00e9rt\u00fcnk meg hajl\u00e9kunkba: 434.<\/p>\n\n\n\n<p><br><strong>2015. szeptember 5. szombat:<\/strong>&nbsp;hitm\u00e9ly\u00edt\u0151 est\u00e9ink negyedik alkalma volt 18 \u00f3rai kezdettel a Reform\u00e1tus Templomban. Ezen az&nbsp;<strong>est\u00e9n nagytisztelet\u0171 D\u00f3cs Norbert \u00d3feh\u00e9rt\u00f3, Ny\u00edrgyulaj lelkip\u00e1sztora hirdette Isten Ig\u00e9j\u00e9t<\/strong>&nbsp;a Luk\u00e1cs 15, 8-9 alapj\u00e1n: az elveszett drachma p\u00e9ld\u00e1zat\u00e1r\u00f3l besz\u00e9lt.<br>Az Igehirdet\u00e9s kezdet\u00e9n nagytisztelet\u0171 \u00far elmondta: 1 drachma, 1 napi b\u00e9rt jelentett abban az id\u0151ben. A darchma kicsi ez\u00fcstp\u00e9nz. J\u00e9zus ilyen drachm\u00e1hoz hasonl\u00edt minket, s az \u0151 sz\u00e1m\u00e1ra a drachma nagyon is fontos.<br>\u00dagy van az emberi \u00e9letben, hogy meg kell tapasztalnunk sokszor: b\u00e1r mi magunkat tal\u00e1n jelent\u00e9ktelennek \u00e9rezz\u00fck magunkat, de Istennek fontosak vagyunk: Isten nagy gonddal keres benn\u00fcnket, mint ahogyan az asszony is kereste az elveszett drachm\u00e1j\u00e1t.<br>Az \u00d6r\u00f6k Isten folyamatosan keresi a sz\u00edv\u00fcnket: h\u00e1la ezek\u00e9rt az alkalmak\u00e9rt is, mert sz\u00edven tal\u00e1l minket a szeretete, j\u00f3s\u00e1ga. Istennek nem csak a m\u00e1sik ember fontos, hanem \u00c9N is.<br>A 10 drachm\u00e1b\u00f3l elv\u00e9sz egy: nem tudj\u00e1k hol van, hova lett. H\u00e1ny \u00e9 h\u00e1ny elt\u0171n\u0151, Istennel, egyh\u00e1zzal szak\u00edt\u00f3 ember van, kik elmennek a rossz ir\u00e1nyba. J\u00f3, hogy az elgurul\u00f3, elvesz\u0151 sz\u00edveket itt az egyh\u00e1zban, Krisztus mellett lehet keresni \u00e9s lehet megtal\u00e1lni.. Ez\u00e9rt van egyh\u00e1z, \u00e9s kimondhatjuk ez\u00e9rt vannak \u00e9s lehetnek ilyen alkalmak.<br>Induljunk el megkeresni az elgurul\u00f3, elvesz\u0151 lelkeket, hogy megtal\u00e1lt lelkek legyenek.<br>A p\u00e9ld\u00e1zatban itt van az \u00fatja-m\u00f3dja, hogyan lehet megtal\u00e1lni azt, ami elveszett: tal\u00e1n egy poros, p\u00f3kh\u00e1l\u00f3s sarokban tal\u00e1lunk r\u00e1. \u00cdgy vagyunk mi is. Mi lesz a sz\u00edv\u00fcnkkel? Tal\u00e1n poros lesz&#8230;de j\u00f6n egy k\u00e9z, ami elkezd takar\u00edtani: megtal\u00e1l \u00e9s tisztogat. Az ember a maga hit\u00e9t &#8211; gondolat\u00e1t el\u0151nyben r\u00e9szes\u00edti: mit akar? Mi\u00e9rt keres? \u00c9n megszoktam m\u00e1r azt amiben vagyok! Nincs sz\u00fcks\u00e9gem Istenre, templomra. De lehet, elj\u00f6n egy pillanat, egy f\u00e1j\u00f3 mozdulat: megcsillan a lelk\u00fcnkb\u0151l egy r\u00e9gi f\u00e9ny. Isten el\u0151l nem lehet elveszni, el\u0151le nem lehet elrejteni emberi mivoltunkat.\u0150 addig keres, m\u00edg meg nem tal\u00e1l minket.<br>Milyen csoda: MEGTAL\u00c1LVA lenni.<br>Ma is odas\u00fagja: ne f\u00e9lj: Megtal\u00e1lt \u00e9let vagy.<br>Az asszony megosztotta \u00f6r\u00f6m\u00e9t a szomsz\u00e9daival, mikor megtal\u00e1lta az elveszett drachm\u00e1t: gyertek \u00f6r\u00fcljetek velem! Ma az k\u00e9rdezi az \u00dar: Tudsz-e \u00f6r\u00fclni velem afelett, hogy ami elveszett megtal\u00e1ltatott! Adjon Isten Krisztusban \u00f6rvendez\u0151 sz\u00edvet. \u00c1men<\/p>\n","protected":false},"excerpt":{"rendered":"<p>2015. szeptember 02-\u00e1n, szerda este 18 \u00f3rakor vette kezdet\u00e9t gy\u00fclekezet\u00fcnkben a jubileumi konfirmandus tal\u00e1lkoz\u00f3t el\u0151k\u00e9sz\u00edt\u0151 evangeliz\u00e1ci\u00f3:Az els\u0151 este:Dr. Kov\u00e1cs K\u00e1lm\u00e1n, baktal\u00f3r\u00e1nth\u00e1zai lelk\u00e9sz v\u00e9gzett k\u00f6z\u00f6tt\u00fcnk szolg\u00e1latot.Nagytisztelet\u0171 \u00dar Az elveszett juh p\u00e9ld\u00e1zat\u00e1r\u00f3l besz\u00e9lt, Luk\u00e1cs 15, 1-7alapj\u00e1n hirdette Isten Ig\u00e9j\u00e9t.A bevezet\u0151 gondolatok k\u00f6z\u00f6tt [&hellip;]<\/p>\n","protected":false},"author":1,"featured_media":0,"parent":0,"menu_order":0,"comment_status":"closed","ping_status":"closed","template":"","meta":{"footnotes":""},"_links":{"self":[{"href":"https:\/\/kantorjanosi.reformatus.hu\/gyulekezet\/wp-json\/wp\/v2\/pages\/184"}],"collection":[{"href":"https:\/\/kantorjanosi.reformatus.hu\/gyulekezet\/wp-json\/wp\/v2\/pages"}],"about":[{"href":"https:\/\/kantorjanosi.reformatus.hu\/gyulekezet\/wp-json\/wp\/v2\/types\/page"}],"author":[{"embeddable":true,"href":"https:\/\/kantorjanosi.reformatus.hu\/gyulekezet\/wp-json\/wp\/v2\/users\/1"}],"replies":[{"embeddable":true,"href":"https:\/\/kantorjanosi.reformatus.hu\/gyulekezet\/wp-json\/wp\/v2\/comments?post=184"}],"version-history":[{"count":1,"href":"https:\/\/kantorjanosi.reformatus.hu\/gyulekezet\/wp-json\/wp\/v2\/pages\/184\/revisions"}],"predecessor-version":[{"id":185,"href":"https:\/\/kantorjanosi.reformatus.hu\/gyulekezet\/wp-json\/wp\/v2\/pages\/184\/revisions\/185"}],"wp:attachment":[{"href":"https:\/\/kantorjanosi.reformatus.hu\/gyulekezet\/wp-json\/wp\/v2\/media?parent=184"}],"curies":[{"name":"wp","href":"https:\/\/api.w.org\/{rel}","templated":true}]}}