{"id":171,"date":"2019-11-25T23:06:45","date_gmt":"2019-11-25T23:06:45","guid":{"rendered":"https:\/\/kantorjanosi.reformatus.hu\/gyulekezet\/?page_id=171"},"modified":"2019-11-25T23:06:45","modified_gmt":"2019-11-25T23:06:45","slug":"reformacio-500","status":"publish","type":"page","link":"https:\/\/kantorjanosi.reformatus.hu\/gyulekezet\/reformacio-500\/","title":{"rendered":"Reform\u00e1ci\u00f3 500"},"content":{"rendered":"\n<p>A Reform\u00e1ci\u00f3 500. Jubileuma alkalm\u00e1b\u00f3l gy\u00fclekezet\u00fcnk, \u00e9s a Ny\u00edrderzsi sz\u00f3rv\u00e1ny, tov\u00e1bb\u00e1 a Hod\u00e1szi gy\u00fclekezetekkel kar\u00f6ltve ell\u00e1togatott a Debreceni Kistemplomi Ispot\u00e1lyi Reform\u00e1tus Gy\u00fclekezetbe. A n\u00e9gy gy\u00fclekezet \u00f6sszefog\u00e1s\u00e1val egy k\u00f6z\u00f6s \u00fcnnepi alkalmon vehett\u00fcnk r\u00e9szt, s a Reform\u00e1ci\u00f3 eml\u00e9k\u00e9re egy 16. sz\u00e1zadi \u00farvacsor\u00e1s liturgia keret\u00e9ben adtunk h\u00e1l\u00e1t Istennek, az 500. \u00e9ven \u00e1t megtart\u00f3 szeretet\u00e9\u00e9rt.<\/p>\n\n\n\n<p>A k\u00f6z\u00f6s buszoz\u00e1s sor\u00e1n Zsolt\u00e1rokat, D\u00edcs\u00e9reteket, \u00e9s egy\u00e9b \u00e9nekeket \u00e9nekelt\u00fcnk. A Kistemplomi gy\u00fclekezet egy szeretetvend\u00e9g\u00e9sggel v\u00e1rt minket az Istentisztelet ut\u00e1n. Itt a finom eb\u00e9d k\u00f6zben ismerkedhedt\u00fcnk az ottani gy\u00fclekezet tagjaival, \u00e9s egy\u00fctt \u00f6r\u00fclhett\u00fcnk az \u00darban.<\/p>\n\n\n\n<p>K\u00f6sz\u00f6net\u00fcnket szeretn\u00e9nk kifejezni Szak\u00e1cs Gy\u00f6rgy, \u00e9s Zsoldos Tibor lelkip\u00e1sztoroknak, illetve gy\u00fclekezet\u00fcknek az\u00e9rt a sz\u00edves vend\u00e9gl\u00e1t\u00e1s\u00e9rt, mellyel fogadtak minket.<\/p>\n\n\n\n<p>K\u00f6sz\u00f6nj\u00fck az Igehirdet\u00e9s szolg\u00e1lat\u00e1t T\u00f3th Tam\u00e1s Kossuth utcai lelkip\u00e1sztornak.<\/p>\n\n\n\n<p>H\u00e1l\u00e1s k\u00f6sz\u00f6net Sink\u00f3-P\u00e1ricsi Babett lelkip\u00e1sztorunknak, aki nem csak a szervez\u00e9sben seg\u00edtett, hanem a liturgia \u00farvacsorai r\u00e9sz\u00e9t is vezette.<\/p>\n\n\n\n<p>Szerencsi K\u00e1rolyn\u00e9 presbiter testv\u00e9r\u00fcnknek k\u00f6sz\u00f6nj\u00fck azt, hogy kordin\u00e1lta az utaz\u00e1sunk minden pontj\u00e1t. K\u00f6sz\u00f6nettel tartozunk mindenkinek, aki jelenl\u00e9t\u00e9vel csatlakozott a k\u00f6z\u00f6s \u00fcnnep\u00fcnkh\u00f6z, \u00e9s \u00edgy vihetj\u00fck tov\u00e1bb a Reform\u00e1ci\u00f3 l\u00e1ngj\u00e1t, \u00e9s hirdethetj\u00fck ma is:<\/p>\n\n\n\n<p>&#8222;Er\u0151s v\u00e1r mi Isten\u00fcnk!&#8221;<\/p>\n\n\n\n<figure class=\"wp-block-image\"><img decoding=\"async\" src=\"https:\/\/honlap.parokia.hu\/data\/gallery\/4271\/pic_kk.jpg\" alt=\"\"\/><\/figure>\n\n\n\n<p>K\u00e9peket a lap alj\u00e1n tal\u00e1l.<\/p>\n","protected":false},"excerpt":{"rendered":"<p>A Reform\u00e1ci\u00f3 500. Jubileuma alkalm\u00e1b\u00f3l gy\u00fclekezet\u00fcnk, \u00e9s a Ny\u00edrderzsi sz\u00f3rv\u00e1ny, tov\u00e1bb\u00e1 a Hod\u00e1szi gy\u00fclekezetekkel kar\u00f6ltve ell\u00e1togatott a Debreceni Kistemplomi Ispot\u00e1lyi Reform\u00e1tus Gy\u00fclekezetbe. A n\u00e9gy gy\u00fclekezet \u00f6sszefog\u00e1s\u00e1val egy k\u00f6z\u00f6s \u00fcnnepi alkalmon vehett\u00fcnk r\u00e9szt, s a Reform\u00e1ci\u00f3 eml\u00e9k\u00e9re egy 16. sz\u00e1zadi \u00farvacsor\u00e1s [&hellip;]<\/p>\n","protected":false},"author":1,"featured_media":0,"parent":0,"menu_order":0,"comment_status":"closed","ping_status":"closed","template":"","meta":{"footnotes":""},"_links":{"self":[{"href":"https:\/\/kantorjanosi.reformatus.hu\/gyulekezet\/wp-json\/wp\/v2\/pages\/171"}],"collection":[{"href":"https:\/\/kantorjanosi.reformatus.hu\/gyulekezet\/wp-json\/wp\/v2\/pages"}],"about":[{"href":"https:\/\/kantorjanosi.reformatus.hu\/gyulekezet\/wp-json\/wp\/v2\/types\/page"}],"author":[{"embeddable":true,"href":"https:\/\/kantorjanosi.reformatus.hu\/gyulekezet\/wp-json\/wp\/v2\/users\/1"}],"replies":[{"embeddable":true,"href":"https:\/\/kantorjanosi.reformatus.hu\/gyulekezet\/wp-json\/wp\/v2\/comments?post=171"}],"version-history":[{"count":1,"href":"https:\/\/kantorjanosi.reformatus.hu\/gyulekezet\/wp-json\/wp\/v2\/pages\/171\/revisions"}],"predecessor-version":[{"id":172,"href":"https:\/\/kantorjanosi.reformatus.hu\/gyulekezet\/wp-json\/wp\/v2\/pages\/171\/revisions\/172"}],"wp:attachment":[{"href":"https:\/\/kantorjanosi.reformatus.hu\/gyulekezet\/wp-json\/wp\/v2\/media?parent=171"}],"curies":[{"name":"wp","href":"https:\/\/api.w.org\/{rel}","templated":true}]}}