{"id":169,"date":"2019-11-25T23:06:11","date_gmt":"2019-11-25T23:06:11","guid":{"rendered":"https:\/\/kantorjanosi.reformatus.hu\/gyulekezet\/?page_id=169"},"modified":"2019-11-25T23:06:11","modified_gmt":"2019-11-25T23:06:11","slug":"vandorbiblia-2017-julius-14","status":"publish","type":"page","link":"https:\/\/kantorjanosi.reformatus.hu\/gyulekezet\/vandorbiblia-2017-julius-14\/","title":{"rendered":"V\u00e1ndorbiblia &#8211; 2017. j\u00falius 14."},"content":{"rendered":"\n<p>A reform\u00e1ci\u00f3 500. \u00e9vfordul\u00f3j\u00e1ra, a debreceni Alf\u00f6ldi Nyomd\u00e1ban elk\u00e9sz\u00fclt az az egyedi k\u00f6t\u00e9s\u0171 biblia, amely 2017 janu\u00e1r elsej\u00e9n v\u00e1ndor\u00fatra kelt, \u00e9s az \u00e9v v\u00e9g\u00e9ig eljut a Tisz\u00e1nt\u00fali Reform\u00e1tus Egyh\u00e1zker\u00fclet valamennyi, \u00f6sszesen 414 gy\u00fclekezet\u00e9be.<\/p>\n\n\n\n<p>A K\u00e1ntorj\u00e1nosi gy\u00fclekezetbe 2017. j\u00falius 14-\u00e9n \u00e9rkezett meg Baktal\u00f3r\u00e1nth\u00e1z\u00e1r\u00f3l. A Bibli\u00e1t Nt. Dr. Kov\u00e1cs K\u00e1lm\u00e1n reform\u00e1tus lelkip\u00e1sztor, \u00e9s gy\u00fclekezete gondnoka hozta el a mi gy\u00fclekezet\u00fcnkbe.<\/p>\n\n\n\n<p>Sink\u00f3-P\u00e1ricsi Babett lelkip\u00e1sztor \u00e9s Elek Istv\u00e1nn\u00e9 gondnokasszony vette \u00e1t a V\u00e1ndorbibli\u00e1t. Az \u00fcnnepi alkalmat k\u00fclt\u00e9ri \u00darvacsoraoszt\u00e1s koron\u00e1zta meg, mivel&nbsp;2015. adventje \u00f3ta a templomunk \u00e9letvesz\u00e9lyes \u00e1llapota miatt z\u00e1rva van. \u00cdgy a templom el\u0151tt ter\u00edtetett meg a kegyelem asztala.<\/p>\n\n\n\n<p>Megtisztelte alkalmunkat D\u00f3cs Norbert \u00d3feh\u00e9rt\u00f3i lelkip\u00e1sztor, aki seg\u00e9dkezett az \u00darvacsorai liturgi\u00e1ban is.<\/p>\n\n\n\n<p>K\u00f6sz\u00f6nj\u00fck mindenkinek, aki elj\u00f6tt, \u00e9s egy\u00fctt \u00fcnnepelte vel\u00fcnk a reform\u00e1ci\u00f3t, ebben a form\u00e1ban is.<\/p>\n\n\n\n<p>Egyed\u00fcl Isten\u00e9 a DIcs\u0151s\u00e9g!<\/p>\n\n\n\n<figure class=\"wp-block-image\"><img decoding=\"async\" src=\"https:\/\/honlap.parokia.hu\/data\/gallery\/4260\/pic_1.jpg\" alt=\"\"\/><\/figure>\n","protected":false},"excerpt":{"rendered":"<p>A reform\u00e1ci\u00f3 500. \u00e9vfordul\u00f3j\u00e1ra, a debreceni Alf\u00f6ldi Nyomd\u00e1ban elk\u00e9sz\u00fclt az az egyedi k\u00f6t\u00e9s\u0171 biblia, amely 2017 janu\u00e1r elsej\u00e9n v\u00e1ndor\u00fatra kelt, \u00e9s az \u00e9v v\u00e9g\u00e9ig eljut a Tisz\u00e1nt\u00fali Reform\u00e1tus Egyh\u00e1zker\u00fclet valamennyi, \u00f6sszesen 414 gy\u00fclekezet\u00e9be. A K\u00e1ntorj\u00e1nosi gy\u00fclekezetbe 2017. j\u00falius 14-\u00e9n \u00e9rkezett [&hellip;]<\/p>\n","protected":false},"author":1,"featured_media":0,"parent":0,"menu_order":0,"comment_status":"closed","ping_status":"closed","template":"","meta":{"footnotes":""},"_links":{"self":[{"href":"https:\/\/kantorjanosi.reformatus.hu\/gyulekezet\/wp-json\/wp\/v2\/pages\/169"}],"collection":[{"href":"https:\/\/kantorjanosi.reformatus.hu\/gyulekezet\/wp-json\/wp\/v2\/pages"}],"about":[{"href":"https:\/\/kantorjanosi.reformatus.hu\/gyulekezet\/wp-json\/wp\/v2\/types\/page"}],"author":[{"embeddable":true,"href":"https:\/\/kantorjanosi.reformatus.hu\/gyulekezet\/wp-json\/wp\/v2\/users\/1"}],"replies":[{"embeddable":true,"href":"https:\/\/kantorjanosi.reformatus.hu\/gyulekezet\/wp-json\/wp\/v2\/comments?post=169"}],"version-history":[{"count":1,"href":"https:\/\/kantorjanosi.reformatus.hu\/gyulekezet\/wp-json\/wp\/v2\/pages\/169\/revisions"}],"predecessor-version":[{"id":170,"href":"https:\/\/kantorjanosi.reformatus.hu\/gyulekezet\/wp-json\/wp\/v2\/pages\/169\/revisions\/170"}],"wp:attachment":[{"href":"https:\/\/kantorjanosi.reformatus.hu\/gyulekezet\/wp-json\/wp\/v2\/media?parent=169"}],"curies":[{"name":"wp","href":"https:\/\/api.w.org\/{rel}","templated":true}]}}