{"id":167,"date":"2019-11-25T23:05:49","date_gmt":"2019-11-25T23:05:49","guid":{"rendered":"https:\/\/kantorjanosi.reformatus.hu\/gyulekezet\/?page_id=167"},"modified":"2021-04-03T17:54:17","modified_gmt":"2021-04-03T17:54:17","slug":"viragvasarnapi-oromunnep-2015","status":"publish","type":"page","link":"https:\/\/kantorjanosi.reformatus.hu\/gyulekezet\/viragvasarnapi-oromunnep-2015\/","title":{"rendered":"Vir\u00e1gvas\u00e1rnapi \u00f6r\u00f6m\u00fcnnep 2015"},"content":{"rendered":"\n<p>2015. m\u00e1rcius 29-\u00e9n, vas\u00e1rnap a K\u00e1ntorj\u00e1nosi Reform\u00e1tus Egyh\u00e1zban szolg\u00e1lt a Debreceni Reform\u00e1tus Hittudom\u00e1nyi Egyetem &#8211; K\u00f6lcsey Ferenc Tan\u00edt\u00f3k\u00e9pz\u0151 F\u0151iskola \u00e9nekkara, melynek dr. Kiss Csaba Tan\u00e1r \u00dar vez\u00e9nyelt.<\/p>\n\n\n\n<p>Az \u00e9nekkar elhozta gy\u00fclekezet\u00fcnk sz\u00edv\u00e9be a vir\u00e1gvas\u00e1rnapi \u00f6r\u00f6m\u00f6t, \u00e9s egy\u00fctt zenghett\u00fcnk Hozsann\u00e1t az \u00darnak!<\/p>\n\n\n\n<p>Az ig\u00e9t hirdette: Csonka J\u00f3zsef, m\u00e1sodik \u00e9vfolyamos teol\u00f3gus &#8211; lelk\u00e9sz szakos hallgat\u00f3<\/p>\n\n\n\n<figure class=\"wp-block-image\"><img decoding=\"async\" src=\"https:\/\/honlap.parokia.hu\/data\/gallery\/3308\/pic_11086155-869148906483553-920514511-o.jpg\" alt=\"\"\/><\/figure>\n\n\n\n<figure class=\"wp-block-gallery columns-3 is-cropped wp-block-gallery-1 is-layout-flex wp-block-gallery-is-layout-flex\"><ul class=\"blocks-gallery-grid\"><li class=\"blocks-gallery-item\"><figure><a href=\"https:\/\/kantorjanosi.reformatus.hu\/gyulekezet\/wp-content\/uploads\/sites\/3\/2021\/04\/11034528_869148946483549_1969167154_o.jpg\" data-lbwps-width=\"640\" data-lbwps-height=\"363\" data-lbwps-srcsmall=\"https:\/\/kantorjanosi.reformatus.hu\/gyulekezet\/wp-content\/uploads\/sites\/3\/2021\/04\/11034528_869148946483549_1969167154_o-300x170.jpg\"><img loading=\"lazy\" decoding=\"async\" width=\"640\" height=\"363\" src=\"https:\/\/kantorjanosi.reformatus.hu\/gyulekezet\/wp-content\/uploads\/sites\/3\/2021\/04\/11034528_869148946483549_1969167154_o.jpg\" alt=\"\" data-id=\"660\" data-full-url=\"https:\/\/kantorjanosi.reformatus.hu\/gyulekezet\/wp-content\/uploads\/sites\/3\/2021\/04\/11034528_869148946483549_1969167154_o.jpg\" data-link=\"https:\/\/kantorjanosi.reformatus.hu\/gyulekezet\/viragvasarnapi-oromunnep-2015\/11034528_869148946483549_1969167154_o\/\" class=\"wp-image-660\" srcset=\"https:\/\/kantorjanosi.reformatus.hu\/gyulekezet\/wp-content\/uploads\/sites\/3\/2021\/04\/11034528_869148946483549_1969167154_o.jpg 640w, https:\/\/kantorjanosi.reformatus.hu\/gyulekezet\/wp-content\/uploads\/sites\/3\/2021\/04\/11034528_869148946483549_1969167154_o-300x170.jpg 300w\" sizes=\"(max-width: 640px) 100vw, 640px\" \/><\/a><\/figure><\/li><li class=\"blocks-gallery-item\"><figure><a href=\"https:\/\/kantorjanosi.reformatus.hu\/gyulekezet\/wp-content\/uploads\/sites\/3\/2021\/04\/11071327_869148939816883_857815812_o.jpg\" data-lbwps-width=\"640\" data-lbwps-height=\"362\" data-lbwps-srcsmall=\"https:\/\/kantorjanosi.reformatus.hu\/gyulekezet\/wp-content\/uploads\/sites\/3\/2021\/04\/11071327_869148939816883_857815812_o-300x170.jpg\"><img loading=\"lazy\" decoding=\"async\" width=\"640\" height=\"362\" src=\"https:\/\/kantorjanosi.reformatus.hu\/gyulekezet\/wp-content\/uploads\/sites\/3\/2021\/04\/11071327_869148939816883_857815812_o.jpg\" alt=\"\" data-id=\"661\" data-full-url=\"https:\/\/kantorjanosi.reformatus.hu\/gyulekezet\/wp-content\/uploads\/sites\/3\/2021\/04\/11071327_869148939816883_857815812_o.jpg\" data-link=\"https:\/\/kantorjanosi.reformatus.hu\/gyulekezet\/viragvasarnapi-oromunnep-2015\/11071327_869148939816883_857815812_o\/\" class=\"wp-image-661\" srcset=\"https:\/\/kantorjanosi.reformatus.hu\/gyulekezet\/wp-content\/uploads\/sites\/3\/2021\/04\/11071327_869148939816883_857815812_o.jpg 640w, https:\/\/kantorjanosi.reformatus.hu\/gyulekezet\/wp-content\/uploads\/sites\/3\/2021\/04\/11071327_869148939816883_857815812_o-300x170.jpg 300w\" sizes=\"(max-width: 640px) 100vw, 640px\" \/><\/a><\/figure><\/li><li class=\"blocks-gallery-item\"><figure><a href=\"https:\/\/kantorjanosi.reformatus.hu\/gyulekezet\/wp-content\/uploads\/sites\/3\/2021\/04\/11086155_869148906483553_920514511_o.jpg\" data-lbwps-width=\"640\" data-lbwps-height=\"361\" data-lbwps-srcsmall=\"https:\/\/kantorjanosi.reformatus.hu\/gyulekezet\/wp-content\/uploads\/sites\/3\/2021\/04\/11086155_869148906483553_920514511_o-300x169.jpg\"><img loading=\"lazy\" decoding=\"async\" width=\"640\" height=\"361\" src=\"https:\/\/kantorjanosi.reformatus.hu\/gyulekezet\/wp-content\/uploads\/sites\/3\/2021\/04\/11086155_869148906483553_920514511_o.jpg\" alt=\"\" data-id=\"662\" data-full-url=\"https:\/\/kantorjanosi.reformatus.hu\/gyulekezet\/wp-content\/uploads\/sites\/3\/2021\/04\/11086155_869148906483553_920514511_o.jpg\" data-link=\"https:\/\/kantorjanosi.reformatus.hu\/gyulekezet\/viragvasarnapi-oromunnep-2015\/11086155_869148906483553_920514511_o\/\" class=\"wp-image-662\" srcset=\"https:\/\/kantorjanosi.reformatus.hu\/gyulekezet\/wp-content\/uploads\/sites\/3\/2021\/04\/11086155_869148906483553_920514511_o.jpg 640w, https:\/\/kantorjanosi.reformatus.hu\/gyulekezet\/wp-content\/uploads\/sites\/3\/2021\/04\/11086155_869148906483553_920514511_o-300x169.jpg 300w\" sizes=\"(max-width: 640px) 100vw, 640px\" \/><\/a><\/figure><\/li><li class=\"blocks-gallery-item\"><figure><a href=\"https:\/\/kantorjanosi.reformatus.hu\/gyulekezet\/wp-content\/uploads\/sites\/3\/2021\/04\/11086842_869148913150219_172056011_o.jpg\" data-lbwps-width=\"640\" data-lbwps-height=\"364\" data-lbwps-srcsmall=\"https:\/\/kantorjanosi.reformatus.hu\/gyulekezet\/wp-content\/uploads\/sites\/3\/2021\/04\/11086842_869148913150219_172056011_o-300x171.jpg\"><img loading=\"lazy\" decoding=\"async\" width=\"640\" height=\"364\" src=\"https:\/\/kantorjanosi.reformatus.hu\/gyulekezet\/wp-content\/uploads\/sites\/3\/2021\/04\/11086842_869148913150219_172056011_o.jpg\" alt=\"\" data-id=\"663\" data-full-url=\"https:\/\/kantorjanosi.reformatus.hu\/gyulekezet\/wp-content\/uploads\/sites\/3\/2021\/04\/11086842_869148913150219_172056011_o.jpg\" data-link=\"https:\/\/kantorjanosi.reformatus.hu\/gyulekezet\/viragvasarnapi-oromunnep-2015\/11086842_869148913150219_172056011_o\/\" class=\"wp-image-663\" srcset=\"https:\/\/kantorjanosi.reformatus.hu\/gyulekezet\/wp-content\/uploads\/sites\/3\/2021\/04\/11086842_869148913150219_172056011_o.jpg 640w, https:\/\/kantorjanosi.reformatus.hu\/gyulekezet\/wp-content\/uploads\/sites\/3\/2021\/04\/11086842_869148913150219_172056011_o-300x171.jpg 300w\" sizes=\"(max-width: 640px) 100vw, 640px\" \/><\/a><\/figure><\/li><li class=\"blocks-gallery-item\"><figure><a href=\"https:\/\/kantorjanosi.reformatus.hu\/gyulekezet\/wp-content\/uploads\/sites\/3\/2021\/04\/11088022_869148893150221_1194524798_o.jpg\" data-lbwps-width=\"640\" data-lbwps-height=\"358\" data-lbwps-srcsmall=\"https:\/\/kantorjanosi.reformatus.hu\/gyulekezet\/wp-content\/uploads\/sites\/3\/2021\/04\/11088022_869148893150221_1194524798_o-300x168.jpg\"><img loading=\"lazy\" decoding=\"async\" width=\"640\" height=\"358\" src=\"https:\/\/kantorjanosi.reformatus.hu\/gyulekezet\/wp-content\/uploads\/sites\/3\/2021\/04\/11088022_869148893150221_1194524798_o.jpg\" alt=\"\" data-id=\"664\" data-full-url=\"https:\/\/kantorjanosi.reformatus.hu\/gyulekezet\/wp-content\/uploads\/sites\/3\/2021\/04\/11088022_869148893150221_1194524798_o.jpg\" data-link=\"https:\/\/kantorjanosi.reformatus.hu\/gyulekezet\/viragvasarnapi-oromunnep-2015\/11088022_869148893150221_1194524798_o\/\" class=\"wp-image-664\" srcset=\"https:\/\/kantorjanosi.reformatus.hu\/gyulekezet\/wp-content\/uploads\/sites\/3\/2021\/04\/11088022_869148893150221_1194524798_o.jpg 640w, https:\/\/kantorjanosi.reformatus.hu\/gyulekezet\/wp-content\/uploads\/sites\/3\/2021\/04\/11088022_869148893150221_1194524798_o-300x168.jpg 300w\" sizes=\"(max-width: 640px) 100vw, 640px\" \/><\/a><\/figure><\/li><li class=\"blocks-gallery-item\"><figure><a href=\"https:\/\/kantorjanosi.reformatus.hu\/gyulekezet\/wp-content\/uploads\/sites\/3\/2021\/04\/11088690_869148899816887_1958323521_o.jpg\" data-lbwps-width=\"640\" data-lbwps-height=\"360\" data-lbwps-srcsmall=\"https:\/\/kantorjanosi.reformatus.hu\/gyulekezet\/wp-content\/uploads\/sites\/3\/2021\/04\/11088690_869148899816887_1958323521_o-300x169.jpg\"><img loading=\"lazy\" decoding=\"async\" width=\"640\" height=\"360\" src=\"https:\/\/kantorjanosi.reformatus.hu\/gyulekezet\/wp-content\/uploads\/sites\/3\/2021\/04\/11088690_869148899816887_1958323521_o.jpg\" alt=\"\" data-id=\"665\" data-full-url=\"https:\/\/kantorjanosi.reformatus.hu\/gyulekezet\/wp-content\/uploads\/sites\/3\/2021\/04\/11088690_869148899816887_1958323521_o.jpg\" data-link=\"https:\/\/kantorjanosi.reformatus.hu\/gyulekezet\/viragvasarnapi-oromunnep-2015\/11088690_869148899816887_1958323521_o\/\" class=\"wp-image-665\" srcset=\"https:\/\/kantorjanosi.reformatus.hu\/gyulekezet\/wp-content\/uploads\/sites\/3\/2021\/04\/11088690_869148899816887_1958323521_o.jpg 640w, https:\/\/kantorjanosi.reformatus.hu\/gyulekezet\/wp-content\/uploads\/sites\/3\/2021\/04\/11088690_869148899816887_1958323521_o-300x169.jpg 300w\" sizes=\"(max-width: 640px) 100vw, 640px\" \/><\/a><\/figure><\/li><li class=\"blocks-gallery-item\"><figure><a href=\"https:\/\/kantorjanosi.reformatus.hu\/gyulekezet\/wp-content\/uploads\/sites\/3\/2021\/04\/11089122_869148943150216_1731492354_o.jpg\" data-lbwps-width=\"640\" data-lbwps-height=\"361\" data-lbwps-srcsmall=\"https:\/\/kantorjanosi.reformatus.hu\/gyulekezet\/wp-content\/uploads\/sites\/3\/2021\/04\/11089122_869148943150216_1731492354_o-300x169.jpg\"><img loading=\"lazy\" decoding=\"async\" width=\"640\" height=\"361\" src=\"https:\/\/kantorjanosi.reformatus.hu\/gyulekezet\/wp-content\/uploads\/sites\/3\/2021\/04\/11089122_869148943150216_1731492354_o.jpg\" alt=\"\" data-id=\"666\" data-full-url=\"https:\/\/kantorjanosi.reformatus.hu\/gyulekezet\/wp-content\/uploads\/sites\/3\/2021\/04\/11089122_869148943150216_1731492354_o.jpg\" data-link=\"https:\/\/kantorjanosi.reformatus.hu\/gyulekezet\/viragvasarnapi-oromunnep-2015\/11089122_869148943150216_1731492354_o\/\" class=\"wp-image-666\" srcset=\"https:\/\/kantorjanosi.reformatus.hu\/gyulekezet\/wp-content\/uploads\/sites\/3\/2021\/04\/11089122_869148943150216_1731492354_o.jpg 640w, https:\/\/kantorjanosi.reformatus.hu\/gyulekezet\/wp-content\/uploads\/sites\/3\/2021\/04\/11089122_869148943150216_1731492354_o-300x169.jpg 300w\" sizes=\"(max-width: 640px) 100vw, 640px\" \/><\/a><\/figure><\/li><li class=\"blocks-gallery-item\"><figure><a href=\"https:\/\/kantorjanosi.reformatus.hu\/gyulekezet\/wp-content\/uploads\/sites\/3\/2021\/04\/11096923_869148936483550_2080605674_o.jpg\" data-lbwps-width=\"640\" data-lbwps-height=\"363\" data-lbwps-srcsmall=\"https:\/\/kantorjanosi.reformatus.hu\/gyulekezet\/wp-content\/uploads\/sites\/3\/2021\/04\/11096923_869148936483550_2080605674_o-300x170.jpg\"><img loading=\"lazy\" decoding=\"async\" width=\"640\" height=\"363\" src=\"https:\/\/kantorjanosi.reformatus.hu\/gyulekezet\/wp-content\/uploads\/sites\/3\/2021\/04\/11096923_869148936483550_2080605674_o.jpg\" alt=\"\" data-id=\"667\" data-full-url=\"https:\/\/kantorjanosi.reformatus.hu\/gyulekezet\/wp-content\/uploads\/sites\/3\/2021\/04\/11096923_869148936483550_2080605674_o.jpg\" data-link=\"https:\/\/kantorjanosi.reformatus.hu\/gyulekezet\/viragvasarnapi-oromunnep-2015\/11096923_869148936483550_2080605674_o\/\" class=\"wp-image-667\" srcset=\"https:\/\/kantorjanosi.reformatus.hu\/gyulekezet\/wp-content\/uploads\/sites\/3\/2021\/04\/11096923_869148936483550_2080605674_o.jpg 640w, https:\/\/kantorjanosi.reformatus.hu\/gyulekezet\/wp-content\/uploads\/sites\/3\/2021\/04\/11096923_869148936483550_2080605674_o-300x170.jpg 300w\" sizes=\"(max-width: 640px) 100vw, 640px\" \/><\/a><\/figure><\/li><li class=\"blocks-gallery-item\"><figure><a href=\"https:\/\/kantorjanosi.reformatus.hu\/gyulekezet\/wp-content\/uploads\/sites\/3\/2021\/04\/11101669_869148883150222_1073031473_o.jpg\" data-lbwps-width=\"640\" data-lbwps-height=\"359\" data-lbwps-srcsmall=\"https:\/\/kantorjanosi.reformatus.hu\/gyulekezet\/wp-content\/uploads\/sites\/3\/2021\/04\/11101669_869148883150222_1073031473_o-300x168.jpg\"><img loading=\"lazy\" decoding=\"async\" width=\"640\" height=\"359\" src=\"https:\/\/kantorjanosi.reformatus.hu\/gyulekezet\/wp-content\/uploads\/sites\/3\/2021\/04\/11101669_869148883150222_1073031473_o.jpg\" alt=\"\" data-id=\"668\" data-full-url=\"https:\/\/kantorjanosi.reformatus.hu\/gyulekezet\/wp-content\/uploads\/sites\/3\/2021\/04\/11101669_869148883150222_1073031473_o.jpg\" data-link=\"https:\/\/kantorjanosi.reformatus.hu\/gyulekezet\/viragvasarnapi-oromunnep-2015\/11101669_869148883150222_1073031473_o\/\" class=\"wp-image-668\" srcset=\"https:\/\/kantorjanosi.reformatus.hu\/gyulekezet\/wp-content\/uploads\/sites\/3\/2021\/04\/11101669_869148883150222_1073031473_o.jpg 640w, https:\/\/kantorjanosi.reformatus.hu\/gyulekezet\/wp-content\/uploads\/sites\/3\/2021\/04\/11101669_869148883150222_1073031473_o-300x168.jpg 300w\" sizes=\"(max-width: 640px) 100vw, 640px\" \/><\/a><\/figure><\/li><li class=\"blocks-gallery-item\"><figure><a href=\"https:\/\/kantorjanosi.reformatus.hu\/gyulekezet\/wp-content\/uploads\/sites\/3\/2021\/04\/11106131_869148916483552_1829030920_o.jpg\" data-lbwps-width=\"640\" data-lbwps-height=\"360\" data-lbwps-srcsmall=\"https:\/\/kantorjanosi.reformatus.hu\/gyulekezet\/wp-content\/uploads\/sites\/3\/2021\/04\/11106131_869148916483552_1829030920_o-300x169.jpg\"><img loading=\"lazy\" decoding=\"async\" width=\"640\" height=\"360\" src=\"https:\/\/kantorjanosi.reformatus.hu\/gyulekezet\/wp-content\/uploads\/sites\/3\/2021\/04\/11106131_869148916483552_1829030920_o.jpg\" alt=\"\" data-id=\"669\" data-full-url=\"https:\/\/kantorjanosi.reformatus.hu\/gyulekezet\/wp-content\/uploads\/sites\/3\/2021\/04\/11106131_869148916483552_1829030920_o.jpg\" data-link=\"https:\/\/kantorjanosi.reformatus.hu\/gyulekezet\/viragvasarnapi-oromunnep-2015\/11106131_869148916483552_1829030920_o\/\" class=\"wp-image-669\" srcset=\"https:\/\/kantorjanosi.reformatus.hu\/gyulekezet\/wp-content\/uploads\/sites\/3\/2021\/04\/11106131_869148916483552_1829030920_o.jpg 640w, https:\/\/kantorjanosi.reformatus.hu\/gyulekezet\/wp-content\/uploads\/sites\/3\/2021\/04\/11106131_869148916483552_1829030920_o-300x169.jpg 300w\" sizes=\"(max-width: 640px) 100vw, 640px\" \/><\/a><\/figure><\/li><li class=\"blocks-gallery-item\"><figure><a href=\"https:\/\/kantorjanosi.reformatus.hu\/gyulekezet\/wp-content\/uploads\/sites\/3\/2021\/04\/11106136_869148909816886_1646364555_o.jpg\" data-lbwps-width=\"640\" data-lbwps-height=\"359\" data-lbwps-srcsmall=\"https:\/\/kantorjanosi.reformatus.hu\/gyulekezet\/wp-content\/uploads\/sites\/3\/2021\/04\/11106136_869148909816886_1646364555_o-300x168.jpg\"><img loading=\"lazy\" decoding=\"async\" width=\"640\" height=\"359\" src=\"https:\/\/kantorjanosi.reformatus.hu\/gyulekezet\/wp-content\/uploads\/sites\/3\/2021\/04\/11106136_869148909816886_1646364555_o.jpg\" alt=\"\" data-id=\"670\" data-full-url=\"https:\/\/kantorjanosi.reformatus.hu\/gyulekezet\/wp-content\/uploads\/sites\/3\/2021\/04\/11106136_869148909816886_1646364555_o.jpg\" data-link=\"https:\/\/kantorjanosi.reformatus.hu\/gyulekezet\/viragvasarnapi-oromunnep-2015\/11106136_869148909816886_1646364555_o\/\" class=\"wp-image-670\" srcset=\"https:\/\/kantorjanosi.reformatus.hu\/gyulekezet\/wp-content\/uploads\/sites\/3\/2021\/04\/11106136_869148909816886_1646364555_o.jpg 640w, https:\/\/kantorjanosi.reformatus.hu\/gyulekezet\/wp-content\/uploads\/sites\/3\/2021\/04\/11106136_869148909816886_1646364555_o-300x168.jpg 300w\" sizes=\"(max-width: 640px) 100vw, 640px\" \/><\/a><\/figure><\/li><li class=\"blocks-gallery-item\"><figure><a href=\"https:\/\/kantorjanosi.reformatus.hu\/gyulekezet\/wp-content\/uploads\/sites\/3\/2021\/04\/IMG_4684.jpg\" data-lbwps-width=\"455\" data-lbwps-height=\"640\" data-lbwps-srcsmall=\"https:\/\/kantorjanosi.reformatus.hu\/gyulekezet\/wp-content\/uploads\/sites\/3\/2021\/04\/IMG_4684-213x300.jpg\"><img loading=\"lazy\" decoding=\"async\" width=\"455\" height=\"640\" src=\"https:\/\/kantorjanosi.reformatus.hu\/gyulekezet\/wp-content\/uploads\/sites\/3\/2021\/04\/IMG_4684.jpg\" alt=\"\" data-id=\"671\" data-full-url=\"https:\/\/kantorjanosi.reformatus.hu\/gyulekezet\/wp-content\/uploads\/sites\/3\/2021\/04\/IMG_4684.jpg\" data-link=\"https:\/\/kantorjanosi.reformatus.hu\/gyulekezet\/viragvasarnapi-oromunnep-2015\/img_4684\/\" class=\"wp-image-671\" srcset=\"https:\/\/kantorjanosi.reformatus.hu\/gyulekezet\/wp-content\/uploads\/sites\/3\/2021\/04\/IMG_4684.jpg 455w, https:\/\/kantorjanosi.reformatus.hu\/gyulekezet\/wp-content\/uploads\/sites\/3\/2021\/04\/IMG_4684-213x300.jpg 213w\" sizes=\"(max-width: 455px) 100vw, 455px\" \/><\/a><\/figure><\/li><\/ul><\/figure>\n","protected":false},"excerpt":{"rendered":"<p>2015. m\u00e1rcius 29-\u00e9n, vas\u00e1rnap a K\u00e1ntorj\u00e1nosi Reform\u00e1tus Egyh\u00e1zban szolg\u00e1lt a Debreceni Reform\u00e1tus Hittudom\u00e1nyi Egyetem &#8211; K\u00f6lcsey Ferenc Tan\u00edt\u00f3k\u00e9pz\u0151 F\u0151iskola \u00e9nekkara, melynek dr. Kiss Csaba Tan\u00e1r \u00dar vez\u00e9nyelt. Az \u00e9nekkar elhozta gy\u00fclekezet\u00fcnk sz\u00edv\u00e9be a vir\u00e1gvas\u00e1rnapi \u00f6r\u00f6m\u00f6t, \u00e9s egy\u00fctt zenghett\u00fcnk Hozsann\u00e1t az [&hellip;]<\/p>\n","protected":false},"author":1,"featured_media":0,"parent":0,"menu_order":0,"comment_status":"closed","ping_status":"closed","template":"","meta":{"footnotes":""},"_links":{"self":[{"href":"https:\/\/kantorjanosi.reformatus.hu\/gyulekezet\/wp-json\/wp\/v2\/pages\/167"}],"collection":[{"href":"https:\/\/kantorjanosi.reformatus.hu\/gyulekezet\/wp-json\/wp\/v2\/pages"}],"about":[{"href":"https:\/\/kantorjanosi.reformatus.hu\/gyulekezet\/wp-json\/wp\/v2\/types\/page"}],"author":[{"embeddable":true,"href":"https:\/\/kantorjanosi.reformatus.hu\/gyulekezet\/wp-json\/wp\/v2\/users\/1"}],"replies":[{"embeddable":true,"href":"https:\/\/kantorjanosi.reformatus.hu\/gyulekezet\/wp-json\/wp\/v2\/comments?post=167"}],"version-history":[{"count":3,"href":"https:\/\/kantorjanosi.reformatus.hu\/gyulekezet\/wp-json\/wp\/v2\/pages\/167\/revisions"}],"predecessor-version":[{"id":672,"href":"https:\/\/kantorjanosi.reformatus.hu\/gyulekezet\/wp-json\/wp\/v2\/pages\/167\/revisions\/672"}],"wp:attachment":[{"href":"https:\/\/kantorjanosi.reformatus.hu\/gyulekezet\/wp-json\/wp\/v2\/media?parent=167"}],"curies":[{"name":"wp","href":"https:\/\/api.w.org\/{rel}","templated":true}]}}