{"id":165,"date":"2019-11-25T23:04:38","date_gmt":"2019-11-25T23:04:38","guid":{"rendered":"https:\/\/kantorjanosi.reformatus.hu\/gyulekezet\/?page_id=165"},"modified":"2019-11-25T23:04:38","modified_gmt":"2019-11-25T23:04:38","slug":"palastatadas","status":"publish","type":"page","link":"https:\/\/kantorjanosi.reformatus.hu\/gyulekezet\/palastatadas\/","title":{"rendered":"Pal\u00e1st\u00e1tad\u00e1s"},"content":{"rendered":"\n<p>A K\u00e1ntorj\u00e1nosi Gy\u00fclekezet nagy meglepet\u00e9ssel k\u00e9sz\u00fclt az \u00e9v utols\u00f3 napj\u00e1ra. A febru\u00e1r v\u00e9ge \u00f3ta tart\u00f3 hosszas szervezked\u00e9snek az eredm\u00e9nye 2013. december 31-\u00e9n este \u00f6lt\u00f6tt testet a Nagytisztelet\u0171 asszonyon, egy \u00faj pal\u00e1st k\u00e9p\u00e9ben.<\/p>\n\n\n\n<p>Ahogy \u0151 mondta a pal\u00e1st \u00e1tad\u00e1s\u00e1t k\u00f6vet\u0151en: &#8221; Ez a gy\u00fclekezet gondoskod\u00f3 szeretet\u00e9nek jele&#8230;&#8221;<\/p>\n\n\n\n<p>Nagy \u00f6sszefog\u00e1s volt a&nbsp;telep\u00fcl\u00e9sen. A gy\u0171jt\u00e9s, m\u00e1r f\u00e9l \u00e9ve elkezd\u0151d\u00f6tt, \u00e9s a tervezget\u00e9s is. Az \u00e9let esem\u00e9nyeinek alakul\u00e1sa az \u00d3\u00e9vi Istentiszteletet jel\u00f6lte ki sz\u00e1munkra. Nagy izgalom volt aznap. A hangulat az utols\u00f3 t\u00edz percben fokoz\u00f3dott igaz\u00e1n fel, amikor meg\u00e9rkezett a Lelk\u00e9szn\u0151. A pal\u00e1st \u00e1tad\u00e1sa meghitt, csal\u00e1di hangulatban zajlott. A templomba l\u00e9p\u00e9s pillanatakor m\u00e1r Tiszteletes asszony valamit \u00e9szlelt, nem a megszokott rend volt. A gy\u00fclekezet \u00e1llt, az \u00dar asztala nem volt a hely\u00e9n, a k\u00e1ntor nem akarta abba hagyni a j\u00e1t\u00e9kot, \u00e9s mindezek tetej\u00e9ben a Gondnok asszony \u00e9s a P\u00e9nzt\u00e1ros \u00dar m\u00e1r ott&nbsp;\u00e1lltak a&nbsp;Gy\u00fclekezet&nbsp;el\u0151tt.<br>A pal\u00e1st\u00e1tad\u00e1s alatt \u00e9s ut\u00e1n az \u00e9nekkar szolg\u00e1lt, majd Cs\u00f3ka Andrea v\u00e9gz\u0151s k\u00f6z\u00e9piskolai tanul\u00f3 hangj\u00e1ban gy\u00f6ny\u00f6rk\u00f6dhett\u00fcnk.<br>A meghatotts\u00e1g \u00f6r\u00f6mk\u00f6nnyekkel egy\u00fctt jelent meg a Lelk\u00e9szn\u0151 arc\u00e1n. A szavak nehezen indultak, de tartalmuk ann\u00e1l magasztosabbak voltak.<\/p>\n\n\n\n<p>Mindez megval\u00f3sul\u00e1s\u00e1hoz, nagyon sok ember munk\u00e1j\u00e1ra volt sz\u00fcks\u00e9g.<br>K\u00f6sz\u00f6net mindazoknak, akik anyagi \u00e9s lelki javakkal t\u00e1mogatt\u00e1k ezt az \u00fcgyet.<\/p>\n\n\n\n<figure class=\"wp-block-image\"><img decoding=\"async\" src=\"https:\/\/honlap.parokia.hu\/data\/gallery\/3308\/pic_pc310022.jpg\" alt=\"\"\/><\/figure>\n","protected":false},"excerpt":{"rendered":"<p>A K\u00e1ntorj\u00e1nosi Gy\u00fclekezet nagy meglepet\u00e9ssel k\u00e9sz\u00fclt az \u00e9v utols\u00f3 napj\u00e1ra. A febru\u00e1r v\u00e9ge \u00f3ta tart\u00f3 hosszas szervezked\u00e9snek az eredm\u00e9nye 2013. december 31-\u00e9n este \u00f6lt\u00f6tt testet a Nagytisztelet\u0171 asszonyon, egy \u00faj pal\u00e1st k\u00e9p\u00e9ben. Ahogy \u0151 mondta a pal\u00e1st \u00e1tad\u00e1s\u00e1t k\u00f6vet\u0151en: &#8221; [&hellip;]<\/p>\n","protected":false},"author":1,"featured_media":0,"parent":0,"menu_order":0,"comment_status":"closed","ping_status":"closed","template":"","meta":{"footnotes":""},"_links":{"self":[{"href":"https:\/\/kantorjanosi.reformatus.hu\/gyulekezet\/wp-json\/wp\/v2\/pages\/165"}],"collection":[{"href":"https:\/\/kantorjanosi.reformatus.hu\/gyulekezet\/wp-json\/wp\/v2\/pages"}],"about":[{"href":"https:\/\/kantorjanosi.reformatus.hu\/gyulekezet\/wp-json\/wp\/v2\/types\/page"}],"author":[{"embeddable":true,"href":"https:\/\/kantorjanosi.reformatus.hu\/gyulekezet\/wp-json\/wp\/v2\/users\/1"}],"replies":[{"embeddable":true,"href":"https:\/\/kantorjanosi.reformatus.hu\/gyulekezet\/wp-json\/wp\/v2\/comments?post=165"}],"version-history":[{"count":1,"href":"https:\/\/kantorjanosi.reformatus.hu\/gyulekezet\/wp-json\/wp\/v2\/pages\/165\/revisions"}],"predecessor-version":[{"id":166,"href":"https:\/\/kantorjanosi.reformatus.hu\/gyulekezet\/wp-json\/wp\/v2\/pages\/165\/revisions\/166"}],"wp:attachment":[{"href":"https:\/\/kantorjanosi.reformatus.hu\/gyulekezet\/wp-json\/wp\/v2\/media?parent=165"}],"curies":[{"name":"wp","href":"https:\/\/api.w.org\/{rel}","templated":true}]}}