{"id":163,"date":"2019-11-25T23:04:08","date_gmt":"2019-11-25T23:04:08","guid":{"rendered":"https:\/\/kantorjanosi.reformatus.hu\/gyulekezet\/?page_id=163"},"modified":"2019-11-25T23:04:08","modified_gmt":"2019-11-25T23:04:08","slug":"in-memoriam-gonczy-jozsef","status":"publish","type":"page","link":"https:\/\/kantorjanosi.reformatus.hu\/gyulekezet\/in-memoriam-gonczy-jozsef\/","title":{"rendered":"In memoriam G\u00f6nczy J\u00f3zsef"},"content":{"rendered":"\n<p>Okt\u00f3ber elej\u00e9n megkereste az Egyh\u00e1zk\u00f6zs\u00e9g\u00fcnket lev\u00e9lben egy h\u00f6lgy, aki egyik rokon\u00e1t keresi. A keresend\u0151 szem\u00e9ly nem m\u00e1s volt, mint&nbsp;<strong>G\u00f6nczy J\u00f3zsef Nagytisztelet\u0171 \u00dar<\/strong>, aki a K\u00e1ntorj\u00e1nosi Reform\u00e1tus egyh\u00e1zn\u00e1l beiktatott lelk\u00e9sz volt 1912 \u00e9s 1950 k\u00f6z\u00f6tt.<br>A felmer\u00fcl\u0151 sok k\u00e9rd\u00e9s k\u00f6z\u00fcl nem mindegyikre tudtunk v\u00e1laszt adni. A legfontosabbra sem, hol is van s\u00edreml\u00e9ke egykori Pr\u00e9dik\u00e1torunknak.<br>Az id\u0151sebbeket k\u00e9rdezgetve, m\u00e1r nem eml\u00e9keztek r\u00e1. Egy d\u00e9lut\u00e1n viszont az egyik id\u0151s falubeli h\u00f6lgyet megk\u00e9rdezve tudta, hol is van. R\u00f6gvest j\u00f6tt vel\u00fcnk \u00e9s ment\u00fcnk ki a r\u00e9gi temet\u0151be ahol is a s\u00edr hely\u00e9n ez&nbsp;a l\u00e1tv\u00e1ny fogadott.<\/p>\n\n\n\n<figure class=\"wp-block-image\"><img decoding=\"async\" src=\"https:\/\/honlap.parokia.hu\/data\/gallery\/3451\/pic_dsc03343.jpg\" alt=\"\"\/><\/figure>\n\n\n\n<p>Nem erre sz\u00e1m\u00edtottunk mi sem.<\/p>\n\n\n\n<p>Ezen felbuzdulva a Gy\u00fclekezet f\u00e9rfi embereit \u00f6sszeszervezt\u00fck egy takar\u00edt\u00e1sra. A tisztelet\u00fcnket ki kell fejezn\u00fcnk, \u00e9s enn\u00e9l szebb m\u00f3dja nincs.<\/p>\n\n\n\n<p>Okt\u00f3ber 31-\u00e9n, a reform\u00e1ci\u00f3 \u00fcnnep\u00e9n mi is egy nagy dolgot vitt\u00fcnk v\u00e9ghez. Ha nem is a reform\u00e1ci\u00f3 nagy m\u0171v\u00e9t ind\u00edtottuk be, de a helyi Egyh\u00e1z tisztelg\u00e9se a h\u0171 szolg\u00e1ja ir\u00e1nt is fontos.<\/p>\n\n\n\n<p>D\u00e9lut\u00e1n 14 \u00f3rakkor kezd\u0151d\u00f6tt meg a nagy munka. L\u00e1tva a helyzet s\u00falyoss\u00e1g\u00e1t az addig odak\u00e9sz\u00edtett szersz\u00e1mok mell\u00e9, m\u00e9g egy motorosf\u0171r\u00e9sz is ker\u00fclt. (Megjegyzend\u0151, hogy en\u00e9lk\u00fcl a munk\u00e1lat tal\u00e1n nem lett volna k\u00e9sz m\u00e1sf\u00e9l \u00f3ra alatt.)<\/p>\n\n\n\n<p>A kiscsapat neki l\u00e1tott \u00e9s rendbeszedte a s\u00edreml\u00e9ket.<\/p>\n\n\n\n<p><br>K\u00f6sz\u00f6net\u00fcnket kell kifejezni&nbsp;<strong>Nagy L\u00e1szl\u00f3<\/strong>&nbsp;Reform\u00e1tus testv\u00e9r\u00fcnknek, aki mind szakmai tud\u00e1s\u00e1val, mind fizikai erej\u00e9vel vez\u00e9nyelte \u00e9s v\u00e9gezte a munk\u00e1t. Isten \u00e1ldja meg \u0151t \u00e9s a csal\u00e1dj\u00e1t.<br>Tov\u00e1bb\u00e1&nbsp;<strong>Szab\u00f3 Zolt\u00e1n<\/strong>&nbsp;presbiter testv\u00e9r\u00fcnk, \u00e9s unok\u00e1ja&nbsp;<strong>Szab\u00f3 Rich\u00e1rd<\/strong>&nbsp;seg\u00edts\u00e9g\u00e9t is nagyon k\u00f6sz\u00f6nj\u00fck. Isten adjon tov\u00e1bbi er\u0151t nekik is.<br>A fogyhatatlan munk\u00e1ban r\u00e9szt vett m\u00e9g&nbsp;<strong>Kov\u00e1cs Gy\u00f6rgy<\/strong>&nbsp;presbter testv\u00e9r\u00fcnk is.<br>Az el\u0151k\u00e9sz\u00edt\u00e9sben&nbsp;<strong>Szerencsi K\u00e1rolyn\u00e9<\/strong>&nbsp;presbiter asszony is seg\u00e9dkezett.<br>\u00cdgy \u00e1llt \u00f6ssze a &#8222;kis csapat&#8221;.&nbsp;Mindannyi\u00f3jukra Isten gazdag \u00e1ld\u00e1s\u00e1t k\u00e9rj\u00fck, hisz munk\u00e1juk \u00e1ltal nem val\u00f3sulhatott volna mindez meg.<\/p>\n\n\n\n<figure class=\"wp-block-image\"><img decoding=\"async\" src=\"https:\/\/honlap.parokia.hu\/data\/gallery\/3451\/pic_dsc03354.jpg\" alt=\"\"\/><\/figure>\n\n\n\n<p>2018-ban sz\u00fcks\u00e9gesnek l\u00e1ttuk a s\u00edrhely tart\u00f3sabb meg\u0151rz\u00e9s\u00e9t, ez\u00e9rt sz\u00e9p\u00edtett\u00fcnk rajta.<\/p>\n\n\n\n<figure class=\"wp-block-image\"><img decoding=\"async\" src=\"https:\/\/honlap.parokia.hu\/data\/gallery\/3308\/pic_viber-image.jpg\" alt=\"\"\/><\/figure>\n\n\n\n<p>A s\u00edreml\u00e9k a r\u00e9gi temet\u0151ben a k\u00f6z\u00e9ps\u0151 d\u0171l\u0151 k\u00f6zep\u00e9n,&nbsp;a m\u00e1sodik sorban jobb oldalt tal\u00e1lhat\u00f3.<\/p>\n\n\n\n<p><strong>G\u00f6nczy J\u00f3zsef&nbsp;<\/strong>1876. \u00e1prilis 29-\u00e9n sz\u00fcletett Kist\u00e1rk\u00e1nyban, ami r\u00e9gen Zempl\u00e9n megy\u00e9hez tartozott, Trianon \u00f3ta a mai Szlov\u00e1kia ter\u00fclet\u00e9n tal\u00e1lhat\u00f3. \u00c9desapja G\u00f6nczy J\u00f3zsef kisbirtokos, \u00e9desanyja Bart\u00f3k Juli\u00e1nna. Elemi iskol\u00e1t a Kist\u00e1rk\u00e1nyi iskol\u00e1ban v\u00e9gezte, majd tov\u00e1bb haladt tanulm\u00e1nyaiban, \u00e9s gimn\u00e1ziumi el\u0151k\u00e9sz\u00edt\u0151t v\u00e9gzett S\u00e1rospatakon. Szint\u00e9n itt, S\u00e1rospatakon v\u00e9gezte el a gimn\u00e1ziumot, \u00e9s a teol\u00f3gi\u00e1t is. 1898. j\u00fanius\u00e1ban szerezte lelk\u00e9szi oklevel\u00e9t.<\/p>\n\n\n\n<p>1898. j\u00falius 1-t\u0151l Tiszal\u00f6k\u00f6n volt seg\u00e9dlelk\u00e9sz, eg\u00e9szen 1901. augusztus 1-ig. 1901. okt\u00f3ber 2-\u00e1n k\u00f6t\u00f6tt h\u00e1zass\u00e1got feles\u00e9g\u00e9vel, Hajdu Juliann\u00e1val Tiszalad\u00e1nyban. A feles\u00e9ge 1877. j\u00falius 1-\u00e9n sz\u00fcletett. H\u00e1zass\u00e1g\u00e1b\u00f3l gyermeke nem sz\u00fcletett. Feles\u00e9ge testv\u00e9reinek k\u00e9t gyermek\u00e9t gondozta, mindent megadva nekik.<\/p>\n\n\n\n<p>Seg\u00e9dlelk\u00e9szi \u00e9ve ut\u00e1n a Ny\u00edribronyi gy\u00fclekezetben volt beiktatott lelkip\u00e1sztor 1901-t\u0151l 1912 \u0151sz\u00e9ig. Segesv\u00e1ri J\u00f3zsef hal\u00e1la ut\u00e1n, 1912. szeptember 2-\u00e1n kezdte meg szolg\u00e1latait K\u00e1ntorj\u00e1nosiban. G\u00f6nczy J\u00f3zsef egyh\u00e1zi p\u00e1lyafut\u00e1sa alatt volt iskolai k\u00f6rl\u00e1togat\u00f3, egyh\u00e1zi sz\u00e1mvev\u0151, tan\u00e1csb\u00edr\u00f3, egyh\u00e1zker\u00fcleti k\u00e9pvisel\u0151. Hal\u00e1la 1950. \u00e1prilis 6-\u00e1n k\u00f6vetkezett be.<\/p>\n\n\n\n<p class=\"has-text-align-right\"><strong>Csonka J\u00f3zsef<br>presbiter<\/strong><\/p>\n","protected":false},"excerpt":{"rendered":"<p>Okt\u00f3ber elej\u00e9n megkereste az Egyh\u00e1zk\u00f6zs\u00e9g\u00fcnket lev\u00e9lben egy h\u00f6lgy, aki egyik rokon\u00e1t keresi. A keresend\u0151 szem\u00e9ly nem m\u00e1s volt, mint&nbsp;G\u00f6nczy J\u00f3zsef Nagytisztelet\u0171 \u00dar, aki a K\u00e1ntorj\u00e1nosi Reform\u00e1tus egyh\u00e1zn\u00e1l beiktatott lelk\u00e9sz volt 1912 \u00e9s 1950 k\u00f6z\u00f6tt.A felmer\u00fcl\u0151 sok k\u00e9rd\u00e9s k\u00f6z\u00fcl nem mindegyikre [&hellip;]<\/p>\n","protected":false},"author":1,"featured_media":0,"parent":0,"menu_order":0,"comment_status":"closed","ping_status":"closed","template":"","meta":{"footnotes":""},"_links":{"self":[{"href":"https:\/\/kantorjanosi.reformatus.hu\/gyulekezet\/wp-json\/wp\/v2\/pages\/163"}],"collection":[{"href":"https:\/\/kantorjanosi.reformatus.hu\/gyulekezet\/wp-json\/wp\/v2\/pages"}],"about":[{"href":"https:\/\/kantorjanosi.reformatus.hu\/gyulekezet\/wp-json\/wp\/v2\/types\/page"}],"author":[{"embeddable":true,"href":"https:\/\/kantorjanosi.reformatus.hu\/gyulekezet\/wp-json\/wp\/v2\/users\/1"}],"replies":[{"embeddable":true,"href":"https:\/\/kantorjanosi.reformatus.hu\/gyulekezet\/wp-json\/wp\/v2\/comments?post=163"}],"version-history":[{"count":1,"href":"https:\/\/kantorjanosi.reformatus.hu\/gyulekezet\/wp-json\/wp\/v2\/pages\/163\/revisions"}],"predecessor-version":[{"id":164,"href":"https:\/\/kantorjanosi.reformatus.hu\/gyulekezet\/wp-json\/wp\/v2\/pages\/163\/revisions\/164"}],"wp:attachment":[{"href":"https:\/\/kantorjanosi.reformatus.hu\/gyulekezet\/wp-json\/wp\/v2\/media?parent=163"}],"curies":[{"name":"wp","href":"https:\/\/api.w.org\/{rel}","templated":true}]}}