{"id":161,"date":"2019-11-25T23:03:22","date_gmt":"2019-11-25T23:03:22","guid":{"rendered":"https:\/\/kantorjanosi.reformatus.hu\/gyulekezet\/?page_id=161"},"modified":"2019-11-25T23:03:22","modified_gmt":"2019-11-25T23:03:22","slug":"presbiteri-delutan","status":"publish","type":"page","link":"https:\/\/kantorjanosi.reformatus.hu\/gyulekezet\/presbiteri-delutan\/","title":{"rendered":"Presbiteri d\u00e9lut\u00e1n"},"content":{"rendered":"\n<p>2013. j\u00falius 27-\u00e9n d\u00e9lut\u00e1n ker\u00fclt megrendez\u00e9sre a Hod\u00e1szi egyh\u00e1z \u00e1ltal szervezett presbiteri d\u00e9lut\u00e1n, melyre nagy szerettel v\u00e1rt\u00e1k a K\u00e1ntorj\u00e1nosi presbitereket is. A Tal\u00e1lkoz\u00f3 c\u00e9lja, egy\u00fctt, k\u00f6z\u00f6sen, megismerni egym\u00e1st. Az Egyh\u00e1zk\u00f6zs\u00e9g\u00fcnkben k\u00f6z\u00f6s a lelkip\u00e1sztor, \u00edgy ez az \u00f6tlet, hogy a k\u00e9t falu presbit\u00e9riuma egy\u00fctt legyen k\u00e9zenfekv\u0151 volt.<br><\/p>\n\n\n\n<figure class=\"wp-block-image\"><img decoding=\"async\" src=\"https:\/\/honlap.parokia.hu\/data\/gallery\/3308\/pic_dscf2505.jpg\" alt=\"\"\/><\/figure>\n","protected":false},"excerpt":{"rendered":"<p>2013. j\u00falius 27-\u00e9n d\u00e9lut\u00e1n ker\u00fclt megrendez\u00e9sre a Hod\u00e1szi egyh\u00e1z \u00e1ltal szervezett presbiteri d\u00e9lut\u00e1n, melyre nagy szerettel v\u00e1rt\u00e1k a K\u00e1ntorj\u00e1nosi presbitereket is. A Tal\u00e1lkoz\u00f3 c\u00e9lja, egy\u00fctt, k\u00f6z\u00f6sen, megismerni egym\u00e1st. Az Egyh\u00e1zk\u00f6zs\u00e9g\u00fcnkben k\u00f6z\u00f6s a lelkip\u00e1sztor, \u00edgy ez az \u00f6tlet, hogy a k\u00e9t [&hellip;]<\/p>\n","protected":false},"author":1,"featured_media":0,"parent":0,"menu_order":0,"comment_status":"closed","ping_status":"closed","template":"","meta":{"footnotes":""},"_links":{"self":[{"href":"https:\/\/kantorjanosi.reformatus.hu\/gyulekezet\/wp-json\/wp\/v2\/pages\/161"}],"collection":[{"href":"https:\/\/kantorjanosi.reformatus.hu\/gyulekezet\/wp-json\/wp\/v2\/pages"}],"about":[{"href":"https:\/\/kantorjanosi.reformatus.hu\/gyulekezet\/wp-json\/wp\/v2\/types\/page"}],"author":[{"embeddable":true,"href":"https:\/\/kantorjanosi.reformatus.hu\/gyulekezet\/wp-json\/wp\/v2\/users\/1"}],"replies":[{"embeddable":true,"href":"https:\/\/kantorjanosi.reformatus.hu\/gyulekezet\/wp-json\/wp\/v2\/comments?post=161"}],"version-history":[{"count":1,"href":"https:\/\/kantorjanosi.reformatus.hu\/gyulekezet\/wp-json\/wp\/v2\/pages\/161\/revisions"}],"predecessor-version":[{"id":162,"href":"https:\/\/kantorjanosi.reformatus.hu\/gyulekezet\/wp-json\/wp\/v2\/pages\/161\/revisions\/162"}],"wp:attachment":[{"href":"https:\/\/kantorjanosi.reformatus.hu\/gyulekezet\/wp-json\/wp\/v2\/media?parent=161"}],"curies":[{"name":"wp","href":"https:\/\/api.w.org\/{rel}","templated":true}]}}