{"id":159,"date":"2019-11-25T23:02:54","date_gmt":"2019-11-25T23:02:54","guid":{"rendered":"https:\/\/kantorjanosi.reformatus.hu\/gyulekezet\/?page_id=159"},"modified":"2019-11-25T23:02:54","modified_gmt":"2019-11-25T23:02:54","slug":"harangozonk-koszontese","status":"publish","type":"page","link":"https:\/\/kantorjanosi.reformatus.hu\/gyulekezet\/harangozonk-koszontese\/","title":{"rendered":"Harangoz\u00f3nk k\u00f6sz\u00f6nt\u00e9se"},"content":{"rendered":"\n<p>J\u00f3ni J\u00f3zsefn\u00e9 Mariska n\u00e9ni, m\u00e1r 60 esztendeje szolg\u00e1lta h\u0171s\u00e9gesen a K\u00e1ntorj\u00e1nosi Reform\u00e1tus Egyh\u00e1zat. Sajnos a meggyeng\u00fclt \u00e1llapota miatt, m\u00e1r nem tudott tov\u00e1bb szolg\u00e1lni. A gy\u00fclekezet az \u00e1ldozatv\u00e1llal\u00f3 munk\u00e1j\u00e1t J\u00fanius 28-\u00e1n vas\u00e1rnap az Istentisztelet keret\u00e9ben k\u00f6sz\u00f6nte meg.<\/p>\n\n\n\n<p><\/p>\n\n\n\n<figure class=\"wp-block-image\"><img decoding=\"async\" src=\"https:\/\/honlap.parokia.hu\/data\/gallery\/3308\/pic_dsc03109.jpg\" alt=\"\"\/><\/figure>\n\n\n\n<p>Gal\u00e9ria:\n\n<\/p>\n","protected":false},"excerpt":{"rendered":"<p>J\u00f3ni J\u00f3zsefn\u00e9 Mariska n\u00e9ni, m\u00e1r 60 esztendeje szolg\u00e1lta h\u0171s\u00e9gesen a K\u00e1ntorj\u00e1nosi Reform\u00e1tus Egyh\u00e1zat. Sajnos a meggyeng\u00fclt \u00e1llapota miatt, m\u00e1r nem tudott tov\u00e1bb szolg\u00e1lni. A gy\u00fclekezet az \u00e1ldozatv\u00e1llal\u00f3 munk\u00e1j\u00e1t J\u00fanius 28-\u00e1n vas\u00e1rnap az Istentisztelet keret\u00e9ben k\u00f6sz\u00f6nte meg. Gal\u00e9ria:<\/p>\n","protected":false},"author":1,"featured_media":0,"parent":0,"menu_order":0,"comment_status":"closed","ping_status":"closed","template":"","meta":{"footnotes":""},"_links":{"self":[{"href":"https:\/\/kantorjanosi.reformatus.hu\/gyulekezet\/wp-json\/wp\/v2\/pages\/159"}],"collection":[{"href":"https:\/\/kantorjanosi.reformatus.hu\/gyulekezet\/wp-json\/wp\/v2\/pages"}],"about":[{"href":"https:\/\/kantorjanosi.reformatus.hu\/gyulekezet\/wp-json\/wp\/v2\/types\/page"}],"author":[{"embeddable":true,"href":"https:\/\/kantorjanosi.reformatus.hu\/gyulekezet\/wp-json\/wp\/v2\/users\/1"}],"replies":[{"embeddable":true,"href":"https:\/\/kantorjanosi.reformatus.hu\/gyulekezet\/wp-json\/wp\/v2\/comments?post=159"}],"version-history":[{"count":1,"href":"https:\/\/kantorjanosi.reformatus.hu\/gyulekezet\/wp-json\/wp\/v2\/pages\/159\/revisions"}],"predecessor-version":[{"id":160,"href":"https:\/\/kantorjanosi.reformatus.hu\/gyulekezet\/wp-json\/wp\/v2\/pages\/159\/revisions\/160"}],"wp:attachment":[{"href":"https:\/\/kantorjanosi.reformatus.hu\/gyulekezet\/wp-json\/wp\/v2\/media?parent=159"}],"curies":[{"name":"wp","href":"https:\/\/api.w.org\/{rel}","templated":true}]}}