{"id":152,"date":"2019-11-25T23:01:23","date_gmt":"2019-11-25T23:01:23","guid":{"rendered":"https:\/\/kantorjanosi.reformatus.hu\/gyulekezet\/?page_id=152"},"modified":"2019-11-25T23:01:23","modified_gmt":"2019-11-25T23:01:23","slug":"gyermeknap-2018","status":"publish","type":"page","link":"https:\/\/kantorjanosi.reformatus.hu\/gyulekezet\/gyermeknap-2018\/","title":{"rendered":"Gyermeknap 2018"},"content":{"rendered":"\n<p>A gyermeknapi kezdem\u00e9nyez\u00e9s rem\u00e9nys\u00e9g szerint m\u00e9g folytat\u00f3dni fog, amikor is az \u00f3vod\u00e1soknak is lehet\u0151s\u00e9g lesz egy kis m\u00f3k\u00e1ra a gy\u00fclekezet j\u00f3volt\u00e1b\u00f3l. Ennek a r\u00e9szleteir\u0151l k\u00e9s\u0151bb \u00e9rtes\u00edt\u00e9ssel lesz\u00fcnk.<\/p>\n\n\n\n<p><strong><em>&#8222;Engedj\u00e9tek hozz\u00e1m j\u00f6nni a kisgyermekeket&#8230;&#8221;<\/em>&nbsp;<em>Mk10,14<\/em><\/strong><\/p>\n\n\n\n<p>K\u00e9pek a lap alj\u00e1n.<\/p>\n\n\n\n<div class=\"wp-block-image\"><figure class=\"aligncenter\"><img decoding=\"async\" src=\"https:\/\/honlap.parokia.hu\/data\/gallery\/3308\/pic_plakat.jpg\" alt=\"\"\/><\/figure><\/div>\n","protected":false},"excerpt":{"rendered":"<p>A gyermeknapi kezdem\u00e9nyez\u00e9s rem\u00e9nys\u00e9g szerint m\u00e9g folytat\u00f3dni fog, amikor is az \u00f3vod\u00e1soknak is lehet\u0151s\u00e9g lesz egy kis m\u00f3k\u00e1ra a gy\u00fclekezet j\u00f3volt\u00e1b\u00f3l. Ennek a r\u00e9szleteir\u0151l k\u00e9s\u0151bb \u00e9rtes\u00edt\u00e9ssel lesz\u00fcnk. &#8222;Engedj\u00e9tek hozz\u00e1m j\u00f6nni a kisgyermekeket&#8230;&#8221;&nbsp;Mk10,14 K\u00e9pek a lap alj\u00e1n.<\/p>\n","protected":false},"author":1,"featured_media":0,"parent":0,"menu_order":0,"comment_status":"closed","ping_status":"closed","template":"","meta":{"footnotes":""},"_links":{"self":[{"href":"https:\/\/kantorjanosi.reformatus.hu\/gyulekezet\/wp-json\/wp\/v2\/pages\/152"}],"collection":[{"href":"https:\/\/kantorjanosi.reformatus.hu\/gyulekezet\/wp-json\/wp\/v2\/pages"}],"about":[{"href":"https:\/\/kantorjanosi.reformatus.hu\/gyulekezet\/wp-json\/wp\/v2\/types\/page"}],"author":[{"embeddable":true,"href":"https:\/\/kantorjanosi.reformatus.hu\/gyulekezet\/wp-json\/wp\/v2\/users\/1"}],"replies":[{"embeddable":true,"href":"https:\/\/kantorjanosi.reformatus.hu\/gyulekezet\/wp-json\/wp\/v2\/comments?post=152"}],"version-history":[{"count":1,"href":"https:\/\/kantorjanosi.reformatus.hu\/gyulekezet\/wp-json\/wp\/v2\/pages\/152\/revisions"}],"predecessor-version":[{"id":153,"href":"https:\/\/kantorjanosi.reformatus.hu\/gyulekezet\/wp-json\/wp\/v2\/pages\/152\/revisions\/153"}],"wp:attachment":[{"href":"https:\/\/kantorjanosi.reformatus.hu\/gyulekezet\/wp-json\/wp\/v2\/media?parent=152"}],"curies":[{"name":"wp","href":"https:\/\/api.w.org\/{rel}","templated":true}]}}