{"id":150,"date":"2019-11-25T23:00:44","date_gmt":"2019-11-25T23:00:44","guid":{"rendered":"https:\/\/kantorjanosi.reformatus.hu\/gyulekezet\/?page_id=150"},"modified":"2019-11-25T23:00:44","modified_gmt":"2019-11-25T23:00:44","slug":"ifi-tabor-batorligeten-2015","status":"publish","type":"page","link":"https:\/\/kantorjanosi.reformatus.hu\/gyulekezet\/ifi-tabor-batorligeten-2015\/","title":{"rendered":"Ifi t\u00e1bor B\u00e1torligeten 2015"},"content":{"rendered":"\n<p><em>&#8222;K\u00e9r\u00fcnk szikl\u00e1nk te l\u00e9gy a hitben, benned b\u00edzunk Isten!&#8221;<\/em><\/p>\n\n\n\n<figure class=\"wp-block-image\"><img decoding=\"async\" src=\"https:\/\/honlap.parokia.hu\/data\/gallery\/3818\/pic_kep63.jpg\" alt=\"\"\/><\/figure>\n\n\n\n<p>Ez az \u00e9nek volt a 2015. j\u00falius 6-8 k\u00f6z\u00f6tt megrendezett Ifi t\u00e1bor \u00e9neke. A K\u00e1ntorj\u00e1nosi Reform\u00e1tus Egyh\u00e1z K\u0151szikla Ifi csoportj\u00e1nak siker\u00fclt szervezni az Egyh\u00e1zmegyei p\u00e1ly\u00e1zatb\u00f3l, \u00e9s adom\u00e1nyokb\u00f3l egy p\u00e1r nap nyaral\u00e1st. Az ifjakkal B\u00e1torligeten voltunk a Liget Szabadid\u0151 T\u00e1borban, ahol is sok \u00e9lm\u00e9nnyel gazdagondtunk. A h\u00e9t mott\u00f3ja a M\u00e1t\u00e9 7,24-27: Aki k\u0151szikl\u00e1ra \u00e9p\u00edt t\u00f6rt\u00e9nete volt.<\/p>\n\n\n\n<p>Els\u0151 nap a kicsit neh\u00e9zkes indul\u00e1s ut\u00e1n felfedezt\u00fck a T\u00e1bor ter\u00fclet\u00e9t, mik\u00f6zben a gy\u00fclekezeti tagjaink \u00e1ltal elk\u00e9sz\u00edtett t\u00f6lt\u00f6tt k\u00e1poszta, t\u00far\u00f3s b\u00e9les \u00e9s s\u00fctem\u00e9ny illata j\u00e1rta be a leveg\u0151t. Ezt ledolgozva sorverseny k\u00f6vetkezett. Olyan feladatok voltak, mint pl.: vizes poh\u00e1ral szalad\u00e1s, labd\u00e1val a combk\u00f6z\u00f6tt ugr\u00e1l\u00e1s, egym\u00e1s l\u00e1ba k\u00f6z\u00f6tt \u00e1tb\u00faj\u00e1s, \u00f6sszek\u00f6t\u00f6tt cip\u0151f\u0171z\u0151vel szalad\u00e1s, \u00e9s m\u00e9g j\u00f3 n\u00e9h\u00e1ny. A csapatok pontot gy\u0171jt\u00f6ttek ezek\u00e9rt.<\/p>\n\n\n\n<figure class=\"wp-block-image\"><img decoding=\"async\" src=\"https:\/\/honlap.parokia.hu\/data\/gallery\/3818\/pic_kep61.jpg\" alt=\"\"\/><\/figure>\n\n\n\n<p>M\u00e1sodik nap d\u00e9lel\u0151tt bej\u00e1rtuk az \u0150sl\u00e1p ter\u00fclet\u00e9t, \u00e9s mire haza\u00e9rt\u00fcnk Kiss \u00c1gnes szak\u00e1csn\u0151 elk\u00e9sz\u00edtette nek\u00fcnk az eb\u00e9det, melyet j\u00f3\u00edz\u00fcen elfogyasztottunk. D\u00e9lut\u00e1n a melegre val\u00f3 tekintettel a &#8222;nagyok&#8221; meglept\u00e9k az ifjakat \u00e9s egy kis vizicsata alakult ki. \ud83d\ude42<br>\u00c1t\u00f6lt\u00f6zve megkerest\u00fck a helyi sportp\u00e1ly\u00e1t, ahol a h\u00e9t Mott\u00f3ja volt elrejtve pap\u00edrfecnikre, \u00e9s a fiatalok feladata volt ennek a megkeres\u00e9se. Majd err\u0151l besz\u00e9lget\u00e9s, \u00e9s j\u00e1t\u00e9k k\u00f6vetkezett. Este zumba, \u00e9s t\u00e1nc volt.<\/p>\n\n\n\n<p>Harmadik nap megl\u00e1togattuk a B\u00e1torligeti Reform\u00e1tus templomot, ahol Csoma Zolt\u00e1n Ny\u00edrk\u00e1tai lelk\u00e9sz tartott nek\u00fcnk reggeli \u00e1h\u00edtatot, majd a templom t\u00f6rt\u00e9net\u00e9r\u0151l kaptunk igen r\u00e9szletes besz\u00e1mol\u00f3t. A d\u00e9lut\u00e1nt pedig a Ny\u00edrb\u00e1tori S\u00e1rk\u00e1ny f\u00fcrd\u0151ben t\u00f6lt\u00f6tt\u00fck.<\/p>\n\n\n\n<p>Term\u00e9szetesn minden nap j\u00f3 hangulat, sok \u00e9nekl\u00e9s \u00e9s nevet\u00e9s volt. K\u00f6sz\u00f6nj\u00fck sz\u00e9pen mindenkinek, aki valamilyen m\u00f3don seg\u00edtett abban, hogy ezen a h\u00e1rom napon j\u00f3l \u00e9rezz\u00fck magunkat<\/p>\n\n\n\n<figure class=\"wp-block-image\"><img decoding=\"async\" src=\"https:\/\/honlap.parokia.hu\/data\/gallery\/3818\/pic_kep90.jpg\" alt=\"\"\/><\/figure>\n","protected":false},"excerpt":{"rendered":"<p>&#8222;K\u00e9r\u00fcnk szikl\u00e1nk te l\u00e9gy a hitben, benned b\u00edzunk Isten!&#8221; Ez az \u00e9nek volt a 2015. j\u00falius 6-8 k\u00f6z\u00f6tt megrendezett Ifi t\u00e1bor \u00e9neke. A K\u00e1ntorj\u00e1nosi Reform\u00e1tus Egyh\u00e1z K\u0151szikla Ifi csoportj\u00e1nak siker\u00fclt szervezni az Egyh\u00e1zmegyei p\u00e1ly\u00e1zatb\u00f3l, \u00e9s adom\u00e1nyokb\u00f3l egy p\u00e1r nap nyaral\u00e1st. [&hellip;]<\/p>\n","protected":false},"author":1,"featured_media":0,"parent":0,"menu_order":0,"comment_status":"closed","ping_status":"closed","template":"","meta":{"footnotes":""},"_links":{"self":[{"href":"https:\/\/kantorjanosi.reformatus.hu\/gyulekezet\/wp-json\/wp\/v2\/pages\/150"}],"collection":[{"href":"https:\/\/kantorjanosi.reformatus.hu\/gyulekezet\/wp-json\/wp\/v2\/pages"}],"about":[{"href":"https:\/\/kantorjanosi.reformatus.hu\/gyulekezet\/wp-json\/wp\/v2\/types\/page"}],"author":[{"embeddable":true,"href":"https:\/\/kantorjanosi.reformatus.hu\/gyulekezet\/wp-json\/wp\/v2\/users\/1"}],"replies":[{"embeddable":true,"href":"https:\/\/kantorjanosi.reformatus.hu\/gyulekezet\/wp-json\/wp\/v2\/comments?post=150"}],"version-history":[{"count":1,"href":"https:\/\/kantorjanosi.reformatus.hu\/gyulekezet\/wp-json\/wp\/v2\/pages\/150\/revisions"}],"predecessor-version":[{"id":151,"href":"https:\/\/kantorjanosi.reformatus.hu\/gyulekezet\/wp-json\/wp\/v2\/pages\/150\/revisions\/151"}],"wp:attachment":[{"href":"https:\/\/kantorjanosi.reformatus.hu\/gyulekezet\/wp-json\/wp\/v2\/media?parent=150"}],"curies":[{"name":"wp","href":"https:\/\/api.w.org\/{rel}","templated":true}]}}