{"id":148,"date":"2019-11-25T22:59:50","date_gmt":"2019-11-25T22:59:50","guid":{"rendered":"https:\/\/kantorjanosi.reformatus.hu\/gyulekezet\/?page_id=148"},"modified":"2019-11-25T22:59:50","modified_gmt":"2019-11-25T22:59:50","slug":"biblia-tabor-2013-felsosok","status":"publish","type":"page","link":"https:\/\/kantorjanosi.reformatus.hu\/gyulekezet\/biblia-tabor-2013-felsosok\/","title":{"rendered":"Biblia t\u00e1bor 2013 (fels\u0151s\u00f6k)"},"content":{"rendered":"\n<p>Egyh\u00e1zk\u00f6zs\u00e9g\u00fcnkben 2013. augusztus 7. \u00e9s 9. k\u00f6z\u00f6tt zajlott a fels\u0151s koroszt\u00e1lynak a Biblia t\u00e1bor. A fiatalokkal a tan\u00edtv\u00e1nyok elh\u00edv\u00e1si t\u00f6rt\u00e9neteit besz\u00e9lt\u00fck meg. Ehhez kapcsol\u00f3d\u00f3an feladatok, j\u00e1t\u00e9kok v\u00e1rtak a gyerekekre.<\/p>\n\n\n\n<p>A h\u00e9t mott\u00f3ja:<br>&#8222;<em>J\u00e9zus h\u00edv b\u00e1r z\u00fag, morajlik<br>&nbsp;\u00c9let\u00fcnk vad tengere.<br>&nbsp;Halk h\u00edv\u00e1sa tiszt\u00e1n hallik:<br>&nbsp;Jer k\u00f6vess, \u00f3 j\u00f6jj ide!&#8221;<\/em><\/p>\n","protected":false},"excerpt":{"rendered":"<p>Egyh\u00e1zk\u00f6zs\u00e9g\u00fcnkben 2013. augusztus 7. \u00e9s 9. k\u00f6z\u00f6tt zajlott a fels\u0151s koroszt\u00e1lynak a Biblia t\u00e1bor. A fiatalokkal a tan\u00edtv\u00e1nyok elh\u00edv\u00e1si t\u00f6rt\u00e9neteit besz\u00e9lt\u00fck meg. Ehhez kapcsol\u00f3d\u00f3an feladatok, j\u00e1t\u00e9kok v\u00e1rtak a gyerekekre. A h\u00e9t mott\u00f3ja:&#8222;J\u00e9zus h\u00edv b\u00e1r z\u00fag, morajlik&nbsp;\u00c9let\u00fcnk vad tengere.&nbsp;Halk h\u00edv\u00e1sa tiszt\u00e1n [&hellip;]<\/p>\n","protected":false},"author":1,"featured_media":0,"parent":0,"menu_order":0,"comment_status":"closed","ping_status":"closed","template":"","meta":{"footnotes":""},"_links":{"self":[{"href":"https:\/\/kantorjanosi.reformatus.hu\/gyulekezet\/wp-json\/wp\/v2\/pages\/148"}],"collection":[{"href":"https:\/\/kantorjanosi.reformatus.hu\/gyulekezet\/wp-json\/wp\/v2\/pages"}],"about":[{"href":"https:\/\/kantorjanosi.reformatus.hu\/gyulekezet\/wp-json\/wp\/v2\/types\/page"}],"author":[{"embeddable":true,"href":"https:\/\/kantorjanosi.reformatus.hu\/gyulekezet\/wp-json\/wp\/v2\/users\/1"}],"replies":[{"embeddable":true,"href":"https:\/\/kantorjanosi.reformatus.hu\/gyulekezet\/wp-json\/wp\/v2\/comments?post=148"}],"version-history":[{"count":1,"href":"https:\/\/kantorjanosi.reformatus.hu\/gyulekezet\/wp-json\/wp\/v2\/pages\/148\/revisions"}],"predecessor-version":[{"id":149,"href":"https:\/\/kantorjanosi.reformatus.hu\/gyulekezet\/wp-json\/wp\/v2\/pages\/148\/revisions\/149"}],"wp:attachment":[{"href":"https:\/\/kantorjanosi.reformatus.hu\/gyulekezet\/wp-json\/wp\/v2\/media?parent=148"}],"curies":[{"name":"wp","href":"https:\/\/api.w.org\/{rel}","templated":true}]}}