{"id":146,"date":"2019-11-25T22:59:24","date_gmt":"2019-11-25T22:59:24","guid":{"rendered":"https:\/\/kantorjanosi.reformatus.hu\/gyulekezet\/?page_id=146"},"modified":"2019-11-25T22:59:24","modified_gmt":"2019-11-25T22:59:24","slug":"biblia-tabor-2013","status":"publish","type":"page","link":"https:\/\/kantorjanosi.reformatus.hu\/gyulekezet\/biblia-tabor-2013\/","title":{"rendered":"Biblia t\u00e1bor 2013"},"content":{"rendered":"\n<p> 2013. j\u00falius 29. \u00e9s augusztus 1. k\u00f6z\u00f6tt zajlott a K\u00e1ntorj\u00e1nosi Reform\u00e1tus Egyh\u00e1zn\u00e1l az \u00d3vod\u00e1soknak \u00e9s als\u00f3soknak megrendezett Biblia t\u00e1bor.<br>A h\u00e9t t\u00e9m\u00e1ja Isten gondoskod\u00f3 szeretete volt.<br>A gyerekek k\u00fcl\u00f6nb\u00f6z\u0151 k\u00f6rj\u00e1t\u00e9kokat j\u00e1tszottak, illeteve feladatokat kaptak, melynek eredm\u00e9nyeit ki is \u00e1ll\u00edtottuk vas\u00e1rnap az istentiszteleten, ahol a gyerekek a h\u00e9ten tanult \u00e9nekeket be is mutat\u00e1k a gy\u00fclekezetnek.<br>A h\u00e1rom napos t\u00e1bort, egy kisr\u00e1ndul\u00e1ssal z\u00e1rtuk, melynek keret\u00e9ben megn\u00e9zt\u00fck a Ny\u00edrb\u00e1tori Reform\u00e1tus templomot. <\/p>\n","protected":false},"excerpt":{"rendered":"<p>2013. j\u00falius 29. \u00e9s augusztus 1. k\u00f6z\u00f6tt zajlott a K\u00e1ntorj\u00e1nosi Reform\u00e1tus Egyh\u00e1zn\u00e1l az \u00d3vod\u00e1soknak \u00e9s als\u00f3soknak megrendezett Biblia t\u00e1bor.A h\u00e9t t\u00e9m\u00e1ja Isten gondoskod\u00f3 szeretete volt.A gyerekek k\u00fcl\u00f6nb\u00f6z\u0151 k\u00f6rj\u00e1t\u00e9kokat j\u00e1tszottak, illeteve feladatokat kaptak, melynek eredm\u00e9nyeit ki is \u00e1ll\u00edtottuk vas\u00e1rnap az istentiszteleten, [&hellip;]<\/p>\n","protected":false},"author":1,"featured_media":0,"parent":0,"menu_order":0,"comment_status":"closed","ping_status":"closed","template":"","meta":{"footnotes":""},"_links":{"self":[{"href":"https:\/\/kantorjanosi.reformatus.hu\/gyulekezet\/wp-json\/wp\/v2\/pages\/146"}],"collection":[{"href":"https:\/\/kantorjanosi.reformatus.hu\/gyulekezet\/wp-json\/wp\/v2\/pages"}],"about":[{"href":"https:\/\/kantorjanosi.reformatus.hu\/gyulekezet\/wp-json\/wp\/v2\/types\/page"}],"author":[{"embeddable":true,"href":"https:\/\/kantorjanosi.reformatus.hu\/gyulekezet\/wp-json\/wp\/v2\/users\/1"}],"replies":[{"embeddable":true,"href":"https:\/\/kantorjanosi.reformatus.hu\/gyulekezet\/wp-json\/wp\/v2\/comments?post=146"}],"version-history":[{"count":1,"href":"https:\/\/kantorjanosi.reformatus.hu\/gyulekezet\/wp-json\/wp\/v2\/pages\/146\/revisions"}],"predecessor-version":[{"id":147,"href":"https:\/\/kantorjanosi.reformatus.hu\/gyulekezet\/wp-json\/wp\/v2\/pages\/146\/revisions\/147"}],"wp:attachment":[{"href":"https:\/\/kantorjanosi.reformatus.hu\/gyulekezet\/wp-json\/wp\/v2\/media?parent=146"}],"curies":[{"name":"wp","href":"https:\/\/api.w.org\/{rel}","templated":true}]}}