{"id":129,"date":"2019-11-25T22:51:10","date_gmt":"2019-11-25T22:51:10","guid":{"rendered":"https:\/\/kantorjanosi.reformatus.hu\/gyulekezet\/?page_id=129"},"modified":"2021-04-03T17:49:36","modified_gmt":"2021-04-03T17:49:36","slug":"konfirmandus-talalkozo-2015-09-06","status":"publish","type":"page","link":"https:\/\/kantorjanosi.reformatus.hu\/gyulekezet\/konfirmandus-talalkozo-2015-09-06\/","title":{"rendered":"Konfirmandus Tal\u00e1lkoz\u00f3 2015.09.06."},"content":{"rendered":"\n<p>Id\u00e9n is visszah\u00edvta a K\u00e1ntorj\u00e1nosi Reform\u00e1tus Egyh\u00e1z az 50 \u00e9s 25 \u00e9ve konfirm\u00e1lt testv\u00e9reket, \u00e9s k\u00f6z\u00f6sen \u00fcnnepelt\u00fcnk, \u00e9s magasztaltuk az \u00dar nev\u00e9t.<\/p>\n\n\n\n<p>2015.&nbsp;<strong>szeptember 6-\u00e1n, vas\u00e1rnap 11 \u00f3rakkor kezd\u0151d\u00f6tt az alkalom<\/strong>. Erre j\u00f3 lelki felk\u00e9sz\u00edt\u0151 volt a szeptember 2 \u00e9s 5 k\u00f6z\u00f6tt l\u00e9v\u0151 Evangeliz\u00e1ci\u00f3s h\u00e9t.<\/p>\n\n\n\n<p>A Tal\u00e1lkoz\u00f3n megter\u00edtetett a Kegyelem asztala. Az \u00darvacsorai jegyeket a Jubil\u00e1l\u00f3 Szikszai J\u00f3zsef testv\u00e9r\u00fcnk aj\u00e1nlotta fel.<\/p>\n\n\n\n<figure class=\"wp-block-embed-youtube wp-block-embed is-type-video is-provider-youtube wp-embed-aspect-4-3 wp-has-aspect-ratio\"><div class=\"wp-block-embed__wrapper\">\n<iframe loading=\"lazy\" title=\"Konfirmandus Tal\u00e1lkoz\u00f3 2015\" width=\"750\" height=\"563\" src=\"https:\/\/www.youtube.com\/embed\/4c97zjWge6E?feature=oembed\" frameborder=\"0\" allow=\"accelerometer; autoplay; clipboard-write; encrypted-media; gyroscope; picture-in-picture\" allowfullscreen><\/iframe>\n<\/div><\/figure>\n","protected":false},"excerpt":{"rendered":"<p>Id\u00e9n is visszah\u00edvta a K\u00e1ntorj\u00e1nosi Reform\u00e1tus Egyh\u00e1z az 50 \u00e9s 25 \u00e9ve konfirm\u00e1lt testv\u00e9reket, \u00e9s k\u00f6z\u00f6sen \u00fcnnepelt\u00fcnk, \u00e9s magasztaltuk az \u00dar nev\u00e9t. 2015.&nbsp;szeptember 6-\u00e1n, vas\u00e1rnap 11 \u00f3rakkor kezd\u0151d\u00f6tt az alkalom. Erre j\u00f3 lelki felk\u00e9sz\u00edt\u0151 volt a szeptember 2 \u00e9s 5 [&hellip;]<\/p>\n","protected":false},"author":1,"featured_media":0,"parent":0,"menu_order":0,"comment_status":"closed","ping_status":"closed","template":"","meta":{"footnotes":""},"_links":{"self":[{"href":"https:\/\/kantorjanosi.reformatus.hu\/gyulekezet\/wp-json\/wp\/v2\/pages\/129"}],"collection":[{"href":"https:\/\/kantorjanosi.reformatus.hu\/gyulekezet\/wp-json\/wp\/v2\/pages"}],"about":[{"href":"https:\/\/kantorjanosi.reformatus.hu\/gyulekezet\/wp-json\/wp\/v2\/types\/page"}],"author":[{"embeddable":true,"href":"https:\/\/kantorjanosi.reformatus.hu\/gyulekezet\/wp-json\/wp\/v2\/users\/1"}],"replies":[{"embeddable":true,"href":"https:\/\/kantorjanosi.reformatus.hu\/gyulekezet\/wp-json\/wp\/v2\/comments?post=129"}],"version-history":[{"count":3,"href":"https:\/\/kantorjanosi.reformatus.hu\/gyulekezet\/wp-json\/wp\/v2\/pages\/129\/revisions"}],"predecessor-version":[{"id":658,"href":"https:\/\/kantorjanosi.reformatus.hu\/gyulekezet\/wp-json\/wp\/v2\/pages\/129\/revisions\/658"}],"wp:attachment":[{"href":"https:\/\/kantorjanosi.reformatus.hu\/gyulekezet\/wp-json\/wp\/v2\/media?parent=129"}],"curies":[{"name":"wp","href":"https:\/\/api.w.org\/{rel}","templated":true}]}}