{"id":125,"date":"2019-11-25T22:48:01","date_gmt":"2019-11-25T22:48:01","guid":{"rendered":"https:\/\/kantorjanosi.reformatus.hu\/gyulekezet\/?page_id=125"},"modified":"2019-11-25T22:48:01","modified_gmt":"2019-11-25T22:48:01","slug":"jotekonysagi-delutan-2018","status":"publish","type":"page","link":"https:\/\/kantorjanosi.reformatus.hu\/gyulekezet\/jotekonysagi-delutan-2018\/","title":{"rendered":"J\u00f3t\u00e9konys\u00e1gi d\u00e9lut\u00e1n 2018"},"content":{"rendered":"\n<p>A K\u00e1ntorj\u00e1nosi Reform\u00e1tus Templom fel\u00faj\u00edt\u00e1s\u00e1ra rendezett j\u00f3t\u00e9konys\u00e1gi rendezv\u00e9ny a K\u00e1ntorj\u00e1nosi Nefelejcs Hagyom\u00e1ny\u0151rz\u0151 Csoport.<\/p>\n\n\n\n<p>Dr. P\u00e9ter Zolt\u00e1n polg\u00e1rmester k\u00f6sz\u00f6nt\u00f6tte az egybegy\u0171lteket, majd Sink\u00f3-P\u00e1ricsi Babett lelk\u00e9szn\u0151 szavait hallhattuk.<\/p>\n\n\n\n<p>A tartalmas \u00e9s sz\u00ednvonalas rendezv\u00e9nyen sz\u00e1mos Id\u0151s vagy Hagyom\u00e1ny\u00f6rz\u0151 Csoport l\u00e9pett fel. Emelett telep\u00fcl\u00e9s\u00fcnk fiataljai modern t\u00e1ncokkal l\u00e9pt\u00e9k meg a k\u00f6z\u00f6ns\u00e9get. Szolg\u00e1lt a vajai reform\u00e1tus \u00e9nekkar is.<\/p>\n\n\n\n<p>A d\u00e9lut\u00e1n megh\u00edvott vend\u00e9ge volt M\u00e9sz\u00e1ros J\u00e1nos Elek, aki gy\u00f6ny\u00f6r\u0171 hangj\u00e1val, \u00e9s saj\u00e1t maga gy\u0171jt\u00f6tt sz\u00e9kely vicceivel megkoron\u00e1zta j\u00f3kedvben, \u00e9s komolys\u00e1gban is a rendezv\u00e9nyt.<\/p>\n\n\n\n<p>A j\u00f3kedv \u00e9s a vid\u00e1ms\u00e1g egy\u00fctt j\u00e1rt az adakoz\u00f3 l\u00e9lekkel, ami\u00e9rt h\u00e1l\u00e1s a gy\u00fclekezet mindenkinek!<\/p>\n\n\n\n<p>K\u00f6sz\u00f6nettel tartozunk nem csak a Nefelejcs hagyom\u00e1ny\u0151rz\u0151 csoprotnak, hanem Szikszay J\u00f3zsefn\u00e9nek is, aki a rendezv\u00e9nyt megszervezte, \u00e9s lebonyol\u00edtotta. Isten \u00e1ldja meg az \u0151, \u00e9s csal\u00e1dja \u00e9let\u00e9t.<\/p>\n\n\n\n<p>K\u00e9peket a lap alj\u00e1n tal\u00e1lhat.<\/p>\n\n\n\n<figure class=\"wp-block-image\"><img decoding=\"async\" src=\"https:\/\/honlap.parokia.hu\/data\/gallery\/3308\/pic_31117766-1856839761026770-5106145348150099968-n.jpg\" alt=\"\"\/><\/figure>\n","protected":false},"excerpt":{"rendered":"<p>A K\u00e1ntorj\u00e1nosi Reform\u00e1tus Templom fel\u00faj\u00edt\u00e1s\u00e1ra rendezett j\u00f3t\u00e9konys\u00e1gi rendezv\u00e9ny a K\u00e1ntorj\u00e1nosi Nefelejcs Hagyom\u00e1ny\u0151rz\u0151 Csoport. Dr. P\u00e9ter Zolt\u00e1n polg\u00e1rmester k\u00f6sz\u00f6nt\u00f6tte az egybegy\u0171lteket, majd Sink\u00f3-P\u00e1ricsi Babett lelk\u00e9szn\u0151 szavait hallhattuk. A tartalmas \u00e9s sz\u00ednvonalas rendezv\u00e9nyen sz\u00e1mos Id\u0151s vagy Hagyom\u00e1ny\u00f6rz\u0151 Csoport l\u00e9pett fel. Emelett telep\u00fcl\u00e9s\u00fcnk [&hellip;]<\/p>\n","protected":false},"author":1,"featured_media":0,"parent":0,"menu_order":0,"comment_status":"closed","ping_status":"closed","template":"","meta":{"footnotes":""},"_links":{"self":[{"href":"https:\/\/kantorjanosi.reformatus.hu\/gyulekezet\/wp-json\/wp\/v2\/pages\/125"}],"collection":[{"href":"https:\/\/kantorjanosi.reformatus.hu\/gyulekezet\/wp-json\/wp\/v2\/pages"}],"about":[{"href":"https:\/\/kantorjanosi.reformatus.hu\/gyulekezet\/wp-json\/wp\/v2\/types\/page"}],"author":[{"embeddable":true,"href":"https:\/\/kantorjanosi.reformatus.hu\/gyulekezet\/wp-json\/wp\/v2\/users\/1"}],"replies":[{"embeddable":true,"href":"https:\/\/kantorjanosi.reformatus.hu\/gyulekezet\/wp-json\/wp\/v2\/comments?post=125"}],"version-history":[{"count":1,"href":"https:\/\/kantorjanosi.reformatus.hu\/gyulekezet\/wp-json\/wp\/v2\/pages\/125\/revisions"}],"predecessor-version":[{"id":126,"href":"https:\/\/kantorjanosi.reformatus.hu\/gyulekezet\/wp-json\/wp\/v2\/pages\/125\/revisions\/126"}],"wp:attachment":[{"href":"https:\/\/kantorjanosi.reformatus.hu\/gyulekezet\/wp-json\/wp\/v2\/media?parent=125"}],"curies":[{"name":"wp","href":"https:\/\/api.w.org\/{rel}","templated":true}]}}