{"id":119,"date":"2019-11-25T22:45:43","date_gmt":"2019-11-25T22:45:43","guid":{"rendered":"https:\/\/kantorjanosi.reformatus.hu\/gyulekezet\/?page_id=119"},"modified":"2019-11-25T22:45:43","modified_gmt":"2019-11-25T22:45:43","slug":"solymari-timea-koncert","status":"publish","type":"page","link":"https:\/\/kantorjanosi.reformatus.hu\/gyulekezet\/solymari-timea-koncert\/","title":{"rendered":"Solym\u00e1ri T\u00edmea koncert"},"content":{"rendered":"\n<p><strong>Solym\u00e1ri T\u00edmea git\u00e1rm\u0171v\u00e9sz 2013. j\u00fanius 23.-\u00e1n este 18:00 \u00f3r\u00e1t\u00f3l<\/strong>&nbsp;gy\u00fclekezet\u00fcnkbe tart egy&nbsp;<strong>\u00e1h\u00edtattal egybek\u00f6t\u00f6tt git\u00e1rkoncertet a K\u00e1ntorj\u00e1nosi Reform\u00e1tus Templom jav\u00e1ra.<br>Bel\u00e9p\u00e9s d\u00edjtalan, adom\u00e1nypersely ker\u00fcl elhelyez\u00e9sre.<\/strong><\/p>\n\n\n\n<p>N\u00e9h\u00e1ny sz\u00f3 a m\u0171v\u00e9szn\u0151r\u0151l: A kereszts\u00e9g s\u00e1kramentum\u00e1ban itt K\u00e1ntorj\u00e1nosiban r\u00e9szes\u00fclt. 1993-97 Liszt Ferenc Zenem\u0171v\u00e9szeti F\u0151iskol\u00e1n pedag\u00f3giai \u00e9s kamaram\u0171v\u00e9szi diplom\u00e1t kapott. 1997-99 a n\u00e9metorsz\u00e1gi Dortmundban folytatott tanulm\u00e1nyokat \u00e9s sz\u00f3l\u00f3 m\u0171v\u00e9szi diplom\u00e1t szerzett. Bergkamen-i zeneiskola tan\u00e1ra volt. 1999 szeptember\u00e9t\u0151l a Szent Istv\u00e1n kir\u00e1lyi Zenem\u0171v\u00e9szeti Szakk\u00f6z\u00e9piskola (Konzervat\u00f3rium) git\u00e1r tan\u00e1ra.<br><\/p>\n\n\n\n<div class=\"wp-block-image\"><figure class=\"aligncenter\"><img decoding=\"async\" src=\"https:\/\/honlap.parokia.hu\/data\/gallery\/3361\/pic_gitee.jpg\" alt=\"\"\/><\/figure><\/div>\n\n\n\n<p>Tov\u00e1bbi betekint\u0151:<br><a href=\"https:\/\/www.youtube.com\/watch?v=CMUR6g7rs-I\" target=\"_blank\" rel=\"noreferrer noopener\">https:\/\/www.youtube.com\/watch?v=CMUR6g7rs-I<\/a><\/p>\n","protected":false},"excerpt":{"rendered":"<p>Solym\u00e1ri T\u00edmea git\u00e1rm\u0171v\u00e9sz 2013. j\u00fanius 23.-\u00e1n este 18:00 \u00f3r\u00e1t\u00f3l&nbsp;gy\u00fclekezet\u00fcnkbe tart egy&nbsp;\u00e1h\u00edtattal egybek\u00f6t\u00f6tt git\u00e1rkoncertet a K\u00e1ntorj\u00e1nosi Reform\u00e1tus Templom jav\u00e1ra.Bel\u00e9p\u00e9s d\u00edjtalan, adom\u00e1nypersely ker\u00fcl elhelyez\u00e9sre. N\u00e9h\u00e1ny sz\u00f3 a m\u0171v\u00e9szn\u0151r\u0151l: A kereszts\u00e9g s\u00e1kramentum\u00e1ban itt K\u00e1ntorj\u00e1nosiban r\u00e9szes\u00fclt. 1993-97 Liszt Ferenc Zenem\u0171v\u00e9szeti F\u0151iskol\u00e1n pedag\u00f3giai \u00e9s kamaram\u0171v\u00e9szi [&hellip;]<\/p>\n","protected":false},"author":1,"featured_media":0,"parent":0,"menu_order":0,"comment_status":"closed","ping_status":"closed","template":"","meta":{"footnotes":""},"_links":{"self":[{"href":"https:\/\/kantorjanosi.reformatus.hu\/gyulekezet\/wp-json\/wp\/v2\/pages\/119"}],"collection":[{"href":"https:\/\/kantorjanosi.reformatus.hu\/gyulekezet\/wp-json\/wp\/v2\/pages"}],"about":[{"href":"https:\/\/kantorjanosi.reformatus.hu\/gyulekezet\/wp-json\/wp\/v2\/types\/page"}],"author":[{"embeddable":true,"href":"https:\/\/kantorjanosi.reformatus.hu\/gyulekezet\/wp-json\/wp\/v2\/users\/1"}],"replies":[{"embeddable":true,"href":"https:\/\/kantorjanosi.reformatus.hu\/gyulekezet\/wp-json\/wp\/v2\/comments?post=119"}],"version-history":[{"count":1,"href":"https:\/\/kantorjanosi.reformatus.hu\/gyulekezet\/wp-json\/wp\/v2\/pages\/119\/revisions"}],"predecessor-version":[{"id":120,"href":"https:\/\/kantorjanosi.reformatus.hu\/gyulekezet\/wp-json\/wp\/v2\/pages\/119\/revisions\/120"}],"wp:attachment":[{"href":"https:\/\/kantorjanosi.reformatus.hu\/gyulekezet\/wp-json\/wp\/v2\/media?parent=119"}],"curies":[{"name":"wp","href":"https:\/\/api.w.org\/{rel}","templated":true}]}}